{"id":30,"date":"2015-06-25T15:42:04","date_gmt":"2015-06-25T14:42:04","guid":{"rendered":"http:\/\/paginas.fe.up.pt\/~wibe\/?page_id=30"},"modified":"2016-05-18T13:38:26","modified_gmt":"2016-05-18T12:38:26","slug":"the-jury","status":"publish","type":"page","link":"https:\/\/fe.up.pt\/wibe\/the-jury\/","title":{"rendered":"The Jury"},"content":{"rendered":"<p>According to the Regulation the Jury is to be constituted by 10\/13 members indicated by International Associations\/ Entities:<\/p>\n<p><strong>IABSE<\/strong> \u2013 International Association for Bridge and Structural Engineering;<\/p>\n<p><strong>FIB<\/strong> &#8211; F\u00e9d\u00e9ration Internationale du B\u00e9ton;<\/p>\n<p><strong>IABMAS<\/strong> &#8211; International Association for Bridge Maintenance and Safety;<\/p>\n<p><strong>AISC<\/strong> &#8211; American Institute of steel construction;<\/p>\n<p><strong>ECCE<\/strong>\u00a0&#8211; European Council of Civil Engineers;<\/p>\n<p><strong>ASCE<\/strong>\u2013 American Society of Civil Engineers.<\/p>\n","protected":false},"excerpt":{"rendered":"<p>According to the Regulation the Jury is to be constituted by 10\/13 members indicated by International Associations\/ Entities: IABSE \u2013 International Association for Bridge and Structural Engineering; FIB &#8211; F\u00e9d\u00e9ration Internationale du B\u00e9ton; IABMAS &#8211; International Association for Bridge Maintenance and Safety; AISC &#8211; American Institute of steel construction; ECCE\u00a0&#8211; European Council of Civil Engineers; &hellip; <a href=\"https:\/\/fe.up.pt\/wibe\/the-jury\/\" class=\"more-link\">Continuar a ler <span class=\"screen-reader-text\">The Jury<\/span> <span class=\"meta-nav\">&rarr;<\/span><\/a><\/p>\n","protected":false},"author":1,"featured_media":0,"parent":0,"menu_order":0,"comment_status":"closed","ping_status":"closed","template":"","meta":{"_exactmetrics_skip_tracking":false,"_exactmetrics_sitenote_active":false,"_exactmetrics_sitenote_note":"","_exactmetrics_sitenote_category":0,"footnotes":""},"class_list":["post-30","page","type-page","status-publish","hentry"],"_links":{"self":[{"href":"https:\/\/fe.up.pt\/wibe\/wp-json\/wp\/v2\/pages\/30","targetHints":{"allow":["GET"]}}],"collection":[{"href":"https:\/\/fe.up.pt\/wibe\/wp-json\/wp\/v2\/pages"}],"about":[{"href":"https:\/\/fe.up.pt\/wibe\/wp-json\/wp\/v2\/types\/page"}],"author":[{"embeddable":true,"href":"https:\/\/fe.up.pt\/wibe\/wp-json\/wp\/v2\/users\/1"}],"replies":[{"embeddable":true,"href":"https:\/\/fe.up.pt\/wibe\/wp-json\/wp\/v2\/comments?post=30"}],"version-history":[{"count":6,"href":"https:\/\/fe.up.pt\/wibe\/wp-json\/wp\/v2\/pages\/30\/revisions"}],"predecessor-version":[{"id":250,"href":"https:\/\/fe.up.pt\/wibe\/wp-json\/wp\/v2\/pages\/30\/revisions\/250"}],"wp:attachment":[{"href":"https:\/\/fe.up.pt\/wibe\/wp-json\/wp\/v2\/media?parent=30"}],"curies":[{"name":"wp","href":"https:\/\/api.w.org\/{rel}","templated":true}]}}