{"id":3795,"date":"2025-03-18T11:55:11","date_gmt":"2025-03-18T11:55:11","guid":{"rendered":"https:\/\/fe.up.pt\/sustent\/?page_id=3795"},"modified":"2025-03-20T11:03:44","modified_gmt":"2025-03-20T11:03:44","slug":"2o-relatorio-de-progresso","status":"publish","type":"page","link":"https:\/\/fe.up.pt\/sustent\/eds-feup\/relatorios-de-progresso\/2o-relatorio-de-progresso\/","title":{"rendered":"2\u00ba Relat\u00f3rio de Progresso"},"content":{"rendered":"<div class=\"fusion-fullwidth fullwidth-box fusion-builder-row-1 nonhundred-percent-fullwidth non-hundred-percent-height-scrolling\" style=\"--awb-background-position:left top;--awb-border-sizes-top:0px;--awb-border-sizes-bottom:0px;--awb-border-sizes-left:0px;--awb-border-sizes-right:0px;--awb-border-radius-top-left:0px;--awb-border-radius-top-right:0px;--awb-border-radius-bottom-right:0px;--awb-border-radius-bottom-left:0px;--awb-padding-top:20px;--awb-padding-bottom:20px;--awb-flex-wrap:wrap;\" ><div class=\"fusion-builder-row fusion-row\"><div class=\"fusion-layout-column fusion_builder_column fusion-builder-column-0 fusion_builder_column_1_1 1_1 fusion-one-full fusion-column-first fusion-column-last fusion-column-no-min-height\" style=\"--awb-bg-size:cover;--awb-margin-bottom:0px;\"><div class=\"fusion-column-wrapper fusion-flex-column-wrapper-legacy\"><div class=\"fusion-title title fusion-title-1 fusion-title-text fusion-title-size-one\"><h1 class=\"fusion-title-heading title-heading-left fusion-responsive-typography-calculated\" style=\"margin:0;--fontSize:34;line-height:1.41;\">2\u00ba Relat\u00f3rio de Progresso<\/h1><span class=\"awb-title-spacer\"><\/span><div class=\"title-sep-container\"><div class=\"title-sep sep- sep-solid\" style=\"border-color:#e0dede;\"><\/div><\/div><\/div><div class=\"fusion-clearfix\"><\/div><\/div><\/div><div class=\"fusion-layout-column fusion_builder_column fusion-builder-column-1 fusion_builder_column_1_3 1_3 fusion-one-third fusion-column-first fusion-column-inner-bg-wrapper\" style=\"--awb-inner-bg-image:url(&#039;https:\/\/paginas.fe.up.pt\/~sustent\/wp-content\/uploads\/2024\/05\/1RelImagem.png&#039;);--awb-inner-bg-size:cover;width:30.6666%; margin-right: 4%;\" data-scroll-devices=\"small-visibility,medium-visibility,large-visibility\"><span class=\"fusion-column-inner-bg hover-type-none\"><a class=\"fusion-column-anchor\" href=\"https:\/\/fe.up.pt\/sustent\/wp-content\/uploads\/2025\/03\/20250311_ACM_EDS@FEUP_11Marco.pdf\"><span class=\"fusion-column-inner-bg-image\"><\/span><\/a><\/span><div class=\"fusion-column-wrapper fusion-column-has-shadow fusion-flex-column-wrapper-legacy fusion-column-has-bg-image\" data-bg-url=\"https:\/\/paginas.fe.up.pt\/~sustent\/wp-content\/uploads\/2024\/05\/1RelImagem.png\"><div class=\"fusion-image-element in-legacy-container\" style=\"--awb-caption-title-font-family:var(--h2_typography-font-family);--awb-caption-title-font-weight:var(--h2_typography-font-weight);--awb-caption-title-font-style:var(--h2_typography-font-style);--awb-caption-title-size:var(--h2_typography-font-size);--awb-caption-title-transform:var(--h2_typography-text-transform);--awb-caption-title-line-height:var(--h2_typography-line-height);--awb-caption-title-letter-spacing:var(--h2_typography-letter-spacing);\"><span class=\" fusion-imageframe imageframe-none imageframe-1 hover-type-none\"><img decoding=\"async\" width=\"1315\" height=\"736\" title=\"Captura de ecr\u00e3 2025-03-18 110745\" src=\"https:\/\/fe.up.pt\/sustent\/wp-content\/uploads\/2025\/03\/Captura-de-ecra-2025-03-18-110745.png\" alt class=\"img-responsive wp-image-3789\" srcset=\"https:\/\/fe.up.pt\/sustent\/wp-content\/uploads\/2025\/03\/Captura-de-ecra-2025-03-18-110745-200x112.png 200w, https:\/\/fe.up.pt\/sustent\/wp-content\/uploads\/2025\/03\/Captura-de-ecra-2025-03-18-110745-400x224.png 400w, https:\/\/fe.up.pt\/sustent\/wp-content\/uploads\/2025\/03\/Captura-de-ecra-2025-03-18-110745-600x336.png 600w, https:\/\/fe.up.pt\/sustent\/wp-content\/uploads\/2025\/03\/Captura-de-ecra-2025-03-18-110745-800x448.png 800w, https:\/\/fe.up.pt\/sustent\/wp-content\/uploads\/2025\/03\/Captura-de-ecra-2025-03-18-110745-1200x672.png 1200w, https:\/\/fe.up.pt\/sustent\/wp-content\/uploads\/2025\/03\/Captura-de-ecra-2025-03-18-110745.png 1315w\" sizes=\"(max-width: 800px) 100vw, 400px\" \/><\/span><\/div><div class=\"fusion-clearfix\"><\/div><\/div><\/div><div class=\"fusion-layout-column fusion_builder_column fusion-builder-column-2 fusion_builder_column_2_3 2_3 fusion-two-third fusion-column-last\" style=\"--awb-bg-size:cover;width:65.3333%;\"><div class=\"fusion-column-wrapper fusion-flex-column-wrapper-legacy\"><div class=\"fusion-text fusion-text-1\"><ul>\n<li>Globalmente, a maioria das tarefas do 2\u00ba ano do projeto foi realizada, contribuindo para o cumprimento dos objetivos estabelecidos.<\/li>\n<li>A forma\u00e7\u00e3o de Pessoal Investigador e T\u00e9cnico, prevista para o m\u00eas 13, foi adiada, mas iniciou-se um estudo para identificar melhores pr\u00e1ticas e metodologias e um levantamento dos aspetos log\u00edsticos.<\/li>\n<li>Na A2 \u2013 houve implementa\u00e7\u00e3o de 2 novas UC e adapta\u00e7\u00e3o da UC Projeto Integrador e de disserta\u00e7\u00e3o de Mestrado.<\/li>\n<li>Apesar de atrasos na A3, os conte\u00fados j\u00e1 foram estabelecidos, os autores atribu\u00eddos, e um cap\u00edtulo encontra-se terminado.<\/li>\n<li>As atividades de educa\u00e7\u00e3o n\u00e3o formal, como palestras tem\u00e1ticas e iniciativas de sensibiliza\u00e7\u00e3o, desempenharam um papel crucial na promo\u00e7\u00e3o da sustentabilidade na comunidade FEUP.<\/li>\n<\/ul>\n<\/div><div class=\"fusion-clearfix\"><\/div><\/div><\/div><\/div><\/div>\n","protected":false},"excerpt":{"rendered":"","protected":false},"author":13,"featured_media":0,"parent":3143,"menu_order":0,"comment_status":"closed","ping_status":"closed","template":"100-width.php","meta":{"footnotes":""},"class_list":["post-3795","page","type-page","status-publish","hentry"],"_links":{"self":[{"href":"https:\/\/fe.up.pt\/sustent\/wp-json\/wp\/v2\/pages\/3795","targetHints":{"allow":["GET"]}}],"collection":[{"href":"https:\/\/fe.up.pt\/sustent\/wp-json\/wp\/v2\/pages"}],"about":[{"href":"https:\/\/fe.up.pt\/sustent\/wp-json\/wp\/v2\/types\/page"}],"author":[{"embeddable":true,"href":"https:\/\/fe.up.pt\/sustent\/wp-json\/wp\/v2\/users\/13"}],"replies":[{"embeddable":true,"href":"https:\/\/fe.up.pt\/sustent\/wp-json\/wp\/v2\/comments?post=3795"}],"version-history":[{"count":3,"href":"https:\/\/fe.up.pt\/sustent\/wp-json\/wp\/v2\/pages\/3795\/revisions"}],"predecessor-version":[{"id":3831,"href":"https:\/\/fe.up.pt\/sustent\/wp-json\/wp\/v2\/pages\/3795\/revisions\/3831"}],"up":[{"embeddable":true,"href":"https:\/\/fe.up.pt\/sustent\/wp-json\/wp\/v2\/pages\/3143"}],"wp:attachment":[{"href":"https:\/\/fe.up.pt\/sustent\/wp-json\/wp\/v2\/media?parent=3795"}],"curies":[{"name":"wp","href":"https:\/\/api.w.org\/{rel}","templated":true}]}}