{"id":2023,"date":"2023-04-26T09:24:55","date_gmt":"2023-04-26T09:24:55","guid":{"rendered":"https:\/\/paginas.fe.up.pt\/~sustent\/?page_id=2023"},"modified":"2025-02-28T11:48:01","modified_gmt":"2025-02-28T11:48:01","slug":"objetivo","status":"publish","type":"page","link":"https:\/\/fe.up.pt\/sustent\/eds-feup\/objetivo\/","title":{"rendered":"Objetivo"},"content":{"rendered":"<div class=\"fusion-fullwidth fullwidth-box fusion-builder-row-1 hundred-percent-fullwidth non-hundred-percent-height-scrolling\" style=\"--awb-border-radius-top-left:0px;--awb-border-radius-top-right:0px;--awb-border-radius-bottom-right:0px;--awb-border-radius-bottom-left:0px;--awb-overflow:visible;--awb-padding-right:30px;--awb-padding-left:30px;--awb-flex-wrap:wrap;\" ><div class=\"fusion-builder-row fusion-row\"><div class=\"fusion-layout-column fusion_builder_column fusion-builder-column-0 fusion_builder_column_1_1 1_1 fusion-one-full fusion-column-first fusion-column-last\" style=\"--awb-bg-size:cover;\"><div class=\"fusion-column-wrapper fusion-flex-column-wrapper-legacy\"><div class=\"fusion-title title fusion-title-1 sep-underline sep-dotted fusion-title-center fusion-title-text fusion-title-size-one\"><h1 class=\"fusion-title-heading title-heading-center fusion-responsive-typography-calculated\" style=\"margin:0;--fontSize:34;line-height:1.41;\">ODS 4 &#8211; Educa\u00e7\u00e3o de Qualidade<\/h1><\/div><div class=\"fusion-text fusion-text-1\"><p><img decoding=\"async\" class=\"wp-image-2099 aligncenter\" src=\"https:\/\/paginas.fe.up.pt\/~sustent\/wp-content\/uploads\/2023\/04\/E-WEB-Goal-04.png\" alt=\"\" width=\"225\" height=\"225\" srcset=\"https:\/\/fe.up.pt\/sustent\/wp-content\/uploads\/2023\/04\/E-WEB-Goal-04-66x66.png 66w, https:\/\/fe.up.pt\/sustent\/wp-content\/uploads\/2023\/04\/E-WEB-Goal-04-200x200.png 200w, https:\/\/fe.up.pt\/sustent\/wp-content\/uploads\/2023\/04\/E-WEB-Goal-04-400x400.png 400w, https:\/\/fe.up.pt\/sustent\/wp-content\/uploads\/2023\/04\/E-WEB-Goal-04-600x600.png 600w, https:\/\/fe.up.pt\/sustent\/wp-content\/uploads\/2023\/04\/E-WEB-Goal-04-800x800.png 800w, https:\/\/fe.up.pt\/sustent\/wp-content\/uploads\/2023\/04\/E-WEB-Goal-04-1200x1200.png 1200w, https:\/\/fe.up.pt\/sustent\/wp-content\/uploads\/2023\/04\/E-WEB-Goal-04.png 1500w\" sizes=\"(max-width: 225px) 100vw, 225px\" \/><\/p>\n<p>O projeto EDS@FEUP enquadra-se no Objetivo do Desenvolvimento Sustent\u00e1vel 4, Educa\u00e7\u00e3o de Qualidade e, mais especificamente, na Meta 4.7, a qual refere que todos os estudantes devem ter conhecimentos e compet\u00eancias para promover o DS. O EDS@FEUP tem assim como objetivo geral dotar os estudantes de compet\u00eancias que permitam incluir nas suas pr\u00e1ticas atuais e futuras, a\u00e7\u00f5es e medidas apropriadas que tenham por base os desafios ambientais, sociais e econ\u00f3micos, presentes e futuros. Pretende ainda ser um catalisador da integra\u00e7\u00e3o do DS na cultura da institui\u00e7\u00e3o.<\/p>\n<p>A integra\u00e7\u00e3o da EDS na FEUP ser\u00e1 realizada atrav\u00e9s de:<\/p>\n<ul>\n<li>forma\u00e7\u00e3o consolidada de docentes em sustentabilidade;<\/li>\n<li>forma\u00e7\u00e3o de investigadores e t\u00e9cnicos;<\/li>\n<li>uma revis\u00e3o estruturada, transversal e participada de planos curriculares, quer pela adapta\u00e7\u00e3o das UC existentes, quer pelo desenvolvimento de novas UC;<\/li>\n<li>implementa\u00e7\u00e3o das UC em contexto de aula e realiza\u00e7\u00e3o de um processo iterativo de monitoriza\u00e7\u00e3o e avalia\u00e7\u00e3o;<\/li>\n<li>desenvolvimento de conte\u00fados dedicados na \u00e1rea da sustentabilidade com acesso generalizado;iniciativas de educa\u00e7\u00e3o n\u00e3o formal;<\/li>\n<li>a\u00e7\u00f5es de dissemina\u00e7\u00e3o e comunica\u00e7\u00e3o regulares.<\/li>\n<\/ul>\n<\/div><div class=\"fusion-clearfix\"><\/div><\/div><\/div><\/div><\/div>\n","protected":false},"excerpt":{"rendered":"","protected":false},"author":4,"featured_media":0,"parent":2015,"menu_order":0,"comment_status":"closed","ping_status":"closed","template":"100-width.php","meta":{"footnotes":""},"class_list":["post-2023","page","type-page","status-publish","hentry"],"_links":{"self":[{"href":"https:\/\/fe.up.pt\/sustent\/wp-json\/wp\/v2\/pages\/2023","targetHints":{"allow":["GET"]}}],"collection":[{"href":"https:\/\/fe.up.pt\/sustent\/wp-json\/wp\/v2\/pages"}],"about":[{"href":"https:\/\/fe.up.pt\/sustent\/wp-json\/wp\/v2\/types\/page"}],"author":[{"embeddable":true,"href":"https:\/\/fe.up.pt\/sustent\/wp-json\/wp\/v2\/users\/4"}],"replies":[{"embeddable":true,"href":"https:\/\/fe.up.pt\/sustent\/wp-json\/wp\/v2\/comments?post=2023"}],"version-history":[{"count":13,"href":"https:\/\/fe.up.pt\/sustent\/wp-json\/wp\/v2\/pages\/2023\/revisions"}],"predecessor-version":[{"id":3584,"href":"https:\/\/fe.up.pt\/sustent\/wp-json\/wp\/v2\/pages\/2023\/revisions\/3584"}],"up":[{"embeddable":true,"href":"https:\/\/fe.up.pt\/sustent\/wp-json\/wp\/v2\/pages\/2015"}],"wp:attachment":[{"href":"https:\/\/fe.up.pt\/sustent\/wp-json\/wp\/v2\/media?parent=2023"}],"curies":[{"name":"wp","href":"https:\/\/api.w.org\/{rel}","templated":true}]}}