{"id":144,"date":"2019-12-18T16:27:01","date_gmt":"2019-12-18T16:27:01","guid":{"rendered":"https:\/\/web.fe.up.pt\/~reotech\/?page_id=144"},"modified":"2024-10-03T16:25:29","modified_gmt":"2024-10-03T16:25:29","slug":"scientific-committee","status":"publish","type":"page","link":"https:\/\/fe.up.pt\/reotech\/scientific-committee\/","title":{"rendered":"Scientific Committee"},"content":{"rendered":"\n<p><strong>Dezhi Ning<\/strong><em>, Dalian University of Technology, China<\/em> <\/p>\n\n\n\n<p><strong>Zhiwei Gao<\/strong>, <em>Northumbria University, England<\/em><\/p>\n\n\n\n<p><strong>Charalampos Baniotopoulos<\/strong>, <em>University of Birmingham, England<\/em><\/p>\n\n\n\n<p><strong>Panagiotis Alevras,<\/strong> <em>University of Birmingham, England<\/em><\/p>\n\n\n\n<p><strong>J\u00falio Romano Meneghini<\/strong>, <em>University of S\u00e3o Paulo, Brazil<\/em><\/p>\n\n\n\n<p><strong>Jordi Mas Soler,<\/strong> <em>University of S\u00e3o Paulo, Brazil<\/em><\/p>\n\n\n\n<p><strong>Celso Puppo Pesce<\/strong>, <em>University of S\u00e3o Paulo, Brazil<\/em><\/p>\n\n\n\n<p><strong>Claudio Ruggieri<\/strong>, <em>University of Sao Paulo, Brazil<\/em><\/p>\n\n\n\n<p><strong>Nicholas Fantuzzi<\/strong>,<em> University of Bologna, Italy<\/em><\/p>\n\n\n\n<p><strong>Giorgio Besagni<\/strong>, <em>Polytechnic of Milan, Italy<\/em><\/p>\n\n\n\n<p><strong>Rui Martins<\/strong>, <em>New University of Lisbon<\/em>, <em>Portugal<\/em><\/p>\n\n\n\n<p><strong>Shun-Peng Zhu<\/strong>, <em>University of Electronic Science and Technology of China, China<\/em><\/p>\n\n\n\n<p><strong>David Gamboa<\/strong>, <em>University of Aveiro, Portugal<\/em><\/p>\n\n\n\n<p><strong>Jo\u00e3o Miguel Dias,<\/strong> <em>University of Aveiro, Portugal<\/em><\/p>\n\n\n\n<p><strong>Carina Lopes,<\/strong> <em>University of Aveiro, Portugal<\/em><\/p>\n\n\n\n<p><strong>Ming Zhao<\/strong>, <em>Western Sydney University, Australia<\/em><\/p>\n\n\n\n<p><strong>Ruben Paul Borg<\/strong>, <em>University of Malta, Malta<\/em><\/p>\n\n\n\n<p><strong>Bruno&nbsp;Pedrosa<\/strong>, <em>University of Porto, Portugal<\/em><\/p>\n\n\n\n<p><strong>Paulo Mendes<\/strong>, <em>University of Porto, Portugal<\/em><\/p>\n\n\n\n<p><strong>Ab\u00edlio M.P. de Jesus, <\/strong><em>University of Porto, Portugal<\/em><\/p>\n\n\n\n<p><strong>Jos\u00e9 A.F.O Correia, <\/strong><em>University of Porto, Portugal<\/em><\/p>\n\n\n\n<p><strong>Raf Dewil<\/strong>,<em> KU Leuven Science and Technology Group, Belgium<\/em><\/p>\n\n\n\n<p><strong>Jean-David Caprace<\/strong>, <em>Federal University of Rio de Janeiro, Brazil<\/em><\/p>\n\n\n\n<p><strong>Jos\u00e9 M\u00e1rcio do Amaral Vasconcellos,<\/strong> <em>Federal University of Rio de Janeiro, Brazil<\/em><\/p>\n\n\n\n<p><strong>Tiago Andr\u00e9 Abreu<\/strong>, <em>Polytechnic Institute of Porto<\/em>, <em>Portugal<\/em><\/p>\n\n\n\n<p><strong>Menglan Duan<\/strong>, <em>China University of Petroleum, China<\/em><\/p>\n\n\n\n<p><strong>Siming Zheng<\/strong>, <em>Zhejiang University Ocean College, China<\/em><\/p>\n\n\n\n<p><strong>Zhiming Yuan<\/strong>, <em>University of Strathclyde, United Kingdom<\/em><\/p>\n\n\n\n<p><strong>Zhiyu Jiang<\/strong>, <em>University of Agder, Norway<\/em><\/p>\n\n\n\n<p><strong>Sudath Siriwardane<\/strong>,<em> University of Stavanger, Norway<\/em><\/p>\n\n\n\n<p><strong>Dimitrios Pavlou<\/strong>, <em>University of Stavanger, Norway<\/em><\/p>\n\n\n\n<p><strong>Tahsin Tezdogan<\/strong>, <em>University of Southampton, England<\/em><\/p>\n\n\n\n<p><strong>Georgios Stavroulakis<\/strong><em>, Technical University of Crete, Greece<\/em><\/p>\n\n\n\n<p><strong>Enzo Marino<\/strong>, <em>University of Florence, Italy<\/em><\/p>\n\n\n\n<p><strong>Grzegorz Lesiuk<\/strong>, <em>Wroclaw University of Technology, Poland<\/em><\/p>\n\n\n\n<p><strong>Carlos Rebelo, <\/strong><em>University of Coimbra, Portugal<\/em><\/p>\n\n\n\n<p><strong>Ricardo Branco<\/strong>, <em>University of Coimbra, Portugal<\/em><\/p>\n\n\n\n<p><strong>Teresa Sim\u00f5es,<\/strong><em> LNEG &#8211; Laborat\u00f3rio Nacional de Energia e Geologia, I.P., Portugal<\/em><\/p>\n\n\n\n<p><strong>Sergio Cicero Gonzalez, <\/strong><em>University of Cantabria, Spain<\/em><\/p>\n\n\n\n<p><strong>Yuming Liu,<\/strong> <em>Massachusetts Institute of Technology (MIT), USA<\/em><\/p>\n","protected":false},"excerpt":{"rendered":"<p>Dezhi Ning, Dalian University of Technology, China Zhiwei Gao, Northumbria University, England Charalampos Baniotopoulos, University of Birmingham, England Panagiotis Alevras, University of Birmingham, England J\u00falio Romano Meneghini, University of S\u00e3o Paulo, Brazil Jordi Mas Soler, University of S\u00e3o Paulo, Brazil Celso Puppo Pesce, University of S\u00e3o Paulo, Brazil Claudio Ruggieri, University of Sao Paulo, Brazil [&hellip;]<\/p>\n","protected":false},"author":1,"featured_media":0,"parent":0,"menu_order":0,"comment_status":"closed","ping_status":"closed","template":"","meta":{"inline_featured_image":false,"footnotes":""},"class_list":["post-144","page","type-page","status-publish","hentry"],"_links":{"self":[{"href":"https:\/\/fe.up.pt\/reotech\/wp-json\/wp\/v2\/pages\/144","targetHints":{"allow":["GET"]}}],"collection":[{"href":"https:\/\/fe.up.pt\/reotech\/wp-json\/wp\/v2\/pages"}],"about":[{"href":"https:\/\/fe.up.pt\/reotech\/wp-json\/wp\/v2\/types\/page"}],"author":[{"embeddable":true,"href":"https:\/\/fe.up.pt\/reotech\/wp-json\/wp\/v2\/users\/1"}],"replies":[{"embeddable":true,"href":"https:\/\/fe.up.pt\/reotech\/wp-json\/wp\/v2\/comments?post=144"}],"version-history":[{"count":10,"href":"https:\/\/fe.up.pt\/reotech\/wp-json\/wp\/v2\/pages\/144\/revisions"}],"predecessor-version":[{"id":911,"href":"https:\/\/fe.up.pt\/reotech\/wp-json\/wp\/v2\/pages\/144\/revisions\/911"}],"wp:attachment":[{"href":"https:\/\/fe.up.pt\/reotech\/wp-json\/wp\/v2\/media?parent=144"}],"curies":[{"name":"wp","href":"https:\/\/api.w.org\/{rel}","templated":true}]}}