{"id":75,"date":"2019-04-08T17:43:18","date_gmt":"2019-04-08T17:43:18","guid":{"rendered":"https:\/\/web.fe.up.pt\/~reab\/?page_id=75"},"modified":"2019-04-09T14:37:24","modified_gmt":"2019-04-09T14:37:24","slug":"como-chegar","status":"publish","type":"page","link":"https:\/\/fe.up.pt\/reab\/como-chegar\/","title":{"rendered":"Como chegar"},"content":{"rendered":"<h1>Localiza\u00e7\u00e3o<\/h1>\n<p class=\"texto\">A FEUP localiza-se em Portugal, no limite norte da cidade do Porto, perto da Estrada da Circunvala\u00e7\u00e3o (EN12) e junto ao Hospital de S\u00e3o Jo\u00e3o.<\/p>\n<p><strong>Coordenadas:<\/strong> 41.1780, -8.5980 (41<sup>o<\/sup> 10\u2019 40.8\u2019\u2019 N, 8<sup>o<\/sup> 35\u2019 52.8\u2019\u2019 W)<\/p>\n<p><img fetchpriority=\"high\" decoding=\"async\" class=\"alignnone  wp-image-110 aligncenter\" src=\"https:\/\/web.fe.up.pt\/~reab\/wp-content\/uploads\/2019\/04\/ComoChegar2-300x300.png\" alt=\"\" width=\"560\" height=\"560\" srcset=\"https:\/\/fe.up.pt\/reab\/wp-content\/uploads\/2019\/04\/ComoChegar2-300x300.png 300w, https:\/\/fe.up.pt\/reab\/wp-content\/uploads\/2019\/04\/ComoChegar2-150x150.png 150w, https:\/\/fe.up.pt\/reab\/wp-content\/uploads\/2019\/04\/ComoChegar2.png 500w\" sizes=\"(max-width: 560px) 100vw, 560px\" \/><\/p>\n<p>Se tem o software Google Earth instalado, poder\u00e1 descarregar o ficheiro <a href=\"https:\/\/sigarra.up.pt\/feup\/pt\/web_gessi_docs.download_file?p_name=F1508014617\/FEUP.kmz\">FEUP.kmz<\/a> e abri-lo para ver a localiza\u00e7\u00e3o da FEUP. Se n\u00e3o, dever\u00e1 instalar primeiro o Google Earth (dispon\u00edvel em <a title=\"P\u00e1gina Web do Google Earth - Abre numa nova janela\" href=\"http:\/\/earth.google.com\/\" target=\"_blank\" rel=\"noopener noreferrer\">http:\/\/earth.google.com<\/a>).<\/p>\n<h2>De Metro<\/h2>\n<p>A FEUP \u00e9 servida por tr\u00eas esta\u00e7\u00f5es de Metro da linha D (amarela) na zona C6.<\/p>\n<p>A linha D (amarela) liga o P\u00f3lo Universit\u00e1rio \u00e0 C\u00e2mara de Gaia em cerca de 15 minutos, passando pela Trindade, onde tem liga\u00e7\u00e3o com as linhas A (azul), B (vermelha) e C (verde). Saindo na esta\u00e7\u00e3o do P\u00f3lo Universit\u00e1rio, dever\u00e1 virar \u00e0 esquerda na Rua do Dr. Manuel Pereira da Silva e, depois de passar o cemit\u00e9rio de Paranhos, virar \u00e0 esquerda para a Rua do Dr. Roberto Frias. Continue at\u00e9 encontrar a FEUP do seu lado direito.<\/p>\n<p>Saindo no IPO, dever\u00e1 percorrer toda a extens\u00e3o da Rua do Dr. Pl\u00e1cido da Costa e atravessar a rua do Dr. Roberto Frias. Estar\u00e1 agora em frente \u00e0 FEUP.<\/p>\n<p>Saindo no Hospital de S\u00e3o Jo\u00e3o, siga pela estrada da circunvala\u00e7\u00e3o at\u00e9 encontrar o cruzamento com a Rua do Dr. Roberto Frias. Percorra esta rua at\u00e9 ao cruzamento com Rua do Dr. Pl\u00e1cido da Costa. Ter\u00e1 agora a FEUP do seu lado esquerdo.<\/p>\n<p>Para mais informa\u00e7\u00f5es, consulte o <a href=\"https:\/\/web.fe.up.pt\/~reab\/wp-content\/uploads\/2019\/04\/MapaRedeMetro.pdf\" target=\"_blank\" rel=\"noopener noreferrer\">Esquema da Rede de Metro do Porto (Formato PDF)<\/a>.<\/p>\n<h2>De Autocarro<\/h2>\n<p>Existem 4 linhas de autocarro na zona da Faculdade: 204, 300, 301 e 803.<\/p>\n<p>Tamb\u00e9m est\u00e3o dispon\u00edveis, a partir do Hospital de S.Jo\u00e3o, outras linhas dos STCP, bem como carreiras regulares para outras cidades.<\/p>\n<p>De forma a escolher qual o autocarro que se adequa melhor ao seu percurso, visite os sites: <a href=\"https:\/\/www.stcp.pt\/pt\/viajar\/\" target=\"_blank\" rel=\"noopener noreferrer\">www.stcp.pt<\/a> e <a href=\"http:\/\/www.itinerarium.net\/wizard.aspx?ul=pt-pt\" target=\"_blank\" rel=\"noopener noreferrer\">www.itinerarium.net<\/a>.<\/p>\n<h3>Aplica\u00e7\u00e3o &#8220;MOVE-ME&#8221;<\/h3>\n<p>Para consultar se o seu autocarro ou metro j\u00e1 est\u00e1 a chegar poder\u00e1 fazer download da aplica\u00e7\u00e3o m\u00f3vel <a href=\"http:\/\/www.move-me.mobi\/\" target=\"_blank\" rel=\"noopener noreferrer\">MOVE-ME<\/a><\/p>\n<h2>De comboio<\/h2>\n<p class=\"texo\">Se chega \u00e0 cidade do Porto de comboio, tem duas hip\u00f3teses:<\/p>\n<ul>\n<li>Se sair na esta\u00e7\u00e3o de Campanh\u00e3, dever\u00e1 apanhar o metro e optar por uma das seguintes linhas: A (azul), B (vermelha), C (verde) ou E (roxa). Ter\u00e1 de efetuar transbordo na esta\u00e7\u00e3o da Trindade e apanhar a linha D (amarela). Dever\u00e1 seguir as indica\u00e7\u00f5es dadas na op\u00e7\u00e3o \u201cDe metro\u201d.<\/li>\n<li>Se sair na esta\u00e7\u00e3o de S. Bento, dever\u00e1 apanhar a linha D (amarela) do metro e seguir as indica\u00e7\u00f5es dadas na op\u00e7\u00e3o \u201cDe metro<\/li>\n<\/ul>\n<h2>De avi\u00e3o (Aeroporto S\u00e1 Carneiro)<\/h2>\n<p>A maneira mais r\u00e1pida de chegar \u00e0 FEUP, caso n\u00e3o tenha ve\u00edculo pr\u00f3prio \u00e0 espera ou n\u00e3o pretenda ir de t\u00e1xi, \u00e9 apanhar o metro, linha E (roxa). Dever\u00e1 efetuar transbordo na esta\u00e7\u00e3o da Trindade e apanhar a linha D (amarela). Depois, dever\u00e1 seguir as indica\u00e7\u00f5es dadas na op\u00e7\u00e3o \u201cDe Metro\u201d.<\/p>\n","protected":false},"excerpt":{"rendered":"<p>Localiza\u00e7\u00e3o A FEUP localiza-se em Portugal, no limite norte da cidade do Porto, perto da Estrada da Circunvala\u00e7\u00e3o (EN12) e junto ao Hospital de S\u00e3o Jo\u00e3o. Coordenadas: 41.1780, -8.5980 (41o 10\u2019 40.8\u2019\u2019 N, 8o 35\u2019 52.8\u2019\u2019 W) Se tem o software Google Earth instalado, poder\u00e1 descarregar o ficheiro FEUP.kmz e abri-lo para ver a localiza\u00e7\u00e3o &hellip; <\/p>\n<p class=\"link-more\"><a href=\"https:\/\/fe.up.pt\/reab\/como-chegar\/\" class=\"more-link\">Read more<span class=\"screen-reader-text\"> &#8220;Como chegar&#8221;<\/span><\/a><\/p>\n","protected":false},"author":1,"featured_media":0,"parent":0,"menu_order":0,"comment_status":"closed","ping_status":"closed","template":"","meta":{"inspiro_hide_title":false,"footnotes":""},"class_list":["post-75","page","type-page","status-publish","hentry"],"_links":{"self":[{"href":"https:\/\/fe.up.pt\/reab\/wp-json\/wp\/v2\/pages\/75","targetHints":{"allow":["GET"]}}],"collection":[{"href":"https:\/\/fe.up.pt\/reab\/wp-json\/wp\/v2\/pages"}],"about":[{"href":"https:\/\/fe.up.pt\/reab\/wp-json\/wp\/v2\/types\/page"}],"author":[{"embeddable":true,"href":"https:\/\/fe.up.pt\/reab\/wp-json\/wp\/v2\/users\/1"}],"replies":[{"embeddable":true,"href":"https:\/\/fe.up.pt\/reab\/wp-json\/wp\/v2\/comments?post=75"}],"version-history":[{"count":6,"href":"https:\/\/fe.up.pt\/reab\/wp-json\/wp\/v2\/pages\/75\/revisions"}],"predecessor-version":[{"id":113,"href":"https:\/\/fe.up.pt\/reab\/wp-json\/wp\/v2\/pages\/75\/revisions\/113"}],"wp:attachment":[{"href":"https:\/\/fe.up.pt\/reab\/wp-json\/wp\/v2\/media?parent=75"}],"curies":[{"name":"wp","href":"https:\/\/api.w.org\/{rel}","templated":true}]}}