{"id":445,"date":"2023-10-04T15:32:21","date_gmt":"2023-10-04T15:32:21","guid":{"rendered":"https:\/\/web.fe.up.pt\/~reab\/?page_id=445"},"modified":"2023-10-31T17:25:50","modified_gmt":"2023-10-31T17:25:50","slug":"topicos","status":"publish","type":"page","link":"https:\/\/fe.up.pt\/reab\/topicos\/","title":{"rendered":"T\u00f3picos"},"content":{"rendered":"\t\t<div data-elementor-type=\"wp-page\" data-elementor-id=\"445\" class=\"elementor elementor-445\">\n\t\t\t\t<div class=\"elementor-element elementor-element-da4dacb e-flex e-con-boxed e-con e-parent\" data-id=\"da4dacb\" data-element_type=\"container\" data-e-type=\"container\">\n\t\t\t\t\t<div class=\"e-con-inner\">\n\t\t\t\t<div class=\"elementor-element elementor-element-f06cc7d elementor-widget elementor-widget-image\" data-id=\"f06cc7d\" data-element_type=\"widget\" data-e-type=\"widget\" data-widget_type=\"image.default\">\n\t\t\t\t<div class=\"elementor-widget-container\">\n\t\t\t\t\t\t\t\t\t\t\t\t\t\t\t<img fetchpriority=\"high\" decoding=\"async\" width=\"950\" height=\"317\" src=\"https:\/\/fe.up.pt\/reab\/wp-content\/uploads\/2023\/10\/topicos-1024x342.png\" class=\"attachment-large size-large wp-image-622\" alt=\"\" srcset=\"https:\/\/fe.up.pt\/reab\/wp-content\/uploads\/2023\/10\/topicos-1024x342.png 1024w, https:\/\/fe.up.pt\/reab\/wp-content\/uploads\/2023\/10\/topicos-300x100.png 300w, https:\/\/fe.up.pt\/reab\/wp-content\/uploads\/2023\/10\/topicos-768x256.png 768w, https:\/\/fe.up.pt\/reab\/wp-content\/uploads\/2023\/10\/topicos-1536x513.png 1536w, https:\/\/fe.up.pt\/reab\/wp-content\/uploads\/2023\/10\/topicos.png 1594w\" sizes=\"100vw\" \/>\t\t\t\t\t\t\t\t\t\t\t\t\t\t\t<\/div>\n\t\t\t\t<\/div>\n\t\t\t\t\t<\/div>\n\t\t\t\t<\/div>\n\t\t<div class=\"elementor-element elementor-element-438edb49 e-flex e-con-boxed e-con e-parent\" data-id=\"438edb49\" data-element_type=\"container\" data-e-type=\"container\">\n\t\t\t\t\t<div class=\"e-con-inner\">\n\t\t\t\t<div class=\"elementor-element elementor-element-5f8fb253 elementor-widget elementor-widget-text-editor\" data-id=\"5f8fb253\" data-element_type=\"widget\" data-e-type=\"widget\" data-widget_type=\"text-editor.default\">\n\t\t\t\t<div class=\"elementor-widget-container\">\n\t\t\t\t\t\t\t\t\t<ul>\r\n \t<li>Patologias associadas a condensa\u00e7\u00f5es superficiais e internas<\/li>\r\n \t<li>Sistemas de impermeabiliza\u00e7\u00e3o de coberturas planas. Avalia\u00e7\u00e3o in-situ do comportamento mec\u00e2nico de argamassas<\/li>\r\n \t<li>Termografia e patologia<\/li>\r\n \t<li>T\u00e9cnicas de tratamento da humidade ascensional<\/li>\r\n \t<li>Coberturas inclinadas com pain\u00e9is \u201csandwich\u201d<\/li>\r\n \t<li>Reabilita\u00e7\u00e3o de edif\u00edcios. Diagn\u00f3stico e metodologia de interven\u00e7\u00e3o<\/li>\r\n \t<li>Reabilita\u00e7\u00e3o de coberturas de edif\u00edcios com valor patrimonial<\/li>\r\n \t<li>Motiva\u00e7\u00e3o para reabilita\u00e7\u00e3o estrutural. Danos em estruturas de edif\u00edcios<\/li>\r\n \t<li>Inspe\u00e7\u00e3o e diagn\u00f3stico estrutural. Procedimentos e ferramentas de apoio<\/li>\r\n \t<li>Sess\u00e3o pr\u00e1tica de t\u00e9cnicas de ensaio in-situ<\/li>\r\n \t<li>Monitoriza\u00e7\u00e3o estrutural e ensaios in-situ ou de laborat\u00f3rio<\/li>\r\n \t<li>T\u00e9cnicas e solu\u00e7\u00f5es de refor\u00e7o de elementos de bet\u00e3o armado<\/li>\r\n \t<li>T\u00e9cnicas de refor\u00e7o estrutural. Casos de obra<\/li>\r\n \t<li>Bet\u00e3o hist\u00f3rico<\/li>\r\n \t<li>Casos de estudo e visitas t\u00e9cnicas<\/li>\r\n<\/ul>\t\t\t\t\t\t\t\t<\/div>\n\t\t\t\t<\/div>\n\t\t\t\t\t<\/div>\n\t\t\t\t<\/div>\n\t\t\t\t<\/div>\n\t\t","protected":false},"excerpt":{"rendered":"<p>Patologias associadas a condensa\u00e7\u00f5es superficiais e internas Sistemas de impermeabiliza\u00e7\u00e3o de coberturas planas. Avalia\u00e7\u00e3o in-situ do comportamento mec\u00e2nico de argamassas Termografia e patologia T\u00e9cnicas de tratamento da humidade ascensional Coberturas inclinadas com pain\u00e9is \u201csandwich\u201d Reabilita\u00e7\u00e3o de edif\u00edcios. Diagn\u00f3stico e metodologia de interven\u00e7\u00e3o Reabilita\u00e7\u00e3o de coberturas de edif\u00edcios com valor patrimonial Motiva\u00e7\u00e3o para reabilita\u00e7\u00e3o estrutural. Danos &hellip; <\/p>\n<p class=\"link-more\"><a href=\"https:\/\/fe.up.pt\/reab\/topicos\/\" class=\"more-link\">Read more<span class=\"screen-reader-text\"> &#8220;T\u00f3picos&#8221;<\/span><\/a><\/p>\n","protected":false},"author":1,"featured_media":0,"parent":0,"menu_order":0,"comment_status":"closed","ping_status":"closed","template":"","meta":{"inspiro_hide_title":false,"footnotes":""},"class_list":["post-445","page","type-page","status-publish","hentry"],"_links":{"self":[{"href":"https:\/\/fe.up.pt\/reab\/wp-json\/wp\/v2\/pages\/445","targetHints":{"allow":["GET"]}}],"collection":[{"href":"https:\/\/fe.up.pt\/reab\/wp-json\/wp\/v2\/pages"}],"about":[{"href":"https:\/\/fe.up.pt\/reab\/wp-json\/wp\/v2\/types\/page"}],"author":[{"embeddable":true,"href":"https:\/\/fe.up.pt\/reab\/wp-json\/wp\/v2\/users\/1"}],"replies":[{"embeddable":true,"href":"https:\/\/fe.up.pt\/reab\/wp-json\/wp\/v2\/comments?post=445"}],"version-history":[{"count":4,"href":"https:\/\/fe.up.pt\/reab\/wp-json\/wp\/v2\/pages\/445\/revisions"}],"predecessor-version":[{"id":625,"href":"https:\/\/fe.up.pt\/reab\/wp-json\/wp\/v2\/pages\/445\/revisions\/625"}],"wp:attachment":[{"href":"https:\/\/fe.up.pt\/reab\/wp-json\/wp\/v2\/media?parent=445"}],"curies":[{"name":"wp","href":"https:\/\/api.w.org\/{rel}","templated":true}]}}