{"id":175,"date":"2019-06-18T15:31:22","date_gmt":"2019-06-18T15:31:22","guid":{"rendered":"https:\/\/web.fe.up.pt\/~reab\/?page_id=175"},"modified":"2025-02-06T17:21:21","modified_gmt":"2025-02-06T17:21:21","slug":"hoteis","status":"publish","type":"page","link":"https:\/\/fe.up.pt\/reab\/hoteis\/","title":{"rendered":"Hot\u00e9is"},"content":{"rendered":"\t\t<div data-elementor-type=\"wp-page\" data-elementor-id=\"175\" class=\"elementor elementor-175\">\n\t\t\t\t<div class=\"elementor-element elementor-element-39fabd29 e-flex e-con-boxed e-con e-parent\" data-id=\"39fabd29\" data-element_type=\"container\" data-e-type=\"container\">\n\t\t\t\t\t<div class=\"e-con-inner\">\n\t\t\t\t<div class=\"elementor-element elementor-element-63b2689a elementor-widget elementor-widget-text-editor\" data-id=\"63b2689a\" data-element_type=\"widget\" data-e-type=\"widget\" data-widget_type=\"text-editor.default\">\n\t\t\t\t<div class=\"elementor-widget-container\">\n\t\t\t\t\t\t\t\t\t<p><a href=\"https:\/\/fe.up.pt\/reab\/wp-content\/uploads\/2025\/02\/MAP_Hotels_ICS.pdf\" target=\"_blank\" rel=\"noopener noreferrer\">MAPA DO PORTO COM LOCALIZA\u00c7\u00c3O DOS HOT\u00c9IS<\/a><\/p><p><strong>1. \u00a0HOTEL IBIS PORTO SAO JO\u00c3O \u2013 2*<\/strong><br \/>Rua Dr. Pl\u00e1cido Costa<br \/>Paranhos<br \/>4200-450 Porto<\/p><p><strong>2.\u00a0 EUROSTARS PORTO \u2013 4*<\/strong><br \/>Rua do Ros\u00e1rio 160-164<br \/>4050-521 Porto<\/p><p><strong>3. \u00a0AXIS PORTO BUSINESS SPA HOTEL \u2013 4*<\/strong><br \/>Rua Maria Feliciana, 100 \u2013 S\u00e3o Mamede de Infesta<br \/>4465-283 Matosinhos<br \/>Porto<\/p><p><strong>4. \u00a0HOTEL DE INFANTE SAGRES \u2013 5*<\/strong><br \/>Pra\u00e7a D. Filipa de Lencastre, 62<br \/>4050-259 Porto<\/p><p><strong>5. \u00a0GRANDE HOTEL DO PORTO \u2013 3*<\/strong><br \/>Rua de Santa Catarina, 197<br \/>4000-405 Porto<\/p><p><strong>6. \u00a0INTERCONTINENTAL PORTO \u2013 5*<\/strong><br \/>Pra\u00e7a da Liberdade, 25<br \/>4000-322 Porto<br \/>Porto<\/p><p><strong>7. \u00a0CASUAL INCA PORTO \u2013 4*<\/strong><br \/>Pra\u00e7a Cel Pacheco, 52<br \/>4050-453 Porto<br \/>Porto<\/p><p><strong>8. \u00a0HF FENIX PORTO \u2013 4*<\/strong><br \/>Rua Gon\u00e7alo Sampaio 282<br \/>4150-365 Porto<\/p><p><strong>9. \u00a0HF TUELA PORTO \u2013 3*<\/strong><br \/>Rua Arq. Marques da Silva, 200<br \/>4150-483 Porto<\/p><p><strong>10. \u00a0HF IPANEMA PORTO \u2013 4*<\/strong><br \/>Rua do Campo Alegre,156-172<br \/>4150-169 Porto<\/p><p><strong>11.\u00a0 HOTEL EUROSTARS DAS ARTES \u2013 4*<\/strong><br \/>Rua do Mestre Guilherme Camarinha, 212<br \/>4200-537 Porto<\/p><p><strong>12. \u00a0QUALITY HOTEL PORTUS CALE \u2013 4*<\/strong><br \/>Av. da Boavista, 1060<br \/>Porto<\/p><p><strong>13. \u00a0SHERATON HOTEL PORTO &amp; SPA \u2013 5*<\/strong><br \/>Rua Tenente Valadim, 146<br \/>4100-476 Porto<\/p><p><strong>14. \u00a0PORTO PAL\u00c1CIO HOTEL \u2013 5*<\/strong><br \/>Av. da Boavista, 1269<br \/>4100-130 Porto<\/p><p><strong>15. \u00a0CROWNE PLAZA Porto \u2013 4*<\/strong><br \/>Av. da Boavista, 1466<br \/>4100-114 Porto<\/p><p><strong>16. \u00a0PESTANA VINTAGE PORTO \u2013 5*<\/strong><br \/>Pra\u00e7a da Ribeira, 1<br \/>4050-513 Porto<\/p><p><strong>17. \u00a0HF IPANEMA PARK \u2013 5*<\/strong><br \/>Rua de Serralves, 124<br \/>4150-702 Porto<\/p><p><strong>18. \u00a0TRYP PORTO CENTRO HOTEL \u2013 3*<\/strong><br \/>Rua da Alegria, 685<br \/>4000-046 Porto<\/p><p><strong>19.\u00a0 LEGENDARY PORTO HOTEL \u2013 3*<\/strong><br \/>Pra\u00e7a da Batalha, 127-130<br \/>4000-102 Porto<\/p><p><strong>20.\u00a0 HOTEL NEYA \u2013 4*<\/strong><br \/>Rua de Monchique, 35-41<br \/>4050-394 Porto<\/p>\t\t\t\t\t\t\t\t<\/div>\n\t\t\t\t<\/div>\n\t\t\t\t\t<\/div>\n\t\t\t\t<\/div>\n\t\t\t\t<\/div>\n\t\t","protected":false},"excerpt":{"rendered":"<p>MAPA DO PORTO COM LOCALIZA\u00c7\u00c3O DOS HOT\u00c9IS 1. \u00a0HOTEL IBIS PORTO SAO JO\u00c3O \u2013 2*Rua Dr. Pl\u00e1cido CostaParanhos4200-450 Porto 2.\u00a0 EUROSTARS PORTO \u2013 4*Rua do Ros\u00e1rio 160-1644050-521 Porto 3. \u00a0AXIS PORTO BUSINESS SPA HOTEL \u2013 4*Rua Maria Feliciana, 100 \u2013 S\u00e3o Mamede de Infesta4465-283 MatosinhosPorto 4. \u00a0HOTEL DE INFANTE SAGRES \u2013 5*Pra\u00e7a D. Filipa de &hellip; <\/p>\n<p class=\"link-more\"><a href=\"https:\/\/fe.up.pt\/reab\/hoteis\/\" class=\"more-link\">Read more<span class=\"screen-reader-text\"> &#8220;Hot\u00e9is&#8221;<\/span><\/a><\/p>\n","protected":false},"author":1,"featured_media":0,"parent":0,"menu_order":0,"comment_status":"closed","ping_status":"closed","template":"","meta":{"inspiro_hide_title":false,"footnotes":""},"class_list":["post-175","page","type-page","status-publish","hentry"],"_links":{"self":[{"href":"https:\/\/fe.up.pt\/reab\/wp-json\/wp\/v2\/pages\/175","targetHints":{"allow":["GET"]}}],"collection":[{"href":"https:\/\/fe.up.pt\/reab\/wp-json\/wp\/v2\/pages"}],"about":[{"href":"https:\/\/fe.up.pt\/reab\/wp-json\/wp\/v2\/types\/page"}],"author":[{"embeddable":true,"href":"https:\/\/fe.up.pt\/reab\/wp-json\/wp\/v2\/users\/1"}],"replies":[{"embeddable":true,"href":"https:\/\/fe.up.pt\/reab\/wp-json\/wp\/v2\/comments?post=175"}],"version-history":[{"count":27,"href":"https:\/\/fe.up.pt\/reab\/wp-json\/wp\/v2\/pages\/175\/revisions"}],"predecessor-version":[{"id":968,"href":"https:\/\/fe.up.pt\/reab\/wp-json\/wp\/v2\/pages\/175\/revisions\/968"}],"wp:attachment":[{"href":"https:\/\/fe.up.pt\/reab\/wp-json\/wp\/v2\/media?parent=175"}],"curies":[{"name":"wp","href":"https:\/\/api.w.org\/{rel}","templated":true}]}}