{"id":160,"date":"2019-06-14T11:29:34","date_gmt":"2019-06-14T11:29:34","guid":{"rendered":"https:\/\/web.fe.up.pt\/~reab\/?page_id=160"},"modified":"2026-03-27T17:42:07","modified_gmt":"2026-03-27T17:42:07","slug":"inscricao","status":"publish","type":"page","link":"https:\/\/fe.up.pt\/reab\/inscricao\/","title":{"rendered":"Inscri\u00e7\u00e3o"},"content":{"rendered":"\t\t<div data-elementor-type=\"wp-page\" data-elementor-id=\"160\" class=\"elementor elementor-160\">\n\t\t\t\t<div class=\"elementor-element elementor-element-7f6b25d e-flex e-con-boxed e-con e-parent\" data-id=\"7f6b25d\" data-element_type=\"container\" data-e-type=\"container\">\n\t\t\t\t\t<div class=\"e-con-inner\">\n\t\t\t\t<div class=\"elementor-element elementor-element-e40fa9a elementor-widget elementor-widget-image\" data-id=\"e40fa9a\" data-element_type=\"widget\" data-e-type=\"widget\" data-widget_type=\"image.default\">\n\t\t\t\t<div class=\"elementor-widget-container\">\n\t\t\t\t\t\t\t\t\t\t\t\t\t\t\t<img fetchpriority=\"high\" decoding=\"async\" width=\"950\" height=\"317\" src=\"https:\/\/fe.up.pt\/reab\/wp-content\/uploads\/2023\/10\/inscricao-1024x342.png\" class=\"attachment-large size-large wp-image-626\" alt=\"\" srcset=\"https:\/\/fe.up.pt\/reab\/wp-content\/uploads\/2023\/10\/inscricao-1024x342.png 1024w, https:\/\/fe.up.pt\/reab\/wp-content\/uploads\/2023\/10\/inscricao-300x100.png 300w, https:\/\/fe.up.pt\/reab\/wp-content\/uploads\/2023\/10\/inscricao-768x256.png 768w, https:\/\/fe.up.pt\/reab\/wp-content\/uploads\/2023\/10\/inscricao-1536x513.png 1536w, https:\/\/fe.up.pt\/reab\/wp-content\/uploads\/2023\/10\/inscricao.png 1594w\" sizes=\"100vw\" \/>\t\t\t\t\t\t\t\t\t\t\t\t\t\t\t<\/div>\n\t\t\t\t<\/div>\n\t\t\t\t\t<\/div>\n\t\t\t\t<\/div>\n\t\t<div class=\"elementor-element elementor-element-358e6162 e-flex e-con-boxed e-con e-parent\" data-id=\"358e6162\" data-element_type=\"container\" data-e-type=\"container\">\n\t\t\t\t\t<div class=\"e-con-inner\">\n\t\t\t\t<div class=\"elementor-element elementor-element-146e1356 elementor-widget elementor-widget-text-editor\" data-id=\"146e1356\" data-element_type=\"widget\" data-e-type=\"widget\" data-widget_type=\"text-editor.default\">\n\t\t\t\t<div class=\"elementor-widget-container\">\n\t\t\t\t\t\t\t\t\t<p>Os pre\u00e7os da inscri\u00e7\u00e3o s\u00e3o os seguintes:<\/p><table style=\"width: 697.5pt;\" border=\"0\" width=\"930\" cellspacing=\"0\" cellpadding=\"0\"><tbody><tr><td style=\"background: #F0F0F0; padding: 6.0pt 6.0pt 6.0pt 0cm;\"><p style=\"margin-bottom: 18.0pt; line-height: normal;\"><span style=\"font-size: 12.0pt; font-family: Roboto; mso-fareast-font-family: 'Times New Roman'; mso-bidi-font-family: 'Times New Roman'; color: black; mso-color-alt: windowtext; mso-font-kerning: 0pt; mso-ligatures: none; mso-fareast-language: EN-GB;\">\u00a0 at\u00e9 4 de setembro 2026<\/span><\/p><\/td><td style=\"background: #F0F0F0; padding: 6.0pt 0cm 6.0pt 6.0pt;\"><p style=\"margin-bottom: 18.0pt; line-height: normal;\"><span style=\"font-size: 12.0pt; font-family: Roboto; mso-fareast-font-family: 'Times New Roman'; mso-bidi-font-family: 'Times New Roman'; color: black; mso-color-alt: windowtext; mso-font-kerning: 0pt; mso-ligatures: none; mso-fareast-language: EN-GB;\">\u00a0 ap\u00f3s 4 de setembro2026<\/span><\/p><\/td><\/tr><tr><td style=\"padding: 6.0pt 6.0pt 6.0pt 0cm;\"><p style=\"margin-bottom: 18.0pt; line-height: normal;\"><span style=\"font-size: 12.0pt; font-family: Roboto; mso-fareast-font-family: 'Times New Roman'; mso-bidi-font-family: 'Times New Roman'; mso-font-kerning: 0pt; mso-ligatures: none; mso-fareast-language: EN-GB;\">\u00a0 600\u20ac *<\/span><\/p><\/td><td style=\"padding: 6.0pt 0cm 6.0pt 6.0pt;\"><p style=\"margin-bottom: 18.0pt; line-height: normal;\"><span style=\"font-size: 12.0pt; font-family: Roboto; mso-fareast-font-family: 'Times New Roman'; mso-bidi-font-family: 'Times New Roman'; mso-font-kerning: 0pt; mso-ligatures: none; mso-fareast-language: EN-GB;\">\u00a0 650\u20ac *<\/span><\/p><\/td><\/tr><\/tbody><\/table><p><span style=\"color: var( --e-global-color-text ); font-family: var( --e-global-typography-text-font-family ), Sans-serif; font-weight: var( --e-global-typography-text-font-weight ); text-align: var(--text-align);\">* Para membros da OE e OA o valor da inscri\u00e7\u00e3o tem um desconto de 10%.<\/span><\/p><p><strong><span style=\"color: var( --e-global-color-text ); font-family: var( --e-global-typography-text-font-family ), Sans-serif; text-align: var(--text-align);\">Dados para pagamento:<\/span><\/strong><\/p><p><span style=\"color: var( --e-global-color-text ); font-family: var( --e-global-typography-text-font-family ), Sans-serif; font-weight: var( --e-global-typography-text-font-weight ); text-align: var(--text-align);\">ICS &#8211; INSTITUTO PARA A CONSTRU\u00c7\u00c3O SUSTENT\u00c1VEL<br \/>R. Dr. Roberto Frias, s\/n<br \/>Campus da FEUP<br \/>Edif\u00edcio G &#8211; Piso 1<br \/>4200-465 Porto, Portugal<\/span><\/p><p><span style=\"color: var( --e-global-color-text ); font-family: var( --e-global-typography-text-font-family ), Sans-serif; font-weight: var( --e-global-typography-text-font-weight ); text-align: var(--text-align);\">NIF: 517 466 899<\/span><\/p><p><a href=\"https:\/\/docs.google.com\/forms\/d\/1vIQUq151KIwzN45nZNlL6wV-9bt2QQ2uyJDCEbXKRPE\" target=\"_blank\" rel=\"noopener\"><span style=\"color: var( --e-global-color-text ); font-family: var( --e-global-typography-text-font-family ), Sans-serif; font-weight: var( --e-global-typography-text-font-weight ); text-align: var(--text-align);\">FICHA DE INSCRI\u00c7\u00c3O (google forms)<\/span><\/a><\/p><p><span style=\"color: var( --e-global-color-text ); font-family: var( --e-global-typography-text-font-family ), Sans-serif; font-weight: var( --e-global-typography-text-font-weight ); text-align: var(--text-align);\"><strong>NOTA:<\/strong> Todos os encargos com a transfer\u00eancia banc\u00e1ria ficam a cargo do participante.<\/span><\/p><p><strong>Informa\u00e7\u00e3o importante:<\/strong> A inscri\u00e7\u00e3o no curso n\u00e3o inclui os almo\u00e7os.<\/p>\t\t\t\t\t\t\t\t<\/div>\n\t\t\t\t<\/div>\n\t\t\t\t\t<\/div>\n\t\t\t\t<\/div>\n\t\t\t\t<\/div>\n\t\t","protected":false},"excerpt":{"rendered":"<p>Os pre\u00e7os da inscri\u00e7\u00e3o s\u00e3o os seguintes: \u00a0 at\u00e9 4 de setembro 2026 \u00a0 ap\u00f3s 4 de setembro2026 \u00a0 600\u20ac * \u00a0 650\u20ac * * Para membros da OE e OA o valor da inscri\u00e7\u00e3o tem um desconto de 10%. Dados para pagamento: ICS &#8211; INSTITUTO PARA A CONSTRU\u00c7\u00c3O SUSTENT\u00c1VELR. Dr. Roberto Frias, s\/nCampus da &hellip; <\/p>\n<p class=\"link-more\"><a href=\"https:\/\/fe.up.pt\/reab\/inscricao\/\" class=\"more-link\">Read more<span class=\"screen-reader-text\"> &#8220;Inscri\u00e7\u00e3o&#8221;<\/span><\/a><\/p>\n","protected":false},"author":1,"featured_media":0,"parent":0,"menu_order":0,"comment_status":"closed","ping_status":"closed","template":"","meta":{"inspiro_hide_title":false,"footnotes":""},"class_list":["post-160","page","type-page","status-publish","hentry"],"_links":{"self":[{"href":"https:\/\/fe.up.pt\/reab\/wp-json\/wp\/v2\/pages\/160","targetHints":{"allow":["GET"]}}],"collection":[{"href":"https:\/\/fe.up.pt\/reab\/wp-json\/wp\/v2\/pages"}],"about":[{"href":"https:\/\/fe.up.pt\/reab\/wp-json\/wp\/v2\/types\/page"}],"author":[{"embeddable":true,"href":"https:\/\/fe.up.pt\/reab\/wp-json\/wp\/v2\/users\/1"}],"replies":[{"embeddable":true,"href":"https:\/\/fe.up.pt\/reab\/wp-json\/wp\/v2\/comments?post=160"}],"version-history":[{"count":92,"href":"https:\/\/fe.up.pt\/reab\/wp-json\/wp\/v2\/pages\/160\/revisions"}],"predecessor-version":[{"id":1080,"href":"https:\/\/fe.up.pt\/reab\/wp-json\/wp\/v2\/pages\/160\/revisions\/1080"}],"wp:attachment":[{"href":"https:\/\/fe.up.pt\/reab\/wp-json\/wp\/v2\/media?parent=160"}],"curies":[{"name":"wp","href":"https:\/\/api.w.org\/{rel}","templated":true}]}}