{"id":35515,"date":"2020-02-10T23:00:51","date_gmt":"2020-02-10T23:00:51","guid":{"rendered":"http:\/\/paginas.fe.up.pt\/~ntiec\/?page_id=35515"},"modified":"2020-03-21T11:29:58","modified_gmt":"2020-03-21T11:29:58","slug":"revit-mep-avac","status":"publish","type":"page","link":"https:\/\/fe.up.pt\/ntiec\/revit-mep-avac\/","title":{"rendered":"Revit Para MEP &#8211; AVAC"},"content":{"rendered":"<p style=\"text-align: justify;\"><strong>DESCRI\u00c7\u00c3O<\/strong><br \/>\nO Revit \u00e9 um dos programas mais utilizado em todo o mundo para a metodologia BIM; permite criar modelos 3D param\u00e9tricos, de todas as \u00e1reas AECo \u2013 Estruturas, Engenharia e Constru\u00e7\u00e3o Civil.<br \/>\nO curso ser\u00e1 fornecido pela <strong>ACADBIM<\/strong> em acordo com o <strong>NTIEC,<\/strong> sendo desenhado especificamente para dotar os alunos com as compet\u00eancias necess\u00e1rias para utilizar o Revit em projetos de especialidades <strong>MEP \u2013 Mechanical, Electrical and Plumbing<\/strong>. No curso s\u00e3o abordadas as t\u00e9cnicas e comandos para a elabora\u00e7\u00e3o de <strong>modelos 3D de AVAC<\/strong>.<\/p>\n<p style=\"text-align: justify;\"><strong>DESTINAT\u00c1RIOS<\/strong><br \/>\nPrioridade para estudantes da FEUP ou de outras institui\u00e7\u00f5es do ensino superior;complementarmente para arquitetos, engenheiros, projetistas, t\u00e9cnicos, desenhadores e todas as pessoas que queiram utilizar o Revit para<br \/>\nmodela\u00e7\u00e3o de projetos de AVAC.<\/p>\n<p style=\"text-align: justify;\"><strong>DATAS E HOR\u00c1RIO<\/strong><br \/>\n18, 19, 20, 21, 25, 26 e 27 de Maio<br \/>\n17:00 &#8211; 20:00<\/p>\n<p style=\"text-align: justify;\"><strong>PRE\u00c7O<\/strong><br \/>\nEstudantes: 75\u20ac; Outros Participantes: 100\u20ac<\/p>\n<p style=\"text-align: justify;\"><strong>OBJETIVOS ESPEC\u00cdFICOS<\/strong><br \/>\nNo final do curso, os formandos ser\u00e3o capazes de:<br \/>\n&#8211; Vincular modelos de arquitetura e importar ficheiros de CAD;<br \/>\n&#8211; Criar sistemas de AVAC;<br \/>\n&#8211; Editar fam\u00edlias de elementos;<br \/>\n&#8211; Criar vistas de pormenor;<br \/>\n&#8211; Documentar e imprimir.<\/p>\n<p><strong>CONTE\u00daDOS\u00a0<\/strong><\/p>\n<p style=\"text-align: justify;\">1. Especifica\u00e7\u00f5es do Revit para AVAC<br \/>\n1.1. Configura\u00e7\u00f5es de templates para AVAC<br \/>\n1.2. Tipos de vista e suas propriedades adaptadas \u00e0 AVAC<br \/>\n2. Introdu\u00e7\u00e3o \u00e0s t\u00e9cnicas colaborativas<br \/>\n2.1. No\u00e7\u00e3o de ficheiros federados<br \/>\n2.2. Vincular ficheiros de Revit<br \/>\n2.3. Importar ficheiros de CAD<br \/>\n2.4. Utilizar ferramentas Colaborativas<br \/>\n3. Configurar sistemas<br \/>\n3.1. Sistemas predefinidos do Revit<br \/>\n3.2. Personaliza\u00e7\u00e3o de sistemas para AVAC<br \/>\n3.3. Usar o System Browser<br \/>\n3.3.1. Identificar e selecionar sistemas<br \/>\n3.3.2. Editar sistemas<br \/>\n4. Ferramentas para cria\u00e7\u00e3o e modela\u00e7\u00e3o de sistemas AVAC<br \/>\n4.1. Condutas<br \/>\n4.2. Linhas guia para condutas<br \/>\n4.3. Acess\u00f3rios para condutas<br \/>\n4.4. Converter condutas r\u00edgidas em felx\u00edveis<br \/>\n4.5. Tubos flex\u00edveis<br \/>\n4.6. Terminais de ar<br \/>\n4.7. Equipamento mec\u00e2nico<br \/>\n5. Fam\u00edlias para especialidades<br \/>\n5.1. Conceitos e tipos de fam\u00edlias<br \/>\n5.2. O Editor de fam\u00edlias do Revit<br \/>\n5.3. Criar e personalizar fam\u00edlias de elementos<br \/>\n6. Pormenoriza\u00e7\u00e3o e Documenta\u00e7\u00e3o<br \/>\n6.1. Vistas de pormenor<br \/>\n6.2. Anotar e cotar vistas<br \/>\n6.3. Criar tabelas de quantidades e estimativas or\u00e7amentais<br \/>\n6.4. Criar e configurar folhas para impress\u00e3o<\/p>\n<p>MAIS INFORMA\u00c7\u00d5ES<\/p>\n<p><a href=\"https:\/\/www.acadbim.pt\/pt\/acadbim\">https:\/\/www.acadbim.pt\/pt\/acadbim<\/a><\/p>\n<p><b>Inscri\u00e7\u00f5es <a href=\"https:\/\/forms.gle\/Jcm3kKPQuDAn1XAM7\">AQUI<\/a>!<\/b><\/p>\n","protected":false},"excerpt":{"rendered":"<p>DESCRI\u00c7\u00c3O O Revit \u00e9 um dos programas mais utilizado em todo o mundo para a metodologia BIM; permite criar modelos 3D param\u00e9tricos, de todas as \u00e1reas AECo \u2013 Estruturas, Engenharia e Constru\u00e7\u00e3o Civil. O curso ser\u00e1 fornecido pela ACADBIM em acordo com o NTIEC, sendo desenhado especificamente para dotar os&#8230;<\/p>\n","protected":false},"author":64,"featured_media":0,"parent":0,"menu_order":0,"comment_status":"closed","ping_status":"closed","template":"","meta":{"footnotes":""},"class_list":["post-35515","page","type-page","status-publish","hentry"],"_links":{"self":[{"href":"https:\/\/fe.up.pt\/ntiec\/wp-json\/wp\/v2\/pages\/35515","targetHints":{"allow":["GET"]}}],"collection":[{"href":"https:\/\/fe.up.pt\/ntiec\/wp-json\/wp\/v2\/pages"}],"about":[{"href":"https:\/\/fe.up.pt\/ntiec\/wp-json\/wp\/v2\/types\/page"}],"author":[{"embeddable":true,"href":"https:\/\/fe.up.pt\/ntiec\/wp-json\/wp\/v2\/users\/64"}],"replies":[{"embeddable":true,"href":"https:\/\/fe.up.pt\/ntiec\/wp-json\/wp\/v2\/comments?post=35515"}],"version-history":[{"count":0,"href":"https:\/\/fe.up.pt\/ntiec\/wp-json\/wp\/v2\/pages\/35515\/revisions"}],"wp:attachment":[{"href":"https:\/\/fe.up.pt\/ntiec\/wp-json\/wp\/v2\/media?parent=35515"}],"curies":[{"name":"wp","href":"https:\/\/api.w.org\/{rel}","templated":true}]}}