{"id":35362,"date":"2018-10-01T21:43:14","date_gmt":"2018-10-01T20:43:14","guid":{"rendered":"http:\/\/paginas.fe.up.pt\/~ntiec\/?page_id=35362"},"modified":"2018-10-03T10:55:43","modified_gmt":"2018-10-03T09:55:43","slug":"formacao-revit","status":"publish","type":"page","link":"https:\/\/fe.up.pt\/ntiec\/formacao-revit\/","title":{"rendered":"Forma\u00e7\u00e3o em Revit"},"content":{"rendered":"<h6><strong>\u00c2mbito:<\/strong><\/h6>\n<h6>Curso desenvolvido ao abrigo do acordo do\u00a0<strong>CESAE<\/strong>\u00a0com\u00a0<strong>NTIEC \u2013 N\u00facleo de Tecnologias de Informa\u00e7\u00e3o na Engenharia Civil<\/strong>, da\u00a0<strong>FEUP<\/strong>. O NTIEC foi criado na FEUP e nasce a partir da necessidade de divulgar as tecnologias de informa\u00e7\u00e3o pelos estudantes e profissionais de engenharia civil.<\/h6>\n<h6>Autodesk Revit \u00e9 um software de modela\u00e7\u00e3o param\u00e9trico para arquitectura. Esta aplica\u00e7\u00e3o gera modelos representativos de um edif\u00edcio. A utiliza\u00e7\u00e3o de objectos param\u00e9tricos permite que em qualquer altura do projecto, ao modificar um dos seus elementos (paredes, portas, janelas), todos os outros elementos sejam automaticamente alterados, permitindo reduzir o ciclo do projecto. Baseia-se na tecnologia inovadora BIM que ir\u00e1 revolucionar a execu\u00e7\u00e3o e gest\u00e3o de projectos de arquitectura. \u00c9 a ferramenta ideal para apresentar pe\u00e7as desenhadas (plantas, tabelas, desenhos em folhas) de forma produtiva, mantendo actualizada toda a informa\u00e7\u00e3o respeitante ao projecto sustent\u00e1vel.<\/h6>\n<h6><strong>Destinat\u00e1rios:\u00a0<\/strong>Todos os estudantes da FEUP e professores, dando <strong>prioridade<\/strong> a alunos do MIEC<\/h6>\n<h6><strong>Datas: <\/strong>6, 13, 20, 27 de novembro e dia 4 de dezembro<\/h6>\n<h6><strong>Dura\u00e7\u00e3o:<\/strong>\u00a020h<\/h6>\n<h6><b>Hor\u00e1rio<\/b><strong>:<\/strong> 20:00h \u00e0s 00:00h<\/h6>\n<h6><strong>Objetivos:<\/strong><\/h6>\n<h6><strong>&#8211;<\/strong>Identificar a forma como o utilizador se pode adaptar a este modo de funcionamento do programa.<br \/>\n<strong>&#8211; <\/strong>Identificar a base da defini\u00e7\u00e3o de um projecto de trabalho.<br \/>\n<strong>&#8211; <\/strong>Identificar as ferramentas necess\u00e1rias para constru\u00e7\u00e3o da modela\u00e7\u00e3o param\u00e9trica.<br \/>\n<strong>&#8211; <\/strong>Criar formas tridimensionais s\u00f3lidas.<br \/>\n<strong>&#8211; <\/strong>Criar modelos tridimensionais espec\u00edficos, necess\u00e1rios \u00e0 defini\u00e7\u00e3o do projecto.<br \/>\n<strong>&#8211; <\/strong>Finalizar o processo de trabalho permitindo transmitir uma imagem realista do produto final e a defini\u00e7\u00e3o t\u00e9cnica do projecto<\/h6>\n<h6><strong>Requisito<\/strong>: M\u00ednimo de\u00a020 alunos. M\u00e1ximo de 25 alunos.<\/h6>\n<h6><strong>Certificado: certificado do CESAE e do AUTODESK<\/strong><\/h6>\n<h6><strong>Pre\u00e7o:<\/strong>\u00a075,00 \u20ac<\/h6>\n<h6><strong>Nota<\/strong>: Este pre\u00e7o j\u00e1 inclui IVA.<\/h6>\n<h6><strong>Inscri\u00e7\u00e3o e\u00a0<\/strong><strong>mais informa\u00e7\u00e3o:<\/strong><\/h6>\n<h6><strong><a href=\"https:\/\/www.cesae.pt\/cursos\/autodesk-revit-feup\/\" target=\"_blank\" rel=\"noopener\">CESAE \u2013 Revit<\/a><\/strong><\/h6>\n","protected":false},"excerpt":{"rendered":"<p>\u00c2mbito: Curso desenvolvido ao abrigo do acordo do\u00a0CESAE\u00a0com\u00a0NTIEC \u2013 N\u00facleo de Tecnologias de Informa\u00e7\u00e3o na Engenharia Civil, da\u00a0FEUP. O NTIEC foi criado na FEUP e nasce a partir da necessidade de divulgar as tecnologias de informa\u00e7\u00e3o pelos estudantes e profissionais de engenharia civil. Autodesk Revit \u00e9 um software de modela\u00e7\u00e3o&#8230;<\/p>\n","protected":false},"author":65,"featured_media":0,"parent":0,"menu_order":0,"comment_status":"open","ping_status":"open","template":"","meta":{"footnotes":""},"class_list":["post-35362","page","type-page","status-publish","hentry"],"_links":{"self":[{"href":"https:\/\/fe.up.pt\/ntiec\/wp-json\/wp\/v2\/pages\/35362","targetHints":{"allow":["GET"]}}],"collection":[{"href":"https:\/\/fe.up.pt\/ntiec\/wp-json\/wp\/v2\/pages"}],"about":[{"href":"https:\/\/fe.up.pt\/ntiec\/wp-json\/wp\/v2\/types\/page"}],"author":[{"embeddable":true,"href":"https:\/\/fe.up.pt\/ntiec\/wp-json\/wp\/v2\/users\/65"}],"replies":[{"embeddable":true,"href":"https:\/\/fe.up.pt\/ntiec\/wp-json\/wp\/v2\/comments?post=35362"}],"version-history":[{"count":0,"href":"https:\/\/fe.up.pt\/ntiec\/wp-json\/wp\/v2\/pages\/35362\/revisions"}],"wp:attachment":[{"href":"https:\/\/fe.up.pt\/ntiec\/wp-json\/wp\/v2\/media?parent=35362"}],"curies":[{"name":"wp","href":"https:\/\/api.w.org\/{rel}","templated":true}]}}