{"id":3799,"date":"2025-10-27T11:46:00","date_gmt":"2025-10-27T11:46:00","guid":{"rendered":"https:\/\/fe.up.pt\/nmestres\/2025\/?page_id=3799"},"modified":"2025-10-27T16:45:13","modified_gmt":"2025-10-27T16:45:13","slug":"alococao-convidada","status":"publish","type":"page","link":"https:\/\/fe.up.pt\/nmestres\/2025\/alococao-convidada\/","title":{"rendered":"Aloco\u00e7\u00e3o Convidada"},"content":{"rendered":"<div class=\"fusion-fullwidth fullwidth-box fusion-builder-row-1 fusion-flex-container has-pattern-background has-mask-background nonhundred-percent-fullwidth non-hundred-percent-height-scrolling\" style=\"--awb-border-radius-top-left:0px;--awb-border-radius-top-right:0px;--awb-border-radius-bottom-right:0px;--awb-border-radius-bottom-left:0px;--awb-flex-wrap:wrap;\" ><div class=\"fusion-builder-row fusion-row fusion-flex-align-items-flex-start fusion-flex-content-wrap\" style=\"max-width:1206.4px;margin-left: calc(-4% \/ 2 );margin-right: calc(-4% \/ 2 );\"><div class=\"fusion-layout-column fusion_builder_column fusion-builder-column-0 fusion_builder_column_1_1 1_1 fusion-flex-column\" style=\"--awb-bg-size:cover;--awb-width-large:100%;--awb-margin-top-large:0px;--awb-spacing-right-large:1.92%;--awb-margin-bottom-large:20px;--awb-spacing-left-large:1.92%;--awb-width-medium:100%;--awb-order-medium:0;--awb-spacing-right-medium:1.92%;--awb-spacing-left-medium:1.92%;--awb-width-small:100%;--awb-order-small:0;--awb-spacing-right-small:1.92%;--awb-spacing-left-small:1.92%;\"><div class=\"fusion-column-wrapper fusion-column-has-shadow fusion-flex-justify-content-flex-start fusion-content-layout-column\"><div class=\"fusion-text fusion-text-1\"><h2><\/h2>\n<p><strong><span style=\"font-size: 18pt; font-family: georgia, palatino, serif;\">Baston\u00e1rio da Ordem dos Engenheiros<\/span><\/strong><br \/>\n<strong><span style=\"font-size: 18pt; font-family: georgia, palatino, serif;\">Eng. Fernando de Almeida Santos<\/span><\/strong><\/p>\n<p><span style=\"font-family: georgia, palatino, serif;\">Fernando Manuel de Almeida Santos \u00e9 o atual Baston\u00e1rio da Ordem dos Engenheiros (2022-2025) e desempenhou, at\u00e9 2022, fun\u00e7\u00f5es enquanto Vice-Presidente Nacional da Ordem. Passou ainda pelas fun\u00e7\u00f5es de Presidente (2010-2016) e Secret\u00e1rio (2004-2010) do Conselho Diretivo da Regi\u00e3o Norte e de Delegado Distrital (2001-2004) e Delegado-Adjunto (1997-2001) da Delega\u00e7\u00e3o Distrital de Braga.<\/span><\/p>\n<p><span style=\"font-family: georgia, palatino, serif;\">Licenciou-se em Engenharia Civil pela Universidade do Minho (UM), em 1991 e tornou-se mestre em Gest\u00e3o da Constru\u00e7\u00e3o e do Patrim\u00f3nio Imobili\u00e1rio tendo-se tamb\u00e9m especializado em Gest\u00e3o e Coordena\u00e7\u00e3o de Seguran\u00e7a na Constru\u00e7\u00e3o no Instituto Superior T\u00e9cnico.<\/span><\/p>\n<p><span style=\"font-family: georgia, palatino, serif;\">Fernando Manuel de Almeida Santos \u00e9 o atual Baston\u00e1rio da Ordem dos Engenheiros (2022-2025) e desempenhou, at\u00e9 2022, fun\u00e7\u00f5es enquanto Vice-Presidente Nacional da Ordem. Passou ainda pelas fun\u00e7\u00f5es de Presidente (2010-2016) e Secret\u00e1rio (2004-2010) do Conselho Diretivo da Regi\u00e3o Norte e de Delegado Distrital (2001-2004) e Delegado-Adjunto (1997-2001) da Delega\u00e7\u00e3o Distrital de Braga.<\/span><\/p>\n<p><span style=\"font-family: georgia, palatino, serif;\">Licenciou-se em Engenharia Civil pela Universidade do Minho (UM), em 1991 e tornou-se mestre em Gest\u00e3o da Constru\u00e7\u00e3o e do Patrim\u00f3nio Imobili\u00e1rio tendo-se tamb\u00e9m especializado em Gest\u00e3o e Coordena\u00e7\u00e3o de Seguran\u00e7a na Constru\u00e7\u00e3o no Instituto Superior T\u00e9cnico.<\/span><\/p>\n<p><span style=\"font-family: georgia, palatino, serif;\">\u00c9 fundador e CEO da TABIQUE, empresa de servi\u00e7os de Engenharia Civil \u2013 Gest\u00e3o de Projeto, Fiscaliza\u00e7\u00e3o, Coordena\u00e7\u00e3o de Seguran\u00e7a e Ambiente e professor convidado em cursos de Gest\u00e3o da Constru\u00e7\u00e3o na UM, IC-FEUP e FUNDEC-IST, entre 2003 e 2010, e no Mestrado em Gest\u00e3o Integrada de Ambiente, Qualidade e Seguran\u00e7a no IPCA entre 2009 a 2018. No in\u00edcio da sua carreira, exerceu fun\u00e7\u00f5es enquanto t\u00e9cnico superior na construtora ENGIL entre 1991 e 2000.<\/span><\/p>\n<\/div><\/div><\/div><\/div><\/div>\n","protected":false},"excerpt":{"rendered":"","protected":false},"author":1,"featured_media":0,"parent":0,"menu_order":0,"comment_status":"closed","ping_status":"closed","template":"","meta":{"footnotes":""},"class_list":["post-3799","page","type-page","status-publish","hentry"],"_links":{"self":[{"href":"https:\/\/fe.up.pt\/nmestres\/2025\/wp-json\/wp\/v2\/pages\/3799","targetHints":{"allow":["GET"]}}],"collection":[{"href":"https:\/\/fe.up.pt\/nmestres\/2025\/wp-json\/wp\/v2\/pages"}],"about":[{"href":"https:\/\/fe.up.pt\/nmestres\/2025\/wp-json\/wp\/v2\/types\/page"}],"author":[{"embeddable":true,"href":"https:\/\/fe.up.pt\/nmestres\/2025\/wp-json\/wp\/v2\/users\/1"}],"replies":[{"embeddable":true,"href":"https:\/\/fe.up.pt\/nmestres\/2025\/wp-json\/wp\/v2\/comments?post=3799"}],"version-history":[{"count":4,"href":"https:\/\/fe.up.pt\/nmestres\/2025\/wp-json\/wp\/v2\/pages\/3799\/revisions"}],"predecessor-version":[{"id":3805,"href":"https:\/\/fe.up.pt\/nmestres\/2025\/wp-json\/wp\/v2\/pages\/3799\/revisions\/3805"}],"wp:attachment":[{"href":"https:\/\/fe.up.pt\/nmestres\/2025\/wp-json\/wp\/v2\/media?parent=3799"}],"curies":[{"name":"wp","href":"https:\/\/api.w.org\/{rel}","templated":true}]}}