{"id":1723,"date":"2016-06-21T13:35:15","date_gmt":"2016-06-21T13:35:15","guid":{"rendered":"https:\/\/paginas.fe.up.pt\/~nmestres\/2023\/?page_id=1723"},"modified":"2025-10-08T12:04:35","modified_gmt":"2025-10-08T11:04:35","slug":"alumni-feup","status":"publish","type":"page","link":"https:\/\/fe.up.pt\/nmestres\/2025\/alumni-feup\/","title":{"rendered":"Alumni FEUP"},"content":{"rendered":"<div class=\"fusion-fullwidth fullwidth-box fusion-builder-row-1 nonhundred-percent-fullwidth non-hundred-percent-height-scrolling\" style=\"--awb-background-position:left top;--awb-border-sizes-top:0px;--awb-border-sizes-bottom:0px;--awb-border-sizes-left:0px;--awb-border-sizes-right:0px;--awb-border-radius-top-left:0px;--awb-border-radius-top-right:0px;--awb-border-radius-bottom-right:0px;--awb-border-radius-bottom-left:0px;--awb-padding-top:20px;--awb-padding-bottom:20px;--awb-flex-wrap:wrap;\" ><div class=\"fusion-builder-row fusion-row\"><div class=\"fusion-layout-column fusion_builder_column fusion-builder-column-0 fusion_builder_column_1_3 1_3 fusion-one-third fusion-column-first\" style=\"--awb-bg-size:cover;width:30.6666%; margin-right: 4%;\"><div class=\"fusion-column-wrapper fusion-flex-column-wrapper-legacy\"><div class=\"fusion-clearfix\"><\/div><\/div><\/div><div class=\"fusion-layout-column fusion_builder_column fusion-builder-column-1 fusion_builder_column_1_3 1_3 fusion-one-third\" style=\"--awb-bg-size:cover;width:30.6666%; margin-right: 4%;\"><div class=\"fusion-column-wrapper fusion-flex-column-wrapper-legacy\"><div class=\"fusion-image-element in-legacy-container\" style=\"--awb-caption-title-font-family:var(--h2_typography-font-family);--awb-caption-title-font-weight:var(--h2_typography-font-weight);--awb-caption-title-font-style:var(--h2_typography-font-style);--awb-caption-title-size:var(--h2_typography-font-size);--awb-caption-title-transform:var(--h2_typography-text-transform);--awb-caption-title-line-height:var(--h2_typography-line-height);--awb-caption-title-letter-spacing:var(--h2_typography-letter-spacing);\"><span class=\" fusion-imageframe imageframe-none imageframe-1 hover-type-none\"><img decoding=\"async\" src=\"data:image\/gif;base64,R0lGODlhAQABAAAAACH5BAEKAAEALAAAAAABAAEAAAICTAEAOw==\" data-orig-src=\"https:\/\/paginas.fe.up.pt\/~nmestres\/2023\/wp-content\/uploads\/2021\/06\/Alumni.jpg\" alt class=\"lazyload img-responsive\"\/><\/span><\/div><div class=\"fusion-clearfix\"><\/div><\/div><\/div><div class=\"fusion-layout-column fusion_builder_column fusion-builder-column-2 fusion_builder_column_1_3 1_3 fusion-one-third fusion-column-last\" style=\"--awb-bg-size:cover;width:30.6666%;\"><div class=\"fusion-column-wrapper fusion-flex-column-wrapper-legacy\"><div class=\"fusion-clearfix\"><\/div><\/div><\/div><div class=\"fusion-layout-column fusion_builder_column fusion-builder-column-3 fusion_builder_column_1_6 1_6 fusion-one-sixth fusion-column-first\" style=\"--awb-bg-size:cover;width:13.3333%; margin-right: 4%;\"><div class=\"fusion-column-wrapper fusion-flex-column-wrapper-legacy\"><div class=\"fusion-clearfix\"><\/div><\/div><\/div><div class=\"fusion-layout-column fusion_builder_column fusion-builder-column-4 fusion_builder_column_2_3 2_3 fusion-two-third\" style=\"--awb-bg-size:cover;width:65.3333%; margin-right: 4%;\"><div class=\"fusion-column-wrapper fusion-flex-column-wrapper-legacy\"><div class=\"fusion-text fusion-text-1\"><p><span style=\"font-family: georgia, palatino, serif; font-size: medium;\">Terminaste um ciclo importante na tua vida acad\u00e9mica, mas isso n\u00e3o significa que a tua liga\u00e7\u00e3o \u00e0 FEUP termine por aqui, muito pelo contr\u00e1rio!<\/span><\/p>\n<div><span style=\"font-family: georgia, palatino, serif; font-size: medium;\">Agora fazes parte da comunidade alumni FEUP, ou seja, de todos os que conclu\u00edram um curso de grau nesta faculdade. No LinkedIn, a nossa comunidade j\u00e1 ultrapassou os 40 mil membros \u2013 n\u00e3o te esque\u00e7as, por isso, de adicionar a \u201c<a href=\"https:\/\/www.linkedin.com\/edu\/school?id=20444&amp;trk=edu-cp-title\">Faculdade de Engenharia da Universidade do Porto<\/a>\u201d \u00e0 tua forma\u00e7\u00e3o acad\u00e9mica para ficares vis\u00edvel a qualquer colega, professor ou empresa que pesquise os perfis de alumni da FEUP segundo os crit\u00e9rios de filtros do LinkedIn, nomeadamente a localiza\u00e7\u00e3o geogr\u00e1fica, o curso, as skills, a empresa em que se encontram, entre outros.<\/span><\/div>\n<div>\n<p><a href=\"https:\/\/www.linkedin.com\/profile\/add?_ed=0_dOAh9jRLFkE9sVcxg70DrMxGymAQ8wV1l7K2aqyivt7P5ZVSbvbl1SusC4ftvciXZiNSRLB8ZhH_KsovcMlm-d0Vcu6wbkDnSWUQ0tL_yrU&amp;trk=onsite_html\" target=\"_blank\" rel=\"nofollow noopener noreferrer\"><img decoding=\"async\" class=\"lazyload aligncenter\" src=\"data:image\/gif;base64,R0lGODlhAQABAAAAACH5BAEKAAEALAAAAAABAAEAAAICTAEAOw==\" data-orig-src=\"https:\/\/download.linkedin.com\/desktop\/add2profile\/buttons\/pt_BR.png\" alt=\"LinkedIn Add to Profile button\" \/><\/a><\/p>\n<p><span style=\"font-family: georgia, palatino, serif;\">Como alumnus\/alumna e membro da comunidade FEUP convidamos-te tamb\u00e9m a integrar os grupos \u201dFEUPLink\u201d no LinkedIn,\u00a0 no Facebook, e na <a href=\"https:\/\/connectinguporto.net\/\">Connecting UPorto<\/a>, a nova plataforma criada para conectar todos os Alumni da Universidade do Porto com conte\u00fados exclusivos a Alumni e membros da comunidade FEUP. Nestes grupos, \u00e9 constante a partilha de experi\u00eancias e oportunidades profissionais, casos de sucesso, promo\u00e7\u00e3o de eventos, ofertas de emprego, entre outros. Atrav\u00e9s do FEUPLink s\u00e3o tamb\u00e9m anunciados os encontros alumni organizados por <a title=\"https:\/\/paginas.fe.up.pt\/~feuplink\/feuplink\/embaixadores-alumni-20162017\/\" href=\"https:\/\/paginas.fe.up.pt\/~feuplink\/feuplink\/embaixadores-alumni-20162017\/\">Embaixadores Alumni FEUP<\/a>Embaixadores Alumni FEUP em Portugal e um pouco por todo o mundo. Os <a title=\"https:\/\/paginas.fe.up.pt\/~feuplink\/feuplink\/embaixadores-alumni-20162017\/\" href=\"https:\/\/paginas.fe.up.pt\/~feuplink\/feuplink\/embaixadores-alumni-20162017\/\">Embaixadores Alumni FEUP<\/a> s\u00e3o antigos alunos que assumem fun\u00e7\u00f5es t\u00e3o diversas como a promo\u00e7\u00e3o da FEUP junto de outras institui\u00e7\u00f5es de ensino superior e empresas, a promo\u00e7\u00e3o de est\u00e1gios e ofertas de emprego para os estudantes e graduados da FEUP e a organiza\u00e7\u00e3o de encontros de car\u00e1ter social, networking e partilha de experi\u00eancias. Para ficares a par de tudo o que se passa junta-te a n\u00f3s.<\/span><\/p>\n<\/div>\n<\/div><div class=\"fusion-sep-clear\"><\/div><div class=\"fusion-separator fusion-full-width-sep\" style=\"margin-left: auto;margin-right: auto;margin-top:10px;margin-bottom:10px;width:100%;\"><\/div><div class=\"fusion-sep-clear\"><\/div><div class=\"fusion-clearfix\"><\/div><\/div><\/div><div class=\"fusion-layout-column fusion_builder_column fusion-builder-column-5 fusion_builder_column_1_6 1_6 fusion-one-sixth fusion-column-last\" style=\"--awb-bg-size:cover;width:13.3333%;\"><div class=\"fusion-column-wrapper fusion-flex-column-wrapper-legacy\"><div class=\"fusion-clearfix\"><\/div><\/div><\/div><div class=\"fusion-layout-column fusion_builder_column fusion-builder-column-6 fusion_builder_column_1_4 1_4 fusion-one-fourth fusion-column-first\" style=\"--awb-bg-size:cover;width:22%; margin-right: 4%;\"><div class=\"fusion-column-wrapper fusion-flex-column-wrapper-legacy\"><div class=\"fusion-clearfix\"><\/div><\/div><\/div><div class=\"fusion-layout-column fusion_builder_column fusion-builder-column-7 fusion_builder_column_1_6 1_6 fusion-one-sixth\" style=\"--awb-bg-size:cover;width:13.3333%; margin-right: 4%;\"><div class=\"fusion-column-wrapper fusion-flex-column-wrapper-legacy\"><div class=\"fusion-image-element fusion-image-align-center in-legacy-container\" style=\"text-align:center;--awb-caption-title-font-family:var(--h2_typography-font-family);--awb-caption-title-font-weight:var(--h2_typography-font-weight);--awb-caption-title-font-style:var(--h2_typography-font-style);--awb-caption-title-size:var(--h2_typography-font-size);--awb-caption-title-transform:var(--h2_typography-text-transform);--awb-caption-title-line-height:var(--h2_typography-line-height);--awb-caption-title-letter-spacing:var(--h2_typography-letter-spacing);\"><div class=\"imageframe-align-center\"><span class=\" fusion-imageframe imageframe-none imageframe-2 hover-type-none\"><a class=\"fusion-no-lightbox\" href=\"https:\/\/www.linkedin.com\/groups\/1907092 \" target=\"_blank\" rel=\"noopener noreferrer\"><img decoding=\"async\" src=\"data:image\/gif;base64,R0lGODlhAQABAAAAACH5BAEKAAEALAAAAAABAAEAAAICTAEAOw==\" data-orig-src=\"https:\/\/paginas.fe.up.pt\/~nmestres\/2023\/wp-content\/uploads\/2021\/06\/linkedin.jpg\" alt class=\"lazyload img-responsive\"\/><\/a><\/span><\/div><\/div><div class=\"fusion-clearfix\"><\/div><\/div><\/div><div class=\"fusion-layout-column fusion_builder_column fusion-builder-column-8 fusion_builder_column_1_6 1_6 fusion-one-sixth\" style=\"--awb-bg-size:cover;width:13.3333%; margin-right: 4%;\"><div class=\"fusion-column-wrapper fusion-flex-column-wrapper-legacy\"><div class=\"fusion-image-element in-legacy-container\" style=\"--awb-caption-title-font-family:var(--h2_typography-font-family);--awb-caption-title-font-weight:var(--h2_typography-font-weight);--awb-caption-title-font-style:var(--h2_typography-font-style);--awb-caption-title-size:var(--h2_typography-font-size);--awb-caption-title-transform:var(--h2_typography-text-transform);--awb-caption-title-line-height:var(--h2_typography-line-height);--awb-caption-title-letter-spacing:var(--h2_typography-letter-spacing);\"><span class=\" fusion-imageframe imageframe-none imageframe-3 hover-type-none\"><a class=\"fusion-no-lightbox\" href=\"http:\/\/www.facebook.com\/paginafeup\" target=\"_blank\" rel=\"noopener noreferrer\"><img decoding=\"async\" src=\"data:image\/gif;base64,R0lGODlhAQABAAAAACH5BAEKAAEALAAAAAABAAEAAAICTAEAOw==\" data-orig-src=\"https:\/\/paginas.fe.up.pt\/~nmestres\/2023\/wp-content\/uploads\/2021\/06\/fb.png\" alt class=\"lazyload img-responsive\"\/><\/a><\/span><\/div><div class=\"fusion-clearfix\"><\/div><\/div><\/div><div class=\"fusion-layout-column fusion_builder_column fusion-builder-column-9 fusion_builder_column_1_6 1_6 fusion-one-sixth\" style=\"--awb-bg-size:cover;width:13.3333%; margin-right: 4%;\"><div class=\"fusion-column-wrapper fusion-flex-column-wrapper-legacy\"><div class=\"fusion-image-element in-legacy-container\" style=\"--awb-caption-title-font-family:var(--h2_typography-font-family);--awb-caption-title-font-weight:var(--h2_typography-font-weight);--awb-caption-title-font-style:var(--h2_typography-font-style);--awb-caption-title-size:var(--h2_typography-font-size);--awb-caption-title-transform:var(--h2_typography-text-transform);--awb-caption-title-line-height:var(--h2_typography-line-height);--awb-caption-title-letter-spacing:var(--h2_typography-letter-spacing);\"><span class=\" fusion-imageframe imageframe-none imageframe-4 hover-type-none\"><a class=\"fusion-no-lightbox\" href=\"https:\/\/connectinguporto.net\/\" target=\"_blank\" aria-label=\"Connecting-U_Porto_logo-horizontal-curto-cor\" rel=\"noopener noreferrer\"><img decoding=\"async\" width=\"1669\" height=\"716\" src=\"https:\/\/fe.up.pt\/nmestres\/2025\/wp-content\/uploads\/2022\/11\/Connecting-U_Porto_logo-horizontal-curto-cor.png\" data-orig-src=\"https:\/\/paginas.fe.up.pt\/~nmestres\/2023\/wp-content\/uploads\/2022\/11\/Connecting-U_Porto_logo-horizontal-curto-cor.png\" alt class=\"lazyload img-responsive wp-image-2415\" srcset=\"data:image\/svg+xml,%3Csvg%20xmlns%3D%27http%3A%2F%2Fwww.w3.org%2F2000%2Fsvg%27%20width%3D%271669%27%20height%3D%27716%27%20viewBox%3D%270%200%201669%20716%27%3E%3Crect%20width%3D%271669%27%20height%3D%27716%27%20fill-opacity%3D%220%22%2F%3E%3C%2Fsvg%3E\" data-srcset=\"https:\/\/fe.up.pt\/nmestres\/2025\/wp-content\/uploads\/2022\/11\/Connecting-U_Porto_logo-horizontal-curto-cor-200x86.png 200w, https:\/\/fe.up.pt\/nmestres\/2025\/wp-content\/uploads\/2022\/11\/Connecting-U_Porto_logo-horizontal-curto-cor-400x172.png 400w, https:\/\/fe.up.pt\/nmestres\/2025\/wp-content\/uploads\/2022\/11\/Connecting-U_Porto_logo-horizontal-curto-cor-600x257.png 600w, https:\/\/fe.up.pt\/nmestres\/2025\/wp-content\/uploads\/2022\/11\/Connecting-U_Porto_logo-horizontal-curto-cor-800x343.png 800w, https:\/\/fe.up.pt\/nmestres\/2025\/wp-content\/uploads\/2022\/11\/Connecting-U_Porto_logo-horizontal-curto-cor-1200x515.png 1200w, https:\/\/fe.up.pt\/nmestres\/2025\/wp-content\/uploads\/2022\/11\/Connecting-U_Porto_logo-horizontal-curto-cor.png 1669w\" data-sizes=\"auto\" data-orig-sizes=\"(max-width: 800px) 100vw, 200px\" \/><\/a><\/span><\/div><div class=\"fusion-clearfix\"><\/div><\/div><\/div><div class=\"fusion-layout-column fusion_builder_column fusion-builder-column-10 fusion_builder_column_1_4 1_4 fusion-one-fourth fusion-column-last\" style=\"--awb-bg-size:cover;width:22%;\"><div class=\"fusion-column-wrapper fusion-flex-column-wrapper-legacy\"><div class=\"fusion-clearfix\"><\/div><\/div><\/div><div class=\"fusion-layout-column fusion_builder_column fusion-builder-column-11 fusion_builder_column_1_6 1_6 fusion-one-sixth fusion-column-first\" style=\"--awb-bg-size:cover;width:13.3333%; margin-right: 4%;\"><div class=\"fusion-column-wrapper fusion-flex-column-wrapper-legacy\"><div class=\"fusion-clearfix\"><\/div><\/div><\/div><div class=\"fusion-layout-column fusion_builder_column fusion-builder-column-12 fusion_builder_column_2_3 2_3 fusion-two-third\" style=\"--awb-bg-size:cover;width:65.3333%; margin-right: 4%;\"><div class=\"fusion-column-wrapper fusion-flex-column-wrapper-legacy\"><div class=\"fusion-text fusion-text-2\"><div><span style=\"font-family: georgia, palatino, serif; font-size: medium;\">Os 29 Embaixadores Alumni e os 3 FEUP Friends para 2025\/2026 encontram-se em 18 pa\u00edses diferentes, e s\u00e3o pontos de contacto privilegiado para quem equaciona ou est\u00e1 prestes a ter uma experi\u00eancia no estrangeiro, podendo responder a quest\u00f5es sobre o mercado de trabalho do pa\u00eds onde residem e dar apoio \u00e0 integra\u00e7\u00e3o dos nossos alumni nesses pa\u00edses.<\/span><\/div>\n<div><\/div>\n<div><span style=\"font-family: georgia, palatino, serif; font-size: medium;\">Sabe mais sobre a <a href=\"https:\/\/paginas.fe.up.pt\/~feuplink\/feuplink\/\">Comunidade Alumni FEUPLink<\/a> e usufrui das vantagens de estares ligado \u00e0 rede!<\/span><\/div>\n<\/div><div class=\"fusion-clearfix\"><\/div><\/div><\/div><div class=\"fusion-layout-column fusion_builder_column fusion-builder-column-13 fusion_builder_column_1_6 1_6 fusion-one-sixth fusion-column-last\" style=\"--awb-bg-size:cover;width:13.3333%;\"><div class=\"fusion-column-wrapper fusion-flex-column-wrapper-legacy\"><div class=\"fusion-clearfix\"><\/div><\/div><\/div><\/div><\/div>\n","protected":false},"excerpt":{"rendered":"","protected":false},"author":1,"featured_media":0,"parent":0,"menu_order":0,"comment_status":"closed","ping_status":"closed","template":"100-width.php","meta":{"footnotes":""},"class_list":["post-1723","page","type-page","status-publish","hentry"],"_links":{"self":[{"href":"https:\/\/fe.up.pt\/nmestres\/2025\/wp-json\/wp\/v2\/pages\/1723","targetHints":{"allow":["GET"]}}],"collection":[{"href":"https:\/\/fe.up.pt\/nmestres\/2025\/wp-json\/wp\/v2\/pages"}],"about":[{"href":"https:\/\/fe.up.pt\/nmestres\/2025\/wp-json\/wp\/v2\/types\/page"}],"author":[{"embeddable":true,"href":"https:\/\/fe.up.pt\/nmestres\/2025\/wp-json\/wp\/v2\/users\/1"}],"replies":[{"embeddable":true,"href":"https:\/\/fe.up.pt\/nmestres\/2025\/wp-json\/wp\/v2\/comments?post=1723"}],"version-history":[{"count":11,"href":"https:\/\/fe.up.pt\/nmestres\/2025\/wp-json\/wp\/v2\/pages\/1723\/revisions"}],"predecessor-version":[{"id":3784,"href":"https:\/\/fe.up.pt\/nmestres\/2025\/wp-json\/wp\/v2\/pages\/1723\/revisions\/3784"}],"wp:attachment":[{"href":"https:\/\/fe.up.pt\/nmestres\/2025\/wp-json\/wp\/v2\/media?parent=1723"}],"curies":[{"name":"wp","href":"https:\/\/api.w.org\/{rel}","templated":true}]}}