{"id":1711,"date":"2016-06-21T13:31:14","date_gmt":"2016-06-21T13:31:14","guid":{"rendered":"https:\/\/paginas.fe.up.pt\/~nmestres\/2023\/?page_id=1711"},"modified":"2025-09-29T09:30:22","modified_gmt":"2025-09-29T08:30:22","slug":"chamada-ao-palco","status":"publish","type":"page","link":"https:\/\/fe.up.pt\/nmestres\/2025\/protocolo\/chamada-ao-palco\/","title":{"rendered":"Rece\u00e7\u00e3o e chamada a palco"},"content":{"rendered":"<div class=\"fusion-fullwidth fullwidth-box fusion-builder-row-1 nonhundred-percent-fullwidth non-hundred-percent-height-scrolling\" style=\"--awb-background-position:left top;--awb-border-sizes-top:0px;--awb-border-sizes-bottom:0px;--awb-border-sizes-left:0px;--awb-border-sizes-right:0px;--awb-border-radius-top-left:0px;--awb-border-radius-top-right:0px;--awb-border-radius-bottom-right:0px;--awb-border-radius-bottom-left:0px;--awb-padding-top:20px;--awb-padding-bottom:20px;--awb-flex-wrap:wrap;\" ><div class=\"fusion-builder-row fusion-row\"><div class=\"fusion-layout-column fusion_builder_column fusion-builder-column-0 fusion_builder_column_1_1 1_1 fusion-one-full fusion-column-first fusion-column-last\" style=\"--awb-bg-size:cover;\"><div class=\"fusion-column-wrapper fusion-flex-column-wrapper-legacy\"><div class=\"fusion-text fusion-text-1\"><p><span style=\"font-weight: 400;\">Durante a cerim\u00f3nia todos os participantes contam com o apoio de uma equipa de hospedeiros que os ajudar\u00e1 a encontrar o lugar que lhe est\u00e1 atribu\u00eddo.<\/span><\/p>\n<p><span style=\"font-weight: 400;\">Os Novos Mestres, embora chamados a palco individualmente, s\u00e3o agrupados por curso. Cada curso ter\u00e1 um hospedeiro respons\u00e1vel por ajudar o Novo Mestre a encontrar o seu lugar na sala, a garantir a forma\u00e7\u00e3o para a chamada a palco e o acompanhamento durante toda a cerim\u00f3nia. <\/span><span style=\"font-weight: 400;\">\u00c9 importante que o Novo Mestre esteja atento \u00e0s indica\u00e7\u00f5es que o hospedeiro lhe vai transmitindo.<\/span><\/p>\n<p><span style=\"font-weight: 400;\">Os premiados que n\u00e3o sejam Novos Mestres em 2025 dever\u00e3o ocupar os lugares reservados para o efeito e ser\u00e3o chamados a palco juntamente com o representante da Empresa que atribui o pr\u00e9mio, o Diretor de Departamento e o Diretor da FEUP.<\/span><\/p>\n<\/div><div class=\"fusion-clearfix\"><\/div><\/div><\/div><\/div><\/div>\n","protected":false},"excerpt":{"rendered":"","protected":false},"author":1,"featured_media":0,"parent":1695,"menu_order":0,"comment_status":"closed","ping_status":"closed","template":"100-width.php","meta":{"footnotes":""},"class_list":["post-1711","page","type-page","status-publish","hentry"],"_links":{"self":[{"href":"https:\/\/fe.up.pt\/nmestres\/2025\/wp-json\/wp\/v2\/pages\/1711","targetHints":{"allow":["GET"]}}],"collection":[{"href":"https:\/\/fe.up.pt\/nmestres\/2025\/wp-json\/wp\/v2\/pages"}],"about":[{"href":"https:\/\/fe.up.pt\/nmestres\/2025\/wp-json\/wp\/v2\/types\/page"}],"author":[{"embeddable":true,"href":"https:\/\/fe.up.pt\/nmestres\/2025\/wp-json\/wp\/v2\/users\/1"}],"replies":[{"embeddable":true,"href":"https:\/\/fe.up.pt\/nmestres\/2025\/wp-json\/wp\/v2\/comments?post=1711"}],"version-history":[{"count":7,"href":"https:\/\/fe.up.pt\/nmestres\/2025\/wp-json\/wp\/v2\/pages\/1711\/revisions"}],"predecessor-version":[{"id":3744,"href":"https:\/\/fe.up.pt\/nmestres\/2025\/wp-json\/wp\/v2\/pages\/1711\/revisions\/3744"}],"up":[{"embeddable":true,"href":"https:\/\/fe.up.pt\/nmestres\/2025\/wp-json\/wp\/v2\/pages\/1695"}],"wp:attachment":[{"href":"https:\/\/fe.up.pt\/nmestres\/2025\/wp-json\/wp\/v2\/media?parent=1711"}],"curies":[{"name":"wp","href":"https:\/\/api.w.org\/{rel}","templated":true}]}}