{"id":1695,"date":"2016-06-21T13:28:04","date_gmt":"2016-06-21T13:28:04","guid":{"rendered":"https:\/\/paginas.fe.up.pt\/~nmestres\/2023\/?page_id=1695"},"modified":"2025-09-12T16:15:56","modified_gmt":"2025-09-12T15:15:56","slug":"protocolo","status":"publish","type":"page","link":"https:\/\/fe.up.pt\/nmestres\/2025\/protocolo\/","title":{"rendered":"Protocolo"},"content":{"rendered":"<p><span style=\"font-weight: 400;\">A Comemora\u00e7\u00e3o Novos Mestres \u00e9 um evento que cumpre um protocolo espec\u00edfico, regendo a articula\u00e7\u00e3o entre os seus intervenientes e conferindo a devida dignidade aos atos a\u00ed se inscrevem.<\/span><\/p>\n<p><br style=\"font-weight: 400;\" \/><br style=\"font-weight: 400;\" \/><\/p>\n","protected":false},"excerpt":{"rendered":"<p>A Comemora\u00e7\u00e3o Novos Mestres \u00e9 um evento que cumpre um protocolo espec\u00edfico, regendo a articula\u00e7\u00e3o entre os seus intervenientes e conferindo a devida dignidade aos atos a\u00ed se inscrevem.<\/p>\n","protected":false},"author":1,"featured_media":0,"parent":0,"menu_order":0,"comment_status":"closed","ping_status":"closed","template":"100-width.php","meta":{"footnotes":""},"class_list":["post-1695","page","type-page","status-publish","hentry"],"_links":{"self":[{"href":"https:\/\/fe.up.pt\/nmestres\/2025\/wp-json\/wp\/v2\/pages\/1695","targetHints":{"allow":["GET"]}}],"collection":[{"href":"https:\/\/fe.up.pt\/nmestres\/2025\/wp-json\/wp\/v2\/pages"}],"about":[{"href":"https:\/\/fe.up.pt\/nmestres\/2025\/wp-json\/wp\/v2\/types\/page"}],"author":[{"embeddable":true,"href":"https:\/\/fe.up.pt\/nmestres\/2025\/wp-json\/wp\/v2\/users\/1"}],"replies":[{"embeddable":true,"href":"https:\/\/fe.up.pt\/nmestres\/2025\/wp-json\/wp\/v2\/comments?post=1695"}],"version-history":[{"count":3,"href":"https:\/\/fe.up.pt\/nmestres\/2025\/wp-json\/wp\/v2\/pages\/1695\/revisions"}],"predecessor-version":[{"id":3728,"href":"https:\/\/fe.up.pt\/nmestres\/2025\/wp-json\/wp\/v2\/pages\/1695\/revisions\/3728"}],"wp:attachment":[{"href":"https:\/\/fe.up.pt\/nmestres\/2025\/wp-json\/wp\/v2\/media?parent=1695"}],"curies":[{"name":"wp","href":"https:\/\/api.w.org\/{rel}","templated":true}]}}