{"id":6,"date":"2016-01-06T17:58:15","date_gmt":"2016-01-06T17:58:15","guid":{"rendered":"https:\/\/fe.up.pt\/mentoriafeup\/?page_id=6"},"modified":"2025-09-13T08:39:35","modified_gmt":"2025-09-13T08:39:35","slug":"web-fe-up-pt-brasil","status":"publish","type":"page","link":"https:\/\/fe.up.pt\/mentoriafeup\/","title":{"rendered":"MENTORIA- FEUP"},"content":{"rendered":"<p><div class=\"fusion-fullwidth fullwidth-box fusion-builder-row-1 nonhundred-percent-fullwidth non-hundred-percent-height-scrolling\" style=\"--awb-background-position:left top;--awb-border-sizes-top:0px;--awb-border-sizes-bottom:0px;--awb-border-sizes-left:0px;--awb-border-sizes-right:0px;--awb-border-radius-top-left:0px;--awb-border-radius-top-right:0px;--awb-border-radius-bottom-right:0px;--awb-border-radius-bottom-left:0px;--awb-padding-top:20px;--awb-padding-bottom:20px;--awb-flex-wrap:wrap;\" ><div class=\"fusion-builder-row fusion-row\"><\/div><\/div><div class=\"fusion-fullwidth fullwidth-box fusion-builder-row-2 hundred-percent-fullwidth non-hundred-percent-height-scrolling\" style=\"--awb-border-radius-top-left:0px;--awb-border-radius-top-right:0px;--awb-border-radius-bottom-right:0px;--awb-border-radius-bottom-left:0px;--awb-overflow:visible;--awb-padding-right:30px;--awb-padding-left:30px;--awb-flex-wrap:wrap;\" ><div class=\"fusion-builder-row fusion-row\"><div class=\"fusion-layout-column fusion_builder_column fusion-builder-column-0 fusion_builder_column_2_3 2_3 fusion-two-third fusion-column-first\" style=\"--awb-padding-right:36px;--awb-padding-left:109px;--awb-bg-size:cover;--awb-margin-bottom:0px;width:65.3333%; margin-right: 4%;\" data-scroll-devices=\"small-visibility,medium-visibility,large-visibility\"><div class=\"fusion-column-wrapper fusion-column-has-shadow fusion-flex-column-wrapper-legacy\"><div class=\"fusion-text fusion-text-1\" style=\"--awb-content-alignment:left;--awb-margin-right:20px;\"><p><div class=\"fusion-title title fusion-title-1 fusion-sep-none fusion-title-text fusion-title-size-one\"><h1 class=\"fusion-title-heading title-heading-left fusion-responsive-typography-calculated\" style=\"margin:0;--fontSize:34;line-height:1.41;\">MENTORIA &#8211; FEUP<\/h1><\/div>\nA Faculdade de Engenharia da Universidade do Porto (FEUP) tem em funcionamento um programa de MENTORIA INTERPARES, destinado aos estudantes que ingressam pela 1\u00aa vez nesta institui\u00e7\u00e3o de Ensino Superior (mentorados), tanto nacionais como internacionais, com o objetivo de os apoiar nesta nova fase do seu percurso acad\u00e9mico. A dinamiza\u00e7\u00e3o deste programa de integra\u00e7\u00e3o social e acad\u00e9mica \u00e9 realizada por estudantes (mentores) que j\u00e1 frequentam os diferentes cursos em anos mais avan\u00e7ados, e coordenado por uma equipa de docentes, sendo adaptado a cada curso de acordo com as suas carater\u00edsticas. Este programa \u00e9 totalmente volunt\u00e1rio tanto para mentores como para mentorados. Esta iniciativa est\u00e1 atualmente integrada no <a href=\"https:\/\/www.up.pt\/mentoriaup\/\">Programa Mentoria U. Porto<\/a> que se rege pelos seguintes <a href=\"https:\/\/fe.up.pt\/mentoriafeup\/wp-content\/uploads\/2021\/07\/despacho_GR_09_09_2020_Alteracao_Principios_Mentoria.pdf\">princ\u00edpios orientadores<\/a>.<\/p>\n<\/div><div class=\"fusion-video fusion-youtube\" style=\"--awb-max-width:600px;--awb-max-height:360px;\"><div class=\"video-shortcode\"><div class=\"fluid-width-video-wrapper\" style=\"padding-top:60%;\" ><iframe title=\"YouTube video player 1\" src=\"https:\/\/www.youtube.com\/embed\/LMp0Oe0Benw?wmode=transparent&autoplay=0&oida=1\" width=\"600\" height=\"360\" allowfullscreen allow=\"autoplay; clipboard-write; encrypted-media; gyroscope; picture-in-picture;\"><\/iframe><\/div><\/div><\/div><div class=\"fusion-clearfix\"><\/div><\/div><\/div><div class=\"fusion-layout-column fusion_builder_column fusion-builder-column-1 fusion_builder_column_1_3 1_3 fusion-one-third fusion-column-last\" style=\"--awb-padding-top:111px;--awb-bg-blend:overlay;--awb-bg-size:cover;width:30.6666%;\"><div class=\"fusion-column-wrapper fusion-flex-column-wrapper-legacy\"><div class=\"fusion-flip-boxes flip-boxes row fusion-columns-1 flip-effect-classic queressermentor\"><div class=\"fusion-flip-box-wrapper fusion-column col-lg-12 col-md-12 col-sm-12\"><div class=\"fusion-flip-box flip-right fusion-animated\" tabindex=\"0\" data-animationType=\"zoomInDown\" data-animationDuration=\"1\" data-animationOffset=\"top-into-view\"><div class=\"flip-box-inner-wrapper\"><div class=\"flip-box-front\" style=\"--awb-border-size:1px;--awb-border-radius:4px;--awb-background-color-front:#1e73be;--awb-text-front-color:#ffffff;\"><div class=\"flip-box-front-inner\">QUERES SER <b>MENTOR\/A<\/b> NO TEU CURSO<\/div><\/div><div class=\"flip-box-back\" style=\"--awb-border-size:1px;--awb-border-radius:4px;--awb-background-color-back:#fd7d70;--awb-text-back-color:#ffffff;\"><div class=\"flip-box-back-inner\">\n<p><span style=\"font-size: 14pt;\"><a href=\"https:\/\/www.up.pt\/mentoriaup\/#comoparticipar\">Inscreve-te aqui!<\/a><\/span><\/p>\n<\/div><\/div><\/div><\/div><\/div><\/div><div class=\"clearfix\"><\/div><div class=\"fusion-alert alert custom alert-custom fusion-alert-left awb-alert-inherit-link-color alert-shadow\" style=\"--awb-background-color:#ffffff;--awb-accent-color:#808080;--awb-border-size:1px;--awb-border-top-left-radius:0px;--awb-border-top-right-radius:0px;--awb-border-bottom-left-radius:0px;--awb-border-bottom-right-radius:0px;--awb-margin-top:-10px;--awb-margin-right:0px;--awb-margin-bottom:0px;--awb-margin-left:0px;\" role=\"alert\"><div class=\"fusion-alert-content-wrapper\"><span class=\"fusion-alert-content\"><p>Os inscritos que n\u00e3o tenham tido forma\u00e7\u00e3o em anos anteriores, <strong>ter\u00e3o de fazer forma\u00e7\u00e3o presencial<\/strong>, numa das datas abaixo (com limite de n\u00ba de\u00a0 inscritos) devendo para tal se inscreverem <b><a href=\"https:\/\/forms.gle\/uWNApqs1Rcyf7fE37\">aqui<\/a><\/b>:<\/p>\n<ul>\n<li>10 de setembro \u2013 10h30 \u2013 12h30 ou 14h00 \u2013 16h00<\/li>\n<li>11 de setembro \u2013 10h30-12h30<\/li>\n<li>17 de setembro \u2013 10h30 \u2013 12h30<\/li>\n<\/ul><\/span><\/div><\/div><div class=\"fusion-sep-clear\"><\/div><div class=\"fusion-separator fusion-full-width-sep\" style=\"margin-left: auto;margin-right: auto;margin-top:10px;margin-bottom:10px;width:100%;\"><div class=\"fusion-separator-border sep-single sep-solid\" style=\"--awb-height:20px;--awb-amount:20px;border-color:#e0dede;border-top-width:2px;\"><\/div><\/div><div class=\"fusion-sep-clear\"><\/div><div class=\"fusion-flip-boxes flip-boxes row fusion-columns-1 flip-effect-classic queressermentor\"><div class=\"fusion-flip-box-wrapper fusion-column col-lg-12 col-md-12 col-sm-12\"><div class=\"fusion-flip-box flip-right fusion-animated\" tabindex=\"0\" data-animationType=\"zoomInDown\" data-animationDuration=\"1\" data-animationOffset=\"top-into-view\"><div class=\"flip-box-inner-wrapper\"><div class=\"flip-box-front\" style=\"--awb-border-size:1px;--awb-border-radius:4px;--awb-background-color-front:#8c2d19;--awb-text-front-color:#ffffff;\"><div class=\"flip-box-front-inner\">QUERES SER <b>MENTORADO\/A<\/b> NO TEU CURSO<\/div><\/div><div class=\"flip-box-back\" style=\"--awb-border-size:1px;--awb-border-radius:4px;--awb-background-color-back:#fd7d70;--awb-text-back-color:#ffffff;\"><div class=\"flip-box-back-inner\">\n<p><span style=\"font-size: 14pt;\"><a href=\"https:\/\/docs.google.com\/forms\/d\/e\/1FAIpQLScwibVLnmlJGfR9LKTCGwtNBDA9RYrWApINcuN6FulJzKh5Tw\/viewform\">Inscreve-te aqui!<\/a><\/span><\/p>\n<\/div><\/div><\/div><\/div><\/div><\/div><div class=\"clearfix\"><\/div><div class=\"fusion-clearfix\"><\/div><\/div><\/div><\/div><\/div><\/p>\n","protected":false},"excerpt":{"rendered":"","protected":false},"author":1,"featured_media":0,"parent":0,"menu_order":0,"comment_status":"closed","ping_status":"closed","template":"100-width.php","meta":{"footnotes":""},"class_list":["post-6","page","type-page","status-publish","hentry"],"_links":{"self":[{"href":"https:\/\/fe.up.pt\/mentoriafeup\/wp-json\/wp\/v2\/pages\/6","targetHints":{"allow":["GET"]}}],"collection":[{"href":"https:\/\/fe.up.pt\/mentoriafeup\/wp-json\/wp\/v2\/pages"}],"about":[{"href":"https:\/\/fe.up.pt\/mentoriafeup\/wp-json\/wp\/v2\/types\/page"}],"author":[{"embeddable":true,"href":"https:\/\/fe.up.pt\/mentoriafeup\/wp-json\/wp\/v2\/users\/1"}],"replies":[{"embeddable":true,"href":"https:\/\/fe.up.pt\/mentoriafeup\/wp-json\/wp\/v2\/comments?post=6"}],"version-history":[{"count":14,"href":"https:\/\/fe.up.pt\/mentoriafeup\/wp-json\/wp\/v2\/pages\/6\/revisions"}],"predecessor-version":[{"id":3701,"href":"https:\/\/fe.up.pt\/mentoriafeup\/wp-json\/wp\/v2\/pages\/6\/revisions\/3701"}],"wp:attachment":[{"href":"https:\/\/fe.up.pt\/mentoriafeup\/wp-json\/wp\/v2\/media?parent=6"}],"curies":[{"name":"wp","href":"https:\/\/api.w.org\/{rel}","templated":true}]}}