{"id":3304,"date":"2019-11-21T10:53:49","date_gmt":"2019-11-21T10:53:49","guid":{"rendered":"https:\/\/fe.up.pt\/mentoriafeup\/?page_id=3304"},"modified":"2025-07-07T13:41:17","modified_gmt":"2025-07-07T13:41:17","slug":"noticias","status":"publish","type":"page","link":"https:\/\/fe.up.pt\/mentoriafeup\/noticias\/","title":{"rendered":"Not\u00edcias"},"content":{"rendered":"<p><div class=\"fusion-fullwidth fullwidth-box fusion-builder-row-1 nonhundred-percent-fullwidth non-hundred-percent-height-scrolling\" style=\"--awb-background-position:left top;--awb-border-radius-top-left:0px;--awb-border-radius-top-right:0px;--awb-border-radius-bottom-right:0px;--awb-border-radius-bottom-left:0px;--awb-padding-top:20px;--awb-padding-bottom:20px;--awb-border-sizes-top:0px;--awb-border-sizes-bottom:0px;--awb-flex-wrap:wrap;\" ><div class=\"fusion-builder-row fusion-row\"><div class=\"fusion-layout-column fusion_builder_column fusion-builder-column-0 fusion_builder_column_1_1 1_1 fusion-one-full fusion-column-first fusion-column-last fusion-column-no-min-height\" style=\"--awb-bg-size:cover;--awb-margin-bottom:0px;\"><div class=\"fusion-column-wrapper fusion-flex-column-wrapper-legacy\"><div class=\"fusion-title title fusion-title-1 fusion-sep-none fusion-title-text fusion-title-size-one\"><h1 class=\"fusion-title-heading title-heading-left fusion-responsive-typography-calculated\" style=\"margin:0;--fontSize:34;line-height:1.41;\">NOT\u00cdCIAS<\/h1><\/div><div class=\"fusion-clearfix\"><\/div><\/div><\/div><div class=\"fusion-layout-column fusion_builder_column fusion-builder-column-1 fusion_builder_column_1_1 1_1 fusion-one-full fusion-column-first fusion-column-last fusion-column-no-min-height\" style=\"--awb-bg-size:cover;--awb-margin-bottom:0px;\"><div class=\"fusion-column-wrapper fusion-flex-column-wrapper-legacy\"><div class=\"fusion-blog-shortcode fusion-blog-shortcode-1 fusion-blog-archive fusion-blog-layout-grid-wrapper fusion-blog-pagination\"><style type=\"text\/css\">.fusion-blog-shortcode-1 .fusion-blog-layout-grid .fusion-post-grid{padding:20px;}.fusion-blog-shortcode-1 .fusion-posts-container{margin-left: -20px !important; margin-right:-20px !important;}<\/style><div class=\"fusion-posts-container fusion-posts-container-pagination fusion-blog-layout-grid fusion-blog-layout-grid-4 isotope\" data-pages=\"2\" data-grid-col-space=\"40\" style=\"margin: -20px -20px 0;min-height:500px;\"><article id=\"blog-1-post-3573\" class=\"fusion-post-grid post-3573 post type-post status-publish format-standard hentry category-noticias\">\n<div class=\"fusion-post-wrapper\" style=\"background-color:rgba(255,255,255,0);border:1px solid #ebeaea;border-bottom-width:3px;\">\r\n\r\n<div class=\"fusion-post-content-wrapper\" style=\"padding:30px 25px 25px 25px;\"><div class=\"fusion-post-content post-content\"><h2 class=\"blog-shortcode-post-title\"><a href=\"https:\/\/fe.up.pt\/mentoriafeup\/as-ii-jornadas-da-mentoria-u-porto-debateram-as-relacoes-interpares-solidarias-o-bem-estar-e-sucesso-no-ensino-superior\/\">As II Jornadas da Mentoria U.Porto debateram as rela\u00e7\u00f5es interpares solid\u00e1rias, o bem-estar e + sucesso no Ensino Superior<\/a><\/h2><div class=\"fusion-content-sep sep-double sep-solid\"><\/div><div class=\"fusion-post-content-container\"><p>Foi no passado dia 22 de junho, que se realizaram as II Jornadas da Mentoria U.Porto. Com o mote de \u201cRela\u00e7\u00f5es Interpares Solid\u00e1rias, Bem-estar e + Sucesso no Ensino Superior\u201d, a iniciativa teve lugar na<a href=\"https:\/\/fe.up.pt\/mentoriafeup\/as-ii-jornadas-da-mentoria-u-porto-debateram-as-relacoes-interpares-solidarias-o-bem-estar-e-sucesso-no-ensino-superior\/\"> [...]<\/a><\/p><\/div><\/div><div class=\"fusion-meta-info\"><div class=\"fusion-alignleft\"><a class=\"fusion-read-more\" href=\"https:\/\/fe.up.pt\/mentoriafeup\/as-ii-jornadas-da-mentoria-u-porto-debateram-as-relacoes-interpares-solidarias-o-bem-estar-e-sucesso-no-ensino-superior\/\" aria-label=\"More on As II Jornadas da Mentoria U.Porto debateram as rela\u00e7\u00f5es interpares solid\u00e1rias, o bem-estar e + sucesso no Ensino Superior\">Read More<\/a><\/div><\/div><\/div><div class=\"fusion-clearfix\"><\/div><\/div>\n<\/article>\n<article id=\"blog-1-post-3498\" class=\"fusion-post-grid post-3498 post type-post status-publish format-standard hentry category-noticias\">\n<div class=\"fusion-post-wrapper\" style=\"background-color:rgba(255,255,255,0);border:1px solid #ebeaea;border-bottom-width:3px;\">\r\n\r\n<div class=\"fusion-post-content-wrapper\" style=\"padding:30px 25px 25px 25px;\"><div class=\"fusion-post-content post-content\"><h2 class=\"blog-shortcode-post-title\"><a href=\"https:\/\/fe.up.pt\/mentoriafeup\/sessoes-de-boas-vindas-aos-estudantes-do-1o-ano\/\">Atividades dos programas de mentoria<\/a><\/h2><div class=\"fusion-content-sep sep-double sep-solid\"><\/div><div class=\"fusion-post-content-container\"><p>Os diferentes programas de Mentoria FEUP promoveram uma rece\u00e7\u00e3o pela Dire\u00e7\u00e3o de cada curso durante a semana de 10 a 15 de outubro de 2021 onde cada programa espec\u00edfico foi apresentado. Realizaram-se tamb\u00e9m os encontros<a href=\"https:\/\/fe.up.pt\/mentoriafeup\/sessoes-de-boas-vindas-aos-estudantes-do-1o-ano\/\"> [...]<\/a><\/p><\/div><\/div><div class=\"fusion-meta-info\"><div class=\"fusion-alignleft\"><a class=\"fusion-read-more\" href=\"https:\/\/fe.up.pt\/mentoriafeup\/sessoes-de-boas-vindas-aos-estudantes-do-1o-ano\/\" aria-label=\"More on Atividades dos programas de mentoria\">Read More<\/a><\/div><\/div><\/div><div class=\"fusion-clearfix\"><\/div><\/div>\n<\/article>\n<article id=\"blog-1-post-3496\" class=\"fusion-post-grid post-3496 post type-post status-publish format-standard hentry category-noticias\">\n<div class=\"fusion-post-wrapper\" style=\"background-color:rgba(255,255,255,0);border:1px solid #ebeaea;border-bottom-width:3px;\">\r\n\r\n<div class=\"fusion-post-content-wrapper\" style=\"padding:30px 25px 25px 25px;\"><div class=\"fusion-post-content post-content\"><h2 class=\"blog-shortcode-post-title\"><a href=\"https:\/\/fe.up.pt\/mentoriafeup\/sessao-de-formacao-de-mentores\/\">Sess\u00e3o de boas vindas ao novos estudantes<\/a><\/h2><div class=\"fusion-content-sep sep-double sep-solid\"><\/div><div class=\"fusion-post-content-container\"><p>Na semana de 10 a 15 outubro de 2021 foi destinada \u00e0 rece\u00e7\u00e3o dos novos estudantes do 1\u00ba ano. Al\u00e9m das Sess\u00f5es de Boas Vindas organizadas pela Dire\u00e7\u00e3o da FEUP na semana de 10 a<a href=\"https:\/\/fe.up.pt\/mentoriafeup\/sessao-de-formacao-de-mentores\/\"> [...]<\/a><\/p><\/div><\/div><div class=\"fusion-meta-info\"><div class=\"fusion-alignleft\"><a class=\"fusion-read-more\" href=\"https:\/\/fe.up.pt\/mentoriafeup\/sessao-de-formacao-de-mentores\/\" aria-label=\"More on Sess\u00e3o de boas vindas ao novos estudantes\">Read More<\/a><\/div><\/div><\/div><div class=\"fusion-clearfix\"><\/div><\/div>\n<\/article>\n<div class=\"fusion-clearfix\"><\/div><\/div><div class=\"pagination clearfix\"><span class=\"current\">1<\/span><a href=\"https:\/\/fe.up.pt\/mentoriafeup\/wp-json\/wp\/v2\/pages\/3304\/page\/2\/\" class=\"inactive\">2<\/a><a class=\"pagination-next\" rel=\"next\" href=\"https:\/\/fe.up.pt\/mentoriafeup\/wp-json\/wp\/v2\/pages\/3304\/page\/2\/\"><span class=\"page-text\">Next<\/span><span class=\"page-next\"><\/span><\/a><\/div><div class=\"fusion-clearfix\"><\/div><\/div><div class=\"fusion-clearfix\"><\/div><\/div><\/div><\/div><\/div><div class=\"fusion-fullwidth fullwidth-box fusion-builder-row-2 hundred-percent-fullwidth non-hundred-percent-height-scrolling\" style=\"--awb-border-radius-top-left:0px;--awb-border-radius-top-right:0px;--awb-border-radius-bottom-right:0px;--awb-border-radius-bottom-left:0px;--awb-overflow:visible;--awb-flex-wrap:wrap;\" ><div class=\"fusion-builder-row fusion-row\"><div class=\"fusion-layout-column fusion_builder_column fusion-builder-column-2 fusion_builder_column_1_1 1_1 fusion-one-full fusion-column-first fusion-column-last fusion-column-no-min-height\" style=\"--awb-bg-size:cover;--awb-margin-bottom:0px;\"><div class=\"fusion-column-wrapper fusion-flex-column-wrapper-legacy\"><div class=\"fusion-title title fusion-title-2 fusion-title-text fusion-title-size-one\"><h1 class=\"fusion-title-heading title-heading-left fusion-responsive-typography-calculated\" style=\"margin:0;--fontSize:34;line-height:1.41;\"><\/h1><span class=\"awb-title-spacer\"><\/span><div class=\"title-sep-container\"><div class=\"title-sep sep-double sep-solid\" style=\"border-color:#e0dede;\"><\/div><\/div><\/div><div class=\"fusion-clearfix\"><\/div><\/div><\/div><\/div><\/div><\/p>\n","protected":false},"excerpt":{"rendered":"","protected":false},"author":1,"featured_media":0,"parent":0,"menu_order":0,"comment_status":"closed","ping_status":"closed","template":"","meta":{"footnotes":""},"class_list":["post-3304","page","type-page","status-publish","hentry"],"_links":{"self":[{"href":"https:\/\/fe.up.pt\/mentoriafeup\/wp-json\/wp\/v2\/pages\/3304","targetHints":{"allow":["GET"]}}],"collection":[{"href":"https:\/\/fe.up.pt\/mentoriafeup\/wp-json\/wp\/v2\/pages"}],"about":[{"href":"https:\/\/fe.up.pt\/mentoriafeup\/wp-json\/wp\/v2\/types\/page"}],"author":[{"embeddable":true,"href":"https:\/\/fe.up.pt\/mentoriafeup\/wp-json\/wp\/v2\/users\/1"}],"replies":[{"embeddable":true,"href":"https:\/\/fe.up.pt\/mentoriafeup\/wp-json\/wp\/v2\/comments?post=3304"}],"version-history":[{"count":0,"href":"https:\/\/fe.up.pt\/mentoriafeup\/wp-json\/wp\/v2\/pages\/3304\/revisions"}],"wp:attachment":[{"href":"https:\/\/fe.up.pt\/mentoriafeup\/wp-json\/wp\/v2\/media?parent=3304"}],"curies":[{"name":"wp","href":"https:\/\/api.w.org\/{rel}","templated":true}]}}