{"id":12,"date":"2019-01-24T18:05:25","date_gmt":"2019-01-24T18:05:25","guid":{"rendered":"https:\/\/web.fe.up.pt\/~labest\/?page_id=12"},"modified":"2019-04-24T17:15:00","modified_gmt":"2019-04-24T17:15:00","slug":"team","status":"publish","type":"page","link":"https:\/\/fe.up.pt\/labest\/team\/","title":{"rendered":"Team"},"content":{"rendered":"\n<p><strong>Scientific Coordinator<\/strong><br>Rui Manuel Carvalho Marques de Faria<br><\/p>\n\n\n\n<p><strong>Researchers (Ph.D.)<\/strong><br>Afonso Ant\u00f3nio de Serra Neves<br>Amin Abrishambaf<br>Ant\u00f3nio Abel Ribeiro Henriques<br>Carlos Filipe Ferreira de Sousa<br>Carlos Filipe Guedes Rodrigues<br>Carlos Manuel da Silva F\u00e9lix<br>El\u00f3i Jo\u00e3o Faria Figueiredo<br>Filipe Jos\u00e9 Moreira Guerra dos Santos Cavadas<br>Hadi Mazaheripour <br>Helena Isabel Maia Figueiras<br>Joaquim de Azevedo Figueiras<br>Jos\u00e9 Manuel Martins Neto dos Santos<br>Lino Manuel Serra Maia<br>Maria Joana \u00c1lvares Ribeiro de Sousa Coutinho<br>M\u00e1rio Jorge de Seixas Pimentel<br>Miguel \u00c2ngelo Carvalho Ferraz<br>Rui Manuel Carvalho Marques de Faria<br>Sandra Concei\u00e7\u00e3o Barbosa Nunes<\/p>\n\n\n\n<p><strong>Other Researchers (non Ph.D.)<\/strong><br>Ana Mafalda Matos Teixeira Barbosa <br>Aur\u00e9lio Guilherme Sine <br>Emanuel Rodrigues de Sousa Tom\u00e9<br>Jos\u00e9 Jo\u00e3o Guedes Morais da Concei\u00e7\u00e3o<br>Nath\u00e1lia Maria Assi Rabelo  <br><\/p>\n\n\n\n<p><strong>Technical and Administrative Staff<\/strong><br>Cl\u00e1udio C\u00e9sar Neves Martins da Silva Ferraz <br>Paula Cristina Ferreira da Silva<\/p>\n","protected":false},"excerpt":{"rendered":"<p>Scientific CoordinatorRui Manuel Carvalho Marques de Faria Researchers (Ph.D.)Afonso Ant\u00f3nio de Serra NevesAmin AbrishambafAnt\u00f3nio Abel Ribeiro HenriquesCarlos Filipe Ferreira de SousaCarlos Filipe Guedes RodriguesCarlos Manuel da Silva F\u00e9lixEl\u00f3i Jo\u00e3o Faria FigueiredoFilipe Jos\u00e9 Moreira Guerra dos Santos CavadasHadi Mazaheripour Helena Isabel Maia FigueirasJoaquim de Azevedo FigueirasJos\u00e9 Manuel Martins Neto dos SantosLino Manuel Serra MaiaMaria Joana \u00c1lvares [&hellip;]<\/p>\n","protected":false},"author":1,"featured_media":0,"parent":0,"menu_order":0,"comment_status":"closed","ping_status":"closed","template":"","meta":{"footnotes":""},"class_list":["post-12","page","type-page","status-publish","hentry","post"],"_links":{"self":[{"href":"https:\/\/fe.up.pt\/labest\/wp-json\/wp\/v2\/pages\/12","targetHints":{"allow":["GET"]}}],"collection":[{"href":"https:\/\/fe.up.pt\/labest\/wp-json\/wp\/v2\/pages"}],"about":[{"href":"https:\/\/fe.up.pt\/labest\/wp-json\/wp\/v2\/types\/page"}],"author":[{"embeddable":true,"href":"https:\/\/fe.up.pt\/labest\/wp-json\/wp\/v2\/users\/1"}],"replies":[{"embeddable":true,"href":"https:\/\/fe.up.pt\/labest\/wp-json\/wp\/v2\/comments?post=12"}],"version-history":[{"count":4,"href":"https:\/\/fe.up.pt\/labest\/wp-json\/wp\/v2\/pages\/12\/revisions"}],"predecessor-version":[{"id":86,"href":"https:\/\/fe.up.pt\/labest\/wp-json\/wp\/v2\/pages\/12\/revisions\/86"}],"wp:attachment":[{"href":"https:\/\/fe.up.pt\/labest\/wp-json\/wp\/v2\/media?parent=12"}],"curies":[{"name":"wp","href":"https:\/\/api.w.org\/{rel}","templated":true}]}}