{"id":139,"date":"2022-03-01T17:16:43","date_gmt":"2022-03-01T17:16:43","guid":{"rendered":"https:\/\/web.fe.up.pt\/~iras\/?page_id=139"},"modified":"2022-03-03T12:57:01","modified_gmt":"2022-03-03T12:57:01","slug":"esis-tc12-technical-committee","status":"publish","type":"page","link":"https:\/\/fe.up.pt\/iras\/esis-tc12-technical-committee\/","title":{"rendered":"ESIS TC12 Technical Committee"},"content":{"rendered":"\n<p><em>Chairs<\/em><\/p>\n\n\n\n<p>Jos\u00e9 Ant\u00f3nio Correia,&nbsp;<em>University of Porto, Portugal<\/em><\/p>\n\n\n\n<p>Aleksandar Sedmak,&nbsp;<em>University of Belgrade, Serbia&nbsp;<\/em><\/p>\n\n\n\n<p>Vladimir Moskvichev,&nbsp;<em>Russian Academy of Sciences, Russia<\/em><\/p>\n\n\n\n<hr class=\"wp-block-separator\"\/>\n\n\n\n<p><em>Scientific Managers<\/em><\/p>\n\n\n\n<p>Ab\u00edlio de Jesus,&nbsp;<em>University of Porto, Portugal<\/em><\/p>\n\n\n\n<p>Elena Fedorova,&nbsp;<em>Russian Academy of Sciences, Russia<\/em><\/p>\n\n\n\n<p>Sne\u017eana Kirin,&nbsp;<em>University of Belgrade, Serbia<\/em><\/p>\n\n\n\n<hr class=\"wp-block-separator\"\/>\n\n\n\n<p><em>ESIS TC12 WG1: Engineering Structures and Technologies<\/em><br>Chairs:&nbsp;<em>Jos\u00e9 Miguel Castro,&nbsp;Grzegorz&nbsp;Lesiuk&nbsp;&amp; Pedro Montenegro&nbsp;<\/em><\/p>\n\n\n\n<p><em>ESIS TC12 WG2: Safety of Technical Systems<\/em><br>Chairs:&nbsp;<em>Aleksandar Sedmak&nbsp;&amp;&nbsp;Vladimir Moskvichev<\/em><\/p>\n\n\n\n<p><em>ESIS TC12 WG3: Reliability and Probabilistic Approaches<\/em><br>Chairs:&nbsp;<em>Miguel Calvente &amp; Shun-Peng Zhu<\/em><\/p>\n\n\n\n<p><em>ESIS TC12 WG4: Environmental effect on structural integrity<br><\/em>Chairs:&nbsp;<em>Elena Federova<\/em><\/p>\n\n\n\n<p><em>ESIS TC12 WG5: Structural integrity of composite materials and structures<\/em><br>Chairs:&nbsp;<em>Lothar Kroll &amp;&nbsp;Wojciech B\u0142a\u017cejewski<\/em><\/p>\n","protected":false},"excerpt":{"rendered":"<p>Chairs Jos\u00e9 Ant\u00f3nio Correia,&nbsp;University of Porto, Portugal Aleksandar Sedmak,&nbsp;University of Belgrade, Serbia&nbsp; Vladimir Moskvichev,&nbsp;Russian Academy of Sciences, Russia Scientific Managers Ab\u00edlio de Jesus,&nbsp;University of Porto, Portugal Elena Fedorova,&nbsp;Russian Academy of Sciences, Russia Sne\u017eana Kirin,&nbsp;University of Belgrade, Serbia ESIS TC12 WG1: Engineering Structures and TechnologiesChairs:&nbsp;Jos\u00e9 Miguel Castro,&nbsp;Grzegorz&nbsp;Lesiuk&nbsp;&amp; Pedro Montenegro&nbsp; ESIS TC12 WG2: Safety of Technical SystemsChairs:&nbsp;Aleksandar &hellip; <\/p>\n<p class=\"link-more\"><a href=\"https:\/\/fe.up.pt\/iras\/esis-tc12-technical-committee\/\" class=\"more-link\">Continue reading<span class=\"screen-reader-text\"> &#8220;ESIS TC12 Technical Committee&#8221;<\/span><\/a><\/p>\n","protected":false},"author":1,"featured_media":0,"parent":0,"menu_order":0,"comment_status":"closed","ping_status":"closed","template":"","meta":{"footnotes":""},"class_list":["post-139","page","type-page","status-publish","hentry"],"_links":{"self":[{"href":"https:\/\/fe.up.pt\/iras\/wp-json\/wp\/v2\/pages\/139","targetHints":{"allow":["GET"]}}],"collection":[{"href":"https:\/\/fe.up.pt\/iras\/wp-json\/wp\/v2\/pages"}],"about":[{"href":"https:\/\/fe.up.pt\/iras\/wp-json\/wp\/v2\/types\/page"}],"author":[{"embeddable":true,"href":"https:\/\/fe.up.pt\/iras\/wp-json\/wp\/v2\/users\/1"}],"replies":[{"embeddable":true,"href":"https:\/\/fe.up.pt\/iras\/wp-json\/wp\/v2\/comments?post=139"}],"version-history":[{"count":2,"href":"https:\/\/fe.up.pt\/iras\/wp-json\/wp\/v2\/pages\/139\/revisions"}],"predecessor-version":[{"id":197,"href":"https:\/\/fe.up.pt\/iras\/wp-json\/wp\/v2\/pages\/139\/revisions\/197"}],"wp:attachment":[{"href":"https:\/\/fe.up.pt\/iras\/wp-json\/wp\/v2\/media?parent=139"}],"curies":[{"name":"wp","href":"https:\/\/api.w.org\/{rel}","templated":true}]}}