{"id":4723,"date":"2021-12-13T11:26:42","date_gmt":"2021-12-13T11:26:42","guid":{"rendered":"https:\/\/paginas.fe.up.pt\/~ipoint\/?page_id=4723"},"modified":"2024-07-12T11:40:28","modified_gmt":"2024-07-12T10:40:28","slug":"claim","status":"publish","type":"page","link":"https:\/\/fe.up.pt\/ipoint\/claim\/","title":{"rendered":"CLAIM FEUP"},"content":{"rendered":"<div class=\"fusion-fullwidth fullwidth-box fusion-builder-row-1 nonhundred-percent-fullwidth non-hundred-percent-height-scrolling\" style=\"background-color: rgba(255,255,255,0);background-position: left top;background-repeat: no-repeat;padding-top:20px;padding-right:0px;padding-bottom:20px;padding-left:0px;margin-bottom: 0px;margin-top: 0px;border-width: 0px 0px 0px 0px;border-color:#eae9e9;border-style:solid;\" ><div class=\"fusion-builder-row fusion-row\"><div class=\"fusion-layout-column fusion_builder_column fusion-builder-column-0 fusion_builder_column_1_6 1_6 fusion-one-sixth fusion-column-first\" style=\"width:13.3333%; margin-right: 4%;margin-top:0px;margin-bottom:20px;\"><div class=\"fusion-column-wrapper fusion-flex-column-wrapper-legacy\" style=\"background-position:left top;background-repeat:no-repeat;-webkit-background-size:cover;-moz-background-size:cover;-o-background-size:cover;background-size:cover;background-color:rgba(0,0,0,0);padding: 0px 0px 0px 0px;\"><div class=\"fusion-clearfix\"><\/div><\/div><\/div><div class=\"fusion-layout-column fusion_builder_column fusion-builder-column-1 fusion_builder_column_2_3 2_3 fusion-two-third\" style=\"width:65.3333%; margin-right: 4%;margin-top:0px;margin-bottom:20px;\"><div class=\"fusion-column-wrapper fusion-flex-column-wrapper-legacy\" style=\"background-position:left top;background-repeat:no-repeat;-webkit-background-size:cover;-moz-background-size:cover;-o-background-size:cover;background-size:cover;background-color:#ffffff;padding: 0px 0px 0px 0px;\"><div class=\"imageframe-align-center\"><span class=\" fusion-imageframe imageframe-none imageframe-1 hover-type-none\"><img decoding=\"async\" width=\"101\" image_height=\"74\" image_id=\"4614\" title=\"icon_well@FEUP\" src=\"https:\/\/paginas.fe.up.pt\/~ipoint\/wp-content\/uploads\/2021\/01\/icon_well@FEUP.png\" class=\"img-responsive wp-image-4614\"\/><\/span><\/div><style type=\"text\/css\"><\/style><div class=\"fusion-title title fusion-title-1 fusion-sep-none fusion-title-text fusion-title-size-two\" style=\"margin-top:0px;margin-bottom:31px;\"><h2 class=\"title-heading-left\" style=\"margin:0;\">Centro Local de Apoio \u00e0 Integra\u00e7\u00e3o de Migrantes<\/h2><\/div><div class=\"fusion-text fusion-text-1\"><p><strong>Miss\u00e3o<\/strong><\/p>\n<p>O CLAIM FEUP tem como miss\u00e3o ir al\u00e9m da informa\u00e7\u00e3o, apoiando em todo o processo do acolhimento e integra\u00e7\u00e3o dos estudantes internacionais, articulando com as diversas estruturas locais, e promovendo a interculturalidade a n\u00edvel local.<\/p>\n<p>Este servi\u00e7o do AIMA presta apoio e informa\u00e7\u00e3o geral em diversas \u00e1reas, tais como, regulariza\u00e7\u00e3o, nacionalidade, reagrupamento familiar, habita\u00e7\u00e3o, retorno volunt\u00e1rio, trabalho, sa\u00fade, educa\u00e7\u00e3o, entre outras quest\u00f5es do quotidiano.<\/p>\n<p>Integrado na Rede CLAIM, conta tamb\u00e9m com Gabinetes de Apoio especializado, que interv\u00eam em diferentes \u00e1reas especializadas, por forma a complementar e solidificar o seu processo de integra\u00e7\u00e3o.<\/p>\n<p><strong>Rede CLAIM &#8211; Uma Rede Local para um Atendimento de proximidade<\/strong><\/p>\n<p>Com o objetivo de promover uma integra\u00e7\u00e3o de proximidade, os CLAIM\u00a0 resultam de parcerias estabelecidas entre o AIMA\u00a0 &#8211; Ag\u00eancia para a Integra\u00e7\u00e3o, Migra\u00e7\u00f5es e Asilo que , em coopera\u00e7\u00e3o, promovem um atendimento integrado.<\/p>\n<p>O atendimento \u00e9 personalizado e conta com a colabora\u00e7\u00e3o de t\u00e9cnicos habilitados para o efeito.<\/p>\n<p><strong>Localiza\u00e7\u00e3o<\/strong><\/p>\n<p>Integrado no iPoint, este CLAIM est\u00e1 localizado na Sala A215, Edif\u00edcio A da Faculdade de Engenharia da Universidade do Porto.<\/p>\n<div style=\"text-align: center;\"><\/div>\n<\/div><div class=\"fusion-clearfix\"><\/div><\/div><\/div><div class=\"fusion-layout-column fusion_builder_column fusion-builder-column-2 fusion_builder_column_1_6 1_6 fusion-one-sixth fusion-column-last\" style=\"width:13.3333%;margin-top:0px;margin-bottom:20px;\"><div class=\"fusion-column-wrapper fusion-flex-column-wrapper-legacy\" style=\"background-position:left top;background-repeat:no-repeat;-webkit-background-size:cover;-moz-background-size:cover;-o-background-size:cover;background-size:cover;padding: 0px 0px 0px 0px;\"><div class=\"fusion-clearfix\"><\/div><\/div><\/div><\/div><\/div>\n","protected":false},"excerpt":{"rendered":"","protected":false},"author":11,"featured_media":0,"parent":0,"menu_order":0,"comment_status":"closed","ping_status":"closed","template":"","meta":{"footnotes":"","_wp_rev_ctl_limit":""},"acf":false,"_links":{"self":[{"href":"https:\/\/fe.up.pt\/ipoint\/wp-json\/wp\/v2\/pages\/4723"}],"collection":[{"href":"https:\/\/fe.up.pt\/ipoint\/wp-json\/wp\/v2\/pages"}],"about":[{"href":"https:\/\/fe.up.pt\/ipoint\/wp-json\/wp\/v2\/types\/page"}],"author":[{"embeddable":true,"href":"https:\/\/fe.up.pt\/ipoint\/wp-json\/wp\/v2\/users\/11"}],"replies":[{"embeddable":true,"href":"https:\/\/fe.up.pt\/ipoint\/wp-json\/wp\/v2\/comments?post=4723"}],"version-history":[{"count":0,"href":"https:\/\/fe.up.pt\/ipoint\/wp-json\/wp\/v2\/pages\/4723\/revisions"}],"wp:attachment":[{"href":"https:\/\/fe.up.pt\/ipoint\/wp-json\/wp\/v2\/media?parent=4723"}],"curies":[{"name":"wp","href":"https:\/\/api.w.org\/{rel}","templated":true}]}}