{"id":3493,"date":"2020-08-03T08:14:35","date_gmt":"2020-08-03T08:14:35","guid":{"rendered":"https:\/\/paginas.fe.up.pt\/~ipoint\/?page_id=3493"},"modified":"2021-02-08T10:36:27","modified_gmt":"2021-02-08T10:36:27","slug":"profissional","status":"publish","type":"page","link":"https:\/\/fe.up.pt\/ipoint\/bem-estar\/profissional\/","title":{"rendered":"Profissional"},"content":{"rendered":"<p><div class=\"fusion-fullwidth fullwidth-box fusion-builder-row-1 fusion-flex-container nonhundred-percent-fullwidth non-hundred-percent-height-scrolling\" style=\"background-color: rgba(255,255,255,0);background-position: center center;background-repeat: no-repeat;border-width: 0px 0px 0px 0px;border-color:#eae9e9;border-style:solid;\" ><div class=\"fusion-builder-row fusion-row fusion-flex-align-items-flex-start\" style=\"max-width:936px;margin-left: calc(-4% \/ 2 );margin-right: calc(-4% \/ 2 );\"><div class=\"fusion-layout-column fusion_builder_column fusion-builder-column-0 fusion_builder_column_1_1 1_1 fusion-flex-column\"><div class=\"fusion-column-wrapper fusion-flex-justify-content-flex-start fusion-content-layout-column\" style=\"background-position:left top;background-repeat:no-repeat;-webkit-background-size:cover;-moz-background-size:cover;-o-background-size:cover;background-size:cover;padding: 0px 0px 0px 0px;\"><div style=\"text-align:center;\"><span class=\" fusion-imageframe imageframe-none imageframe-1 hover-type-none\"><img decoding=\"async\" width=\"60\" image_height=\"80\" image_id=\"4608\" title=\"icon_bem-estar-profissional\" src=\"https:\/\/paginas.fe.up.pt\/~ipoint\/wp-content\/uploads\/2021\/01\/icon_bem-estar-profissional.png\" class=\"img-responsive wp-image-4608\"\/><\/span><\/div><style type=\"text\/css\">@media only screen and (max-width:1024px) {.fusion-title.fusion-title-1{margin-top:0px!important;margin-bottom:31px!important;}}@media only screen and (max-width:640px) {.fusion-title.fusion-title-1{margin-top:10px!important;margin-bottom:10px!important;}}<\/style><div class=\"fusion-title title fusion-title-1 fusion-sep-none fusion-title-center fusion-title-text fusion-title-size-two\" style=\"margin-top:0px;margin-bottom:31px;\"><h2 class=\"title-heading-center\" style=\"margin:0;\">Bem-estar Profissional<\/h2><\/div><div class=\"fusion-text fusion-text-1\"><p><span style=\"font-weight: 400;\">O Bem-estar Profissional engloba as vertentes ocupacional e financeira, para que atrav\u00e9s de um trabalho significativo seja atingida a realiza\u00e7\u00e3o profissional e pessoal.<\/span><\/p>\n<p><span style=\"font-weight: 400;\">Para que possas atingir esta dimens\u00e3o, apoiamos-te na procura de um caminho em que possas desenvolver o teu potencial m\u00e1ximo, no qual te sintas \u00fatil e satisfeito nas tuas fun\u00e7\u00f5es di\u00e1rias e que te permita fazer face \u00e0s tuas despesas e ambi\u00e7\u00f5es.<\/span><\/p>\n<p><span style=\"font-weight: 400;\">Formas de melhorar o bem-estar profissional incluem:<\/span><\/p>\n<\/div><\/div><\/div><style type=\"text\/css\">.fusion-body .fusion-builder-column-0{width:100% !important;margin-top : 0px;margin-bottom : 20px;}.fusion-builder-column-0 > .fusion-column-wrapper {padding-top : 0px !important;padding-right : 0px !important;margin-right : 1.92%;padding-bottom : 0px !important;padding-left : 0px !important;margin-left : 1.92%;}@media only screen and (max-width:1024px) {.fusion-body .fusion-builder-column-0{width:100% !important;order : 0;}.fusion-builder-column-0 > .fusion-column-wrapper {margin-right : 1.92%;margin-left : 1.92%;}}@media only screen and (max-width:640px) {.fusion-body .fusion-builder-column-0{width:100% !important;order : 0;}.fusion-builder-column-0 > .fusion-column-wrapper {margin-right : 1.92%;margin-left : 1.92%;}}<\/style><\/div><style type=\"text\/css\">.fusion-body .fusion-flex-container.fusion-builder-row-1{ padding-top : 0px;margin-top : 0px;padding-right : 0px;padding-bottom : 0px;margin-bottom : 0px;padding-left : 0px;}<\/style><\/div><div class=\"fusion-fullwidth fullwidth-box fusion-builder-row-2 fusion-flex-container nonhundred-percent-fullwidth non-hundred-percent-height-scrolling\" style=\"background-color: rgba(255,255,255,0);background-position: center center;background-repeat: no-repeat;border-width: 0px 0px 0px 0px;border-color:#eae9e9;border-style:solid;\" ><div class=\"fusion-builder-row fusion-row fusion-flex-align-items-flex-start fusion-flex-justify-content-center\" style=\"max-width:936px;margin-left: calc(-4% \/ 2 );margin-right: calc(-4% \/ 2 );\"><div class=\"fusion-layout-column fusion_builder_column fusion-builder-column-1 fusion_builder_column_1_6 1_6 fusion-flex-column\"><div class=\"fusion-column-wrapper fusion-flex-justify-content-flex-start fusion-content-layout-column\" style=\"background-position:left top;background-repeat:no-repeat;-webkit-background-size:cover;-moz-background-size:cover;-o-background-size:cover;background-size:cover;padding: 0px 0px 0px 0px;\"><div style=\"text-align:center;\"><span class=\" fusion-imageframe imageframe-none imageframe-2 hover-type-none\"><img decoding=\"async\" width=\"26\" image_height=\"36\" image_id=\"4647\" title=\"icon-pequeno_profissional_metas-carreira\" src=\"https:\/\/paginas.fe.up.pt\/~ipoint\/wp-content\/uploads\/2021\/02\/icon-pequeno_profissional_metas-carreira.png\" class=\"img-responsive wp-image-4647\"\/><\/span><\/div><div class=\"fusion-text fusion-text-2\"><p style=\"text-align: center;\"><strong>Estabelecer metas de carreira<\/strong><\/p>\n<\/div><\/div><\/div><style type=\"text\/css\">.fusion-body .fusion-builder-column-1{width:16.666666666667% !important;margin-top : 0px;margin-bottom : 20px;}.fusion-builder-column-1 > .fusion-column-wrapper {padding-top : 0px !important;padding-right : 0px !important;margin-right : 11.52%;padding-bottom : 0px !important;padding-left : 0px !important;margin-left : 11.52%;}@media only screen and (max-width:1024px) {.fusion-body .fusion-builder-column-1{width:100% !important;order : 0;}.fusion-builder-column-1 > .fusion-column-wrapper {margin-right : 1.92%;margin-left : 1.92%;}}@media only screen and (max-width:640px) {.fusion-body .fusion-builder-column-1{width:100% !important;order : 0;}.fusion-builder-column-1 > .fusion-column-wrapper {margin-right : 1.92%;margin-left : 1.92%;}}<\/style><div class=\"fusion-layout-column fusion_builder_column fusion-builder-column-2 fusion_builder_column_1_6 1_6 fusion-flex-column\"><div class=\"fusion-column-wrapper fusion-flex-justify-content-flex-start fusion-content-layout-column\" style=\"background-position:left top;background-repeat:no-repeat;-webkit-background-size:cover;-moz-background-size:cover;-o-background-size:cover;background-size:cover;padding: 0px 0px 0px 0px;\"><div style=\"text-align:center;\"><span class=\" fusion-imageframe imageframe-none imageframe-3 hover-type-none\"><img decoding=\"async\" width=\"26\" image_height=\"26\" image_id=\"4648\" title=\"icon-pequeno_profissional_equilibrio-pessoal\" src=\"https:\/\/paginas.fe.up.pt\/~ipoint\/wp-content\/uploads\/2021\/02\/icon-pequeno_profissional_equilibrio-pessoal.png\" class=\"img-responsive wp-image-4648\"\/><\/span><\/div><div class=\"fusion-text fusion-text-3\"><p style=\"text-align: center;\"><strong>Estabelecer um equil\u00edbrio trabalho\/vida pessoal<\/strong><\/p>\n<\/div><\/div><\/div><style type=\"text\/css\">.fusion-body .fusion-builder-column-2{width:16.666666666667% !important;margin-top : 0px;margin-bottom : 20px;}.fusion-builder-column-2 > .fusion-column-wrapper {padding-top : 0px !important;padding-right : 0px !important;margin-right : 11.52%;padding-bottom : 0px !important;padding-left : 0px !important;margin-left : 11.52%;}@media only screen and (max-width:1024px) {.fusion-body .fusion-builder-column-2{width:100% !important;order : 0;}.fusion-builder-column-2 > .fusion-column-wrapper {margin-right : 1.92%;margin-left : 1.92%;}}@media only screen and (max-width:640px) {.fusion-body .fusion-builder-column-2{width:100% !important;order : 0;}.fusion-builder-column-2 > .fusion-column-wrapper {margin-right : 1.92%;margin-left : 1.92%;}}<\/style><div class=\"fusion-layout-column fusion_builder_column fusion-builder-column-3 fusion_builder_column_1_6 1_6 fusion-flex-column\"><div class=\"fusion-column-wrapper fusion-flex-justify-content-flex-start fusion-content-layout-column\" style=\"background-position:left top;background-repeat:no-repeat;-webkit-background-size:cover;-moz-background-size:cover;-o-background-size:cover;background-size:cover;padding: 0px 0px 0px 0px;\"><div style=\"text-align:center;\"><span class=\" fusion-imageframe imageframe-none imageframe-4 hover-type-none\"><img decoding=\"async\" width=\"24\" image_height=\"29\" image_id=\"4649\" title=\"icon-pequeno_profissional_promover-inova\u00e7\u00e3o\" src=\"https:\/\/paginas.fe.up.pt\/~ipoint\/wp-content\/uploads\/2021\/02\/icon-pequeno_profissional_promover-inovacao.png\" class=\"img-responsive wp-image-4649\"\/><\/span><\/div><div class=\"fusion-text fusion-text-4\"><p style=\"text-align: center;\"><strong>Promover a Inova\u00e7\u00e3o e o Empreendedorismo<\/strong><\/p>\n<\/div><\/div><\/div><style type=\"text\/css\">.fusion-body .fusion-builder-column-3{width:16.666666666667% !important;margin-top : 0px;margin-bottom : 20px;}.fusion-builder-column-3 > .fusion-column-wrapper {padding-top : 0px !important;padding-right : 0px !important;margin-right : 11.52%;padding-bottom : 0px !important;padding-left : 0px !important;margin-left : 11.52%;}@media only screen and (max-width:1024px) {.fusion-body .fusion-builder-column-3{width:100% !important;order : 0;}.fusion-builder-column-3 > .fusion-column-wrapper {margin-right : 1.92%;margin-left : 1.92%;}}@media only screen and (max-width:640px) {.fusion-body .fusion-builder-column-3{width:100% !important;order : 0;}.fusion-builder-column-3 > .fusion-column-wrapper {margin-right : 1.92%;margin-left : 1.92%;}}<\/style><div class=\"fusion-layout-column fusion_builder_column fusion-builder-column-4 fusion_builder_column_1_6 1_6 fusion-flex-column\"><div class=\"fusion-column-wrapper fusion-flex-justify-content-flex-start fusion-content-layout-column\" style=\"background-position:left top;background-repeat:no-repeat;-webkit-background-size:cover;-moz-background-size:cover;-o-background-size:cover;background-size:cover;padding: 0px 0px 0px 0px;\"><div style=\"text-align:center;\"><span class=\" fusion-imageframe imageframe-none imageframe-5 hover-type-none\"><img decoding=\"async\" width=\"27\" image_height=\"28\" image_id=\"4650\" title=\"icon-pequeno_profissional_gestao-financeira\" src=\"https:\/\/paginas.fe.up.pt\/~ipoint\/wp-content\/uploads\/2021\/02\/icon-pequeno_profissional_gestao-financeira.png\" class=\"img-responsive wp-image-4650\"\/><\/span><\/div><div class=\"fusion-text fusion-text-5\"><p style=\"text-align: center;\"><strong>Obter orienta\u00e7\u00e3o na gest\u00e3o financeira<\/strong><\/p>\n<\/div><\/div><\/div><style type=\"text\/css\">.fusion-body .fusion-builder-column-4{width:16.666666666667% !important;margin-top : 0px;margin-bottom : 20px;}.fusion-builder-column-4 > .fusion-column-wrapper {padding-top : 0px !important;padding-right : 0px !important;margin-right : 11.52%;padding-bottom : 0px !important;padding-left : 0px !important;margin-left : 11.52%;}@media only screen and (max-width:1024px) {.fusion-body .fusion-builder-column-4{width:100% !important;order : 0;}.fusion-builder-column-4 > .fusion-column-wrapper {margin-right : 1.92%;margin-left : 1.92%;}}@media only screen and (max-width:640px) {.fusion-body .fusion-builder-column-4{width:100% !important;order : 0;}.fusion-builder-column-4 > .fusion-column-wrapper {margin-right : 1.92%;margin-left : 1.92%;}}<\/style><\/div><style type=\"text\/css\">.fusion-body .fusion-flex-container.fusion-builder-row-2{ padding-top : 0px;margin-top : 0px;padding-right : 0px;padding-bottom : 0px;margin-bottom : 0px;padding-left : 0px;}<\/style><\/div><div class=\"fusion-fullwidth fullwidth-box fusion-builder-row-3 fusion-flex-container nonhundred-percent-fullwidth non-hundred-percent-height-scrolling\" style=\"background-color: rgba(255,255,255,0);background-position: center center;background-repeat: no-repeat;border-width: 0px 0px 0px 0px;border-color:#eae9e9;border-style:solid;\" ><div class=\"fusion-builder-row fusion-row fusion-flex-align-items-flex-start\" style=\"max-width:936px;margin-left: calc(-4% \/ 2 );margin-right: calc(-4% \/ 2 );\"><div class=\"fusion-layout-column fusion_builder_column fusion-builder-column-5 fusion_builder_column_1_1 1_1 fusion-flex-column\"><div class=\"fusion-column-wrapper fusion-flex-justify-content-flex-start fusion-content-layout-column\" style=\"background-position:left top;background-repeat:no-repeat;-webkit-background-size:cover;-moz-background-size:cover;-o-background-size:cover;background-size:cover;padding: 0px 0px 0px 0px;\"><div class=\"fusion-text fusion-text-6\"><p style=\"text-align: center;\">Consulta as sugest\u00f5es que te deixamos sobre: Trabalhar Passo-a-Passo, Finan\u00e7as, Gest\u00e3o de Carreira e Empreendedorismo e conquista o teu bem-estar profissional!<\/p>\n<\/div><\/div><\/div><style type=\"text\/css\">.fusion-body .fusion-builder-column-5{width:100% !important;margin-top : 0px;margin-bottom : 20px;}.fusion-builder-column-5 > .fusion-column-wrapper {padding-top : 0px !important;padding-right : 0px !important;margin-right : 1.92%;padding-bottom : 0px !important;padding-left : 0px !important;margin-left : 1.92%;}@media only screen and (max-width:1024px) {.fusion-body .fusion-builder-column-5{width:100% !important;order : 0;}.fusion-builder-column-5 > .fusion-column-wrapper {margin-right : 1.92%;margin-left : 1.92%;}}@media only screen and (max-width:640px) {.fusion-body .fusion-builder-column-5{width:100% !important;order : 0;}.fusion-builder-column-5 > .fusion-column-wrapper {margin-right : 1.92%;margin-left : 1.92%;}}<\/style><\/div><style type=\"text\/css\">.fusion-body .fusion-flex-container.fusion-builder-row-3{ padding-top : 0px;margin-top : 0px;padding-right : 0px;padding-bottom : 0px;margin-bottom : 0px;padding-left : 0px;}<\/style><\/div><div class=\"fusion-fullwidth fullwidth-box fusion-builder-row-4 nonhundred-percent-fullwidth non-hundred-percent-height-scrolling fusion-equal-height-columns\" style=\"background-color: rgba(255,255,255,0);background-position: center center;background-repeat: no-repeat;padding-top:0px;padding-right:0px;padding-bottom:0px;padding-left:0px;margin-bottom: 0px;margin-top: 0px;border-width: 0px 0px 0px 0px;border-color:#eae9e9;border-style:solid;\" ><div class=\"fusion-builder-row fusion-row\"><div class=\"fusion-layout-column fusion_builder_column fusion-builder-column-6 fusion_builder_column_1_1 1_1 fusion-one-full fusion-column-first fusion-column-last fusion-column-no-min-height\" style=\"margin-top:0px;margin-bottom:20px;\"><div class=\"fusion-column-wrapper fusion-flex-column-wrapper-legacy\" style=\"background-position:left top;background-repeat:no-repeat;-webkit-background-size:cover;-moz-background-size:cover;-o-background-size:cover;background-size:cover;padding: 0px 0px 0px 0px;\"><div class=\"fusion-column-content-centered\"><div class=\"fusion-column-content\">\r\n    <div class=\"element-items\">\r\n        <div class=\"item-carousel\" style=\"margin: 10px;\">\r\n            <a href=\"https:\/\/paginas.fe.up.pt\/~ipoint\/bem-estar\/profissional\/trabalhar-passo-a-passo\/\">\r\n                <img decoding=\"async\" src=\"https:\/\/fe.up.pt\/ipoint\/wp-content\/uploads\/2021\/01\/trabalho_400x400px.jpg\" alt=\"\">\r\n            <\/a>\r\n            <span class=\"title-carousel\">\r\n\r\n                TRABALHAR: PASSO-A-PASSO\r\n            <\/span>\r\n            <div class=\"intro-carousel\">\r\n                            <\/div>\r\n        <\/div>\r\n        <div class=\"item-carousel\" style=\" margin: 10px;\">\r\n            <a href=\"https:\/\/paginas.fe.up.pt\/~ipoint\/bem-estar\/profissional\/financas\/\">\r\n                <img decoding=\"async\" src=\"https:\/\/fe.up.pt\/ipoint\/wp-content\/uploads\/2021\/01\/financas_400x400px-1.jpg\" alt=\"\">\r\n            <\/a>\r\n            <span class=\"title-carousel\">\r\n\r\n                Finan\u00e7as\r\n            <\/span>\r\n            <div class=\"intro-carousel\">\r\n                            <\/div>\r\n        <\/div>\r\n        <div class=\"item-carousel\" style=\" margin: 10px;\">\r\n            <a href=\"https:\/\/paginas.fe.up.pt\/~ipoint\/bem-estar\/profissional\/gestao-de-carreira\/\">\r\n                <img decoding=\"async\" src=\"https:\/\/fe.up.pt\/ipoint\/wp-content\/uploads\/2021\/01\/carreira_400x400px-1.jpg\" alt=\"\">\r\n            <\/a>\r\n            <span class=\"title-carousel\">\r\n\r\n                Gest\u00e3o de Carreira\r\n            <\/span>\r\n            <div class=\"intro-carousel\">\r\n                            <\/div>\r\n        <\/div>\r\n        <div class=\"item-carousel\" style=\" margin: 10px;\">\r\n            <a href=\"https:\/\/paginas.fe.up.pt\/~ipoint\/bem-estar\/profissional\/empreendedorismo\/\">\r\n                <img decoding=\"async\" src=\"https:\/\/fe.up.pt\/ipoint\/wp-content\/uploads\/2021\/01\/empreendorismo_400x400px.jpg\" alt=\"\">\r\n            <\/a>\r\n            <span class=\"title-carousel\">\r\n\r\n                Empreendedorismo\r\n            <\/span>\r\n            <div class=\"intro-carousel\">\r\n                            <\/div>\r\n        <\/div>\r\n\r\n    <\/div>\r\n\r\n\r\n\n<\/div><\/div><div class=\"fusion-clearfix\"><\/div><\/div><\/div><\/div><\/div><\/p>\n","protected":false},"excerpt":{"rendered":"","protected":false},"author":1,"featured_media":0,"parent":3468,"menu_order":0,"comment_status":"closed","ping_status":"closed","template":"100-width.php","meta":{"footnotes":"","_wp_rev_ctl_limit":""},"acf":{"trabalhar":{"titulo":"Trabalhar: Passo-a-passo","intro":"","imagem":"https:\/\/fe.up.pt\/ipoint\/wp-content\/uploads\/2021\/01\/trabalho_400x400px.jpg","link":"https:\/\/paginas.fe.up.pt\/~ipoint\/bem-estar\/profissional\/trabalhar-passo-a-passo\/"},"financas":{"titulo":"Finan\u00e7as","intro":"","imagem":"https:\/\/fe.up.pt\/ipoint\/wp-content\/uploads\/2021\/01\/financas_400x400px-1.jpg","link":"https:\/\/paginas.fe.up.pt\/~ipoint\/bem-estar\/profissional\/financas\/"},"gestao_carreira":{"titulo":"Gest\u00e3o de Carreira","imagem":"https:\/\/fe.up.pt\/ipoint\/wp-content\/uploads\/2021\/01\/carreira_400x400px-1.jpg","intro":"","link":"https:\/\/paginas.fe.up.pt\/~ipoint\/bem-estar\/profissional\/gestao-de-carreira\/"},"empreendedorismo":{"titulo":"Empreendedorismo","intro":"","imagem":"https:\/\/fe.up.pt\/ipoint\/wp-content\/uploads\/2021\/01\/empreendorismo_400x400px.jpg","link":"https:\/\/paginas.fe.up.pt\/~ipoint\/bem-estar\/profissional\/empreendedorismo\/"}},"_links":{"self":[{"href":"https:\/\/fe.up.pt\/ipoint\/wp-json\/wp\/v2\/pages\/3493"}],"collection":[{"href":"https:\/\/fe.up.pt\/ipoint\/wp-json\/wp\/v2\/pages"}],"about":[{"href":"https:\/\/fe.up.pt\/ipoint\/wp-json\/wp\/v2\/types\/page"}],"author":[{"embeddable":true,"href":"https:\/\/fe.up.pt\/ipoint\/wp-json\/wp\/v2\/users\/1"}],"replies":[{"embeddable":true,"href":"https:\/\/fe.up.pt\/ipoint\/wp-json\/wp\/v2\/comments?post=3493"}],"version-history":[{"count":0,"href":"https:\/\/fe.up.pt\/ipoint\/wp-json\/wp\/v2\/pages\/3493\/revisions"}],"up":[{"embeddable":true,"href":"https:\/\/fe.up.pt\/ipoint\/wp-json\/wp\/v2\/pages\/3468"}],"wp:attachment":[{"href":"https:\/\/fe.up.pt\/ipoint\/wp-json\/wp\/v2\/media?parent=3493"}],"curies":[{"name":"wp","href":"https:\/\/api.w.org\/{rel}","templated":true}]}}