{"id":3488,"date":"2020-08-03T08:11:47","date_gmt":"2020-08-03T08:11:47","guid":{"rendered":"https:\/\/paginas.fe.up.pt\/~ipoint\/?page_id=3488"},"modified":"2021-02-08T10:21:30","modified_gmt":"2021-02-08T10:21:30","slug":"individual","status":"publish","type":"page","link":"https:\/\/fe.up.pt\/ipoint\/bem-estar\/individual\/","title":{"rendered":"Individual"},"content":{"rendered":"<p><div class=\"fusion-fullwidth fullwidth-box fusion-builder-row-1 fusion-flex-container nonhundred-percent-fullwidth non-hundred-percent-height-scrolling\" style=\"background-color: rgba(255,255,255,0);background-position: center center;background-repeat: no-repeat;border-width: 0px 0px 0px 0px;border-color:#eae9e9;border-style:solid;\" ><div class=\"fusion-builder-row fusion-row fusion-flex-align-items-flex-start\" style=\"max-width:936px;margin-left: calc(-4% \/ 2 );margin-right: calc(-4% \/ 2 );\"><div class=\"fusion-layout-column fusion_builder_column fusion-builder-column-0 fusion_builder_column_1_1 1_1 fusion-flex-column\"><div class=\"fusion-column-wrapper fusion-flex-justify-content-flex-start fusion-content-layout-column\" style=\"background-position:left top;background-repeat:no-repeat;-webkit-background-size:cover;-moz-background-size:cover;-o-background-size:cover;background-size:cover;padding: 0px 0px 0px 0px;\"><div style=\"text-align:center;\"><span class=\" fusion-imageframe imageframe-none imageframe-1 hover-type-none\"><img decoding=\"async\" width=\"72\" image_height=\"91\" image_id=\"4598\" title=\"icon_bem-estar-individual\" src=\"https:\/\/paginas.fe.up.pt\/~ipoint\/wp-content\/uploads\/2021\/01\/icon_bem-estar-individual.png\" class=\"img-responsive wp-image-4598\"\/><\/span><\/div><style type=\"text\/css\">@media only screen and (max-width:1024px) {.fusion-title.fusion-title-1{margin-top:0px!important;margin-bottom:31px!important;}}@media only screen and (max-width:640px) {.fusion-title.fusion-title-1{margin-top:10px!important;margin-bottom:10px!important;}}<\/style><div class=\"fusion-title title fusion-title-1 fusion-sep-none fusion-title-center fusion-title-text fusion-title-size-two\" style=\"margin-top:0px;margin-bottom:31px;\"><h2 class=\"title-heading-center\" style=\"margin:0;\">Bem-estar Individual<\/h2><\/div><div class=\"fusion-text fusion-text-1\"><p>O Bem-estar Individual est\u00e1 relacionado com os pensamentos e comportamentos que tens contigo e com os outros. Este bem-estar permite que explores os teus sentimentos, sejam eles positivos ou negativos, e apoia-te para que possas lidar com mudan\u00e7as na tua vida e com momentos dif\u00edceis de adapta\u00e7\u00e3o, exclus\u00e3o ou mesmo de viol\u00eancia.<\/p>\n<p>Esta dimens\u00e3o apoia-te no encontro contigo e na amplitude e capacidade de te conheceres a ti para que possas compreender e aceitar o outro.<\/p>\n<p>O Bem-estar individual livra-te de preconceitos e julgamentos e permite-te aceitar situa\u00e7\u00f5es adversas, reconhecendo bem os teus limites.<\/p>\n<p>Formas de melhorar o bem-estar individual incluem:<\/p>\n<\/div><\/div><\/div><style type=\"text\/css\">.fusion-body .fusion-builder-column-0{width:100% !important;margin-top : 0px;margin-bottom : 20px;}.fusion-builder-column-0 > .fusion-column-wrapper {padding-top : 0px !important;padding-right : 0px !important;margin-right : 1.92%;padding-bottom : 0px !important;padding-left : 0px !important;margin-left : 1.92%;}@media only screen and (max-width:1024px) {.fusion-body .fusion-builder-column-0{width:100% !important;order : 0;}.fusion-builder-column-0 > .fusion-column-wrapper {margin-right : 1.92%;margin-left : 1.92%;}}@media only screen and (max-width:640px) {.fusion-body .fusion-builder-column-0{width:100% !important;order : 0;}.fusion-builder-column-0 > .fusion-column-wrapper {margin-right : 1.92%;margin-left : 1.92%;}}<\/style><\/div><style type=\"text\/css\">.fusion-body .fusion-flex-container.fusion-builder-row-1{ padding-top : 0px;margin-top : 0px;padding-right : 0px;padding-bottom : 0px;margin-bottom : 0px;padding-left : 0px;}<\/style><\/div><div class=\"fusion-fullwidth fullwidth-box fusion-builder-row-2 fusion-flex-container nonhundred-percent-fullwidth non-hundred-percent-height-scrolling\" style=\"background-color: rgba(255,255,255,0);background-position: center center;background-repeat: no-repeat;border-width: 0px 0px 0px 0px;border-color:#eae9e9;border-style:solid;\" ><div class=\"fusion-builder-row fusion-row fusion-flex-align-items-flex-start fusion-flex-justify-content-center\" style=\"max-width:936px;margin-left: calc(-4% \/ 2 );margin-right: calc(-4% \/ 2 );\"><div class=\"fusion-layout-column fusion_builder_column fusion-builder-column-1 fusion_builder_column_1_6 1_6 fusion-flex-column\"><div class=\"fusion-column-wrapper fusion-flex-justify-content-flex-start fusion-content-layout-column\" style=\"background-position:left top;background-repeat:no-repeat;-webkit-background-size:cover;-moz-background-size:cover;-o-background-size:cover;background-size:cover;padding: 0px 0px 0px 0px;\"><div style=\"text-align:center;\"><span class=\" fusion-imageframe imageframe-none imageframe-2 hover-type-none\"><img decoding=\"async\" width=\"26\" image_height=\"35\" image_id=\"4633\" title=\"icon-pequeno_individual_conhecer-cultura\" src=\"https:\/\/paginas.fe.up.pt\/~ipoint\/wp-content\/uploads\/2021\/02\/icon-pequeno_individual_conhecer-cultura.png\" class=\"img-responsive wp-image-4633\"\/><\/span><\/div><div class=\"fusion-text fusion-text-2\"><p style=\"text-align: center;\"><strong>Conhecer a pr\u00f3pria cultura<\/strong><\/p>\n<\/div><\/div><\/div><style type=\"text\/css\">.fusion-body .fusion-builder-column-1{width:16.666666666667% !important;margin-top : 0px;margin-bottom : 20px;}.fusion-builder-column-1 > .fusion-column-wrapper {padding-top : 0px !important;padding-right : 0px !important;margin-right : 11.52%;padding-bottom : 0px !important;padding-left : 0px !important;margin-left : 11.52%;}@media only screen and (max-width:1024px) {.fusion-body .fusion-builder-column-1{width:100% !important;order : 0;}.fusion-builder-column-1 > .fusion-column-wrapper {margin-right : 1.92%;margin-left : 1.92%;}}@media only screen and (max-width:640px) {.fusion-body .fusion-builder-column-1{width:100% !important;order : 0;}.fusion-builder-column-1 > .fusion-column-wrapper {margin-right : 1.92%;margin-left : 1.92%;}}<\/style><div class=\"fusion-layout-column fusion_builder_column fusion-builder-column-2 fusion_builder_column_1_6 1_6 fusion-flex-column\"><div class=\"fusion-column-wrapper fusion-flex-justify-content-flex-start fusion-content-layout-column\" style=\"background-position:left top;background-repeat:no-repeat;-webkit-background-size:cover;-moz-background-size:cover;-o-background-size:cover;background-size:cover;padding: 0px 0px 0px 0px;\"><div style=\"text-align:center;\"><span class=\" fusion-imageframe imageframe-none imageframe-3 hover-type-none\"><img decoding=\"async\" width=\"32\" image_height=\"30\" image_id=\"4634\" title=\"icon-pequeno_individual_diversidade\" src=\"https:\/\/paginas.fe.up.pt\/~ipoint\/wp-content\/uploads\/2021\/02\/icon-pequeno_individual_diversidade.png\" class=\"img-responsive wp-image-4634\"\/><\/span><\/div><div class=\"fusion-text fusion-text-3\"><p style=\"text-align: center;\"><strong>Reconhecer a diversidade<\/strong><\/p>\n<\/div><\/div><\/div><style type=\"text\/css\">.fusion-body .fusion-builder-column-2{width:16.666666666667% !important;margin-top : 0px;margin-bottom : 20px;}.fusion-builder-column-2 > .fusion-column-wrapper {padding-top : 0px !important;padding-right : 0px !important;margin-right : 11.52%;padding-bottom : 0px !important;padding-left : 0px !important;margin-left : 11.52%;}@media only screen and (max-width:1024px) {.fusion-body .fusion-builder-column-2{width:100% !important;order : 0;}.fusion-builder-column-2 > .fusion-column-wrapper {margin-right : 1.92%;margin-left : 1.92%;}}@media only screen and (max-width:640px) {.fusion-body .fusion-builder-column-2{width:100% !important;order : 0;}.fusion-builder-column-2 > .fusion-column-wrapper {margin-right : 1.92%;margin-left : 1.92%;}}<\/style><div class=\"fusion-layout-column fusion_builder_column fusion-builder-column-3 fusion_builder_column_1_6 1_6 fusion-flex-column\"><div class=\"fusion-column-wrapper fusion-flex-justify-content-flex-start fusion-content-layout-column\" style=\"background-position:left top;background-repeat:no-repeat;-webkit-background-size:cover;-moz-background-size:cover;-o-background-size:cover;background-size:cover;padding: 0px 0px 0px 0px;\"><div style=\"text-align:center;\"><span class=\" fusion-imageframe imageframe-none imageframe-4 hover-type-none\"><img decoding=\"async\" width=\"32\" image_height=\"30\" image_id=\"4635\" title=\"icon-pequeno_individual_discrimina\u00e7\u00e3o\" src=\"https:\/\/paginas.fe.up.pt\/~ipoint\/wp-content\/uploads\/2021\/02\/icon-pequeno_individual_discriminacao.png\" class=\"img-responsive wp-image-4635\"\/><\/span><\/div><div class=\"fusion-text fusion-text-4\"><p style=\"text-align: center;\"><strong>Rejeitar a discrimina\u00e7\u00e3o<\/strong><\/p>\n<\/div><\/div><\/div><style type=\"text\/css\">.fusion-body .fusion-builder-column-3{width:16.666666666667% !important;margin-top : 0px;margin-bottom : 20px;}.fusion-builder-column-3 > .fusion-column-wrapper {padding-top : 0px !important;padding-right : 0px !important;margin-right : 11.52%;padding-bottom : 0px !important;padding-left : 0px !important;margin-left : 11.52%;}@media only screen and (max-width:1024px) {.fusion-body .fusion-builder-column-3{width:100% !important;order : 0;}.fusion-builder-column-3 > .fusion-column-wrapper {margin-right : 1.92%;margin-left : 1.92%;}}@media only screen and (max-width:640px) {.fusion-body .fusion-builder-column-3{width:100% !important;order : 0;}.fusion-builder-column-3 > .fusion-column-wrapper {margin-right : 1.92%;margin-left : 1.92%;}}<\/style><div class=\"fusion-layout-column fusion_builder_column fusion-builder-column-4 fusion_builder_column_1_6 1_6 fusion-flex-column\"><div class=\"fusion-column-wrapper fusion-flex-justify-content-flex-start fusion-content-layout-column\" style=\"background-position:left top;background-repeat:no-repeat;-webkit-background-size:cover;-moz-background-size:cover;-o-background-size:cover;background-size:cover;padding: 0px 0px 0px 0px;\"><div style=\"text-align:center;\"><span class=\" fusion-imageframe imageframe-none imageframe-5 hover-type-none\"><img decoding=\"async\" width=\"44\" image_height=\"25\" image_id=\"4636\" title=\"icon-pequeno_individual_prevenir-violencia\" src=\"https:\/\/paginas.fe.up.pt\/~ipoint\/wp-content\/uploads\/2021\/02\/icon-pequeno_individual_prevenir-violencia.png\" class=\"img-responsive wp-image-4636\"\/><\/span><\/div><div class=\"fusion-text fusion-text-5\"><p style=\"text-align: center;\"><strong>Prevenir a viol\u00eancia<\/strong><\/p>\n<\/div><\/div><\/div><style type=\"text\/css\">.fusion-body .fusion-builder-column-4{width:16.666666666667% !important;margin-top : 0px;margin-bottom : 20px;}.fusion-builder-column-4 > .fusion-column-wrapper {padding-top : 0px !important;padding-right : 0px !important;margin-right : 11.52%;padding-bottom : 0px !important;padding-left : 0px !important;margin-left : 11.52%;}@media only screen and (max-width:1024px) {.fusion-body .fusion-builder-column-4{width:100% !important;order : 0;}.fusion-builder-column-4 > .fusion-column-wrapper {margin-right : 1.92%;margin-left : 1.92%;}}@media only screen and (max-width:640px) {.fusion-body .fusion-builder-column-4{width:100% !important;order : 0;}.fusion-builder-column-4 > .fusion-column-wrapper {margin-right : 1.92%;margin-left : 1.92%;}}<\/style><div class=\"fusion-layout-column fusion_builder_column fusion-builder-column-5 fusion_builder_column_1_6 1_6 fusion-flex-column\"><div class=\"fusion-column-wrapper fusion-flex-justify-content-flex-start fusion-content-layout-column\" style=\"background-position:left top;background-repeat:no-repeat;-webkit-background-size:cover;-moz-background-size:cover;-o-background-size:cover;background-size:cover;padding: 0px 0px 0px 0px;\"><div style=\"text-align:center;\"><span class=\" fusion-imageframe imageframe-none imageframe-6 hover-type-none\"><img decoding=\"async\" width=\"31\" image_height=\"27\" image_id=\"4637\" title=\"icon-pequeno_individual_procurar-apoio\" src=\"https:\/\/paginas.fe.up.pt\/~ipoint\/wp-content\/uploads\/2021\/02\/icon-pequeno_individual_procurar-apoio.png\" class=\"img-responsive wp-image-4637\"\/><\/span><\/div><div class=\"fusion-text fusion-text-6\"><p style=\"text-align: center;\"><strong>Procurar apoio sempre que necess\u00e1rio<\/strong><\/p>\n<\/div><\/div><\/div><style type=\"text\/css\">.fusion-body .fusion-builder-column-5{width:16.666666666667% !important;margin-top : 0px;margin-bottom : 20px;}.fusion-builder-column-5 > .fusion-column-wrapper {padding-top : 0px !important;padding-right : 0px !important;margin-right : 11.52%;padding-bottom : 0px !important;padding-left : 0px !important;margin-left : 11.52%;}@media only screen and (max-width:1024px) {.fusion-body .fusion-builder-column-5{width:100% !important;order : 0;}.fusion-builder-column-5 > .fusion-column-wrapper {margin-right : 1.92%;margin-left : 1.92%;}}@media only screen and (max-width:640px) {.fusion-body .fusion-builder-column-5{width:100% !important;order : 0;}.fusion-builder-column-5 > .fusion-column-wrapper {margin-right : 1.92%;margin-left : 1.92%;}}<\/style><\/div><style type=\"text\/css\">.fusion-body .fusion-flex-container.fusion-builder-row-2{ padding-top : 0px;margin-top : 0px;padding-right : 0px;padding-bottom : 0px;margin-bottom : 0px;padding-left : 0px;}<\/style><\/div><div class=\"fusion-fullwidth fullwidth-box fusion-builder-row-3 fusion-flex-container nonhundred-percent-fullwidth non-hundred-percent-height-scrolling\" style=\"background-color: rgba(255,255,255,0);background-position: center center;background-repeat: no-repeat;border-width: 0px 0px 0px 0px;border-color:#eae9e9;border-style:solid;\" ><div class=\"fusion-builder-row fusion-row fusion-flex-align-items-flex-start\" style=\"max-width:936px;margin-left: calc(-4% \/ 2 );margin-right: calc(-4% \/ 2 );\"><div class=\"fusion-layout-column fusion_builder_column fusion-builder-column-6 fusion_builder_column_1_1 1_1 fusion-flex-column\"><div class=\"fusion-column-wrapper fusion-flex-justify-content-flex-start fusion-content-layout-column\" style=\"background-position:left top;background-repeat:no-repeat;-webkit-background-size:cover;-moz-background-size:cover;-o-background-size:cover;background-size:cover;padding: 0px 0px 0px 0px;\"><div class=\"fusion-text fusion-text-7\"><p style=\"text-align: center;\">Consulta as sugest\u00f5es que te deixamos sobre: Apoio Psicol\u00f3gico e Social, Choque Cultural, Igualdade de G\u00e9nero e LGBT+, Combate \u00e0 Xenofobia, Preven\u00e7\u00e3o da Viol\u00eancia e conquista o teu bem-estar individual!<\/p>\n<\/div><\/div><\/div><style type=\"text\/css\">.fusion-body .fusion-builder-column-6{width:100% !important;margin-top : 0px;margin-bottom : 20px;}.fusion-builder-column-6 > .fusion-column-wrapper {padding-top : 0px !important;padding-right : 0px !important;margin-right : 1.92%;padding-bottom : 0px !important;padding-left : 0px !important;margin-left : 1.92%;}@media only screen and (max-width:1024px) {.fusion-body .fusion-builder-column-6{width:100% !important;order : 0;}.fusion-builder-column-6 > .fusion-column-wrapper {margin-right : 1.92%;margin-left : 1.92%;}}@media only screen and (max-width:640px) {.fusion-body .fusion-builder-column-6{width:100% !important;order : 0;}.fusion-builder-column-6 > .fusion-column-wrapper {margin-right : 1.92%;margin-left : 1.92%;}}<\/style><\/div><style type=\"text\/css\">.fusion-body .fusion-flex-container.fusion-builder-row-3{ padding-top : 0px;margin-top : 0px;padding-right : 0px;padding-bottom : 0px;margin-bottom : 0px;padding-left : 0px;}<\/style><\/div><div class=\"fusion-fullwidth fullwidth-box fusion-builder-row-4 nonhundred-percent-fullwidth non-hundred-percent-height-scrolling fusion-equal-height-columns\" style=\"background-color: rgba(255,255,255,0);background-position: center center;background-repeat: no-repeat;padding-top:0px;padding-right:0px;padding-bottom:0px;padding-left:0px;margin-bottom: 0px;margin-top: 0px;border-width: 0px 0px 0px 0px;border-color:#eae9e9;border-style:solid;\" ><div class=\"fusion-builder-row fusion-row\"><div class=\"fusion-layout-column fusion_builder_column fusion-builder-column-7 fusion_builder_column_1_1 1_1 fusion-one-full fusion-column-first fusion-column-last fusion-column-no-min-height\" style=\"margin-top:0px;margin-bottom:20px;\"><div class=\"fusion-column-wrapper fusion-flex-column-wrapper-legacy\" style=\"background-position:left top;background-repeat:no-repeat;-webkit-background-size:cover;-moz-background-size:cover;-o-background-size:cover;background-size:cover;padding: 0px 0px 0px 0px;\"><div class=\"fusion-column-content-centered\"><div class=\"fusion-column-content\">\r\n    <div class=\"element-items\">\r\n        <div class=\"item-carousel\" style=\"margin: 10px;\">\r\n            <a href=\"https:\/\/paginas.fe.up.pt\/~ipoint\/bem-estar\/individual\/apoio-psicologico-e-social\/\">\r\n                <img decoding=\"async\" src=\"https:\/\/fe.up.pt\/ipoint\/wp-content\/uploads\/2021\/01\/apoio-psicologico_400x400px.jpg\" alt=\"\">\r\n            <\/a>\r\n            <span class=\"title-carousel\">\r\n\r\n                APOIO PSICOL\u00f3GICO E SOCIAL\r\n            <\/span>\r\n            <div class=\"intro-carousel\">\r\n                            <\/div>\r\n        <\/div>\r\n        <div class=\"item-carousel\" style=\" margin: 10px;\">\r\n            <a href=\"https:\/\/paginas.fe.up.pt\/~ipoint\/bem-estar\/individual\/choque-cultural\/\">\r\n                <img decoding=\"async\" src=\"https:\/\/fe.up.pt\/ipoint\/wp-content\/uploads\/2021\/01\/choque-cultural_400x400px.jpg\" alt=\"\">\r\n            <\/a>\r\n            <span class=\"title-carousel\">\r\n\r\n                Choque Cultural\r\n            <\/span>\r\n            <div class=\"intro-carousel\">\r\n                            <\/div>\r\n        <\/div>\r\n        <div class=\"item-carousel\" style=\" margin: 10px;\">\r\n            <a href=\"https:\/\/paginas.fe.up.pt\/~ipoint\/bem-estar\/individual\/igualdade-de-genero-e-lgbt\/\">\r\n                <img decoding=\"async\" src=\"https:\/\/fe.up.pt\/ipoint\/wp-content\/uploads\/2021\/01\/LGBT_400x400px.jpg\" alt=\"\">\r\n            <\/a>\r\n            <span class=\"title-carousel\">\r\n\r\n                Igualdade de G\u00e9nero e LGBT+\r\n            <\/span>\r\n            <div class=\"intro-carousel\">\r\n                            <\/div>\r\n        <\/div>\r\n        <div class=\"item-carousel\" style=\" margin: 10px;\">\r\n            <a href=\"https:\/\/paginas.fe.up.pt\/~ipoint\/bem-estar\/individual\/combate-a-xenofobia\/\">\r\n                <img decoding=\"async\" src=\"https:\/\/fe.up.pt\/ipoint\/wp-content\/uploads\/2021\/01\/xenofobia_400x400px.jpg\" alt=\"\">\r\n            <\/a>\r\n            <span class=\"title-carousel\">\r\n\r\n                Combate \u00e0 Xenofobia\r\n            <\/span>\r\n            <div class=\"intro-carousel\">\r\n                            <\/div>\r\n        <\/div>\r\n        <div class=\"item-carousel\" style=\" margin: 10px;\">\r\n            <a href=\"https:\/\/paginas.fe.up.pt\/~ipoint\/bem-estar\/individual\/prevencao-da-violencia\/\">\r\n                <img decoding=\"async\" src=\"https:\/\/fe.up.pt\/ipoint\/wp-content\/uploads\/2021\/01\/violencia_400x400px.jpg\" alt=\"\">\r\n            <\/a>\r\n            <span class=\"title-carousel\">\r\n\r\n                Preven\u00e7\u00e3o da Viol\u00eancia\r\n            <\/span>\r\n            <div class=\"intro-carousel\">\r\n                            <\/div>\r\n        <\/div>\r\n    <\/div>\r\n\r\n\r\n\n<\/div><\/div><div class=\"fusion-clearfix\"><\/div><\/div><\/div><\/div><\/div><\/p>\n","protected":false},"excerpt":{"rendered":"","protected":false},"author":1,"featured_media":0,"parent":3468,"menu_order":0,"comment_status":"closed","ping_status":"closed","template":"100-width.php","meta":{"footnotes":"","_wp_rev_ctl_limit":""},"acf":{"apoio_psicologico":{"titulo":"Apoio Psicol\u00f3gico e Social","intro":"","imagem":"https:\/\/fe.up.pt\/ipoint\/wp-content\/uploads\/2021\/01\/apoio-psicologico_400x400px.jpg","link":"https:\/\/paginas.fe.up.pt\/~ipoint\/bem-estar\/individual\/apoio-psicologico-e-social\/"},"choque_cultura":{"titulo":"Choque Cultural","intro":"","imagem":"https:\/\/fe.up.pt\/ipoint\/wp-content\/uploads\/2021\/01\/choque-cultural_400x400px.jpg","link":"https:\/\/paginas.fe.up.pt\/~ipoint\/bem-estar\/individual\/choque-cultural\/"},"igualdade_de_genero":{"titulo":"Igualdade de G\u00e9nero e LGBT+","intro":"","imagem":"https:\/\/fe.up.pt\/ipoint\/wp-content\/uploads\/2021\/01\/LGBT_400x400px.jpg","link":"https:\/\/paginas.fe.up.pt\/~ipoint\/bem-estar\/individual\/igualdade-de-genero-e-lgbt\/"},"xenofobia":{"titulo":"Combate \u00e0 Xenofobia","intro":"","imagem":"https:\/\/fe.up.pt\/ipoint\/wp-content\/uploads\/2021\/01\/xenofobia_400x400px.jpg","link":"https:\/\/paginas.fe.up.pt\/~ipoint\/bem-estar\/individual\/combate-a-xenofobia\/"},"violencia":{"titulo":"Preven\u00e7\u00e3o da Viol\u00eancia","intro":"","imagem":"https:\/\/fe.up.pt\/ipoint\/wp-content\/uploads\/2021\/01\/violencia_400x400px.jpg","link":"https:\/\/paginas.fe.up.pt\/~ipoint\/bem-estar\/individual\/prevencao-da-violencia\/"}},"_links":{"self":[{"href":"https:\/\/fe.up.pt\/ipoint\/wp-json\/wp\/v2\/pages\/3488"}],"collection":[{"href":"https:\/\/fe.up.pt\/ipoint\/wp-json\/wp\/v2\/pages"}],"about":[{"href":"https:\/\/fe.up.pt\/ipoint\/wp-json\/wp\/v2\/types\/page"}],"author":[{"embeddable":true,"href":"https:\/\/fe.up.pt\/ipoint\/wp-json\/wp\/v2\/users\/1"}],"replies":[{"embeddable":true,"href":"https:\/\/fe.up.pt\/ipoint\/wp-json\/wp\/v2\/comments?post=3488"}],"version-history":[{"count":0,"href":"https:\/\/fe.up.pt\/ipoint\/wp-json\/wp\/v2\/pages\/3488\/revisions"}],"up":[{"embeddable":true,"href":"https:\/\/fe.up.pt\/ipoint\/wp-json\/wp\/v2\/pages\/3468"}],"wp:attachment":[{"href":"https:\/\/fe.up.pt\/ipoint\/wp-json\/wp\/v2\/media?parent=3488"}],"curies":[{"name":"wp","href":"https:\/\/api.w.org\/{rel}","templated":true}]}}