{"id":3480,"date":"2020-08-03T08:09:23","date_gmt":"2020-08-03T08:09:23","guid":{"rendered":"https:\/\/paginas.fe.up.pt\/~ipoint\/?page_id=3480"},"modified":"2024-12-02T12:31:11","modified_gmt":"2024-12-02T12:31:11","slug":"gabinete-de-inovacao-pedagogica","status":"publish","type":"page","link":"https:\/\/fe.up.pt\/ipoint\/bem-estar\/intelectual\/gabinete-de-inovacao-pedagogica\/","title":{"rendered":"Gabinete de Inova\u00e7\u00e3o Pedag\u00f3gica"},"content":{"rendered":"<p><div class=\"fusion-fullwidth fullwidth-box fusion-builder-row-1 nonhundred-percent-fullwidth non-hundred-percent-height-scrolling\" style=\"background-color: rgba(255,255,255,0);background-position: left top;background-repeat: no-repeat;padding-top:20px;padding-right:0px;padding-bottom:20px;padding-left:0px;margin-bottom: 0px;margin-top: 0px;border-width: 0px 0px 0px 0px;border-color:#eae9e9;border-style:solid;\" ><div class=\"fusion-builder-row fusion-row\"><div class=\"fusion-layout-column fusion_builder_column fusion-builder-column-0 fusion_builder_column_1_1 1_1 fusion-one-full fusion-column-first fusion-column-last\" style=\"margin-top:0px;margin-bottom:20px;\"><div class=\"fusion-column-wrapper fusion-flex-column-wrapper-legacy\" style=\"background-position:left top;background-repeat:no-repeat;-webkit-background-size:cover;-moz-background-size:cover;-o-background-size:cover;background-size:cover;padding: 0px 0px 0px 0px;\"><div class=\"imageframe-align-center\"><span class=\" fusion-imageframe imageframe-none imageframe-1 hover-type-none\"><img decoding=\"async\" width=\"91\" image_height=\"85\" image_id=\"4605\" title=\"icon_LEA\" src=\"https:\/\/paginas.fe.up.pt\/~ipoint\/wp-content\/uploads\/2021\/01\/icon_LEA.png\" class=\"img-responsive wp-image-4605\"\/><\/span><\/div><style type=\"text\/css\"><\/style><div class=\"fusion-title title fusion-title-1 fusion-sep-none fusion-title-center fusion-title-text fusion-title-size-two\" style=\"margin-top:0px;margin-bottom:31px;\"><h2 class=\"title-heading-center\" style=\"margin:0;\">Gabinete de Inova\u00e7\u00e3o Pedag\u00f3gica<\/h2><\/div><div class=\"fusion-text fusion-text-1\"><blockquote>\n<p>&#8220;Ent\u00e3o vamos fazer o que \u00e9 certo, dedicar o melhor de nossos esfor\u00e7os para atingir o inating\u00edvel, desenvolver ao m\u00e1ximo os dons que Deus nos concedeu, e nunca parar de aprender.\u201d &#8211; Ludwig van Beethoven<\/p>\n<\/blockquote>\n<\/div><div class=\"fusion-clearfix\"><\/div><\/div><\/div><div class=\"fusion-layout-column fusion_builder_column fusion-builder-column-1 fusion_builder_column_1_1 1_1 fusion-one-full fusion-column-first fusion-column-last\" style=\"margin-top:0px;margin-bottom:20px;\"><div class=\"fusion-column-wrapper fusion-flex-column-wrapper-legacy\" style=\"background-position:left top;background-repeat:no-repeat;-webkit-background-size:cover;-moz-background-size:cover;-o-background-size:cover;background-size:cover;padding: 0px 0px 0px 0px;\"><div class=\"fusion-text fusion-text-2\"><p>O Gabinete de Inova\u00e7\u00e3o Pedag\u00f3gica (GIP) tem por miss\u00e3o a melhoria cont\u00ednua dos processos de ensino\/aprendizagem nos cursos, abrangendo os tr\u00eas ciclos de estudos e a forma\u00e7\u00e3o cont\u00ednua da FEUP, com o objetivo de promover o potencial acad\u00e9mico dos estudantes e docentes nas suas v\u00e1rias vertentes, com base numa cultura de ensino de excel\u00eancia.<\/p>\n<p>Mais informa\u00e7\u00e3o, <a href=\"https:\/\/sigarra.up.pt\/feup\/pt\/uni_geral.unidade_view?pv_unidade=912\" target=\"_blank\" rel=\"noopener\">aqui<\/a>.<\/p>\n<\/div><div class=\"fusion-clearfix\"><\/div><\/div><\/div><\/div><\/div><div class=\"fusion-fullwidth fullwidth-box fusion-builder-row-2 fusion-flex-container nonhundred-percent-fullwidth non-hundred-percent-height-scrolling\" style=\"background-color: rgba(255,255,255,0);background-position: center center;background-repeat: no-repeat;border-width: 0px 0px 0px 0px;border-color:#eae9e9;border-style:solid;\" ><div class=\"fusion-builder-row fusion-row fusion-flex-align-items-flex-start\" style=\"max-width:936px;margin-left: calc(-4% \/ 2 );margin-right: calc(-4% \/ 2 );\"><div class=\"fusion-layout-column fusion_builder_column fusion-builder-column-2 fusion_builder_column_1_3 1_3 fusion-flex-column fusion-column-inner-bg-wrapper\"><div class=\"fusion-column-wrapper fusion-flex-justify-content-flex-start fusion-content-layout-column\" style=\"padding: 0px 0px 0px 0px;\"><div ><span class=\" fusion-imageframe imageframe-none imageframe-2 hover-type-none\"><img decoding=\"async\" width=\"400\" image_height=\"400\" image_id=\"4098\" title=\"servicos-FEUP_400x400px\" src=\"https:\/\/paginas.fe.up.pt\/~ipoint\/wp-content\/uploads\/2021\/01\/servicos-FEUP_400x400px.jpg\" class=\"img-responsive wp-image-4098\" srcset=\"https:\/\/fe.up.pt\/ipoint\/wp-content\/uploads\/2021\/01\/servicos-FEUP_400x400px-200x200.jpg 200w, https:\/\/fe.up.pt\/ipoint\/wp-content\/uploads\/2021\/01\/servicos-FEUP_400x400px.jpg 400w\" sizes=\"(max-width: 1024px) 100vw, (max-width: 640px) 100vw, 400px\" \/><\/span><\/div><style type=\"text\/css\">@media only screen and (max-width:1024px) {.fusion-title.fusion-title-2{margin-top:0px!important;margin-bottom:31px!important;}}@media only screen and (max-width:640px) {.fusion-title.fusion-title-2{margin-top:10px!important;margin-bottom:10px!important;}}<\/style><div class=\"fusion-title title fusion-title-2 fusion-sep-none fusion-title-text fusion-title-size-three\" style=\"margin-top:0px;margin-bottom:31px;\"><h3 class=\"title-heading-left\" style=\"margin:0;\">SERVI\u00c7OS \u00daTEIS NA FEUP<\/h3><\/div><\/div><span class=\"fusion-column-inner-bg hover-type-none\"><a href=\"https:\/\/paginas.fe.up.pt\/~ipoint\/bem-estar\/intelectual\/servicos-uteis-na-feup\/\"><span class=\"fusion-column-inner-bg-image\" style=\"background-position:left top;background-repeat:no-repeat;-webkit-background-size:cover;-moz-background-size:cover;-o-background-size:cover;background-size:cover;\"><\/span><\/a><\/span><\/div><style type=\"text\/css\">.fusion-body .fusion-builder-column-2{width:33.333333333333% !important;margin-top : 0px;margin-bottom : 20px;}.fusion-builder-column-2 > .fusion-column-wrapper {padding-top : 0px !important;padding-right : 0px !important;margin-right : 5.76%;padding-bottom : 0px !important;padding-left : 0px !important;margin-left : 5.76%;}.fusion-flex-container .fusion-row .fusion-builder-column-2 > .fusion-column-inner-bg { margin-right:5.76%;margin-left:5.76%; }@media only screen and (max-width:1024px) {.fusion-body .fusion-builder-column-2{width:100% !important;order : 0;}.fusion-builder-column-2 > .fusion-column-wrapper {margin-right : 1.92%;margin-left : 1.92%;}.fusion-flex-container .fusion-row .fusion-builder-column-2 > .fusion-column-inner-bg { margin-right:1.92%;margin-left:1.92%; }}@media only screen and (max-width:640px) {.fusion-body .fusion-builder-column-2{width:100% !important;order : 0;}.fusion-builder-column-2 > .fusion-column-wrapper {margin-right : 1.92%;margin-left : 1.92%;}.fusion-flex-container .fusion-row .fusion-builder-column-2 > .fusion-column-inner-bg { margin-right:1.92%;margin-left:1.92%; }}<\/style><div class=\"fusion-layout-column fusion_builder_column fusion-builder-column-3 fusion_builder_column_1_3 1_3 fusion-flex-column fusion-column-inner-bg-wrapper\"><div class=\"fusion-column-wrapper fusion-flex-justify-content-flex-start fusion-content-layout-column\" style=\"padding: 0px 0px 0px 0px;\"><div ><span class=\" fusion-imageframe imageframe-none imageframe-3 hover-type-none\"><img decoding=\"async\" width=\"500\" image_height=\"500\" image_id=\"4097\" title=\"propriedade-intelectual_400x400px\" src=\"https:\/\/paginas.fe.up.pt\/~ipoint\/wp-content\/uploads\/2021\/01\/propriedade-intelectual_400x400px.jpg\" class=\"img-responsive wp-image-4097\" srcset=\"https:\/\/fe.up.pt\/ipoint\/wp-content\/uploads\/2021\/01\/propriedade-intelectual_400x400px-200x200.jpg 200w, https:\/\/fe.up.pt\/ipoint\/wp-content\/uploads\/2021\/01\/propriedade-intelectual_400x400px-400x400.jpg 400w, https:\/\/fe.up.pt\/ipoint\/wp-content\/uploads\/2021\/01\/propriedade-intelectual_400x400px.jpg 500w\" sizes=\"(max-width: 1024px) 100vw, (max-width: 640px) 100vw, 400px\" \/><\/span><\/div><style type=\"text\/css\">@media only screen and (max-width:1024px) {.fusion-title.fusion-title-3{margin-top:0px!important;margin-bottom:31px!important;}}@media only screen and (max-width:640px) {.fusion-title.fusion-title-3{margin-top:10px!important;margin-bottom:10px!important;}}<\/style><div class=\"fusion-title title fusion-title-3 fusion-sep-none fusion-title-text fusion-title-size-three\" style=\"margin-top:0px;margin-bottom:31px;\"><h3 class=\"title-heading-left\" style=\"margin:0;\">PROPRIEDADE INTELECTUAL<\/h3><\/div><\/div><span class=\"fusion-column-inner-bg hover-type-none\"><a href=\"https:\/\/paginas.fe.up.pt\/~ipoint\/bem-estar\/intelectual\/propriedade-intelectual\/\"><span class=\"fusion-column-inner-bg-image\" style=\"background-position:left top;background-repeat:no-repeat;-webkit-background-size:cover;-moz-background-size:cover;-o-background-size:cover;background-size:cover;\"><\/span><\/a><\/span><\/div><style type=\"text\/css\">.fusion-body .fusion-builder-column-3{width:33.333333333333% !important;margin-top : 0px;margin-bottom : 20px;}.fusion-builder-column-3 > .fusion-column-wrapper {padding-top : 0px !important;padding-right : 0px !important;margin-right : 5.76%;padding-bottom : 0px !important;padding-left : 0px !important;margin-left : 5.76%;}.fusion-flex-container .fusion-row .fusion-builder-column-3 > .fusion-column-inner-bg { margin-right:5.76%;margin-left:5.76%; }@media only screen and (max-width:1024px) {.fusion-body .fusion-builder-column-3{width:100% !important;order : 0;}.fusion-builder-column-3 > .fusion-column-wrapper {margin-right : 1.92%;margin-left : 1.92%;}.fusion-flex-container .fusion-row .fusion-builder-column-3 > .fusion-column-inner-bg { margin-right:1.92%;margin-left:1.92%; }}@media only screen and (max-width:640px) {.fusion-body .fusion-builder-column-3{width:100% !important;order : 0;}.fusion-builder-column-3 > .fusion-column-wrapper {margin-right : 1.92%;margin-left : 1.92%;}.fusion-flex-container .fusion-row .fusion-builder-column-3 > .fusion-column-inner-bg { margin-right:1.92%;margin-left:1.92%; }}<\/style><div class=\"fusion-layout-column fusion_builder_column fusion-builder-column-4 fusion_builder_column_1_3 1_3 fusion-flex-column fusion-column-inner-bg-wrapper\"><div class=\"fusion-column-wrapper fusion-flex-justify-content-flex-start fusion-content-layout-column\" style=\"padding: 0px 0px 0px 0px;\"><div ><span class=\" fusion-imageframe imageframe-none imageframe-4 hover-type-none\"><img decoding=\"async\" width=\"400\" image_height=\"400\" image_id=\"4095\" title=\"biblioteca_400x400px\" src=\"https:\/\/paginas.fe.up.pt\/~ipoint\/wp-content\/uploads\/2021\/01\/biblioteca_400x400px.jpg\" class=\"img-responsive wp-image-4095\" srcset=\"https:\/\/fe.up.pt\/ipoint\/wp-content\/uploads\/2021\/01\/biblioteca_400x400px-200x200.jpg 200w, https:\/\/fe.up.pt\/ipoint\/wp-content\/uploads\/2021\/01\/biblioteca_400x400px.jpg 400w\" sizes=\"(max-width: 1024px) 100vw, (max-width: 640px) 100vw, 400px\" \/><\/span><\/div><style type=\"text\/css\">@media only screen and (max-width:1024px) {.fusion-title.fusion-title-4{margin-top:0px!important;margin-bottom:31px!important;}}@media only screen and (max-width:640px) {.fusion-title.fusion-title-4{margin-top:10px!important;margin-bottom:10px!important;}}<\/style><div class=\"fusion-title title fusion-title-4 fusion-sep-none fusion-title-text fusion-title-size-three\" style=\"margin-top:0px;margin-bottom:31px;\"><h3 class=\"title-heading-left\" style=\"margin:0;\">BIBLIOTECAS<\/h3><\/div><\/div><span class=\"fusion-column-inner-bg hover-type-none\"><a href=\"https:\/\/paginas.fe.up.pt\/~ipoint\/bem-estar\/intelectual\/bibliotecas\/\"><span class=\"fusion-column-inner-bg-image\" style=\"background-position:left top;background-repeat:no-repeat;-webkit-background-size:cover;-moz-background-size:cover;-o-background-size:cover;background-size:cover;\"><\/span><\/a><\/span><\/div><style type=\"text\/css\">.fusion-body .fusion-builder-column-4{width:33.333333333333% !important;margin-top : 0px;margin-bottom : 20px;}.fusion-builder-column-4 > .fusion-column-wrapper {padding-top : 0px !important;padding-right : 0px !important;margin-right : 5.76%;padding-bottom : 0px !important;padding-left : 0px !important;margin-left : 5.76%;}.fusion-flex-container .fusion-row .fusion-builder-column-4 > .fusion-column-inner-bg { margin-right:5.76%;margin-left:5.76%; }@media only screen and (max-width:1024px) {.fusion-body .fusion-builder-column-4{width:100% !important;order : 0;}.fusion-builder-column-4 > .fusion-column-wrapper {margin-right : 1.92%;margin-left : 1.92%;}.fusion-flex-container .fusion-row .fusion-builder-column-4 > .fusion-column-inner-bg { margin-right:1.92%;margin-left:1.92%; }}@media only screen and (max-width:640px) {.fusion-body .fusion-builder-column-4{width:100% !important;order : 0;}.fusion-builder-column-4 > .fusion-column-wrapper {margin-right : 1.92%;margin-left : 1.92%;}.fusion-flex-container .fusion-row .fusion-builder-column-4 > .fusion-column-inner-bg { margin-right:1.92%;margin-left:1.92%; }}<\/style><\/div><style type=\"text\/css\">.fusion-body .fusion-flex-container.fusion-builder-row-2{ padding-top : 0px;margin-top : 0px;padding-right : 0px;padding-bottom : 0px;margin-bottom : 0px;padding-left : 0px;}<\/style><\/div><\/p>\n","protected":false},"excerpt":{"rendered":"","protected":false},"author":1,"featured_media":0,"parent":3478,"menu_order":0,"comment_status":"closed","ping_status":"closed","template":"100-width.php","meta":{"footnotes":"","_wp_rev_ctl_limit":""},"acf":false,"_links":{"self":[{"href":"https:\/\/fe.up.pt\/ipoint\/wp-json\/wp\/v2\/pages\/3480"}],"collection":[{"href":"https:\/\/fe.up.pt\/ipoint\/wp-json\/wp\/v2\/pages"}],"about":[{"href":"https:\/\/fe.up.pt\/ipoint\/wp-json\/wp\/v2\/types\/page"}],"author":[{"embeddable":true,"href":"https:\/\/fe.up.pt\/ipoint\/wp-json\/wp\/v2\/users\/1"}],"replies":[{"embeddable":true,"href":"https:\/\/fe.up.pt\/ipoint\/wp-json\/wp\/v2\/comments?post=3480"}],"version-history":[{"count":0,"href":"https:\/\/fe.up.pt\/ipoint\/wp-json\/wp\/v2\/pages\/3480\/revisions"}],"up":[{"embeddable":true,"href":"https:\/\/fe.up.pt\/ipoint\/wp-json\/wp\/v2\/pages\/3478"}],"wp:attachment":[{"href":"https:\/\/fe.up.pt\/ipoint\/wp-json\/wp\/v2\/media?parent=3480"}],"curies":[{"name":"wp","href":"https:\/\/api.w.org\/{rel}","templated":true}]}}