{"id":3478,"date":"2020-08-03T08:08:49","date_gmt":"2020-08-03T08:08:49","guid":{"rendered":"https:\/\/paginas.fe.up.pt\/~ipoint\/?page_id=3478"},"modified":"2022-04-27T14:31:51","modified_gmt":"2022-04-27T13:31:51","slug":"intelectual","status":"publish","type":"page","link":"https:\/\/fe.up.pt\/ipoint\/bem-estar\/intelectual\/","title":{"rendered":"Intelectual"},"content":{"rendered":"<p><div class=\"fusion-fullwidth fullwidth-box fusion-builder-row-1 fusion-flex-container nonhundred-percent-fullwidth non-hundred-percent-height-scrolling\" style=\"background-color: rgba(255,255,255,0);background-position: center center;background-repeat: no-repeat;border-width: 0px 0px 0px 0px;border-color:#eae9e9;border-style:solid;\" ><div class=\"fusion-builder-row fusion-row fusion-flex-align-items-flex-start\" style=\"max-width:936px;margin-left: calc(-4% \/ 2 );margin-right: calc(-4% \/ 2 );\"><div class=\"fusion-layout-column fusion_builder_column fusion-builder-column-0 fusion_builder_column_1_1 1_1 fusion-flex-column\"><div class=\"fusion-column-wrapper fusion-flex-justify-content-flex-start fusion-content-layout-column\" style=\"background-position:left top;background-repeat:no-repeat;-webkit-background-size:cover;-moz-background-size:cover;-o-background-size:cover;background-size:cover;padding: 0px 0px 0px 0px;\"><div style=\"text-align:center;\"><span class=\" fusion-imageframe imageframe-none imageframe-1 hover-type-none\"><img decoding=\"async\" width=\"94\" image_height=\"92\" image_id=\"4603\" title=\"icon_bem-estar-intectual\" src=\"https:\/\/paginas.fe.up.pt\/~ipoint\/wp-content\/uploads\/2021\/01\/icon_bem-estar-intectual.png\" class=\"img-responsive wp-image-4603\" srcset=\"https:\/\/fe.up.pt\/ipoint\/wp-content\/uploads\/2021\/01\/icon_bem-estar-intectual-66x66.png 66w, https:\/\/fe.up.pt\/ipoint\/wp-content\/uploads\/2021\/01\/icon_bem-estar-intectual.png 94w\" sizes=\"(max-width: 94px) 100vw, 94px\" \/><\/span><\/div><style type=\"text\/css\">@media only screen and (max-width:1024px) {.fusion-title.fusion-title-1{margin-top:0px!important;margin-bottom:31px!important;}}@media only screen and (max-width:640px) {.fusion-title.fusion-title-1{margin-top:10px!important;margin-bottom:10px!important;}}<\/style><div class=\"fusion-title title fusion-title-1 fusion-sep-none fusion-title-center fusion-title-text fusion-title-size-two\" style=\"margin-top:0px;margin-bottom:31px;\"><h2 class=\"title-heading-center\" style=\"margin:0;\">Bem-estar Intelectual<\/h2><\/div><div class=\"fusion-text fusion-text-1\"><p>O Bem-estar intelectual implica a participa\u00e7\u00e3o em atividades mentalmente estimulantes, atividades culturais, exerc\u00edcios de criatividade e outras a\u00e7\u00f5es que enrique\u00e7am e expandam o teu conhecimento. Assim como o corpo, tamb\u00e9m a mente precisa de exerc\u00edcio para que possas ampliar a tua vis\u00e3o do mundo.<\/p>\n<p>Esta dimens\u00e3o do bem-estar permite-te comprometer com a curiosidade, a aprendizagem ao longo da vida e consequentemente mant\u00e9m-te aberto para a novidade.<\/p>\n<p>Formas de melhorar o bem-estar intelectual incluem:<\/p>\n<\/div><\/div><\/div><style type=\"text\/css\">.fusion-body .fusion-builder-column-0{width:100% !important;margin-top : 0px;margin-bottom : 20px;}.fusion-builder-column-0 > .fusion-column-wrapper {padding-top : 0px !important;padding-right : 0px !important;margin-right : 1.92%;padding-bottom : 0px !important;padding-left : 0px !important;margin-left : 1.92%;}@media only screen and (max-width:1024px) {.fusion-body .fusion-builder-column-0{width:100% !important;order : 0;}.fusion-builder-column-0 > .fusion-column-wrapper {margin-right : 1.92%;margin-left : 1.92%;}}@media only screen and (max-width:640px) {.fusion-body .fusion-builder-column-0{width:100% !important;order : 0;}.fusion-builder-column-0 > .fusion-column-wrapper {margin-right : 1.92%;margin-left : 1.92%;}}<\/style><\/div><style type=\"text\/css\">.fusion-body .fusion-flex-container.fusion-builder-row-1{ padding-top : 0px;margin-top : 0px;padding-right : 0px;padding-bottom : 0px;margin-bottom : 0px;padding-left : 0px;}<\/style><\/div><div class=\"fusion-fullwidth fullwidth-box fusion-builder-row-2 fusion-flex-container nonhundred-percent-fullwidth non-hundred-percent-height-scrolling\" style=\"background-color: rgba(255,255,255,0);background-position: center center;background-repeat: no-repeat;border-width: 0px 0px 0px 0px;border-color:#eae9e9;border-style:solid;\" ><div class=\"fusion-builder-row fusion-row fusion-flex-align-items-center fusion-flex-justify-content-center\" style=\"max-width:936px;margin-left: calc(-4% \/ 2 );margin-right: calc(-4% \/ 2 );\"><div class=\"fusion-layout-column fusion_builder_column fusion-builder-column-1 fusion_builder_column_1_6 1_6 fusion-flex-column\"><div class=\"fusion-column-wrapper fusion-flex-justify-content-flex-start fusion-content-layout-column\" style=\"background-position:left top;background-repeat:no-repeat;-webkit-background-size:cover;-moz-background-size:cover;-o-background-size:cover;background-size:cover;padding: 0px 0px 0px 0px;\"><div style=\"text-align:center;\"><span class=\" fusion-imageframe imageframe-none imageframe-2 hover-type-none\"><img decoding=\"async\" width=\"30\" image_height=\"27\" image_id=\"4638\" title=\"icon-pequeno_intelectual_ideias-proprias\" src=\"https:\/\/paginas.fe.up.pt\/~ipoint\/wp-content\/uploads\/2021\/02\/icon-pequeno_intelectual_ideias-proprias.png\" class=\"img-responsive wp-image-4638\"\/><\/span><\/div><div class=\"fusion-text fusion-text-2\"><p style=\"text-align: center;\"><strong>Cultivar pontos de vista, opini\u00f5es e ideias pr\u00f3prias<\/strong><\/p>\n<\/div><\/div><\/div><style type=\"text\/css\">.fusion-body .fusion-builder-column-1{width:16.666666666667% !important;margin-top : 0px;margin-bottom : 20px;}.fusion-builder-column-1 > .fusion-column-wrapper {padding-top : 0px !important;padding-right : 0px !important;margin-right : 11.52%;padding-bottom : 0px !important;padding-left : 0px !important;margin-left : 11.52%;}@media only screen and (max-width:1024px) {.fusion-body .fusion-builder-column-1{width:100% !important;order : 0;}.fusion-builder-column-1 > .fusion-column-wrapper {margin-right : 1.92%;margin-left : 1.92%;}}@media only screen and (max-width:640px) {.fusion-body .fusion-builder-column-1{width:100% !important;order : 0;}.fusion-builder-column-1 > .fusion-column-wrapper {margin-right : 1.92%;margin-left : 1.92%;}}<\/style><div class=\"fusion-layout-column fusion_builder_column fusion-builder-column-2 fusion_builder_column_1_6 1_6 fusion-flex-column\"><div class=\"fusion-column-wrapper fusion-flex-justify-content-flex-start fusion-content-layout-column\" style=\"background-position:left top;background-repeat:no-repeat;-webkit-background-size:cover;-moz-background-size:cover;-o-background-size:cover;background-size:cover;padding: 0px 0px 0px 0px;\"><div style=\"text-align:center;\"><span class=\" fusion-imageframe imageframe-none imageframe-3 hover-type-none\"><img decoding=\"async\" width=\"31\" image_height=\"29\" image_id=\"4639\" title=\"icon-pequeno_intelectual_mente-aberta\" src=\"https:\/\/paginas.fe.up.pt\/~ipoint\/wp-content\/uploads\/2021\/02\/icon-pequeno_intelectual_mente-aberta.png\" class=\"img-responsive wp-image-4639\"\/><\/span><\/div><div class=\"fusion-text fusion-text-3\"><p style=\"text-align: center;\"><strong>Manter a mente aberta para ideias e opini\u00f5es dos outros<\/strong><\/p>\n<\/div><\/div><\/div><style type=\"text\/css\">.fusion-body .fusion-builder-column-2{width:16.666666666667% !important;margin-top : 0px;margin-bottom : 20px;}.fusion-builder-column-2 > .fusion-column-wrapper {padding-top : 0px !important;padding-right : 0px !important;margin-right : 11.52%;padding-bottom : 0px !important;padding-left : 0px !important;margin-left : 11.52%;}@media only screen and (max-width:1024px) {.fusion-body .fusion-builder-column-2{width:100% !important;order : 0;}.fusion-builder-column-2 > .fusion-column-wrapper {margin-right : 1.92%;margin-left : 1.92%;}}@media only screen and (max-width:640px) {.fusion-body .fusion-builder-column-2{width:100% !important;order : 0;}.fusion-builder-column-2 > .fusion-column-wrapper {margin-right : 1.92%;margin-left : 1.92%;}}<\/style><div class=\"fusion-layout-column fusion_builder_column fusion-builder-column-3 fusion_builder_column_1_6 1_6 fusion-flex-column\"><div class=\"fusion-column-wrapper fusion-flex-justify-content-flex-start fusion-content-layout-column\" style=\"background-position:left top;background-repeat:no-repeat;-webkit-background-size:cover;-moz-background-size:cover;-o-background-size:cover;background-size:cover;padding: 0px 0px 0px 0px;\"><div style=\"text-align:center;\"><span class=\" fusion-imageframe imageframe-none imageframe-4 hover-type-none\"><img decoding=\"async\" width=\"30\" image_height=\"30\" image_id=\"4640\" title=\"icon-pequeno_intelectual_imaginacao\" src=\"https:\/\/paginas.fe.up.pt\/~ipoint\/wp-content\/uploads\/2021\/02\/icon-pequeno_intelectual_imaginacao.png\" class=\"img-responsive wp-image-4640\"\/><\/span><\/div><div class=\"fusion-text fusion-text-4\"><p style=\"text-align: center;\"><strong>Despertar a imagina\u00e7\u00e3o<\/strong><\/p>\n<\/div><\/div><\/div><style type=\"text\/css\">.fusion-body .fusion-builder-column-3{width:16.666666666667% !important;margin-top : 0px;margin-bottom : 20px;}.fusion-builder-column-3 > .fusion-column-wrapper {padding-top : 0px !important;padding-right : 0px !important;margin-right : 11.52%;padding-bottom : 0px !important;padding-left : 0px !important;margin-left : 11.52%;}@media only screen and (max-width:1024px) {.fusion-body .fusion-builder-column-3{width:100% !important;order : 0;}.fusion-builder-column-3 > .fusion-column-wrapper {margin-right : 1.92%;margin-left : 1.92%;}}@media only screen and (max-width:640px) {.fusion-body .fusion-builder-column-3{width:100% !important;order : 0;}.fusion-builder-column-3 > .fusion-column-wrapper {margin-right : 1.92%;margin-left : 1.92%;}}<\/style><\/div><style type=\"text\/css\">.fusion-body .fusion-flex-container.fusion-builder-row-2{ padding-top : 0px;margin-top : 0px;padding-right : 0px;padding-bottom : 0px;margin-bottom : 0px;padding-left : 0px;}<\/style><\/div><div class=\"fusion-fullwidth fullwidth-box fusion-builder-row-3 fusion-flex-container nonhundred-percent-fullwidth non-hundred-percent-height-scrolling\" style=\"background-color: rgba(255,255,255,0);background-position: center center;background-repeat: no-repeat;border-width: 0px 0px 0px 0px;border-color:#eae9e9;border-style:solid;\" ><div class=\"fusion-builder-row fusion-row fusion-flex-align-items-flex-start\" style=\"max-width:936px;margin-left: calc(-4% \/ 2 );margin-right: calc(-4% \/ 2 );\"><div class=\"fusion-layout-column fusion_builder_column fusion-builder-column-4 fusion_builder_column_1_1 1_1 fusion-flex-column\"><div class=\"fusion-column-wrapper fusion-flex-justify-content-flex-start fusion-content-layout-column\" style=\"background-position:left top;background-repeat:no-repeat;-webkit-background-size:cover;-moz-background-size:cover;-o-background-size:cover;background-size:cover;padding: 0px 0px 0px 0px;\"><div class=\"fusion-text fusion-text-5\"><p style=\"text-align: center;\">Consulta as sugest\u00f5es que te deixamos sobre: Servi\u00e7os \u00dateis na FEUP, Propriedade Intelectual, Bibliotecas e Laborat\u00f3rio de Ensino e Aprendizagem e conquista o teu bem-estar intelectual!<\/p>\n<\/div><\/div><\/div><style type=\"text\/css\">.fusion-body .fusion-builder-column-4{width:100% !important;margin-top : 0px;margin-bottom : 20px;}.fusion-builder-column-4 > .fusion-column-wrapper {padding-top : 0px !important;padding-right : 0px !important;margin-right : 1.92%;padding-bottom : 0px !important;padding-left : 0px !important;margin-left : 1.92%;}@media only screen and (max-width:1024px) {.fusion-body .fusion-builder-column-4{width:100% !important;order : 0;}.fusion-builder-column-4 > .fusion-column-wrapper {margin-right : 1.92%;margin-left : 1.92%;}}@media only screen and (max-width:640px) {.fusion-body .fusion-builder-column-4{width:100% !important;order : 0;}.fusion-builder-column-4 > .fusion-column-wrapper {margin-right : 1.92%;margin-left : 1.92%;}}<\/style><\/div><style type=\"text\/css\">.fusion-body .fusion-flex-container.fusion-builder-row-3{ padding-top : 0px;margin-top : 0px;padding-right : 0px;padding-bottom : 0px;margin-bottom : 0px;padding-left : 0px;}<\/style><\/div><div class=\"fusion-fullwidth fullwidth-box fusion-builder-row-4 nonhundred-percent-fullwidth non-hundred-percent-height-scrolling fusion-equal-height-columns\" style=\"background-color: rgba(255,255,255,0);background-position: center center;background-repeat: no-repeat;padding-top:0px;padding-right:0px;padding-bottom:0px;padding-left:0px;margin-bottom: 0px;margin-top: 0px;border-width: 0px 0px 0px 0px;border-color:#eae9e9;border-style:solid;\" ><div class=\"fusion-builder-row fusion-row\"><div class=\"fusion-layout-column fusion_builder_column fusion-builder-column-5 fusion_builder_column_1_1 1_1 fusion-one-full fusion-column-first fusion-column-last fusion-column-no-min-height\" style=\"margin-top:0px;margin-bottom:20px;\"><div class=\"fusion-column-wrapper fusion-flex-column-wrapper-legacy\" style=\"background-position:left top;background-repeat:no-repeat;-webkit-background-size:cover;-moz-background-size:cover;-o-background-size:cover;background-size:cover;padding: 0px 0px 0px 0px;\"><div class=\"fusion-column-content-centered\"><div class=\"fusion-column-content\">\r\n    <div class=\"element-items\">\r\n        <div class=\"item-carousel\" style=\"margin: 10px;\">\r\n            <a href=\"https:\/\/paginas.fe.up.pt\/~ipoint\/bem-estar\/intelectual\/servicos-uteis-na-feup\/\">\r\n                <img decoding=\"async\" src=\"https:\/\/fe.up.pt\/ipoint\/wp-content\/uploads\/2021\/01\/servicos-FEUP_400x400px.jpg\" alt=\"\">\r\n            <\/a>\r\n            <span class=\"title-carousel\">\r\n\r\n                SERVI\u00e7OS \u00daTEIS NA FEUP\r\n            <\/span>\r\n            <div class=\"intro-carousel\">\r\n                            <\/div>\r\n        <\/div>\r\n        <div class=\"item-carousel\" style=\" margin: 10px;\">\r\n            <a href=\"https:\/\/paginas.fe.up.pt\/~ipoint\/bem-estar\/intelectual\/provedor-estudante\/\">\r\n                <img decoding=\"async\" src=\"https:\/\/fe.up.pt\/ipoint\/wp-content\/uploads\/2021\/01\/propriedade-intelectual_400x400px.jpg\" alt=\"\">\r\n            <\/a>\r\n            <span class=\"title-carousel\">\r\n\r\n                Propriedade Intelectual\r\n            <\/span>\r\n            <div class=\"intro-carousel\">\r\n                            <\/div>\r\n        <\/div>\r\n        <div class=\"item-carousel\" style=\" margin: 10px;\">\r\n            <a href=\"https:\/\/paginas.fe.up.pt\/~ipoint\/bem-estar\/intelectual\/propriedade-intelectual\/\">\r\n                <img decoding=\"async\" src=\"https:\/\/fe.up.pt\/ipoint\/wp-content\/uploads\/2021\/01\/biblioteca_400x400px.jpg\" alt=\"\">\r\n            <\/a>\r\n            <span class=\"title-carousel\">\r\n\r\n                Bibliotecas\r\n            <\/span>\r\n            <div class=\"intro-carousel\">\r\n                            <\/div>\r\n        <\/div>\r\n        <div class=\"item-carousel\" style=\" margin: 10px;\">\r\n            <a href=\"https:\/\/paginas.fe.up.pt\/~ipoint\/bem-estar\/intelectual\/laboratorio-de-ensino-e-aprendizagem\/\">\r\n                <img decoding=\"async\" src=\"https:\/\/fe.up.pt\/ipoint\/wp-content\/uploads\/2021\/01\/LEA_400x400px.jpg\" alt=\"\">\r\n            <\/a>\r\n            <span class=\"title-carousel\">\r\n\r\n                Laborat\u00f3rio de Ensino e Aprendizagem\r\n            <\/span>\r\n            <div class=\"intro-carousel\">\r\n                            <\/div>\r\n        <\/div>\r\n\r\n\r\n    <\/div>\r\n\r\n\r\n\n<\/div><\/div><div class=\"fusion-clearfix\"><\/div><\/div><\/div><\/div><\/div><\/p>\n","protected":false},"excerpt":{"rendered":"","protected":false},"author":1,"featured_media":0,"parent":3468,"menu_order":0,"comment_status":"closed","ping_status":"closed","template":"100-width.php","meta":{"footnotes":"","_wp_rev_ctl_limit":""},"acf":{"servicos_uteis":{"titulo":"Servi\u00e7os \u00dateis na FEUP","intro":"","imagem":"https:\/\/fe.up.pt\/ipoint\/wp-content\/uploads\/2021\/01\/servicos-FEUP_400x400px.jpg","link":"https:\/\/paginas.fe.up.pt\/~ipoint\/bem-estar\/intelectual\/servicos-uteis-na-feup\/"},"provedor_estudante":{"titulo":"Propriedade Intelectual","intro":"","imagem":"https:\/\/fe.up.pt\/ipoint\/wp-content\/uploads\/2021\/01\/propriedade-intelectual_400x400px.jpg","link":"https:\/\/paginas.fe.up.pt\/~ipoint\/bem-estar\/intelectual\/provedor-estudante\/"},"inov":{"titulo":"Bibliotecas","intro":"","link":"https:\/\/paginas.fe.up.pt\/~ipoint\/bem-estar\/intelectual\/propriedade-intelectual\/","imagem":"https:\/\/fe.up.pt\/ipoint\/wp-content\/uploads\/2021\/01\/biblioteca_400x400px.jpg"},"talent":{"titulo":"Laborat\u00f3rio de Ensino e Aprendizagem","intro":"","imagem":"https:\/\/fe.up.pt\/ipoint\/wp-content\/uploads\/2021\/01\/LEA_400x400px.jpg","link":"https:\/\/paginas.fe.up.pt\/~ipoint\/bem-estar\/intelectual\/laboratorio-de-ensino-e-aprendizagem\/"}},"_links":{"self":[{"href":"https:\/\/fe.up.pt\/ipoint\/wp-json\/wp\/v2\/pages\/3478"}],"collection":[{"href":"https:\/\/fe.up.pt\/ipoint\/wp-json\/wp\/v2\/pages"}],"about":[{"href":"https:\/\/fe.up.pt\/ipoint\/wp-json\/wp\/v2\/types\/page"}],"author":[{"embeddable":true,"href":"https:\/\/fe.up.pt\/ipoint\/wp-json\/wp\/v2\/users\/1"}],"replies":[{"embeddable":true,"href":"https:\/\/fe.up.pt\/ipoint\/wp-json\/wp\/v2\/comments?post=3478"}],"version-history":[{"count":0,"href":"https:\/\/fe.up.pt\/ipoint\/wp-json\/wp\/v2\/pages\/3478\/revisions"}],"up":[{"embeddable":true,"href":"https:\/\/fe.up.pt\/ipoint\/wp-json\/wp\/v2\/pages\/3468"}],"wp:attachment":[{"href":"https:\/\/fe.up.pt\/ipoint\/wp-json\/wp\/v2\/media?parent=3478"}],"curies":[{"name":"wp","href":"https:\/\/api.w.org\/{rel}","templated":true}]}}