{"id":3472,"date":"2020-08-03T08:07:03","date_gmt":"2020-08-03T08:07:03","guid":{"rendered":"https:\/\/paginas.fe.up.pt\/~ipoint\/?page_id=3472"},"modified":"2021-01-26T15:21:28","modified_gmt":"2021-01-26T15:21:28","slug":"saude","status":"publish","type":"page","link":"https:\/\/fe.up.pt\/ipoint\/bem-estar\/fisico\/saude\/","title":{"rendered":"Sa\u00fade"},"content":{"rendered":"<p><div class=\"fusion-fullwidth fullwidth-box fusion-builder-row-1 nonhundred-percent-fullwidth non-hundred-percent-height-scrolling\" style=\"background-color: rgba(255,255,255,0);background-position: left top;background-repeat: no-repeat;padding-top:20px;padding-right:0px;padding-bottom:20px;padding-left:0px;margin-bottom: 0px;margin-top: 0px;border-width: 0px 0px 0px 0px;border-color:#eae9e9;border-style:solid;\" ><div class=\"fusion-builder-row fusion-row\"><div class=\"fusion-layout-column fusion_builder_column fusion-builder-column-0 fusion_builder_column_1_1 1_1 fusion-one-full fusion-column-first fusion-column-last\" style=\"margin-top:0px;margin-bottom:20px;\"><div class=\"fusion-column-wrapper fusion-flex-column-wrapper-legacy\" style=\"background-position:left top;background-repeat:no-repeat;-webkit-background-size:cover;-moz-background-size:cover;-o-background-size:cover;background-size:cover;padding: 0px 0px 0px 0px;\"><div class=\"imageframe-align-center\"><span class=\" fusion-imageframe imageframe-none imageframe-1 hover-type-none\"><img decoding=\"async\" width=\"84\" image_height=\"89\" image_id=\"4575\" title=\"icon_saude\" src=\"https:\/\/paginas.fe.up.pt\/~ipoint\/wp-content\/uploads\/2021\/01\/icon_saude.png\" class=\"img-responsive wp-image-4575\"\/><\/span><\/div><style type=\"text\/css\"><\/style><div class=\"fusion-title title fusion-title-1 fusion-sep-none fusion-title-center fusion-title-text fusion-title-size-two\" style=\"margin-top:0px;margin-bottom:31px;\"><h2 class=\"title-heading-center\" style=\"margin:0;\">Sa\u00fade<\/h2><\/div><div class=\"fusion-text fusion-text-1\"><blockquote>\n<p>&#8220;O maior erro que um homem pode cometer \u00e9 sacrificar a sua sa\u00fade a qualquer outra vantagem.&#8221;<\/p>\n<\/blockquote>\n<\/div><div class=\"fusion-clearfix\"><\/div><\/div><\/div><div class=\"fusion-layout-column fusion_builder_column fusion-builder-column-1 fusion_builder_column_1_2 1_2 fusion-one-half fusion-column-first\" style=\"width:50%;width:calc(50% - ( ( 4% ) * 0.5 ) );margin-right: 4%;margin-top:0px;margin-bottom:20px;\"><div class=\"fusion-column-wrapper fusion-flex-column-wrapper-legacy\" style=\"background-position:left top;background-repeat:no-repeat;-webkit-background-size:cover;-moz-background-size:cover;-o-background-size:cover;background-size:cover;padding: 0px 0px 0px 0px;\"><div class=\"fusion-text fusion-text-2\"><p><strong>SNS<\/strong><br \/>\nO acesso\u00a0 ao Sistema Nacional de Sa\u00fade \u00e9 uma condi\u00e7\u00e3o indispens\u00e1vel para a integra\u00e7\u00e3o dos migrantes. Qualquer cidad\u00e3o tem o direito \u00e0 sa\u00fade e o dever de a proteger. Se estiveres doente, ou precisares de qualquer tipo de cuidados de sa\u00fade, tens direito a ser assistido num Centro de Sa\u00fade ou num Hospital (em caso de urg\u00eancia).Estes servi\u00e7os n\u00e3o podem recusar-se a assistir-te com base em quaisquer raz\u00f5es ligadas \u00e0 nacionalidade, falta de meios econ\u00f3micos, ou outra.<\/p>\n<p>Mais info:<br \/>\n<a href=\"https:\/\/www.acm.gov.pt\/pt\/web\/10181\/viver\/saude\" target=\"_blank\" rel=\"noopener noreferrer\"><strong>https:\/\/www.acm.gov.pt\/pt\/web\/10181\/viver\/saude<\/strong><\/a><\/p>\n<p>No Porto existem todas as unidades de sa\u00fade e de apoio necess\u00e1rias no caso de necessitar de aux\u00edlio, como centros de sa\u00fade, hospitais, cl\u00ednicas e farm\u00e1cias.<\/p>\n<p>Em caso de emerg\u00eancia m\u00e9dica, o N\u00famero Nacional de Emerg\u00eancia em Portugal \u00e9 o 112.<\/p>\n<p>A cerca de 1 km da FEUP, 13 minutos a p\u00e9, podes encontrar o Centro Hospitalar Universit\u00e1rio de S\u00e3o Jo\u00e3o (CHUSJ) que disp\u00f5e de um Servi\u00e7o de Urg\u00eancia 24 horas por dia.<\/p>\n<\/div><div class=\"fusion-clearfix\"><\/div><\/div><\/div><div class=\"fusion-layout-column fusion_builder_column fusion-builder-column-2 fusion_builder_column_1_2 1_2 fusion-one-half fusion-column-last\" style=\"width:50%;width:calc(50% - ( ( 4% ) * 0.5 ) );margin-top:0px;margin-bottom:20px;\"><div class=\"fusion-column-wrapper fusion-flex-column-wrapper-legacy\" style=\"background-position:left top;background-repeat:no-repeat;-webkit-background-size:cover;-moz-background-size:cover;-o-background-size:cover;background-size:cover;padding: 0px 0px 0px 0px;\"><div class=\"fusion-text fusion-text-3\"><p>Em qualquer momento do seu percurso acad\u00e9mico, os estudantes podem usufruir de um amplo conjunto de servi\u00e7os de apoio m\u00e9dico e psicol\u00f3gico, assegurados pelo Gabinete de Apoio M\u00e9dico e Psicol\u00f3gico (GAMP) dos Servi\u00e7os de A\u00e7\u00e3o Social da U.Porto (SASUP).<\/p>\n<p><strong>SASUP<\/strong><br \/>\nOs Servi\u00e7os de A\u00e7\u00e3o Social da Universidade do Porto prestam cuidados de sa\u00fade integrados aos estudantes da Universidade do Porto, permitindo-lhes usufru\u00edrem de consultas asseguradas pelo N\u00facleo de Sa\u00fade ou por entidades com quem foram celebrados protocolos cl\u00ednicos.<\/p>\n<p>Atrav\u00e9s dos SASUP podes aceder a consultas gratuitas nas \u00e1reas de Cl\u00ednica Geral, Ginecologia\/Obstetr\u00edcia, Psiquiatria, Psicologia, entre outras especialidades.<\/p>\n<p>Mais info:<br \/>\n<strong><a href=\"https:\/\/sigarra.up.pt\/sasup\/pt\/web_base.gera_pagina?P_pagina=265809\" target=\"_blank\" rel=\"noopener noreferrer\">https:\/\/sigarra.up.pt\/sasup\/pt\/web_base.gera_pagina?P_pagina=265809<\/a><\/strong><\/p>\n<\/div><div class=\"fusion-clearfix\"><\/div><\/div><\/div><\/div><\/div><div class=\"fusion-fullwidth fullwidth-box fusion-builder-row-2 nonhundred-percent-fullwidth non-hundred-percent-height-scrolling\" style=\"background-color: rgba(255,255,255,0);background-position: center center;background-repeat: no-repeat;padding-top:0px;padding-right:0px;padding-bottom:0px;padding-left:0px;margin-bottom: 0px;margin-top: 0px;border-width: 0px 0px 0px 0px;border-color:#eae9e9;border-style:solid;\" ><div class=\"fusion-builder-row fusion-row\"><div class=\"fusion-layout-column fusion_builder_column fusion-builder-column-3 fusion_builder_column_1_1 1_1 fusion-one-full fusion-column-first fusion-column-last mais-menos-info-button\" style=\"margin-top:0px;margin-bottom:20px;\"><div class=\"fusion-column-wrapper fusion-flex-column-wrapper-legacy\" style=\"background-position:left top;background-repeat:no-repeat;-webkit-background-size:cover;-moz-background-size:cover;-o-background-size:cover;background-size:cover;padding: 0px 0px 0px 0px;\"><div class=\"fusion-sep-clear\"><\/div><div class=\"fusion-separator fusion-full-width-sep fusion-clearfix\" style=\"float:left;margin-top:40px;margin-bottom:10px;width:100%;\"><div class=\"fusion-separator-border sep-single sep-dashed\" style=\"border-color:#8c2d19;border-top-width:1px;\"><\/div><\/div><div class=\"fusion-sep-clear\"><\/div><style type=\"text\/css\"><\/style><div class=\"fusion-title title fusion-title-2 fusion-sep-none fusion-title-center fusion-title-text fusion-title-size-six\" style=\"margin-top:0px;margin-bottom:0px;\"><h6 class=\"title-heading-center\" style=\"margin:0;color:#8c2d19;\"><strong>+ Info<\/strong><\/h6><\/div><div class=\"fusion-sep-clear\"><\/div><div class=\"fusion-separator fusion-full-width-sep\" style=\"margin-left: auto;margin-right: auto;margin-top:5px;margin-bottom:5px;width:100%;\"><div class=\"fusion-separator-border sep-single sep-dashed\" style=\"border-color:#8c2d19;border-top-width:1px;\"><\/div><\/div><div class=\"fusion-sep-clear\"><\/div><div class=\"fusion-clearfix\"><\/div><\/div><\/div><div class=\"fusion-layout-column fusion_builder_column fusion-builder-column-4 fusion_builder_column_1_1 1_1 fusion-one-full fusion-column-first fusion-column-last mais-menos-info\" style=\"margin-top:0px;margin-bottom:20px;\"><div class=\"fusion-column-wrapper fusion-flex-column-wrapper-legacy\" style=\"background-position:left top;background-repeat:no-repeat;-webkit-background-size:cover;-moz-background-size:cover;-o-background-size:cover;background-size:cover;padding: 0px 0px 0px 0px;\"><div class=\"fusion-text fusion-text-4\"><p><span style=\"color: #993300;\">Curiosidades:<\/span><\/p>\n<p>O bom tempo, o sol, os espa\u00e7os verdes, o ar puro, as \u00e1guas l\u00edmpidas, as algas com propriedades terap\u00eauticas e um dos melhores sistemas de sa\u00fade europeus s\u00e3o apenas alguns dos motivos que fazem do Porto um destino de excel\u00eancia quando se fala de sa\u00fade e bem-estar.<\/p>\n<p>J\u00e1 ouviste falar nos benef\u00edcios do iodo para a sa\u00fade? Pois bem, com cerca de 3km de costa, o Porto tem iodo para dar e vender! O nosso organismo n\u00e3o o consegue produzir e a sua falta provoca in\u00fameros estragos na sa\u00fade, desregula fun\u00e7\u00f5es no peso e at\u00e9 mesmo no funcionamento do aparelho digestivo.<\/p>\n<p>Tens ainda o Parque da Cidade, o maior parque urbano do pa\u00eds, com uma superf\u00edcie de 83 hectares que se estendem at\u00e9 ao Oceano Atl\u00e2ntico, uma particularidade rara a n\u00edvel mundial. Em 2000, foi selecionado pela Ordem dos Engenheiros, como uma das \u201c100 obras mais not\u00e1veis constru\u00eddas no s\u00e9culo XX em Portugal\u201d. Cal\u00e7a umas sapatilhas, aluga uma bicicleta, e aproveita tudo o que a cidade tem para ti. Pela tua sa\u00fade.<\/p>\n<\/div><div class=\"fusion-clearfix\"><\/div><\/div><\/div><div class=\"fusion-layout-column fusion_builder_column fusion-builder-column-5 fusion_builder_column_1_1 1_1 fusion-one-full fusion-column-first fusion-column-last mais-menos-info-button-close\" style=\"margin-top:0px;margin-bottom:20px;\"><div class=\"fusion-column-wrapper fusion-flex-column-wrapper-legacy\" style=\"background-position:left top;background-repeat:no-repeat;-webkit-background-size:cover;-moz-background-size:cover;-o-background-size:cover;background-size:cover;padding: 0px 0px 0px 0px;\"><div class=\"fusion-sep-clear\"><\/div><div class=\"fusion-separator fusion-full-width-sep fusion-clearfix\" style=\"float:left;margin-top:40px;margin-bottom:10px;width:100%;\"><div class=\"fusion-separator-border sep-single sep-dashed\" style=\"border-color:#8c2d19;border-top-width:1px;\"><\/div><\/div><div class=\"fusion-sep-clear\"><\/div><style type=\"text\/css\"><\/style><div class=\"fusion-title title fusion-title-3 fusion-sep-none fusion-title-center fusion-title-text fusion-title-size-six\" style=\"margin-top:0px;margin-bottom:0px;\"><h6 class=\"title-heading-center\" style=\"margin:0;color:#8c2d19;\"><strong>&#8211; Info<\/strong><\/h6><\/div><div class=\"fusion-sep-clear\"><\/div><div class=\"fusion-separator fusion-full-width-sep\" style=\"margin-left: auto;margin-right: auto;margin-top:5px;margin-bottom:5px;width:100%;\"><div class=\"fusion-separator-border sep-single sep-dashed\" style=\"border-color:#8c2d19;border-top-width:1px;\"><\/div><\/div><div class=\"fusion-sep-clear\"><\/div><div class=\"fusion-clearfix\"><\/div><\/div><\/div><\/div><\/div><div class=\"fusion-fullwidth fullwidth-box fusion-builder-row-3 fusion-flex-container nonhundred-percent-fullwidth non-hundred-percent-height-scrolling\" style=\"background-color: rgba(255,255,255,0);background-position: center center;background-repeat: no-repeat;border-width: 0px 0px 0px 0px;border-color:#eae9e9;border-style:solid;\" ><div class=\"fusion-builder-row fusion-row fusion-flex-align-items-flex-start\" style=\"max-width:936px;margin-left: calc(-4% \/ 2 );margin-right: calc(-4% \/ 2 );\"><div class=\"fusion-layout-column fusion_builder_column fusion-builder-column-6 fusion_builder_column_1_3 1_3 fusion-flex-column fusion-column-inner-bg-wrapper\"><div class=\"fusion-column-wrapper fusion-flex-justify-content-flex-start fusion-content-layout-column\" style=\"padding: 0px 0px 0px 0px;\"><div ><span class=\" fusion-imageframe imageframe-none imageframe-2 hover-type-none\"><img decoding=\"async\" width=\"400\" image_height=\"400\" image_id=\"4085\" title=\"desporto_400x400px\" src=\"https:\/\/paginas.fe.up.pt\/~ipoint\/wp-content\/uploads\/2021\/01\/desporto_400x400px-2.jpg\" class=\"img-responsive wp-image-4085\" srcset=\"https:\/\/fe.up.pt\/ipoint\/wp-content\/uploads\/2021\/01\/desporto_400x400px-2-200x200.jpg 200w, https:\/\/fe.up.pt\/ipoint\/wp-content\/uploads\/2021\/01\/desporto_400x400px-2.jpg 400w\" sizes=\"(max-width: 1024px) 100vw, (max-width: 640px) 100vw, 400px\" \/><\/span><\/div><style type=\"text\/css\">@media only screen and (max-width:1024px) {.fusion-title.fusion-title-4{margin-top:0px!important;margin-bottom:31px!important;}}@media only screen and (max-width:640px) {.fusion-title.fusion-title-4{margin-top:10px!important;margin-bottom:10px!important;}}<\/style><div class=\"fusion-title title fusion-title-4 fusion-sep-none fusion-title-text fusion-title-size-three\" style=\"margin-top:0px;margin-bottom:31px;\"><h3 class=\"title-heading-left\" style=\"margin:0;\">DESPORTO<\/h3><\/div><\/div><span class=\"fusion-column-inner-bg hover-type-none\"><a href=\"https:\/\/paginas.fe.up.pt\/~ipoint\/bem-estar\/fisico\/desporto\/\"><span class=\"fusion-column-inner-bg-image\" style=\"background-position:left top;background-repeat:no-repeat;-webkit-background-size:cover;-moz-background-size:cover;-o-background-size:cover;background-size:cover;\"><\/span><\/a><\/span><\/div><style type=\"text\/css\">.fusion-body .fusion-builder-column-6{width:33.333333333333% !important;margin-top : 0px;margin-bottom : 20px;}.fusion-builder-column-6 > .fusion-column-wrapper {padding-top : 0px !important;padding-right : 0px !important;margin-right : 5.76%;padding-bottom : 0px !important;padding-left : 0px !important;margin-left : 5.76%;}.fusion-flex-container .fusion-row .fusion-builder-column-6 > .fusion-column-inner-bg { margin-right:5.76%;margin-left:5.76%; }@media only screen and (max-width:1024px) {.fusion-body .fusion-builder-column-6{width:100% !important;order : 0;}.fusion-builder-column-6 > .fusion-column-wrapper {margin-right : 1.92%;margin-left : 1.92%;}.fusion-flex-container .fusion-row .fusion-builder-column-6 > .fusion-column-inner-bg { margin-right:1.92%;margin-left:1.92%; }}@media only screen and (max-width:640px) {.fusion-body .fusion-builder-column-6{width:100% !important;order : 0;}.fusion-builder-column-6 > .fusion-column-wrapper {margin-right : 1.92%;margin-left : 1.92%;}.fusion-flex-container .fusion-row .fusion-builder-column-6 > .fusion-column-inner-bg { margin-right:1.92%;margin-left:1.92%; }}<\/style><div class=\"fusion-layout-column fusion_builder_column fusion-builder-column-7 fusion_builder_column_1_3 1_3 fusion-flex-column fusion-column-inner-bg-wrapper\"><div class=\"fusion-column-wrapper fusion-flex-justify-content-flex-start fusion-content-layout-column\" style=\"padding: 0px 0px 0px 0px;\"><div ><span class=\" fusion-imageframe imageframe-none imageframe-3 hover-type-none\"><img decoding=\"async\" width=\"400\" image_height=\"400\" image_id=\"4082\" title=\"alimentacao_400x400px\" src=\"https:\/\/paginas.fe.up.pt\/~ipoint\/wp-content\/uploads\/2021\/01\/alimentacao_400x400px-1.jpg\" class=\"img-responsive wp-image-4082\" srcset=\"https:\/\/fe.up.pt\/ipoint\/wp-content\/uploads\/2021\/01\/alimentacao_400x400px-1-200x200.jpg 200w, https:\/\/fe.up.pt\/ipoint\/wp-content\/uploads\/2021\/01\/alimentacao_400x400px-1.jpg 400w\" sizes=\"(max-width: 1024px) 100vw, (max-width: 640px) 100vw, 400px\" \/><\/span><\/div><style type=\"text\/css\">@media only screen and (max-width:1024px) {.fusion-title.fusion-title-5{margin-top:0px!important;margin-bottom:31px!important;}}@media only screen and (max-width:640px) {.fusion-title.fusion-title-5{margin-top:10px!important;margin-bottom:10px!important;}}<\/style><div class=\"fusion-title title fusion-title-5 fusion-sep-none fusion-title-text fusion-title-size-three\" style=\"margin-top:0px;margin-bottom:31px;\"><h3 class=\"title-heading-left\" style=\"margin:0;\">ALIMENTA\u00c7\u00c3O<\/h3><\/div><\/div><span class=\"fusion-column-inner-bg hover-type-none\"><a href=\"https:\/\/paginas.fe.up.pt\/~ipoint\/bem-estar\/fisico\/alimentacao\/\"><span class=\"fusion-column-inner-bg-image\" style=\"background-position:left top;background-repeat:no-repeat;-webkit-background-size:cover;-moz-background-size:cover;-o-background-size:cover;background-size:cover;\"><\/span><\/a><\/span><\/div><style type=\"text\/css\">.fusion-body .fusion-builder-column-7{width:33.333333333333% !important;margin-top : 0px;margin-bottom : 20px;}.fusion-builder-column-7 > .fusion-column-wrapper {padding-top : 0px !important;padding-right : 0px !important;margin-right : 5.76%;padding-bottom : 0px !important;padding-left : 0px !important;margin-left : 5.76%;}.fusion-flex-container .fusion-row .fusion-builder-column-7 > .fusion-column-inner-bg { margin-right:5.76%;margin-left:5.76%; }@media only screen and (max-width:1024px) {.fusion-body .fusion-builder-column-7{width:100% !important;order : 0;}.fusion-builder-column-7 > .fusion-column-wrapper {margin-right : 1.92%;margin-left : 1.92%;}.fusion-flex-container .fusion-row .fusion-builder-column-7 > .fusion-column-inner-bg { margin-right:1.92%;margin-left:1.92%; }}@media only screen and (max-width:640px) {.fusion-body .fusion-builder-column-7{width:100% !important;order : 0;}.fusion-builder-column-7 > .fusion-column-wrapper {margin-right : 1.92%;margin-left : 1.92%;}.fusion-flex-container .fusion-row .fusion-builder-column-7 > .fusion-column-inner-bg { margin-right:1.92%;margin-left:1.92%; }}<\/style><\/div><style type=\"text\/css\">.fusion-body .fusion-flex-container.fusion-builder-row-3{ padding-top : 0px;margin-top : 0px;padding-right : 0px;padding-bottom : 0px;margin-bottom : 0px;padding-left : 0px;}<\/style><\/div><\/p>\n","protected":false},"excerpt":{"rendered":"","protected":false},"author":1,"featured_media":0,"parent":3469,"menu_order":0,"comment_status":"closed","ping_status":"closed","template":"100-width.php","meta":{"footnotes":"","_wp_rev_ctl_limit":""},"acf":false,"_links":{"self":[{"href":"https:\/\/fe.up.pt\/ipoint\/wp-json\/wp\/v2\/pages\/3472"}],"collection":[{"href":"https:\/\/fe.up.pt\/ipoint\/wp-json\/wp\/v2\/pages"}],"about":[{"href":"https:\/\/fe.up.pt\/ipoint\/wp-json\/wp\/v2\/types\/page"}],"author":[{"embeddable":true,"href":"https:\/\/fe.up.pt\/ipoint\/wp-json\/wp\/v2\/users\/1"}],"replies":[{"embeddable":true,"href":"https:\/\/fe.up.pt\/ipoint\/wp-json\/wp\/v2\/comments?post=3472"}],"version-history":[{"count":0,"href":"https:\/\/fe.up.pt\/ipoint\/wp-json\/wp\/v2\/pages\/3472\/revisions"}],"up":[{"embeddable":true,"href":"https:\/\/fe.up.pt\/ipoint\/wp-json\/wp\/v2\/pages\/3469"}],"wp:attachment":[{"href":"https:\/\/fe.up.pt\/ipoint\/wp-json\/wp\/v2\/media?parent=3472"}],"curies":[{"name":"wp","href":"https:\/\/api.w.org\/{rel}","templated":true}]}}