{"id":96,"date":"2019-02-22T10:52:05","date_gmt":"2019-02-22T10:52:05","guid":{"rendered":"https:\/\/paginas.fe.up.pt\/~icfeup\/?page_id=96"},"modified":"2024-03-20T16:55:47","modified_gmt":"2024-03-20T16:55:47","slug":"areas","status":"publish","type":"page","link":"https:\/\/fe.up.pt\/icfeup\/areas\/","title":{"rendered":"\u00c1reas"},"content":{"rendered":"\n<p>O ICS atua nas \u00e1reas dominantes da Engenharia Civil dando resposta \u00e0s solicita\u00e7\u00f5es de organismos, institui\u00e7\u00f5es e empresas.<\/p>\n\n\n\n<p><\/p>\n","protected":false},"excerpt":{"rendered":"<p>O ICS atua nas \u00e1reas dominantes da Engenharia Civil dando resposta \u00e0s solicita\u00e7\u00f5es de organismos, institui\u00e7\u00f5es e empresas.<\/p>\n","protected":false},"author":4,"featured_media":0,"parent":0,"menu_order":46,"comment_status":"closed","ping_status":"closed","template":"page-archive-areas.php","meta":{"footnotes":""},"class_list":["post-96","page","type-page","status-publish","hentry"],"yoast_head":"<!-- This site is optimized with the Yoast SEO plugin v23.1 - https:\/\/yoast.com\/wordpress\/plugins\/seo\/ -->\n<title>\u00c1reas - ICS \u2014 Instituto para a Constru\u00e7\u00e3o Sustent\u00e1vel<\/title>\n<meta name=\"robots\" content=\"index, follow, max-snippet:-1, max-image-preview:large, max-video-preview:-1\" \/>\n<link rel=\"canonical\" href=\"https:\/\/fe.up.pt\/icfeup\/areas\/\" \/>\n<meta property=\"og:locale\" content=\"pt_PT\" \/>\n<meta property=\"og:type\" content=\"article\" \/>\n<meta property=\"og:title\" content=\"\u00c1reas - ICS \u2014 Instituto para a Constru\u00e7\u00e3o Sustent\u00e1vel\" \/>\n<meta property=\"og:description\" content=\"O ICS atua nas \u00e1reas dominantes da Engenharia Civil dando resposta \u00e0s solicita\u00e7\u00f5es de organismos, institui\u00e7\u00f5es e empresas.\" \/>\n<meta property=\"og:url\" content=\"https:\/\/fe.up.pt\/icfeup\/areas\/\" \/>\n<meta property=\"og:site_name\" content=\"ICS \u2014 Instituto para a Constru\u00e7\u00e3o Sustent\u00e1vel\" \/>\n<meta property=\"article:modified_time\" content=\"2024-03-20T16:55:47+00:00\" \/>\n<meta name=\"twitter:card\" content=\"summary_large_image\" \/>\n<meta name=\"twitter:label1\" content=\"Tempo estimado de leitura\" \/>\n\t<meta name=\"twitter:data1\" content=\"1 minuto\" \/>\n<script type=\"application\/ld+json\" class=\"yoast-schema-graph\">{\"@context\":\"https:\/\/schema.org\",\"@graph\":[{\"@type\":\"WebPage\",\"@id\":\"https:\/\/fe.up.pt\/icfeup\/areas\/\",\"url\":\"https:\/\/fe.up.pt\/icfeup\/areas\/\",\"name\":\"\u00c1reas - ICS \u2014 Instituto para a Constru\u00e7\u00e3o Sustent\u00e1vel\",\"isPartOf\":{\"@id\":\"https:\/\/fe.up.pt\/icfeup\/#website\"},\"datePublished\":\"2019-02-22T10:52:05+00:00\",\"dateModified\":\"2024-03-20T16:55:47+00:00\",\"breadcrumb\":{\"@id\":\"https:\/\/fe.up.pt\/icfeup\/areas\/#breadcrumb\"},\"inLanguage\":\"pt-PT\",\"potentialAction\":[{\"@type\":\"ReadAction\",\"target\":[\"https:\/\/fe.up.pt\/icfeup\/areas\/\"]}]},{\"@type\":\"BreadcrumbList\",\"@id\":\"https:\/\/fe.up.pt\/icfeup\/areas\/#breadcrumb\",\"itemListElement\":[{\"@type\":\"ListItem\",\"position\":1,\"name\":\"Home\",\"item\":\"https:\/\/fe.up.pt\/icfeup\/\"},{\"@type\":\"ListItem\",\"position\":2,\"name\":\"\u00c1reas\"}]},{\"@type\":\"WebSite\",\"@id\":\"https:\/\/fe.up.pt\/icfeup\/#website\",\"url\":\"https:\/\/fe.up.pt\/icfeup\/\",\"name\":\"ICS \u2014 Instituto para a Constru\u00e7\u00e3o Sustent\u00e1vel\",\"description\":\"Associa\u00e7\u00e3o privada, cient\u00edfica e t\u00e9cnica sem fins lucrativos, que funciona como interface do conhecimento entre a comunidade cient\u00edfica e a ind\u00fastria, prestando servi\u00e7os de investiga\u00e7\u00e3o aplicada, ensaios, consultoria e forma\u00e7\u00e3o nos v\u00e1rios dom\u00ednios da Engenharia Civil.\",\"potentialAction\":[{\"@type\":\"SearchAction\",\"target\":{\"@type\":\"EntryPoint\",\"urlTemplate\":\"https:\/\/fe.up.pt\/icfeup\/?s={search_term_string}\"},\"query-input\":\"required name=search_term_string\"}],\"inLanguage\":\"pt-PT\"}]}<\/script>\n<!-- \/ Yoast SEO plugin. -->","yoast_head_json":{"title":"\u00c1reas - ICS \u2014 Instituto para a Constru\u00e7\u00e3o Sustent\u00e1vel","robots":{"index":"index","follow":"follow","max-snippet":"max-snippet:-1","max-image-preview":"max-image-preview:large","max-video-preview":"max-video-preview:-1"},"canonical":"https:\/\/fe.up.pt\/icfeup\/areas\/","og_locale":"pt_PT","og_type":"article","og_title":"\u00c1reas - ICS \u2014 Instituto para a Constru\u00e7\u00e3o Sustent\u00e1vel","og_description":"O ICS atua nas \u00e1reas dominantes da Engenharia Civil dando resposta \u00e0s solicita\u00e7\u00f5es de organismos, institui\u00e7\u00f5es e empresas.","og_url":"https:\/\/fe.up.pt\/icfeup\/areas\/","og_site_name":"ICS \u2014 Instituto para a Constru\u00e7\u00e3o Sustent\u00e1vel","article_modified_time":"2024-03-20T16:55:47+00:00","twitter_card":"summary_large_image","twitter_misc":{"Tempo estimado de leitura":"1 minuto"},"schema":{"@context":"https:\/\/schema.org","@graph":[{"@type":"WebPage","@id":"https:\/\/fe.up.pt\/icfeup\/areas\/","url":"https:\/\/fe.up.pt\/icfeup\/areas\/","name":"\u00c1reas - ICS \u2014 Instituto para a Constru\u00e7\u00e3o Sustent\u00e1vel","isPartOf":{"@id":"https:\/\/fe.up.pt\/icfeup\/#website"},"datePublished":"2019-02-22T10:52:05+00:00","dateModified":"2024-03-20T16:55:47+00:00","breadcrumb":{"@id":"https:\/\/fe.up.pt\/icfeup\/areas\/#breadcrumb"},"inLanguage":"pt-PT","potentialAction":[{"@type":"ReadAction","target":["https:\/\/fe.up.pt\/icfeup\/areas\/"]}]},{"@type":"BreadcrumbList","@id":"https:\/\/fe.up.pt\/icfeup\/areas\/#breadcrumb","itemListElement":[{"@type":"ListItem","position":1,"name":"Home","item":"https:\/\/fe.up.pt\/icfeup\/"},{"@type":"ListItem","position":2,"name":"\u00c1reas"}]},{"@type":"WebSite","@id":"https:\/\/fe.up.pt\/icfeup\/#website","url":"https:\/\/fe.up.pt\/icfeup\/","name":"ICS \u2014 Instituto para a Constru\u00e7\u00e3o Sustent\u00e1vel","description":"Associa\u00e7\u00e3o privada, cient\u00edfica e t\u00e9cnica sem fins lucrativos, que funciona como interface do conhecimento entre a comunidade cient\u00edfica e a ind\u00fastria, prestando servi\u00e7os de investiga\u00e7\u00e3o aplicada, ensaios, consultoria e forma\u00e7\u00e3o nos v\u00e1rios dom\u00ednios da Engenharia Civil.","potentialAction":[{"@type":"SearchAction","target":{"@type":"EntryPoint","urlTemplate":"https:\/\/fe.up.pt\/icfeup\/?s={search_term_string}"},"query-input":"required name=search_term_string"}],"inLanguage":"pt-PT"}]}},"_links":{"self":[{"href":"https:\/\/fe.up.pt\/icfeup\/wp-json\/wp\/v2\/pages\/96"}],"collection":[{"href":"https:\/\/fe.up.pt\/icfeup\/wp-json\/wp\/v2\/pages"}],"about":[{"href":"https:\/\/fe.up.pt\/icfeup\/wp-json\/wp\/v2\/types\/page"}],"author":[{"embeddable":true,"href":"https:\/\/fe.up.pt\/icfeup\/wp-json\/wp\/v2\/users\/4"}],"replies":[{"embeddable":true,"href":"https:\/\/fe.up.pt\/icfeup\/wp-json\/wp\/v2\/comments?post=96"}],"version-history":[{"count":8,"href":"https:\/\/fe.up.pt\/icfeup\/wp-json\/wp\/v2\/pages\/96\/revisions"}],"predecessor-version":[{"id":8396,"href":"https:\/\/fe.up.pt\/icfeup\/wp-json\/wp\/v2\/pages\/96\/revisions\/8396"}],"wp:attachment":[{"href":"https:\/\/fe.up.pt\/icfeup\/wp-json\/wp\/v2\/media?parent=96"}],"curies":[{"name":"wp","href":"https:\/\/api.w.org\/{rel}","templated":true}]}}