{"id":3,"date":"2019-01-14T14:27:12","date_gmt":"2019-01-14T14:27:12","guid":{"rendered":"https:\/\/paginas.fe.up.pt\/~icfeup\/?page_id=3"},"modified":"2024-12-18T17:04:43","modified_gmt":"2024-12-18T17:04:43","slug":"politica-privacidade","status":"publish","type":"page","link":"https:\/\/fe.up.pt\/icfeup\/politica-privacidade\/","title":{"rendered":"Pol\u00edtica de privacidade"},"content":{"rendered":"<p>O\u00a0<strong>INSTITUTO PARA A CONSTRU\u00c7\u00c3O SUSTENT\u00c1VEL (ICS)\u00a0<\/strong>respeita e valoriza a privacidade dos seus clientes, colaboradores, parceiros, fornecedores e restantes titulares de dados pessoais com quem se relaciona.<\/p>\n<p>Este comunicado de privacidade explica como usamos essa informa\u00e7\u00e3o, descrevendo os termos e as finalidades sob as quais ser\u00e1 realizado esse tratamento.<\/p>\n<p><strong>Acerca desta Pol\u00edtica de Privacidade<\/strong><\/p>\n<p>O\u00a0<strong>ICS\u00a0<\/strong>respeita as suas prefer\u00eancias no que concerne ao tratamento dos seus Dados Pessoais.<\/p>\n<p>\u00abDados Pessoais\u00bb, referem-se \u00e0 informa\u00e7\u00e3o relativa a uma pessoa singular identificada ou identific\u00e1vel (\u00abTitular dos Dados\u00bb). \u00c9 considerada identific\u00e1vel uma pessoa singular que possa ser identificada, direta ou indiretamente, em especial por refer\u00eancia a um identificador, como por exemplo um nome, um n\u00famero de identifica\u00e7\u00e3o, dados de localiza\u00e7\u00e3o, identificadores por via eletr\u00f3nica ou a um ou mais elementos espec\u00edficos da identidade f\u00edsica, fisiol\u00f3gica, gen\u00e9tica, mental, econ\u00f3mica, cultural ou social dessa pessoa singular.<\/p>\n<p>Esta Pol\u00edtica de Privacidade permite-lhe saber como o\u00a0<strong>ICS<\/strong>\u00a0recolhe e usa os seus Dados Pessoais, como pode controlar o seu uso e descreve as nossas pr\u00e1ticas em rela\u00e7\u00e3o a informa\u00e7\u00e3o recolhida em outros websites que se ligam ou referem esta Pol\u00edtica (tais como websites, aplica\u00e7\u00f5es de software, redes sociais e mensagens eletr\u00f3nicas), bem como, atividades de marketing e de vendas offline (coletivamente, \u201cCanais de Comunica\u00e7\u00e3o\u201d).<\/p>\n<p>Os Canais de Comunica\u00e7\u00e3o podem providenciar links para outras plataformas n\u00e3o pertencentes ao universo do\u00a0<strong>ICS<\/strong>, geridos por entidades terceiras. Por isso mesmo, encorajamo-lo a verificar as condi\u00e7\u00f5es gerais de utiliza\u00e7\u00e3o e pol\u00edticas de privacidade desses websites, servi\u00e7os, redes sociais ou aplica\u00e7\u00f5es antes de fornecer os seus Dados Pessoais, uma vez que esta pol\u00edtica de privacidade apenas se aplica a este website. O\u00a0<strong>ICS<\/strong>\u00a0n\u00e3o se responsabiliza por esses websites, servi\u00e7os, redes sociais ou aplica\u00e7\u00f5es geridas por entidades terceiras para as quais as hiperliga\u00e7\u00f5es dos nossos canais de comunica\u00e7\u00e3o possam remeter.<\/p>\n<p><strong>Que informa\u00e7\u00e3o recolhemos acerca de si?<\/strong><\/p>\n<p>O utilizador pode navegar e aceder ao website do\u00a0<strong>ICS<\/strong>\u00a0sem que tal implique, necessariamente, a disponibiliza\u00e7\u00e3o de dados pessoais.<\/p>\n<p>O website contempla, no entanto, funcionalidades e servi\u00e7os que o\u00a0<strong>ICS<\/strong>\u00a0n\u00e3o poder\u00e1 disponibilizar, sem que tenhamos acesso a alguns dados pessoais do utilizador.<\/p>\n<p>Assim, o\u00a0<strong>ICS<\/strong>\u00a0recolhe informa\u00e7\u00e3o do titular dos dados quando este se regista e navega no website e no Portal icfeup; quando insere, disponibiliza ou atualiza os seus dados pessoais; quando envia uma candidatura; quando realiza uma inscri\u00e7\u00e3o numa a\u00e7\u00e3o de forma\u00e7\u00e3o ou evento; quando subscreve a newsletter, ou outras notifica\u00e7\u00f5es identificadas; quando voluntariamente preenche question\u00e1rios, usa ferramentas de conversa\u00e7\u00e3o, fornece opini\u00f5es, responde a pedidos, submete pedido de apoio; ou quando contacta o ICS, atrav\u00e9s dos contactos e formul\u00e1rios disponibilizados no website e no Portal icfeup.<\/p>\n<p>Os dados recolhidos e tratados s\u00e3o os necess\u00e1rios \u00e0 finalidade pela qual nos contactou, podendo tratar nesse \u00e2mbito, nomeadamente, dados como o nome, contacto telef\u00f3nico, endere\u00e7o de correio eletr\u00f3nico, data de nascimento, NIF, documento de identifica\u00e7\u00e3o (n.\u00ba e validade), n.\u00ba de CAP, assunto que originou o contacto, \u00e1reas de forma\u00e7\u00e3o\/ a\u00e7\u00f5es de forma\u00e7\u00e3o a que se candidata, e curriculum vitae, entre outros.<\/p>\n<p>Ao ceder informa\u00e7\u00e3o est\u00e1 a dar o seu consentimento informado e inequ\u00edvoco de que consente o tratamento dos dados que lhe digam respeito de forma automatizada, bem como a autorizar a recolha, uso e divulga\u00e7\u00e3o dos mesmos de acordo com as regras aqui definidas<\/p>\n<p>Pedimos-lhe que n\u00e3o envie ou partilhe com o\u00a0<strong>ICS<\/strong>\u00a0qualquer informa\u00e7\u00e3o pessoal sens\u00edvel como a origem racial ou \u00e9tnica, as opini\u00f5es pol\u00edticas, as convic\u00e7\u00f5es religiosas ou filos\u00f3ficas, ou a filia\u00e7\u00e3o sindical, bem como dados gen\u00e9ticos, dados biom\u00e9tricos, dados relativos \u00e0 sa\u00fade ou dados relativos \u00e0 vida sexual ou orienta\u00e7\u00e3o sexual.<\/p>\n<p>Alguns dos dados solicitados s\u00e3o de car\u00e1ter obrigat\u00f3rio, estando os mesmos identificados, podendo a falta ou inexatid\u00e3o das respostas dadas comprometer o servi\u00e7o prestado.<\/p>\n<p>A informa\u00e7\u00e3o de uso do website \u00e9 recolhida usando cookies, mas n\u00e3o o identificam especificamente, sendo ou podendo ser recolhidos os dados seguintes:<\/p>\n<ul>\n<li>Endere\u00e7o IP.<\/li>\n<li>Localiza\u00e7\u00e3o geogr\u00e1fica.<\/li>\n<li>Informa\u00e7\u00e3o acerca do dispositivo que est\u00e1 a aceder ao website, nomeadamente, tipo e vers\u00e3o do navegador, sistema operativo, resolu\u00e7\u00e3o do ecr\u00e3, linguagem preferida, informa\u00e7\u00e3o contida nos cabe\u00e7alhos HTTP e vers\u00e3o do agente.<\/li>\n<li>O motor de busca que usou para localizar e aceder ao website.<\/li>\n<li>Data e tempo de atividade no website, bem como, p\u00e1ginas web e conte\u00fados visitados e clicados.<\/li>\n<\/ul>\n<p>Importa real\u00e7ar que esta informa\u00e7\u00e3o de uso n\u00e3o o identifica deliberadamente e se excecionalmente o identificar a mesma ser\u00e1 anonimizada de imediato.<\/p>\n<p><strong>De que forma usamos a informa\u00e7\u00e3o sobre si?<\/strong><\/p>\n<p>Os dados recolhidos e tratados s\u00e3o os necess\u00e1rios \u00e0 finalidade pela qual nos contactou, \u00e0 presta\u00e7\u00e3o dos servi\u00e7os solicitados\/ contratados, \u00e0 gest\u00e3o dos seus pedidos e, quando solicitado, ao envio por correio eletr\u00f3nico, sms, mms, ou qualquer outro canal de comunica\u00e7\u00e3o, de newsletters e informa\u00e7\u00e3o acerca de outros produtos, servi\u00e7os, eventos, projetos e oferta formativa, que pensamos serem ou virem a ser do seu interesse.<\/p>\n<p>Podemos ainda enviar, desde que com o seu consentimento, a sua informa\u00e7\u00e3o pessoal a entidades parceiras, para que lhe possam oferecer os seus produtos, servi\u00e7os e informa\u00e7\u00f5es atualizadas.<\/p>\n<p>O\u00a0<strong>ICS<\/strong>\u00a0n\u00e3o partilha a sua informa\u00e7\u00e3o para campanhas de marketing com empresas n\u00e3o pertencentes ao universo\u00a0<strong>ICS<\/strong>\u00a0nem transfere os seus Dados Pessoais para um pa\u00eds terceiro.<\/p>\n<p>Embora a informa\u00e7\u00e3o fornecida seja geralmente tratada como privada no\u00a0<strong>ICS<\/strong>, os dados recolhidos ser\u00e3o utilizados em conformidade com o Regulamento Geral de Prote\u00e7\u00e3o de Dados Pessoais, durante todo o processo de tratamento; pode, no entanto, ser necess\u00e1rio transferir Dados Pessoais de forma privada para outros \u00f3rg\u00e3os, nomeadamente, o judicial, e ao processar o seu pedido, podemos enviar os seus dados para usar informa\u00e7\u00e3o de ag\u00eancias de cr\u00e9dito e de preven\u00e7\u00e3o de fraudes.<\/p>\n<p>Tem o direito de apresentar reclama\u00e7\u00e3o a uma Autoridade de Controlo da Uni\u00e3o Europeia em rela\u00e7\u00e3o \u00e0 prote\u00e7\u00e3o dos seus Dados Pessoais. O\u00a0<strong>ICS<\/strong>\u00a0prestar\u00e1 a sua colabora\u00e7\u00e3o \u00e0 Autoridade de Controlo facultando-lhe todas as informa\u00e7\u00f5es que por esta, no exerc\u00edcio das suas compet\u00eancias, lhe forem solicitadas.<\/p>\n<p>A informa\u00e7\u00e3o recolhida neste website n\u00e3o envolve a tomada de decis\u00f5es automatizadas, incluindo a defini\u00e7\u00e3o de perfis.<\/p>\n<p>Neste website n\u00e3o s\u00e3o efetuadas compara\u00e7\u00f5es, interconex\u00f5es ou qualquer outra forma de inter-relacionar as informa\u00e7\u00f5es registadas.<\/p>\n<p>Porque os seus dados poder\u00e3o circular em rede aberta correm o risco de serem vistos e utilizados por terceiros n\u00e3o autorizados.<\/p>\n<p>O\u00a0<strong>ICS\u00a0<\/strong>n\u00e3o assume qualquer responsabilidade quando, por motivos alheios ou desconhecidos, ocorra erro, dano, difus\u00e3o ou acesso n\u00e3o autorizado decorrente da transmiss\u00e3o de dados eletr\u00f3nica que possa ocorrer entre o\u00a0<strong>ICS<\/strong>\u00a0e o Titular dos Dados.<\/p>\n<p>O\u00a0<strong>ICS<\/strong>\u00a0s\u00f3 aceita registos, candidaturas, inscri\u00e7\u00f5es e pedidos de informa\u00e7\u00e3o de utilizadores com, pelo menos, 16 anos de idade, ou representados pelos seus respons\u00e1veis legais. Os Canais de Comunica\u00e7\u00e3o do\u00a0<strong>ICS<\/strong>\u00a0n\u00e3o s\u00e3o direcionados a utilizadores menores de idade. Se souber de algum registo efetuado por um menor, agradecemos que nos alerte de tal facto, a fim de procedermos de imediato \u00e0 remo\u00e7\u00e3o do registo do mesmo.<\/p>\n<p>Os destinat\u00e1rios ou categorias de destinat\u00e1rios dos seus Dados Pessoais s\u00e3o as diversas Unidades Locais do ICS, devidamente autorizados e identificados para o efeito.<\/p>\n<p>Partilhamos os seus dados pessoais com o seu consentimento ou, conforme necess\u00e1rio, para concluir qualquer transa\u00e7\u00e3o ou fornecer qualquer servi\u00e7o que solicitou\/ contratou. Tamb\u00e9m partilhamos os dados quando exigido por lei ou para responder ao processo legal; para proteger os nossos clientes; para proteger vidas; para manter a seguran\u00e7a dos nossos servi\u00e7os; e para proteger os direitos de propriedade ou o\u00a0<strong>ICS<\/strong>.<\/p>\n<p><strong>Marketing<\/strong><\/p>\n<p>Gostar\u00edamos de lhe poder enviar informa\u00e7\u00e3o acerca dos produtos e servi\u00e7os do<strong>\u00a0ICS<\/strong>\u00a0que possam ser ou vir a ser do seu interesse, nomeadamente divulga\u00e7\u00e3o de a\u00e7\u00f5es de forma\u00e7\u00e3o, eventos, projetos, not\u00edcias, informa\u00e7\u00e3o atualizada sobre a atividade do\u00a0<strong>ICS<\/strong>, mediante o seu consentimento.<\/p>\n<p>Tem o direito em qualquer altura de n\u00e3o permitir que seja contactado para campanhas de marketing, para tal dever\u00e1 entrar em contacto com o\u00a0<strong>ICS<\/strong>\u00a0atrav\u00e9s do endere\u00e7o postal Rua Dr. Roberto Frias, Campus da FEUP, Edif\u00edcio G \u2013 Piso 1, 4200-465 Porto, ou ainda atrav\u00e9s do endere\u00e7o eletr\u00f3nico, <a href=\"mailto:ics@fe.up.pt\">ics@fe.up.pt<\/a>.<\/p>\n<p><strong>Acesso e corre\u00e7\u00e3o da sua informa\u00e7\u00e3o<\/strong><\/p>\n<p>Queremos ter a certeza da exatid\u00e3o e fiabilidade da informa\u00e7\u00e3o que retemos sobre si.<\/p>\n<p>Confiamos no Utilizador, para nos fornecer informa\u00e7\u00f5es precisas e completas e para proceder \u00e0 atualiza\u00e7\u00e3o dos dados em rela\u00e7\u00e3o a qualquer altera\u00e7\u00e3o na informa\u00e7\u00e3o fornecida.<\/p>\n<p><strong>Direitos dos utilizadores e tempos de reten\u00e7\u00e3o dos dados<\/strong><\/p>\n<p>O Utilizador tem o direito de retirar o seu consentimento ao tratamento de dados pessoais que lhe digam respeito em qualquer altura, sem comprometer a licitude do tratamento efetuado com base no consentimento previamente dado. Pode tamb\u00e9m solicitar ao\u00a0<strong>ICS<\/strong>\u00a0acesso aos seus Dados Pessoais, a sua retifica\u00e7\u00e3o ou o seu apagamento, bem como a limita\u00e7\u00e3o do tratamento no que disser respeito ao Utilizador. O utilizador pode, tamb\u00e9m, opor-se ao tratamento, exercer o direito \u00e0 portabilidade dos dados, bem como solicitar uma c\u00f3pia da informa\u00e7\u00e3o que temos acerca de si. Pode solicitar uma c\u00f3pia parcial ou total da informa\u00e7\u00e3o retida sobre si pelo\u00a0<strong>ICS<\/strong>, assim como exercer qualquer outro dos seus direitos, atrav\u00e9s do endere\u00e7o postal Rua Dr. Roberto Frias, Campus da FEUP, Edif\u00edcio G \u2013 Piso 1, 4200-465 Porto, ou ainda atrav\u00e9s do endere\u00e7o eletr\u00f3nico, <a href=\"mailto:ics@fe.up.pt\">ics@fe.up.pt<\/a>.<\/p>\n<p>Os Dados Pessoais necess\u00e1rios para a execu\u00e7\u00e3o do contrato no qual o Utilizador \u00e9 parte, para o cumprimento das obriga\u00e7\u00f5es jur\u00eddicas a que o Respons\u00e1vel pelo Tratamento esteja sujeito e os que sejam necess\u00e1rios para efeito dos interesses leg\u00edtimos prosseguidos pelo\u00a0<strong>ICS,<\/strong>\u00a0n\u00e3o est\u00e3o inclu\u00eddos no ponto anterior.<\/p>\n<p>Se os pedidos apresentados pelo Utilizador forem manifestamente infundados ou excessivos, nomeadamente devido ao seu car\u00e1ter repetitivo, o<strong>\u00a0ICS<\/strong>, ao abrigo do quadro legal vigente, pode exigir o pagamento de uma taxa razo\u00e1vel tendo em conta os custos administrativos do fornecimento das informa\u00e7\u00f5es ou da comunica\u00e7\u00e3o, ou de tomada das medidas solicitadas, ou recusar-se a dar seguimento ao pedido.<\/p>\n<p>Sem preju\u00edzo de disposi\u00e7\u00f5es legais ou regulamentares em contr\u00e1rio, os Dados Pessoais ser\u00e3o conservados apenas pelo per\u00edodo m\u00ednimo necess\u00e1rio para as finalidades que motivaram a sua recolha ou o seu posterior tratamento ap\u00f3s os quais s\u00e3o eliminados ou, caso seja do interesse do\u00a0<strong>ICS<\/strong>, processados para fins estat\u00edsticos, anonimizados, n\u00e3o sendo poss\u00edvel identificar o seu Titular.<\/p>\n<p>Carece de consentimento do utilizador o tratamento posterior dos Dados Pessoais para um fim que n\u00e3o seja aquele para o qual os dados tenham sido recolhidos. Antes desse tratamento, o Respons\u00e1vel pelo Tratamento fornece ao Titular dos Dados informa\u00e7\u00f5es sobre esse fim e quaisquer outras informa\u00e7\u00f5es pertinentes.<\/p>\n<p><strong>Seguran\u00e7a<\/strong><\/p>\n<p>O\u00a0<strong>ICS<\/strong>\u00a0aplica medidas t\u00e9cnicas e organizativas adequadas para assegurar um n\u00edvel de seguran\u00e7a adequado ao risco, por manter em arquivo os Dados Pessoais, e durante a transmiss\u00e3o dos mesmos.<\/p>\n<p>O<strong>\u00a0ICS<\/strong>\u00a0disp\u00f5e de um sistema inform\u00e1tico com capacidade de resistir, com um dado n\u00edvel de confian\u00e7a, a eventos acidentais ou a a\u00e7\u00f5es maliciosas ou il\u00edcitas que comprometam a disponibilidade, a autenticidade, a integridade e a confidencialidade dos Dados Pessoais conservados ou transmitidos, bem como a seguran\u00e7a dos servi\u00e7os conexos oferecidos ou acess\u00edveis atrav\u00e9s destas redes e sistemas.<\/p>\n<p><strong>Direito de Livre Resolu\u00e7\u00e3o<\/strong><\/p>\n<p>Direito de livre resolu\u00e7\u00e3o, nos termos do artigo 10.\u00ba do Decreto-Lei n.\u00ba 24\/2014, de 14 de fevereiro.<\/p>\n<p><strong>Centro de Arbitragem e RAL (Resolu\u00e7\u00e3o Alternativa de Lit\u00edgios de Consumo)<\/strong><\/p>\n<p>No cumprimento da Lei n.\u00ba 144\/2015, de 08 de setembro, informa-se que em caso de lit\u00edgio o consumidor pode recorrer ao Centro de Informa\u00e7\u00e3o de Consumo e Arbitragem do Porto\/Tribunal Arbitral de Consumo.<\/p>\n<p><strong>Contactos<\/strong><\/p>\n<p>O Respons\u00e1vel pelo Tratamento deste website \u00e9 o\u00a0<strong>ICS<\/strong>\u00a0e o mesmo pode ser contactado atrav\u00e9s do endere\u00e7o Rua Dr. Roberto Frias, Campus da FEUP, Edif\u00edcio G \u2013 Piso 1, 4200-465 Porto, ou, atrav\u00e9s do email <a href=\"mailto:ics@fe.up.pt\">ics@fe.up.pt<\/a>.<\/p>\n<p>Se acredita que o\u00a0<strong>ICS<\/strong>\u00a0n\u00e3o aderiu a esta declara\u00e7\u00e3o, ou se tiver alguma quest\u00e3o acerca da nossa pol\u00edtica de privacidade ou da informa\u00e7\u00e3o que temos sobre si, entre em contacto atrav\u00e9s do endere\u00e7o eletr\u00f3nico <a href=\"mailto:ics@fe.up.pt\">ics@fe.up.pt<\/a>. Responderemos no prazo de 1 m\u00eas.<\/p>\n<p><a name=\"_Toc521947453\"><\/a><strong>Altera\u00e7\u00f5es a este comunicado de privacidade<\/strong><\/p>\n<p>O\u00a0<strong>ICS<\/strong>\u00a0reserva-se o direito de, a qualquer altura, proceder a atualiza\u00e7\u00f5es ou altera\u00e7\u00f5es \u00e0 presente Pol\u00edtica de Privacidade, sendo essas altera\u00e7\u00f5es devidamente publicitadas no website do\u00a0<strong>ICS<\/strong>.<\/p>\n<p>A \u00faltima atualiza\u00e7\u00e3o desta pol\u00edtica de privacidade \u00e9 de\u00a0<strong>17 de dezembro de 2024<\/strong>.<\/p>\n","protected":false},"excerpt":{"rendered":"<p>O\u00a0INSTITUTO PARA A CONSTRU\u00c7\u00c3O SUSTENT\u00c1VEL (ICS)\u00a0respeita e valoriza a privacidade dos seus clientes, colaboradores, parceiros, fornecedores e restantes titulares de dados pessoais com quem se relaciona. Este comunicado de privacidade explica como usamos essa informa\u00e7\u00e3o, descrevendo os termos e as finalidades sob as quais ser\u00e1 realizado esse tratamento. Acerca desta Pol\u00edtica de Privacidade O\u00a0ICS\u00a0respeita as [&hellip;]<\/p>\n","protected":false},"author":4,"featured_media":0,"parent":0,"menu_order":48,"comment_status":"closed","ping_status":"open","template":"","meta":{"footnotes":""},"class_list":["post-3","page","type-page","status-publish","hentry"],"yoast_head":"<!-- This site is optimized with the Yoast SEO plugin v23.1 - https:\/\/yoast.com\/wordpress\/plugins\/seo\/ -->\n<title>Pol\u00edtica de privacidade - ICS \u2014 Instituto para a Constru\u00e7\u00e3o Sustent\u00e1vel<\/title>\n<meta name=\"robots\" content=\"index, follow, max-snippet:-1, max-image-preview:large, max-video-preview:-1\" \/>\n<link rel=\"canonical\" href=\"https:\/\/fe.up.pt\/icfeup\/politica-privacidade\/\" \/>\n<meta property=\"og:locale\" content=\"pt_PT\" \/>\n<meta property=\"og:type\" content=\"article\" \/>\n<meta property=\"og:title\" content=\"Pol\u00edtica de privacidade - ICS \u2014 Instituto para a Constru\u00e7\u00e3o Sustent\u00e1vel\" \/>\n<meta property=\"og:description\" content=\"O\u00a0INSTITUTO PARA A CONSTRU\u00c7\u00c3O SUSTENT\u00c1VEL (ICS)\u00a0respeita e valoriza a privacidade dos seus clientes, colaboradores, parceiros, fornecedores e restantes titulares de dados pessoais com quem se relaciona. Este comunicado de privacidade explica como usamos essa informa\u00e7\u00e3o, descrevendo os termos e as finalidades sob as quais ser\u00e1 realizado esse tratamento. Acerca desta Pol\u00edtica de Privacidade O\u00a0ICS\u00a0respeita as [&hellip;]\" \/>\n<meta property=\"og:url\" content=\"https:\/\/fe.up.pt\/icfeup\/politica-privacidade\/\" \/>\n<meta property=\"og:site_name\" content=\"ICS \u2014 Instituto para a Constru\u00e7\u00e3o Sustent\u00e1vel\" \/>\n<meta property=\"article:modified_time\" content=\"2024-12-18T17:04:43+00:00\" \/>\n<meta name=\"twitter:card\" content=\"summary_large_image\" \/>\n<meta name=\"twitter:label1\" content=\"Tempo estimado de leitura\" \/>\n\t<meta name=\"twitter:data1\" content=\"12 minutos\" \/>\n<script type=\"application\/ld+json\" class=\"yoast-schema-graph\">{\"@context\":\"https:\/\/schema.org\",\"@graph\":[{\"@type\":\"WebPage\",\"@id\":\"https:\/\/fe.up.pt\/icfeup\/politica-privacidade\/\",\"url\":\"https:\/\/fe.up.pt\/icfeup\/politica-privacidade\/\",\"name\":\"Pol\u00edtica de privacidade - ICS \u2014 Instituto para a Constru\u00e7\u00e3o Sustent\u00e1vel\",\"isPartOf\":{\"@id\":\"https:\/\/fe.up.pt\/icfeup\/#website\"},\"datePublished\":\"2019-01-14T14:27:12+00:00\",\"dateModified\":\"2024-12-18T17:04:43+00:00\",\"breadcrumb\":{\"@id\":\"https:\/\/fe.up.pt\/icfeup\/politica-privacidade\/#breadcrumb\"},\"inLanguage\":\"pt-PT\",\"potentialAction\":[{\"@type\":\"ReadAction\",\"target\":[\"https:\/\/fe.up.pt\/icfeup\/politica-privacidade\/\"]}]},{\"@type\":\"BreadcrumbList\",\"@id\":\"https:\/\/fe.up.pt\/icfeup\/politica-privacidade\/#breadcrumb\",\"itemListElement\":[{\"@type\":\"ListItem\",\"position\":1,\"name\":\"Home\",\"item\":\"https:\/\/fe.up.pt\/icfeup\/\"},{\"@type\":\"ListItem\",\"position\":2,\"name\":\"Pol\u00edtica de privacidade\"}]},{\"@type\":\"WebSite\",\"@id\":\"https:\/\/fe.up.pt\/icfeup\/#website\",\"url\":\"https:\/\/fe.up.pt\/icfeup\/\",\"name\":\"ICS \u2014 Instituto para a Constru\u00e7\u00e3o Sustent\u00e1vel\",\"description\":\"Associa\u00e7\u00e3o privada, cient\u00edfica e t\u00e9cnica sem fins lucrativos, que funciona como interface do conhecimento entre a comunidade cient\u00edfica e a ind\u00fastria, prestando servi\u00e7os de investiga\u00e7\u00e3o aplicada, ensaios, consultoria e forma\u00e7\u00e3o nos v\u00e1rios dom\u00ednios da Engenharia Civil.\",\"potentialAction\":[{\"@type\":\"SearchAction\",\"target\":{\"@type\":\"EntryPoint\",\"urlTemplate\":\"https:\/\/fe.up.pt\/icfeup\/?s={search_term_string}\"},\"query-input\":\"required name=search_term_string\"}],\"inLanguage\":\"pt-PT\"}]}<\/script>\n<!-- \/ Yoast SEO plugin. -->","yoast_head_json":{"title":"Pol\u00edtica de privacidade - ICS \u2014 Instituto para a Constru\u00e7\u00e3o Sustent\u00e1vel","robots":{"index":"index","follow":"follow","max-snippet":"max-snippet:-1","max-image-preview":"max-image-preview:large","max-video-preview":"max-video-preview:-1"},"canonical":"https:\/\/fe.up.pt\/icfeup\/politica-privacidade\/","og_locale":"pt_PT","og_type":"article","og_title":"Pol\u00edtica de privacidade - ICS \u2014 Instituto para a Constru\u00e7\u00e3o Sustent\u00e1vel","og_description":"O\u00a0INSTITUTO PARA A CONSTRU\u00c7\u00c3O SUSTENT\u00c1VEL (ICS)\u00a0respeita e valoriza a privacidade dos seus clientes, colaboradores, parceiros, fornecedores e restantes titulares de dados pessoais com quem se relaciona. Este comunicado de privacidade explica como usamos essa informa\u00e7\u00e3o, descrevendo os termos e as finalidades sob as quais ser\u00e1 realizado esse tratamento. Acerca desta Pol\u00edtica de Privacidade O\u00a0ICS\u00a0respeita as [&hellip;]","og_url":"https:\/\/fe.up.pt\/icfeup\/politica-privacidade\/","og_site_name":"ICS \u2014 Instituto para a Constru\u00e7\u00e3o Sustent\u00e1vel","article_modified_time":"2024-12-18T17:04:43+00:00","twitter_card":"summary_large_image","twitter_misc":{"Tempo estimado de leitura":"12 minutos"},"schema":{"@context":"https:\/\/schema.org","@graph":[{"@type":"WebPage","@id":"https:\/\/fe.up.pt\/icfeup\/politica-privacidade\/","url":"https:\/\/fe.up.pt\/icfeup\/politica-privacidade\/","name":"Pol\u00edtica de privacidade - ICS \u2014 Instituto para a Constru\u00e7\u00e3o Sustent\u00e1vel","isPartOf":{"@id":"https:\/\/fe.up.pt\/icfeup\/#website"},"datePublished":"2019-01-14T14:27:12+00:00","dateModified":"2024-12-18T17:04:43+00:00","breadcrumb":{"@id":"https:\/\/fe.up.pt\/icfeup\/politica-privacidade\/#breadcrumb"},"inLanguage":"pt-PT","potentialAction":[{"@type":"ReadAction","target":["https:\/\/fe.up.pt\/icfeup\/politica-privacidade\/"]}]},{"@type":"BreadcrumbList","@id":"https:\/\/fe.up.pt\/icfeup\/politica-privacidade\/#breadcrumb","itemListElement":[{"@type":"ListItem","position":1,"name":"Home","item":"https:\/\/fe.up.pt\/icfeup\/"},{"@type":"ListItem","position":2,"name":"Pol\u00edtica de privacidade"}]},{"@type":"WebSite","@id":"https:\/\/fe.up.pt\/icfeup\/#website","url":"https:\/\/fe.up.pt\/icfeup\/","name":"ICS \u2014 Instituto para a Constru\u00e7\u00e3o Sustent\u00e1vel","description":"Associa\u00e7\u00e3o privada, cient\u00edfica e t\u00e9cnica sem fins lucrativos, que funciona como interface do conhecimento entre a comunidade cient\u00edfica e a ind\u00fastria, prestando servi\u00e7os de investiga\u00e7\u00e3o aplicada, ensaios, consultoria e forma\u00e7\u00e3o nos v\u00e1rios dom\u00ednios da Engenharia Civil.","potentialAction":[{"@type":"SearchAction","target":{"@type":"EntryPoint","urlTemplate":"https:\/\/fe.up.pt\/icfeup\/?s={search_term_string}"},"query-input":"required name=search_term_string"}],"inLanguage":"pt-PT"}]}},"_links":{"self":[{"href":"https:\/\/fe.up.pt\/icfeup\/wp-json\/wp\/v2\/pages\/3"}],"collection":[{"href":"https:\/\/fe.up.pt\/icfeup\/wp-json\/wp\/v2\/pages"}],"about":[{"href":"https:\/\/fe.up.pt\/icfeup\/wp-json\/wp\/v2\/types\/page"}],"author":[{"embeddable":true,"href":"https:\/\/fe.up.pt\/icfeup\/wp-json\/wp\/v2\/users\/4"}],"replies":[{"embeddable":true,"href":"https:\/\/fe.up.pt\/icfeup\/wp-json\/wp\/v2\/comments?post=3"}],"version-history":[{"count":3,"href":"https:\/\/fe.up.pt\/icfeup\/wp-json\/wp\/v2\/pages\/3\/revisions"}],"predecessor-version":[{"id":8656,"href":"https:\/\/fe.up.pt\/icfeup\/wp-json\/wp\/v2\/pages\/3\/revisions\/8656"}],"wp:attachment":[{"href":"https:\/\/fe.up.pt\/icfeup\/wp-json\/wp\/v2\/media?parent=3"}],"curies":[{"name":"wp","href":"https:\/\/api.w.org\/{rel}","templated":true}]}}