{"id":138,"date":"2019-04-04T09:55:34","date_gmt":"2019-04-04T09:55:34","guid":{"rendered":"https:\/\/paginas.fe.up.pt\/?page_id=138"},"modified":"2024-01-26T17:18:51","modified_gmt":"2024-01-26T17:18:51","slug":"termos-e-condicoes","status":"publish","type":"page","link":"https:\/\/fe.up.pt\/icfeup\/termos-e-condicoes\/","title":{"rendered":"Termos e Condi\u00e7\u00f5es"},"content":{"rendered":"\n<p>O ICS \u2013 Instituto para a Constru\u00e7\u00e3o Sustent\u00e1vel respeita a privacidade individual e valoriza a confian\u00e7a dos seus utilizadores, clientes e parceiros. Como tal, estamos empenhados em proteger a informa\u00e7\u00e3o pessoal que venha a partilhar connosco. Esta p\u00e1gina descreve como fazemos uso dessa informa\u00e7\u00e3o.<br> \u00a0<br><strong>Recep\u00e7\u00e3o de dados<br><\/strong>Ao ceder-nos a sua informa\u00e7\u00e3o pessoal, voluntariamente, ela apenas ser\u00e1 acedida pelos nossos servi\u00e7os. \u00c9 considerado informa\u00e7\u00e3o pessoal tudo o que possa ser usado para identificar um utilizador como, por exemplo, nome, endere\u00e7o electr\u00f3nico, t\u00edtulo, data de nascimento, g\u00e9nero, profiss\u00e3o, interesses pessoais ou demais dados necess\u00e1rios para que possamos prestar o servi\u00e7o solicitado ou at\u00e9 melhorar o funcionamento do Site. N\u00e3o registamos automaticamente informa\u00e7\u00e3o pessoal, incluindo o seu endere\u00e7o de IP. O registo dos endere\u00e7os de IP que consultam o Site poder\u00e3o servir apenas para efeito de an\u00e1lise estat\u00edstica de tr\u00e1fego. Os dados fornecidos n\u00e3o ser\u00e3o transferidos para terceiros sem o seu consentimento pr\u00e9vio, mas podem ser usados pelo ICS para fins de processamento ou correio.<br> <br><strong>Actualiza\u00e7\u00e3o da informa\u00e7\u00e3o<br><\/strong>Se, a qualquer momento, desejar interromper a recep\u00e7\u00e3o de e-mails ou outras comunica\u00e7\u00f5es connosco, ou se tiver enviado informa\u00e7\u00e3o pessoal identific\u00e1vel atrav\u00e9s do nosso Site e gostaria que essa informa\u00e7\u00e3o fosse apagada dos registos, \u00e9 favor notificar-nos para\u00a0<strong><a href=\"mailto:ics@fe.up.pt\">ics@fe.up.pt<\/a><\/strong>.\u00a0<br> <br><strong>Liga\u00e7\u00f5es a Sites de terceiros<br><\/strong>Por cortesia aos nossos visitantes, o nosso Site cont\u00e9m liga\u00e7\u00f5es para alguns Sites de terceiros, os quais, a nosso ver, podem conter informa\u00e7\u00f5es \u00fateis. A Pol\u00edtica de Privacidade aqui apresentada n\u00e3o se aplica a estes Sites, por isso, aconselhamos vivamente a consulta da Pol\u00edtica de Privacidade dos mesmos.\u00a0<br> <br><strong>Outros<br><\/strong>O material disposto neste Site, em texto e imagem, \u00e9 propriedade do ICS ou de terceiros; a sua utiliza\u00e7\u00e3o \u00e9 feita com a devida autoriza\u00e7\u00e3o dos seus autores. A utiliza\u00e7\u00e3o n\u00e3o autorizada constitui um crime pun\u00edvel por lei. Se tiver d\u00favidas ou alguma quest\u00e3o sobre a forma como gerimos a informa\u00e7\u00e3o, por favor envie-nos um e-mail para\u00a0<strong><a href=\"mailto:ics@fe.up.pt\">ics@fe.up.pt<\/a><\/strong>. Este endere\u00e7o tamb\u00e9m \u00e9 reservado \u00e0 comunica\u00e7\u00e3o de factos que possam, de uma maneira ou outra, infringir alguma das normas expl\u00edcitas nesta pol\u00edtica, bem como comprometer a seguran\u00e7a do Site e o seu normal funcionamento.<br> <br><strong>Actualiza\u00e7\u00f5es<br><\/strong>Quaisquer mudan\u00e7as realizadas na Pol\u00edtica de Privacidade deste Site ser\u00e3o descriminadas nesta p\u00e1gina e podem ser efectuadas a qualquer momento. Se a altera\u00e7\u00e3o for substancial e tiver implica\u00e7\u00f5es na forma como usamos os seus dados, ser\u00e1 informado atrav\u00e9s de uma aviso na p\u00e1gina de entrada do Site.<\/p>\n\n\n\n<p><\/p>\n","protected":false},"excerpt":{"rendered":"<p>O ICS \u2013 Instituto para a Constru\u00e7\u00e3o Sustent\u00e1vel respeita a privacidade individual e valoriza a confian\u00e7a dos seus utilizadores, clientes e parceiros. Como tal, estamos empenhados em proteger a informa\u00e7\u00e3o pessoal que venha a partilhar connosco. Esta p\u00e1gina descreve como fazemos uso dessa informa\u00e7\u00e3o. \u00a0Recep\u00e7\u00e3o de dadosAo ceder-nos a sua informa\u00e7\u00e3o pessoal, voluntariamente, ela apenas [&hellip;]<\/p>\n","protected":false},"author":4,"featured_media":0,"parent":0,"menu_order":34,"comment_status":"closed","ping_status":"closed","template":"","meta":{"footnotes":""},"class_list":["post-138","page","type-page","status-publish","hentry"],"yoast_head":"<!-- This site is optimized with the Yoast SEO plugin v23.1 - https:\/\/yoast.com\/wordpress\/plugins\/seo\/ -->\n<title>Termos e Condi\u00e7\u00f5es - ICS \u2014 Instituto para a Constru\u00e7\u00e3o Sustent\u00e1vel<\/title>\n<meta name=\"robots\" content=\"index, follow, max-snippet:-1, max-image-preview:large, max-video-preview:-1\" \/>\n<link rel=\"canonical\" href=\"https:\/\/fe.up.pt\/icfeup\/termos-e-condicoes\/\" \/>\n<meta property=\"og:locale\" content=\"pt_PT\" \/>\n<meta property=\"og:type\" content=\"article\" \/>\n<meta property=\"og:title\" content=\"Termos e Condi\u00e7\u00f5es - ICS \u2014 Instituto para a Constru\u00e7\u00e3o Sustent\u00e1vel\" \/>\n<meta property=\"og:description\" content=\"O ICS \u2013 Instituto para a Constru\u00e7\u00e3o Sustent\u00e1vel respeita a privacidade individual e valoriza a confian\u00e7a dos seus utilizadores, clientes e parceiros. Como tal, estamos empenhados em proteger a informa\u00e7\u00e3o pessoal que venha a partilhar connosco. Esta p\u00e1gina descreve como fazemos uso dessa informa\u00e7\u00e3o. \u00a0Recep\u00e7\u00e3o de dadosAo ceder-nos a sua informa\u00e7\u00e3o pessoal, voluntariamente, ela apenas [&hellip;]\" \/>\n<meta property=\"og:url\" content=\"https:\/\/fe.up.pt\/icfeup\/termos-e-condicoes\/\" \/>\n<meta property=\"og:site_name\" content=\"ICS \u2014 Instituto para a Constru\u00e7\u00e3o Sustent\u00e1vel\" \/>\n<meta property=\"article:modified_time\" content=\"2024-01-26T17:18:51+00:00\" \/>\n<meta name=\"twitter:card\" content=\"summary_large_image\" \/>\n<meta name=\"twitter:label1\" content=\"Tempo estimado de leitura\" \/>\n\t<meta name=\"twitter:data1\" content=\"3 minutos\" \/>\n<script type=\"application\/ld+json\" class=\"yoast-schema-graph\">{\"@context\":\"https:\/\/schema.org\",\"@graph\":[{\"@type\":\"WebPage\",\"@id\":\"https:\/\/fe.up.pt\/icfeup\/termos-e-condicoes\/\",\"url\":\"https:\/\/fe.up.pt\/icfeup\/termos-e-condicoes\/\",\"name\":\"Termos e Condi\u00e7\u00f5es - ICS \u2014 Instituto para a Constru\u00e7\u00e3o Sustent\u00e1vel\",\"isPartOf\":{\"@id\":\"https:\/\/fe.up.pt\/icfeup\/#website\"},\"datePublished\":\"2019-04-04T09:55:34+00:00\",\"dateModified\":\"2024-01-26T17:18:51+00:00\",\"breadcrumb\":{\"@id\":\"https:\/\/fe.up.pt\/icfeup\/termos-e-condicoes\/#breadcrumb\"},\"inLanguage\":\"pt-PT\",\"potentialAction\":[{\"@type\":\"ReadAction\",\"target\":[\"https:\/\/fe.up.pt\/icfeup\/termos-e-condicoes\/\"]}]},{\"@type\":\"BreadcrumbList\",\"@id\":\"https:\/\/fe.up.pt\/icfeup\/termos-e-condicoes\/#breadcrumb\",\"itemListElement\":[{\"@type\":\"ListItem\",\"position\":1,\"name\":\"Home\",\"item\":\"https:\/\/fe.up.pt\/icfeup\/\"},{\"@type\":\"ListItem\",\"position\":2,\"name\":\"Termos e Condi\u00e7\u00f5es\"}]},{\"@type\":\"WebSite\",\"@id\":\"https:\/\/fe.up.pt\/icfeup\/#website\",\"url\":\"https:\/\/fe.up.pt\/icfeup\/\",\"name\":\"ICS \u2014 Instituto para a Constru\u00e7\u00e3o Sustent\u00e1vel\",\"description\":\"Associa\u00e7\u00e3o privada, cient\u00edfica e t\u00e9cnica sem fins lucrativos, que funciona como interface do conhecimento entre a comunidade cient\u00edfica e a ind\u00fastria, prestando servi\u00e7os de investiga\u00e7\u00e3o aplicada, ensaios, consultoria e forma\u00e7\u00e3o nos v\u00e1rios dom\u00ednios da Engenharia Civil.\",\"potentialAction\":[{\"@type\":\"SearchAction\",\"target\":{\"@type\":\"EntryPoint\",\"urlTemplate\":\"https:\/\/fe.up.pt\/icfeup\/?s={search_term_string}\"},\"query-input\":\"required name=search_term_string\"}],\"inLanguage\":\"pt-PT\"}]}<\/script>\n<!-- \/ Yoast SEO plugin. -->","yoast_head_json":{"title":"Termos e Condi\u00e7\u00f5es - ICS \u2014 Instituto para a Constru\u00e7\u00e3o Sustent\u00e1vel","robots":{"index":"index","follow":"follow","max-snippet":"max-snippet:-1","max-image-preview":"max-image-preview:large","max-video-preview":"max-video-preview:-1"},"canonical":"https:\/\/fe.up.pt\/icfeup\/termos-e-condicoes\/","og_locale":"pt_PT","og_type":"article","og_title":"Termos e Condi\u00e7\u00f5es - ICS \u2014 Instituto para a Constru\u00e7\u00e3o Sustent\u00e1vel","og_description":"O ICS \u2013 Instituto para a Constru\u00e7\u00e3o Sustent\u00e1vel respeita a privacidade individual e valoriza a confian\u00e7a dos seus utilizadores, clientes e parceiros. Como tal, estamos empenhados em proteger a informa\u00e7\u00e3o pessoal que venha a partilhar connosco. Esta p\u00e1gina descreve como fazemos uso dessa informa\u00e7\u00e3o. \u00a0Recep\u00e7\u00e3o de dadosAo ceder-nos a sua informa\u00e7\u00e3o pessoal, voluntariamente, ela apenas [&hellip;]","og_url":"https:\/\/fe.up.pt\/icfeup\/termos-e-condicoes\/","og_site_name":"ICS \u2014 Instituto para a Constru\u00e7\u00e3o Sustent\u00e1vel","article_modified_time":"2024-01-26T17:18:51+00:00","twitter_card":"summary_large_image","twitter_misc":{"Tempo estimado de leitura":"3 minutos"},"schema":{"@context":"https:\/\/schema.org","@graph":[{"@type":"WebPage","@id":"https:\/\/fe.up.pt\/icfeup\/termos-e-condicoes\/","url":"https:\/\/fe.up.pt\/icfeup\/termos-e-condicoes\/","name":"Termos e Condi\u00e7\u00f5es - ICS \u2014 Instituto para a Constru\u00e7\u00e3o Sustent\u00e1vel","isPartOf":{"@id":"https:\/\/fe.up.pt\/icfeup\/#website"},"datePublished":"2019-04-04T09:55:34+00:00","dateModified":"2024-01-26T17:18:51+00:00","breadcrumb":{"@id":"https:\/\/fe.up.pt\/icfeup\/termos-e-condicoes\/#breadcrumb"},"inLanguage":"pt-PT","potentialAction":[{"@type":"ReadAction","target":["https:\/\/fe.up.pt\/icfeup\/termos-e-condicoes\/"]}]},{"@type":"BreadcrumbList","@id":"https:\/\/fe.up.pt\/icfeup\/termos-e-condicoes\/#breadcrumb","itemListElement":[{"@type":"ListItem","position":1,"name":"Home","item":"https:\/\/fe.up.pt\/icfeup\/"},{"@type":"ListItem","position":2,"name":"Termos e Condi\u00e7\u00f5es"}]},{"@type":"WebSite","@id":"https:\/\/fe.up.pt\/icfeup\/#website","url":"https:\/\/fe.up.pt\/icfeup\/","name":"ICS \u2014 Instituto para a Constru\u00e7\u00e3o Sustent\u00e1vel","description":"Associa\u00e7\u00e3o privada, cient\u00edfica e t\u00e9cnica sem fins lucrativos, que funciona como interface do conhecimento entre a comunidade cient\u00edfica e a ind\u00fastria, prestando servi\u00e7os de investiga\u00e7\u00e3o aplicada, ensaios, consultoria e forma\u00e7\u00e3o nos v\u00e1rios dom\u00ednios da Engenharia Civil.","potentialAction":[{"@type":"SearchAction","target":{"@type":"EntryPoint","urlTemplate":"https:\/\/fe.up.pt\/icfeup\/?s={search_term_string}"},"query-input":"required name=search_term_string"}],"inLanguage":"pt-PT"}]}},"_links":{"self":[{"href":"https:\/\/fe.up.pt\/icfeup\/wp-json\/wp\/v2\/pages\/138"}],"collection":[{"href":"https:\/\/fe.up.pt\/icfeup\/wp-json\/wp\/v2\/pages"}],"about":[{"href":"https:\/\/fe.up.pt\/icfeup\/wp-json\/wp\/v2\/types\/page"}],"author":[{"embeddable":true,"href":"https:\/\/fe.up.pt\/icfeup\/wp-json\/wp\/v2\/users\/4"}],"replies":[{"embeddable":true,"href":"https:\/\/fe.up.pt\/icfeup\/wp-json\/wp\/v2\/comments?post=138"}],"version-history":[{"count":4,"href":"https:\/\/fe.up.pt\/icfeup\/wp-json\/wp\/v2\/pages\/138\/revisions"}],"predecessor-version":[{"id":8355,"href":"https:\/\/fe.up.pt\/icfeup\/wp-json\/wp\/v2\/pages\/138\/revisions\/8355"}],"wp:attachment":[{"href":"https:\/\/fe.up.pt\/icfeup\/wp-json\/wp\/v2\/media?parent=138"}],"curies":[{"name":"wp","href":"https:\/\/api.w.org\/{rel}","templated":true}]}}