{"id":124,"date":"2019-03-12T12:02:01","date_gmt":"2019-03-12T12:02:01","guid":{"rendered":"https:\/\/paginas.fe.up.pt\/?page_id=124"},"modified":"2024-12-18T17:26:59","modified_gmt":"2024-12-18T17:26:59","slug":"contactos","status":"publish","type":"page","link":"https:\/\/fe.up.pt\/icfeup\/contactos\/","title":{"rendered":"Contactos"},"content":{"rendered":"\n<p><strong>ICS &#8211; Instituto para a Constru\u00e7\u00e3o Sustent\u00e1vel<\/strong><\/p>\n\n\n\n<p>Rua Dr. Roberto Frias, s\/n<br>Campus da FEUP<br>Edif\u00edcio G &#8211; Piso 1<br>4200-465 Porto<\/p>\n\n\n\n<p>NIF: 517466899<\/p>\n\n\n\n<p>e: <a href=\"mailto:ics@fe.up.pt\" target=\"_blank\" rel=\"noreferrer noopener\">ics@fe.up.pt<\/a><\/p>\n\n\n\n<p>Esmeralda Miguel: 22 041 3708<br>Maria Am\u00e9lia: 22 508 1856<br>Maria de Lurdes: 22 508 2190<br>Manuel Carvalho: 22 041 3703<br>Paula Costa: 22 041 4877<\/p>\n","protected":false},"excerpt":{"rendered":"<p>ICS &#8211; Instituto para a Constru\u00e7\u00e3o Sustent\u00e1vel Rua Dr. Roberto Frias, s\/nCampus da FEUPEdif\u00edcio G &#8211; Piso 14200-465 Porto NIF: 517466899 e: ics@fe.up.pt Esmeralda Miguel: 22 041 3708Maria Am\u00e9lia: 22 508 1856Maria de Lurdes: 22 508 2190Manuel Carvalho: 22 041 3703Paula Costa: 22 041 4877<\/p>\n","protected":false},"author":4,"featured_media":0,"parent":0,"menu_order":35,"comment_status":"closed","ping_status":"closed","template":"page-contactos.php","meta":{"footnotes":""},"class_list":["post-124","page","type-page","status-publish","hentry"],"yoast_head":"<!-- This site is optimized with the Yoast SEO plugin v23.1 - https:\/\/yoast.com\/wordpress\/plugins\/seo\/ -->\n<title>Contactos - ICS \u2014 Instituto para a Constru\u00e7\u00e3o Sustent\u00e1vel<\/title>\n<meta name=\"robots\" content=\"index, follow, max-snippet:-1, max-image-preview:large, max-video-preview:-1\" \/>\n<link rel=\"canonical\" href=\"https:\/\/fe.up.pt\/icfeup\/contactos\/\" \/>\n<meta property=\"og:locale\" content=\"pt_PT\" \/>\n<meta property=\"og:type\" content=\"article\" \/>\n<meta property=\"og:title\" content=\"Contactos - ICS \u2014 Instituto para a Constru\u00e7\u00e3o Sustent\u00e1vel\" \/>\n<meta property=\"og:description\" content=\"ICS &#8211; Instituto para a Constru\u00e7\u00e3o Sustent\u00e1vel Rua Dr. Roberto Frias, s\/nCampus da FEUPEdif\u00edcio G &#8211; Piso 14200-465 Porto NIF: 517466899 e: ics@fe.up.pt Esmeralda Miguel: 22 041 3708Maria Am\u00e9lia: 22 508 1856Maria de Lurdes: 22 508 2190Manuel Carvalho: 22 041 3703Paula Costa: 22 041 4877\" \/>\n<meta property=\"og:url\" content=\"https:\/\/fe.up.pt\/icfeup\/contactos\/\" \/>\n<meta property=\"og:site_name\" content=\"ICS \u2014 Instituto para a Constru\u00e7\u00e3o Sustent\u00e1vel\" \/>\n<meta property=\"article:modified_time\" content=\"2024-12-18T17:26:59+00:00\" \/>\n<meta name=\"twitter:card\" content=\"summary_large_image\" \/>\n<meta name=\"twitter:label1\" content=\"Tempo estimado de leitura\" \/>\n\t<meta name=\"twitter:data1\" content=\"1 minuto\" \/>\n<script type=\"application\/ld+json\" class=\"yoast-schema-graph\">{\"@context\":\"https:\/\/schema.org\",\"@graph\":[{\"@type\":\"WebPage\",\"@id\":\"https:\/\/fe.up.pt\/icfeup\/contactos\/\",\"url\":\"https:\/\/fe.up.pt\/icfeup\/contactos\/\",\"name\":\"Contactos - ICS \u2014 Instituto para a Constru\u00e7\u00e3o Sustent\u00e1vel\",\"isPartOf\":{\"@id\":\"https:\/\/fe.up.pt\/icfeup\/#website\"},\"datePublished\":\"2019-03-12T12:02:01+00:00\",\"dateModified\":\"2024-12-18T17:26:59+00:00\",\"breadcrumb\":{\"@id\":\"https:\/\/fe.up.pt\/icfeup\/contactos\/#breadcrumb\"},\"inLanguage\":\"pt-PT\",\"potentialAction\":[{\"@type\":\"ReadAction\",\"target\":[\"https:\/\/fe.up.pt\/icfeup\/contactos\/\"]}]},{\"@type\":\"BreadcrumbList\",\"@id\":\"https:\/\/fe.up.pt\/icfeup\/contactos\/#breadcrumb\",\"itemListElement\":[{\"@type\":\"ListItem\",\"position\":1,\"name\":\"Home\",\"item\":\"https:\/\/fe.up.pt\/icfeup\/\"},{\"@type\":\"ListItem\",\"position\":2,\"name\":\"Contactos\"}]},{\"@type\":\"WebSite\",\"@id\":\"https:\/\/fe.up.pt\/icfeup\/#website\",\"url\":\"https:\/\/fe.up.pt\/icfeup\/\",\"name\":\"ICS \u2014 Instituto para a Constru\u00e7\u00e3o Sustent\u00e1vel\",\"description\":\"Associa\u00e7\u00e3o privada, cient\u00edfica e t\u00e9cnica sem fins lucrativos, que funciona como interface do conhecimento entre a comunidade cient\u00edfica e a ind\u00fastria, prestando servi\u00e7os de investiga\u00e7\u00e3o aplicada, ensaios, consultoria e forma\u00e7\u00e3o nos v\u00e1rios dom\u00ednios da Engenharia Civil.\",\"potentialAction\":[{\"@type\":\"SearchAction\",\"target\":{\"@type\":\"EntryPoint\",\"urlTemplate\":\"https:\/\/fe.up.pt\/icfeup\/?s={search_term_string}\"},\"query-input\":\"required name=search_term_string\"}],\"inLanguage\":\"pt-PT\"}]}<\/script>\n<!-- \/ Yoast SEO plugin. -->","yoast_head_json":{"title":"Contactos - ICS \u2014 Instituto para a Constru\u00e7\u00e3o Sustent\u00e1vel","robots":{"index":"index","follow":"follow","max-snippet":"max-snippet:-1","max-image-preview":"max-image-preview:large","max-video-preview":"max-video-preview:-1"},"canonical":"https:\/\/fe.up.pt\/icfeup\/contactos\/","og_locale":"pt_PT","og_type":"article","og_title":"Contactos - ICS \u2014 Instituto para a Constru\u00e7\u00e3o Sustent\u00e1vel","og_description":"ICS &#8211; Instituto para a Constru\u00e7\u00e3o Sustent\u00e1vel Rua Dr. Roberto Frias, s\/nCampus da FEUPEdif\u00edcio G &#8211; Piso 14200-465 Porto NIF: 517466899 e: ics@fe.up.pt Esmeralda Miguel: 22 041 3708Maria Am\u00e9lia: 22 508 1856Maria de Lurdes: 22 508 2190Manuel Carvalho: 22 041 3703Paula Costa: 22 041 4877","og_url":"https:\/\/fe.up.pt\/icfeup\/contactos\/","og_site_name":"ICS \u2014 Instituto para a Constru\u00e7\u00e3o Sustent\u00e1vel","article_modified_time":"2024-12-18T17:26:59+00:00","twitter_card":"summary_large_image","twitter_misc":{"Tempo estimado de leitura":"1 minuto"},"schema":{"@context":"https:\/\/schema.org","@graph":[{"@type":"WebPage","@id":"https:\/\/fe.up.pt\/icfeup\/contactos\/","url":"https:\/\/fe.up.pt\/icfeup\/contactos\/","name":"Contactos - ICS \u2014 Instituto para a Constru\u00e7\u00e3o Sustent\u00e1vel","isPartOf":{"@id":"https:\/\/fe.up.pt\/icfeup\/#website"},"datePublished":"2019-03-12T12:02:01+00:00","dateModified":"2024-12-18T17:26:59+00:00","breadcrumb":{"@id":"https:\/\/fe.up.pt\/icfeup\/contactos\/#breadcrumb"},"inLanguage":"pt-PT","potentialAction":[{"@type":"ReadAction","target":["https:\/\/fe.up.pt\/icfeup\/contactos\/"]}]},{"@type":"BreadcrumbList","@id":"https:\/\/fe.up.pt\/icfeup\/contactos\/#breadcrumb","itemListElement":[{"@type":"ListItem","position":1,"name":"Home","item":"https:\/\/fe.up.pt\/icfeup\/"},{"@type":"ListItem","position":2,"name":"Contactos"}]},{"@type":"WebSite","@id":"https:\/\/fe.up.pt\/icfeup\/#website","url":"https:\/\/fe.up.pt\/icfeup\/","name":"ICS \u2014 Instituto para a Constru\u00e7\u00e3o Sustent\u00e1vel","description":"Associa\u00e7\u00e3o privada, cient\u00edfica e t\u00e9cnica sem fins lucrativos, que funciona como interface do conhecimento entre a comunidade cient\u00edfica e a ind\u00fastria, prestando servi\u00e7os de investiga\u00e7\u00e3o aplicada, ensaios, consultoria e forma\u00e7\u00e3o nos v\u00e1rios dom\u00ednios da Engenharia Civil.","potentialAction":[{"@type":"SearchAction","target":{"@type":"EntryPoint","urlTemplate":"https:\/\/fe.up.pt\/icfeup\/?s={search_term_string}"},"query-input":"required name=search_term_string"}],"inLanguage":"pt-PT"}]}},"_links":{"self":[{"href":"https:\/\/fe.up.pt\/icfeup\/wp-json\/wp\/v2\/pages\/124"}],"collection":[{"href":"https:\/\/fe.up.pt\/icfeup\/wp-json\/wp\/v2\/pages"}],"about":[{"href":"https:\/\/fe.up.pt\/icfeup\/wp-json\/wp\/v2\/types\/page"}],"author":[{"embeddable":true,"href":"https:\/\/fe.up.pt\/icfeup\/wp-json\/wp\/v2\/users\/4"}],"replies":[{"embeddable":true,"href":"https:\/\/fe.up.pt\/icfeup\/wp-json\/wp\/v2\/comments?post=124"}],"version-history":[{"count":9,"href":"https:\/\/fe.up.pt\/icfeup\/wp-json\/wp\/v2\/pages\/124\/revisions"}],"predecessor-version":[{"id":8665,"href":"https:\/\/fe.up.pt\/icfeup\/wp-json\/wp\/v2\/pages\/124\/revisions\/8665"}],"wp:attachment":[{"href":"https:\/\/fe.up.pt\/icfeup\/wp-json\/wp\/v2\/media?parent=124"}],"curies":[{"name":"wp","href":"https:\/\/api.w.org\/{rel}","templated":true}]}}