{"id":121,"date":"2019-03-11T17:50:36","date_gmt":"2019-03-11T17:50:36","guid":{"rendered":"https:\/\/paginas.fe.up.pt\/?page_id=121"},"modified":"2024-01-30T17:06:03","modified_gmt":"2024-01-30T17:06:03","slug":"historia","status":"publish","type":"page","link":"https:\/\/fe.up.pt\/icfeup\/instituto\/historia\/","title":{"rendered":"Hist\u00f3ria"},"content":{"rendered":"\n<p>O <strong>Instituto para a Constru\u00e7\u00e3o Sustent\u00e1vel (ICS) <\/strong>resulta da opera\u00e7\u00e3o de fus\u00e3o do IC \u2013 Instituto da Constru\u00e7\u00e3o, do LEMC \u2013 Laborat\u00f3rio de Ensaio de Materiais de Constru\u00e7\u00e3o e do IHRH \u2013 Instituto de Hidr\u00e1ulica e Recursos H\u00eddricos.<\/p>\n\n\n\n<p><img loading=\"lazy\" decoding=\"async\" width=\"150\" height=\"150\" class=\"wp-image-8361 lazyload\" style=\"--smush-placeholder-width: 150px; --smush-placeholder-aspect-ratio: 150\/150;width: 150px;\" data-src=\"https:\/\/fe.up.pt\/icfeup\/wp-content\/uploads\/2024\/01\/logo_ic.png\" alt=\"\" src=\"data:image\/gif;base64,R0lGODlhAQABAAAAACH5BAEKAAEALAAAAAABAAEAAAICTAEAOw==\"><noscript><img loading=\"lazy\" decoding=\"async\" width=\"150\" height=\"150\" class=\"wp-image-8361\" style=\"width: 150px;\" src=\"https:\/\/fe.up.pt\/icfeup\/wp-content\/uploads\/2024\/01\/logo_ic.png\" alt=\"\"><\/noscript>  <img loading=\"lazy\" decoding=\"async\" width=\"150\" height=\"149\" class=\"wp-image-8363 lazyload\" style=\"--smush-placeholder-width: 150px; --smush-placeholder-aspect-ratio: 150\/149;width: 150px;\" data-src=\"https:\/\/fe.up.pt\/icfeup\/wp-content\/uploads\/2024\/01\/logo_ihrh.png\" alt=\"\" src=\"data:image\/gif;base64,R0lGODlhAQABAAAAACH5BAEKAAEALAAAAAABAAEAAAICTAEAOw==\"><noscript><img loading=\"lazy\" decoding=\"async\" width=\"150\" height=\"149\" class=\"wp-image-8363\" style=\"width: 150px;\" src=\"https:\/\/fe.up.pt\/icfeup\/wp-content\/uploads\/2024\/01\/logo_ihrh.png\" alt=\"\"><\/noscript>  <img loading=\"lazy\" decoding=\"async\" width=\"150\" height=\"149\" class=\"wp-image-8367 lazyload\" style=\"--smush-placeholder-width: 150px; --smush-placeholder-aspect-ratio: 150\/149;width: 150px;\" data-src=\"https:\/\/fe.up.pt\/icfeup\/wp-content\/uploads\/2024\/01\/logo_lemc.png\" alt=\"\" src=\"data:image\/gif;base64,R0lGODlhAQABAAAAACH5BAEKAAEALAAAAAABAAEAAAICTAEAOw==\"><noscript><img loading=\"lazy\" decoding=\"async\" width=\"150\" height=\"149\" class=\"wp-image-8367\" style=\"width: 150px;\" src=\"https:\/\/fe.up.pt\/icfeup\/wp-content\/uploads\/2024\/01\/logo_lemc.png\" alt=\"\"><\/noscript><\/p>\n\n\n\n<p>Esta mudan\u00e7a tem como <strong>objetivo <\/strong>satisfazer e corresponder melhor \u00e0s necessidades das entidades e de todos os que nos contactam, numa l\u00f3gica de proporcionar uma resposta cada vez mais adequada \u00e0s respetivas solicita\u00e7\u00f5es, atrav\u00e9s da <strong>jun\u00e7\u00e3o das compet\u00eancias dos tr\u00eas anteriores Institutos<\/strong> no novo Instituto para a Constru\u00e7\u00e3o Sustent\u00e1vel &#8211; ICS, com o intuito de se atingirem novos patamares de excel\u00eancia nas presta\u00e7\u00f5es dos nossos servi\u00e7os e numa permanente constru\u00e7\u00e3o de uma vis\u00e3o de futuro.<\/p>\n\n\n\n<p>Por essa raz\u00e3o, o ICS tem por <strong>objeto <\/strong>o desenvolvimento de <strong>atividades cient\u00edficas e tecnol\u00f3gicas na \u00e1rea da Engenharia Civil<\/strong>, em particular nos dom\u00ednios de: Constru\u00e7\u00f5es Civis; Estruturas; Geotecnia; Hidr\u00e1ulica, Recursos H\u00eddricos e Ambiente; Matem\u00e1tica e M\u00e9todos Num\u00e9ricos em Engenharia; Materiais de Constru\u00e7\u00e3o; Planeamento do Territ\u00f3rio e Ambiente; Vias de Comunica\u00e7\u00e3o e Transportes, e em \u00e1reas conexas, tanto de car\u00e1cter fundamental como de \u00e2mbito mais aplicado, permitindo, assim, a <strong>potencializa\u00e7\u00e3o no novo ICS das val\u00eancias de cada um dos tr\u00eas anteriores Institutos<\/strong>.<\/p>\n\n\n\n<p>O ICS \u2013 Instituto para a Constru\u00e7\u00e3o Sustent\u00e1vel \u00e9 uma associa\u00e7\u00e3o privada, cient\u00edfica e t\u00e9cnica sem fins lucrativos constitu\u00edda em 2023 na Faculdade de Engenharia da Universidade do Porto (FEUP), que visa desenvolver atividades que se repartem pelos seguintes eixos principais:<\/p>\n\n\n\n<ul class=\"wp-block-list\">\n<li>investiga\u00e7\u00e3o cient\u00edfica aplicada e\ndesenvolvimento tecnol\u00f3gico, <\/li>\n\n\n\n<li>transfer\u00eancia de tecnologia; <\/li>\n\n\n\n<li>consultoria especializada e\nauditorias independentes;<\/li>\n\n\n\n<li>presta\u00e7\u00e3o de servi\u00e7os; <\/li>\n\n\n\n<li>forma\u00e7\u00e3o avan\u00e7ada.<\/li>\n<\/ul>\n\n\n\n<p class=\"has-text-align-left\"><br>Organizado para apoiar a ind\u00fastria da Constru\u00e7\u00e3o, o ICS estabelece la\u00e7os diretos entre a academia, a ind\u00fastria, a administra\u00e7\u00e3o p\u00fablica e a sociedade, possibilitando assim que o corpo docente e de investigadores altamente qualificados do DEC da FEUP possa contribuir para uma significativa melhoria do sector da constru\u00e7\u00e3o. <\/p>\n\n\n\n<p>Sediado no Campus da FEUP, o ICS agrega os docentes do DEC e ainda investigadores contratados, bolseiros e pessoal administrativo.<\/p>\n","protected":false},"excerpt":{"rendered":"<p>O Instituto para a Constru\u00e7\u00e3o Sustent\u00e1vel (ICS) resulta da opera\u00e7\u00e3o de fus\u00e3o do IC \u2013 Instituto da Constru\u00e7\u00e3o, do LEMC \u2013 Laborat\u00f3rio de Ensaio de Materiais de Constru\u00e7\u00e3o e do IHRH \u2013 Instituto de Hidr\u00e1ulica e Recursos H\u00eddricos. Esta mudan\u00e7a tem como objetivo satisfazer e corresponder melhor \u00e0s necessidades das entidades e de todos os [&hellip;]<\/p>\n","protected":false},"author":4,"featured_media":3857,"parent":118,"menu_order":39,"comment_status":"closed","ping_status":"closed","template":"page-timeline.php","meta":{"footnotes":""},"class_list":["post-121","page","type-page","status-publish","has-post-thumbnail","hentry"],"yoast_head":"<!-- This site is optimized with the Yoast SEO plugin v23.1 - https:\/\/yoast.com\/wordpress\/plugins\/seo\/ -->\n<title>Hist\u00f3ria - ICS \u2014 Instituto para a Constru\u00e7\u00e3o Sustent\u00e1vel<\/title>\n<meta name=\"robots\" content=\"index, follow, max-snippet:-1, max-image-preview:large, max-video-preview:-1\" \/>\n<link rel=\"canonical\" href=\"https:\/\/fe.up.pt\/icfeup\/instituto\/historia\/\" \/>\n<meta property=\"og:locale\" content=\"pt_PT\" \/>\n<meta property=\"og:type\" content=\"article\" \/>\n<meta property=\"og:title\" content=\"Hist\u00f3ria - ICS \u2014 Instituto para a Constru\u00e7\u00e3o Sustent\u00e1vel\" \/>\n<meta property=\"og:description\" content=\"O Instituto para a Constru\u00e7\u00e3o Sustent\u00e1vel (ICS) resulta da opera\u00e7\u00e3o de fus\u00e3o do IC \u2013 Instituto da Constru\u00e7\u00e3o, do LEMC \u2013 Laborat\u00f3rio de Ensaio de Materiais de Constru\u00e7\u00e3o e do IHRH \u2013 Instituto de Hidr\u00e1ulica e Recursos H\u00eddricos. Esta mudan\u00e7a tem como objetivo satisfazer e corresponder melhor \u00e0s necessidades das entidades e de todos os [&hellip;]\" \/>\n<meta property=\"og:url\" content=\"https:\/\/fe.up.pt\/icfeup\/instituto\/historia\/\" \/>\n<meta property=\"og:site_name\" content=\"ICS \u2014 Instituto para a Constru\u00e7\u00e3o Sustent\u00e1vel\" \/>\n<meta property=\"article:modified_time\" content=\"2024-01-30T17:06:03+00:00\" \/>\n<meta property=\"og:image\" content=\"https:\/\/fe.up.pt\/icfeup\/wp-content\/uploads\/2019\/09\/instituto.jpg\" \/>\n\t<meta property=\"og:image:width\" content=\"1600\" \/>\n\t<meta property=\"og:image:height\" content=\"975\" \/>\n\t<meta property=\"og:image:type\" content=\"image\/jpeg\" \/>\n<meta name=\"twitter:card\" content=\"summary_large_image\" \/>\n<meta name=\"twitter:label1\" content=\"Tempo estimado de leitura\" \/>\n\t<meta name=\"twitter:data1\" content=\"3 minutos\" \/>\n<script type=\"application\/ld+json\" class=\"yoast-schema-graph\">{\"@context\":\"https:\/\/schema.org\",\"@graph\":[{\"@type\":\"WebPage\",\"@id\":\"https:\/\/fe.up.pt\/icfeup\/instituto\/historia\/\",\"url\":\"https:\/\/fe.up.pt\/icfeup\/instituto\/historia\/\",\"name\":\"Hist\u00f3ria - ICS \u2014 Instituto para a Constru\u00e7\u00e3o Sustent\u00e1vel\",\"isPartOf\":{\"@id\":\"https:\/\/fe.up.pt\/icfeup\/#website\"},\"primaryImageOfPage\":{\"@id\":\"https:\/\/fe.up.pt\/icfeup\/instituto\/historia\/#primaryimage\"},\"image\":{\"@id\":\"https:\/\/fe.up.pt\/icfeup\/instituto\/historia\/#primaryimage\"},\"thumbnailUrl\":\"https:\/\/fe.up.pt\/icfeup\/wp-content\/uploads\/2019\/09\/instituto.jpg\",\"datePublished\":\"2019-03-11T17:50:36+00:00\",\"dateModified\":\"2024-01-30T17:06:03+00:00\",\"breadcrumb\":{\"@id\":\"https:\/\/fe.up.pt\/icfeup\/instituto\/historia\/#breadcrumb\"},\"inLanguage\":\"pt-PT\",\"potentialAction\":[{\"@type\":\"ReadAction\",\"target\":[\"https:\/\/fe.up.pt\/icfeup\/instituto\/historia\/\"]}]},{\"@type\":\"ImageObject\",\"inLanguage\":\"pt-PT\",\"@id\":\"https:\/\/fe.up.pt\/icfeup\/instituto\/historia\/#primaryimage\",\"url\":\"https:\/\/fe.up.pt\/icfeup\/wp-content\/uploads\/2019\/09\/instituto.jpg\",\"contentUrl\":\"https:\/\/fe.up.pt\/icfeup\/wp-content\/uploads\/2019\/09\/instituto.jpg\",\"width\":1600,\"height\":975,\"caption\":\"instituto\"},{\"@type\":\"BreadcrumbList\",\"@id\":\"https:\/\/fe.up.pt\/icfeup\/instituto\/historia\/#breadcrumb\",\"itemListElement\":[{\"@type\":\"ListItem\",\"position\":1,\"name\":\"Home\",\"item\":\"https:\/\/fe.up.pt\/icfeup\/\"},{\"@type\":\"ListItem\",\"position\":2,\"name\":\"Instituto\",\"item\":\"https:\/\/fe.up.pt\/icfeup\/instituto\/\"},{\"@type\":\"ListItem\",\"position\":3,\"name\":\"Hist\u00f3ria\"}]},{\"@type\":\"WebSite\",\"@id\":\"https:\/\/fe.up.pt\/icfeup\/#website\",\"url\":\"https:\/\/fe.up.pt\/icfeup\/\",\"name\":\"ICS \u2014 Instituto para a Constru\u00e7\u00e3o Sustent\u00e1vel\",\"description\":\"Associa\u00e7\u00e3o privada, cient\u00edfica e t\u00e9cnica sem fins lucrativos, que funciona como interface do conhecimento entre a comunidade cient\u00edfica e a ind\u00fastria, prestando servi\u00e7os de investiga\u00e7\u00e3o aplicada, ensaios, consultoria e forma\u00e7\u00e3o nos v\u00e1rios dom\u00ednios da Engenharia Civil.\",\"potentialAction\":[{\"@type\":\"SearchAction\",\"target\":{\"@type\":\"EntryPoint\",\"urlTemplate\":\"https:\/\/fe.up.pt\/icfeup\/?s={search_term_string}\"},\"query-input\":\"required name=search_term_string\"}],\"inLanguage\":\"pt-PT\"}]}<\/script>\n<!-- \/ Yoast SEO plugin. -->","yoast_head_json":{"title":"Hist\u00f3ria - ICS \u2014 Instituto para a Constru\u00e7\u00e3o Sustent\u00e1vel","robots":{"index":"index","follow":"follow","max-snippet":"max-snippet:-1","max-image-preview":"max-image-preview:large","max-video-preview":"max-video-preview:-1"},"canonical":"https:\/\/fe.up.pt\/icfeup\/instituto\/historia\/","og_locale":"pt_PT","og_type":"article","og_title":"Hist\u00f3ria - ICS \u2014 Instituto para a Constru\u00e7\u00e3o Sustent\u00e1vel","og_description":"O Instituto para a Constru\u00e7\u00e3o Sustent\u00e1vel (ICS) resulta da opera\u00e7\u00e3o de fus\u00e3o do IC \u2013 Instituto da Constru\u00e7\u00e3o, do LEMC \u2013 Laborat\u00f3rio de Ensaio de Materiais de Constru\u00e7\u00e3o e do IHRH \u2013 Instituto de Hidr\u00e1ulica e Recursos H\u00eddricos. Esta mudan\u00e7a tem como objetivo satisfazer e corresponder melhor \u00e0s necessidades das entidades e de todos os [&hellip;]","og_url":"https:\/\/fe.up.pt\/icfeup\/instituto\/historia\/","og_site_name":"ICS \u2014 Instituto para a Constru\u00e7\u00e3o Sustent\u00e1vel","article_modified_time":"2024-01-30T17:06:03+00:00","og_image":[{"width":1600,"height":975,"url":"https:\/\/fe.up.pt\/icfeup\/wp-content\/uploads\/2019\/09\/instituto.jpg","type":"image\/jpeg"}],"twitter_card":"summary_large_image","twitter_misc":{"Tempo estimado de leitura":"3 minutos"},"schema":{"@context":"https:\/\/schema.org","@graph":[{"@type":"WebPage","@id":"https:\/\/fe.up.pt\/icfeup\/instituto\/historia\/","url":"https:\/\/fe.up.pt\/icfeup\/instituto\/historia\/","name":"Hist\u00f3ria - ICS \u2014 Instituto para a Constru\u00e7\u00e3o Sustent\u00e1vel","isPartOf":{"@id":"https:\/\/fe.up.pt\/icfeup\/#website"},"primaryImageOfPage":{"@id":"https:\/\/fe.up.pt\/icfeup\/instituto\/historia\/#primaryimage"},"image":{"@id":"https:\/\/fe.up.pt\/icfeup\/instituto\/historia\/#primaryimage"},"thumbnailUrl":"https:\/\/fe.up.pt\/icfeup\/wp-content\/uploads\/2019\/09\/instituto.jpg","datePublished":"2019-03-11T17:50:36+00:00","dateModified":"2024-01-30T17:06:03+00:00","breadcrumb":{"@id":"https:\/\/fe.up.pt\/icfeup\/instituto\/historia\/#breadcrumb"},"inLanguage":"pt-PT","potentialAction":[{"@type":"ReadAction","target":["https:\/\/fe.up.pt\/icfeup\/instituto\/historia\/"]}]},{"@type":"ImageObject","inLanguage":"pt-PT","@id":"https:\/\/fe.up.pt\/icfeup\/instituto\/historia\/#primaryimage","url":"https:\/\/fe.up.pt\/icfeup\/wp-content\/uploads\/2019\/09\/instituto.jpg","contentUrl":"https:\/\/fe.up.pt\/icfeup\/wp-content\/uploads\/2019\/09\/instituto.jpg","width":1600,"height":975,"caption":"instituto"},{"@type":"BreadcrumbList","@id":"https:\/\/fe.up.pt\/icfeup\/instituto\/historia\/#breadcrumb","itemListElement":[{"@type":"ListItem","position":1,"name":"Home","item":"https:\/\/fe.up.pt\/icfeup\/"},{"@type":"ListItem","position":2,"name":"Instituto","item":"https:\/\/fe.up.pt\/icfeup\/instituto\/"},{"@type":"ListItem","position":3,"name":"Hist\u00f3ria"}]},{"@type":"WebSite","@id":"https:\/\/fe.up.pt\/icfeup\/#website","url":"https:\/\/fe.up.pt\/icfeup\/","name":"ICS \u2014 Instituto para a Constru\u00e7\u00e3o Sustent\u00e1vel","description":"Associa\u00e7\u00e3o privada, cient\u00edfica e t\u00e9cnica sem fins lucrativos, que funciona como interface do conhecimento entre a comunidade cient\u00edfica e a ind\u00fastria, prestando servi\u00e7os de investiga\u00e7\u00e3o aplicada, ensaios, consultoria e forma\u00e7\u00e3o nos v\u00e1rios dom\u00ednios da Engenharia Civil.","potentialAction":[{"@type":"SearchAction","target":{"@type":"EntryPoint","urlTemplate":"https:\/\/fe.up.pt\/icfeup\/?s={search_term_string}"},"query-input":"required name=search_term_string"}],"inLanguage":"pt-PT"}]}},"_links":{"self":[{"href":"https:\/\/fe.up.pt\/icfeup\/wp-json\/wp\/v2\/pages\/121"}],"collection":[{"href":"https:\/\/fe.up.pt\/icfeup\/wp-json\/wp\/v2\/pages"}],"about":[{"href":"https:\/\/fe.up.pt\/icfeup\/wp-json\/wp\/v2\/types\/page"}],"author":[{"embeddable":true,"href":"https:\/\/fe.up.pt\/icfeup\/wp-json\/wp\/v2\/users\/4"}],"replies":[{"embeddable":true,"href":"https:\/\/fe.up.pt\/icfeup\/wp-json\/wp\/v2\/comments?post=121"}],"version-history":[{"count":22,"href":"https:\/\/fe.up.pt\/icfeup\/wp-json\/wp\/v2\/pages\/121\/revisions"}],"predecessor-version":[{"id":8370,"href":"https:\/\/fe.up.pt\/icfeup\/wp-json\/wp\/v2\/pages\/121\/revisions\/8370"}],"up":[{"embeddable":true,"href":"https:\/\/fe.up.pt\/icfeup\/wp-json\/wp\/v2\/pages\/118"}],"wp:featuredmedia":[{"embeddable":true,"href":"https:\/\/fe.up.pt\/icfeup\/wp-json\/wp\/v2\/media\/3857"}],"wp:attachment":[{"href":"https:\/\/fe.up.pt\/icfeup\/wp-json\/wp\/v2\/media?parent=121"}],"curies":[{"name":"wp","href":"https:\/\/api.w.org\/{rel}","templated":true}]}}