{"id":118,"date":"2019-03-11T17:09:30","date_gmt":"2019-03-11T17:09:30","guid":{"rendered":"https:\/\/paginas.fe.up.pt\/~icfeup\/?page_id=118"},"modified":"2024-01-26T17:04:31","modified_gmt":"2024-01-26T17:04:31","slug":"instituto","status":"publish","type":"page","link":"https:\/\/fe.up.pt\/icfeup\/instituto\/","title":{"rendered":"Instituto"},"content":{"rendered":"\n<p>A miss\u00e3o do ICS est\u00e1 orientada para ser um elo de liga\u00e7\u00e3o entre as ind\u00fastrias e demais agentes que concorrem para a constru\u00e7\u00e3o e a academia, contribuindo para promover o avan\u00e7o e competitividade do setor, quer atrav\u00e9s da transfer\u00eancia de conhecimentos, forma\u00e7\u00e3o avan\u00e7ada, desenvolvimento, avalia\u00e7\u00e3o e melhoria de processos e materiais, quer atrav\u00e9s de auditoria a resolu\u00e7\u00e3o de problemas tecnicamente complexos. <\/p>\n\n\n\n<p>A voca\u00e7\u00e3o do ICS \u00e9 complementar de outras atividades de I&amp;D do DEC-FEUP, n\u00e3o se sobrepondo nem \u00e0s atividades de investiga\u00e7\u00e3o mais fundamental desenvolvidas na UP e no DEC, nem \u00e0s atividades levadas a cabo por empresas de presta\u00e7\u00e3o de servi\u00e7os instaladas no mercado.<\/p>\n\n\n\n<p><\/p>\n","protected":false},"excerpt":{"rendered":"<p>A miss\u00e3o do ICS est\u00e1 orientada para ser um elo de liga\u00e7\u00e3o entre as ind\u00fastrias e demais agentes que concorrem para a constru\u00e7\u00e3o e a academia, contribuindo para promover o avan\u00e7o e competitividade do setor, quer atrav\u00e9s da transfer\u00eancia de conhecimentos, forma\u00e7\u00e3o avan\u00e7ada, desenvolvimento, avalia\u00e7\u00e3o e melhoria de processos e materiais, quer atrav\u00e9s de auditoria [&hellip;]<\/p>\n","protected":false},"author":4,"featured_media":3857,"parent":0,"menu_order":36,"comment_status":"closed","ping_status":"closed","template":"","meta":{"footnotes":""},"class_list":["post-118","page","type-page","status-publish","has-post-thumbnail","hentry"],"yoast_head":"<!-- This site is optimized with the Yoast SEO plugin v23.1 - https:\/\/yoast.com\/wordpress\/plugins\/seo\/ -->\n<title>Instituto - ICS \u2014 Instituto para a Constru\u00e7\u00e3o Sustent\u00e1vel<\/title>\n<meta name=\"robots\" content=\"index, follow, max-snippet:-1, max-image-preview:large, max-video-preview:-1\" \/>\n<link rel=\"canonical\" href=\"https:\/\/fe.up.pt\/icfeup\/instituto\/\" \/>\n<meta property=\"og:locale\" content=\"pt_PT\" \/>\n<meta property=\"og:type\" content=\"article\" \/>\n<meta property=\"og:title\" content=\"Instituto - ICS \u2014 Instituto para a Constru\u00e7\u00e3o Sustent\u00e1vel\" \/>\n<meta property=\"og:description\" content=\"A miss\u00e3o do ICS est\u00e1 orientada para ser um elo de liga\u00e7\u00e3o entre as ind\u00fastrias e demais agentes que concorrem para a constru\u00e7\u00e3o e a academia, contribuindo para promover o avan\u00e7o e competitividade do setor, quer atrav\u00e9s da transfer\u00eancia de conhecimentos, forma\u00e7\u00e3o avan\u00e7ada, desenvolvimento, avalia\u00e7\u00e3o e melhoria de processos e materiais, quer atrav\u00e9s de auditoria [&hellip;]\" \/>\n<meta property=\"og:url\" content=\"https:\/\/fe.up.pt\/icfeup\/instituto\/\" \/>\n<meta property=\"og:site_name\" content=\"ICS \u2014 Instituto para a Constru\u00e7\u00e3o Sustent\u00e1vel\" \/>\n<meta property=\"article:modified_time\" content=\"2024-01-26T17:04:31+00:00\" \/>\n<meta property=\"og:image\" content=\"https:\/\/fe.up.pt\/icfeup\/wp-content\/uploads\/2019\/09\/instituto.jpg\" \/>\n\t<meta property=\"og:image:width\" content=\"1600\" \/>\n\t<meta property=\"og:image:height\" content=\"975\" \/>\n\t<meta property=\"og:image:type\" content=\"image\/jpeg\" \/>\n<meta name=\"twitter:card\" content=\"summary_large_image\" \/>\n<meta name=\"twitter:label1\" content=\"Tempo estimado de leitura\" \/>\n\t<meta name=\"twitter:data1\" content=\"1 minuto\" \/>\n<script type=\"application\/ld+json\" class=\"yoast-schema-graph\">{\"@context\":\"https:\/\/schema.org\",\"@graph\":[{\"@type\":\"WebPage\",\"@id\":\"https:\/\/fe.up.pt\/icfeup\/instituto\/\",\"url\":\"https:\/\/fe.up.pt\/icfeup\/instituto\/\",\"name\":\"Instituto - ICS \u2014 Instituto para a Constru\u00e7\u00e3o Sustent\u00e1vel\",\"isPartOf\":{\"@id\":\"https:\/\/fe.up.pt\/icfeup\/#website\"},\"primaryImageOfPage\":{\"@id\":\"https:\/\/fe.up.pt\/icfeup\/instituto\/#primaryimage\"},\"image\":{\"@id\":\"https:\/\/fe.up.pt\/icfeup\/instituto\/#primaryimage\"},\"thumbnailUrl\":\"https:\/\/fe.up.pt\/icfeup\/wp-content\/uploads\/2019\/09\/instituto.jpg\",\"datePublished\":\"2019-03-11T17:09:30+00:00\",\"dateModified\":\"2024-01-26T17:04:31+00:00\",\"breadcrumb\":{\"@id\":\"https:\/\/fe.up.pt\/icfeup\/instituto\/#breadcrumb\"},\"inLanguage\":\"pt-PT\",\"potentialAction\":[{\"@type\":\"ReadAction\",\"target\":[\"https:\/\/fe.up.pt\/icfeup\/instituto\/\"]}]},{\"@type\":\"ImageObject\",\"inLanguage\":\"pt-PT\",\"@id\":\"https:\/\/fe.up.pt\/icfeup\/instituto\/#primaryimage\",\"url\":\"https:\/\/fe.up.pt\/icfeup\/wp-content\/uploads\/2019\/09\/instituto.jpg\",\"contentUrl\":\"https:\/\/fe.up.pt\/icfeup\/wp-content\/uploads\/2019\/09\/instituto.jpg\",\"width\":1600,\"height\":975,\"caption\":\"instituto\"},{\"@type\":\"BreadcrumbList\",\"@id\":\"https:\/\/fe.up.pt\/icfeup\/instituto\/#breadcrumb\",\"itemListElement\":[{\"@type\":\"ListItem\",\"position\":1,\"name\":\"Home\",\"item\":\"https:\/\/fe.up.pt\/icfeup\/\"},{\"@type\":\"ListItem\",\"position\":2,\"name\":\"Instituto\"}]},{\"@type\":\"WebSite\",\"@id\":\"https:\/\/fe.up.pt\/icfeup\/#website\",\"url\":\"https:\/\/fe.up.pt\/icfeup\/\",\"name\":\"ICS \u2014 Instituto para a Constru\u00e7\u00e3o Sustent\u00e1vel\",\"description\":\"Associa\u00e7\u00e3o privada, cient\u00edfica e t\u00e9cnica sem fins lucrativos, que funciona como interface do conhecimento entre a comunidade cient\u00edfica e a ind\u00fastria, prestando servi\u00e7os de investiga\u00e7\u00e3o aplicada, ensaios, consultoria e forma\u00e7\u00e3o nos v\u00e1rios dom\u00ednios da Engenharia Civil.\",\"potentialAction\":[{\"@type\":\"SearchAction\",\"target\":{\"@type\":\"EntryPoint\",\"urlTemplate\":\"https:\/\/fe.up.pt\/icfeup\/?s={search_term_string}\"},\"query-input\":\"required name=search_term_string\"}],\"inLanguage\":\"pt-PT\"}]}<\/script>\n<!-- \/ Yoast SEO plugin. -->","yoast_head_json":{"title":"Instituto - ICS \u2014 Instituto para a Constru\u00e7\u00e3o Sustent\u00e1vel","robots":{"index":"index","follow":"follow","max-snippet":"max-snippet:-1","max-image-preview":"max-image-preview:large","max-video-preview":"max-video-preview:-1"},"canonical":"https:\/\/fe.up.pt\/icfeup\/instituto\/","og_locale":"pt_PT","og_type":"article","og_title":"Instituto - ICS \u2014 Instituto para a Constru\u00e7\u00e3o Sustent\u00e1vel","og_description":"A miss\u00e3o do ICS est\u00e1 orientada para ser um elo de liga\u00e7\u00e3o entre as ind\u00fastrias e demais agentes que concorrem para a constru\u00e7\u00e3o e a academia, contribuindo para promover o avan\u00e7o e competitividade do setor, quer atrav\u00e9s da transfer\u00eancia de conhecimentos, forma\u00e7\u00e3o avan\u00e7ada, desenvolvimento, avalia\u00e7\u00e3o e melhoria de processos e materiais, quer atrav\u00e9s de auditoria [&hellip;]","og_url":"https:\/\/fe.up.pt\/icfeup\/instituto\/","og_site_name":"ICS \u2014 Instituto para a Constru\u00e7\u00e3o Sustent\u00e1vel","article_modified_time":"2024-01-26T17:04:31+00:00","og_image":[{"width":1600,"height":975,"url":"https:\/\/fe.up.pt\/icfeup\/wp-content\/uploads\/2019\/09\/instituto.jpg","type":"image\/jpeg"}],"twitter_card":"summary_large_image","twitter_misc":{"Tempo estimado de leitura":"1 minuto"},"schema":{"@context":"https:\/\/schema.org","@graph":[{"@type":"WebPage","@id":"https:\/\/fe.up.pt\/icfeup\/instituto\/","url":"https:\/\/fe.up.pt\/icfeup\/instituto\/","name":"Instituto - ICS \u2014 Instituto para a Constru\u00e7\u00e3o Sustent\u00e1vel","isPartOf":{"@id":"https:\/\/fe.up.pt\/icfeup\/#website"},"primaryImageOfPage":{"@id":"https:\/\/fe.up.pt\/icfeup\/instituto\/#primaryimage"},"image":{"@id":"https:\/\/fe.up.pt\/icfeup\/instituto\/#primaryimage"},"thumbnailUrl":"https:\/\/fe.up.pt\/icfeup\/wp-content\/uploads\/2019\/09\/instituto.jpg","datePublished":"2019-03-11T17:09:30+00:00","dateModified":"2024-01-26T17:04:31+00:00","breadcrumb":{"@id":"https:\/\/fe.up.pt\/icfeup\/instituto\/#breadcrumb"},"inLanguage":"pt-PT","potentialAction":[{"@type":"ReadAction","target":["https:\/\/fe.up.pt\/icfeup\/instituto\/"]}]},{"@type":"ImageObject","inLanguage":"pt-PT","@id":"https:\/\/fe.up.pt\/icfeup\/instituto\/#primaryimage","url":"https:\/\/fe.up.pt\/icfeup\/wp-content\/uploads\/2019\/09\/instituto.jpg","contentUrl":"https:\/\/fe.up.pt\/icfeup\/wp-content\/uploads\/2019\/09\/instituto.jpg","width":1600,"height":975,"caption":"instituto"},{"@type":"BreadcrumbList","@id":"https:\/\/fe.up.pt\/icfeup\/instituto\/#breadcrumb","itemListElement":[{"@type":"ListItem","position":1,"name":"Home","item":"https:\/\/fe.up.pt\/icfeup\/"},{"@type":"ListItem","position":2,"name":"Instituto"}]},{"@type":"WebSite","@id":"https:\/\/fe.up.pt\/icfeup\/#website","url":"https:\/\/fe.up.pt\/icfeup\/","name":"ICS \u2014 Instituto para a Constru\u00e7\u00e3o Sustent\u00e1vel","description":"Associa\u00e7\u00e3o privada, cient\u00edfica e t\u00e9cnica sem fins lucrativos, que funciona como interface do conhecimento entre a comunidade cient\u00edfica e a ind\u00fastria, prestando servi\u00e7os de investiga\u00e7\u00e3o aplicada, ensaios, consultoria e forma\u00e7\u00e3o nos v\u00e1rios dom\u00ednios da Engenharia Civil.","potentialAction":[{"@type":"SearchAction","target":{"@type":"EntryPoint","urlTemplate":"https:\/\/fe.up.pt\/icfeup\/?s={search_term_string}"},"query-input":"required name=search_term_string"}],"inLanguage":"pt-PT"}]}},"_links":{"self":[{"href":"https:\/\/fe.up.pt\/icfeup\/wp-json\/wp\/v2\/pages\/118"}],"collection":[{"href":"https:\/\/fe.up.pt\/icfeup\/wp-json\/wp\/v2\/pages"}],"about":[{"href":"https:\/\/fe.up.pt\/icfeup\/wp-json\/wp\/v2\/types\/page"}],"author":[{"embeddable":true,"href":"https:\/\/fe.up.pt\/icfeup\/wp-json\/wp\/v2\/users\/4"}],"replies":[{"embeddable":true,"href":"https:\/\/fe.up.pt\/icfeup\/wp-json\/wp\/v2\/comments?post=118"}],"version-history":[{"count":46,"href":"https:\/\/fe.up.pt\/icfeup\/wp-json\/wp\/v2\/pages\/118\/revisions"}],"predecessor-version":[{"id":8351,"href":"https:\/\/fe.up.pt\/icfeup\/wp-json\/wp\/v2\/pages\/118\/revisions\/8351"}],"wp:featuredmedia":[{"embeddable":true,"href":"https:\/\/fe.up.pt\/icfeup\/wp-json\/wp\/v2\/media\/3857"}],"wp:attachment":[{"href":"https:\/\/fe.up.pt\/icfeup\/wp-json\/wp\/v2\/media?parent=118"}],"curies":[{"name":"wp","href":"https:\/\/api.w.org\/{rel}","templated":true}]}}