{"id":7013,"date":"2020-05-20T11:33:34","date_gmt":"2020-05-20T11:33:34","guid":{"rendered":"https:\/\/paginas.fe.up.pt\/~icfeup\/?page_id=7013"},"modified":"2024-01-30T18:03:22","modified_gmt":"2024-01-30T18:03:22","slug":"clusters","status":"publish","type":"page","link":"https:\/\/fe.up.pt\/icfeup\/en\/institute\/clusters\/","title":{"rendered":"Clusters"},"content":{"rendered":"\n<p> <a rel=\"noreferrer noopener\" aria-label=\"\ufffc (abre num novo separador)\" href=\"http:\/\/www.centrohabitat.net\/pt\" target=\"_blank\"><img loading=\"lazy\" decoding=\"async\" width=\"150\" height=\"150\" class=\"wp-image-6904 lazyload\" style=\"--smush-placeholder-width: 150px; --smush-placeholder-aspect-ratio: 150\/150;width: 150px;\" data-src=\"https:\/\/fe.up.pt\/icfeup\/wp-content\/uploads\/2020\/03\/centro-habitat-logo.jpg\" alt=\"\" src=\"data:image\/gif;base64,R0lGODlhAQABAAAAACH5BAEKAAEALAAAAAABAAEAAAICTAEAOw==\"><noscript><img loading=\"lazy\" decoding=\"async\" width=\"150\" height=\"150\" class=\"wp-image-6904\" style=\"width: 150px;\" src=\"https:\/\/fe.up.pt\/icfeup\/wp-content\/uploads\/2020\/03\/centro-habitat-logo.jpg\" alt=\"\"><\/noscript><\/a><a rel=\"noreferrer noopener\" aria-label=\"\ufffc (abre num novo separador)\" href=\"https:\/\/www.ptpc.pt\/index.php\/pt\/\" target=\"_blank\"><img loading=\"lazy\" decoding=\"async\" width=\"150\" height=\"150\" class=\"wp-image-6910 lazyload\" style=\"--smush-placeholder-width: 150px; --smush-placeholder-aspect-ratio: 150\/150;width: 150px;\" data-src=\"https:\/\/fe.up.pt\/icfeup\/wp-content\/uploads\/2020\/03\/ptpc-logo.jpg\" alt=\"\" src=\"data:image\/gif;base64,R0lGODlhAQABAAAAACH5BAEKAAEALAAAAAABAAEAAAICTAEAOw==\"><noscript><img loading=\"lazy\" decoding=\"async\" width=\"150\" height=\"150\" class=\"wp-image-6910\" style=\"width: 150px;\" src=\"https:\/\/fe.up.pt\/icfeup\/wp-content\/uploads\/2020\/03\/ptpc-logo.jpg\" alt=\"\"><\/noscript><\/a><a rel=\"noreferrer noopener\" aria-label=\"\ufffc (abre num novo separador)\" href=\"https:\/\/www.iapmei.pt\/Paginas\/Cluster-AEC-Arquitetura,-Engenharia-e-Construcao.aspx\" target=\"_blank\"><img loading=\"lazy\" decoding=\"async\" width=\"150\" height=\"150\" class=\"wp-image-6906 lazyload\" style=\"--smush-placeholder-width: 150px; --smush-placeholder-aspect-ratio: 150\/150;width: 150px;\" data-src=\"https:\/\/fe.up.pt\/icfeup\/wp-content\/uploads\/2020\/03\/cluster-logo.jpg\" alt=\"\" src=\"data:image\/gif;base64,R0lGODlhAQABAAAAACH5BAEKAAEALAAAAAABAAEAAAICTAEAOw==\"><noscript><img loading=\"lazy\" decoding=\"async\" width=\"150\" height=\"150\" class=\"wp-image-6906\" style=\"width: 150px;\" src=\"https:\/\/fe.up.pt\/icfeup\/wp-content\/uploads\/2020\/03\/cluster-logo.jpg\" alt=\"\"><\/noscript><\/a><a rel=\"noreferrer noopener\" aria-label=\"\ufffc (abre num novo separador)\" href=\"http:\/\/www.ferrovia.pt\/\" target=\"_blank\"><img loading=\"lazy\" decoding=\"async\" width=\"150\" height=\"150\" class=\"wp-image-6908 lazyload\" style=\"--smush-placeholder-width: 150px; --smush-placeholder-aspect-ratio: 150\/150;width: 150px;\" data-src=\"https:\/\/fe.up.pt\/icfeup\/wp-content\/uploads\/2020\/03\/pfp-logo.jpg\" alt=\"\" src=\"data:image\/gif;base64,R0lGODlhAQABAAAAACH5BAEKAAEALAAAAAABAAEAAAICTAEAOw==\"><noscript><img loading=\"lazy\" decoding=\"async\" width=\"150\" height=\"150\" class=\"wp-image-6908\" style=\"width: 150px;\" src=\"https:\/\/fe.up.pt\/icfeup\/wp-content\/uploads\/2020\/03\/pfp-logo.jpg\" alt=\"\"><\/noscript><\/a><a href=\"https:\/\/www.pnrrc.pt\/\" target=\"_blank\" rel=\"noreferrer noopener\" aria-label=\"\ufffc (abre num novo separador)\"><img loading=\"lazy\" decoding=\"async\" width=\"150\" height=\"150\" class=\"wp-image-7750 lazyload\" style=\"--smush-placeholder-width: 150px; --smush-placeholder-aspect-ratio: 150\/150;width: 150px;\" data-src=\"https:\/\/fe.up.pt\/icfeup\/wp-content\/uploads\/2020\/11\/image.png\" alt=\"\" src=\"data:image\/gif;base64,R0lGODlhAQABAAAAACH5BAEKAAEALAAAAAABAAEAAAICTAEAOw==\"><noscript><img loading=\"lazy\" decoding=\"async\" width=\"150\" height=\"150\" class=\"wp-image-7750\" style=\"width: 150px;\" src=\"https:\/\/fe.up.pt\/icfeup\/wp-content\/uploads\/2020\/11\/image.png\" alt=\"\"><\/noscript><\/a><\/p>\n\n\n\n<p><\/p>\n","protected":false},"excerpt":{"rendered":"","protected":false},"author":4,"featured_media":0,"parent":6979,"menu_order":40,"comment_status":"closed","ping_status":"closed","template":"","meta":{"footnotes":""},"class_list":["post-7013","page","type-page","status-publish","hentry"],"yoast_head":"<!-- This site is optimized with the Yoast SEO plugin v23.1 - https:\/\/yoast.com\/wordpress\/plugins\/seo\/ -->\n<title>Clusters - ICS \u2014 Instituto para a Constru\u00e7\u00e3o Sustent\u00e1vel<\/title>\n<meta name=\"robots\" content=\"index, follow, max-snippet:-1, max-image-preview:large, max-video-preview:-1\" \/>\n<link rel=\"canonical\" href=\"https:\/\/fe.up.pt\/icfeup\/en\/institute\/clusters\/\" \/>\n<meta property=\"og:locale\" content=\"en_US\" \/>\n<meta property=\"og:type\" content=\"article\" \/>\n<meta property=\"og:title\" content=\"Clusters - ICS \u2014 Instituto para a Constru\u00e7\u00e3o Sustent\u00e1vel\" \/>\n<meta property=\"og:url\" content=\"https:\/\/fe.up.pt\/icfeup\/en\/institute\/clusters\/\" \/>\n<meta property=\"og:site_name\" content=\"ICS \u2014 Instituto para a Constru\u00e7\u00e3o Sustent\u00e1vel\" \/>\n<meta property=\"article:modified_time\" content=\"2024-01-30T18:03:22+00:00\" \/>\n<meta property=\"og:image\" content=\"https:\/\/fe.up.pt\/icfeup\/wp-content\/uploads\/2020\/03\/centro-habitat-logo.jpg\" \/>\n<meta name=\"twitter:card\" content=\"summary_large_image\" \/>\n<meta name=\"twitter:label1\" content=\"Est. reading time\" \/>\n\t<meta name=\"twitter:data1\" content=\"1 minute\" \/>\n<script type=\"application\/ld+json\" class=\"yoast-schema-graph\">{\"@context\":\"https:\/\/schema.org\",\"@graph\":[{\"@type\":\"WebPage\",\"@id\":\"https:\/\/fe.up.pt\/icfeup\/en\/institute\/clusters\/\",\"url\":\"https:\/\/fe.up.pt\/icfeup\/en\/institute\/clusters\/\",\"name\":\"Clusters - ICS \u2014 Instituto para a Constru\u00e7\u00e3o Sustent\u00e1vel\",\"isPartOf\":{\"@id\":\"https:\/\/fe.up.pt\/icfeup\/#website\"},\"primaryImageOfPage\":{\"@id\":\"https:\/\/fe.up.pt\/icfeup\/en\/institute\/clusters\/#primaryimage\"},\"image\":{\"@id\":\"https:\/\/fe.up.pt\/icfeup\/en\/institute\/clusters\/#primaryimage\"},\"thumbnailUrl\":\"https:\/\/fe.up.pt\/icfeup\/wp-content\/uploads\/2020\/03\/centro-habitat-logo.jpg\",\"datePublished\":\"2020-05-20T11:33:34+00:00\",\"dateModified\":\"2024-01-30T18:03:22+00:00\",\"breadcrumb\":{\"@id\":\"https:\/\/fe.up.pt\/icfeup\/en\/institute\/clusters\/#breadcrumb\"},\"inLanguage\":\"en-US\",\"potentialAction\":[{\"@type\":\"ReadAction\",\"target\":[\"https:\/\/fe.up.pt\/icfeup\/en\/institute\/clusters\/\"]}]},{\"@type\":\"ImageObject\",\"inLanguage\":\"en-US\",\"@id\":\"https:\/\/fe.up.pt\/icfeup\/en\/institute\/clusters\/#primaryimage\",\"url\":\"https:\/\/fe.up.pt\/icfeup\/wp-content\/uploads\/2020\/03\/centro-habitat-logo.jpg\",\"contentUrl\":\"https:\/\/fe.up.pt\/icfeup\/wp-content\/uploads\/2020\/03\/centro-habitat-logo.jpg\"},{\"@type\":\"BreadcrumbList\",\"@id\":\"https:\/\/fe.up.pt\/icfeup\/en\/institute\/clusters\/#breadcrumb\",\"itemListElement\":[{\"@type\":\"ListItem\",\"position\":1,\"name\":\"Home\",\"item\":\"https:\/\/fe.up.pt\/icfeup\/en\/\"},{\"@type\":\"ListItem\",\"position\":2,\"name\":\"Institute\",\"item\":\"https:\/\/fe.up.pt\/icfeup\/en\/institute\/\"},{\"@type\":\"ListItem\",\"position\":3,\"name\":\"Clusters\"}]},{\"@type\":\"WebSite\",\"@id\":\"https:\/\/fe.up.pt\/icfeup\/#website\",\"url\":\"https:\/\/fe.up.pt\/icfeup\/\",\"name\":\"ICS \u2014 Instituto para a Constru\u00e7\u00e3o Sustent\u00e1vel\",\"description\":\"Associa\u00e7\u00e3o privada, cient\u00edfica e t\u00e9cnica sem fins lucrativos, que funciona como interface do conhecimento entre a comunidade cient\u00edfica e a ind\u00fastria, prestando servi\u00e7os de investiga\u00e7\u00e3o aplicada, ensaios, consultoria e forma\u00e7\u00e3o nos v\u00e1rios dom\u00ednios da Engenharia Civil.\",\"potentialAction\":[{\"@type\":\"SearchAction\",\"target\":{\"@type\":\"EntryPoint\",\"urlTemplate\":\"https:\/\/fe.up.pt\/icfeup\/?s={search_term_string}\"},\"query-input\":\"required name=search_term_string\"}],\"inLanguage\":\"en-US\"}]}<\/script>\n<!-- \/ Yoast SEO plugin. -->","yoast_head_json":{"title":"Clusters - ICS \u2014 Instituto para a Constru\u00e7\u00e3o Sustent\u00e1vel","robots":{"index":"index","follow":"follow","max-snippet":"max-snippet:-1","max-image-preview":"max-image-preview:large","max-video-preview":"max-video-preview:-1"},"canonical":"https:\/\/fe.up.pt\/icfeup\/en\/institute\/clusters\/","og_locale":"en_US","og_type":"article","og_title":"Clusters - ICS \u2014 Instituto para a Constru\u00e7\u00e3o Sustent\u00e1vel","og_url":"https:\/\/fe.up.pt\/icfeup\/en\/institute\/clusters\/","og_site_name":"ICS \u2014 Instituto para a Constru\u00e7\u00e3o Sustent\u00e1vel","article_modified_time":"2024-01-30T18:03:22+00:00","og_image":[{"url":"https:\/\/fe.up.pt\/icfeup\/wp-content\/uploads\/2020\/03\/centro-habitat-logo.jpg"}],"twitter_card":"summary_large_image","twitter_misc":{"Est. reading time":"1 minute"},"schema":{"@context":"https:\/\/schema.org","@graph":[{"@type":"WebPage","@id":"https:\/\/fe.up.pt\/icfeup\/en\/institute\/clusters\/","url":"https:\/\/fe.up.pt\/icfeup\/en\/institute\/clusters\/","name":"Clusters - ICS \u2014 Instituto para a Constru\u00e7\u00e3o Sustent\u00e1vel","isPartOf":{"@id":"https:\/\/fe.up.pt\/icfeup\/#website"},"primaryImageOfPage":{"@id":"https:\/\/fe.up.pt\/icfeup\/en\/institute\/clusters\/#primaryimage"},"image":{"@id":"https:\/\/fe.up.pt\/icfeup\/en\/institute\/clusters\/#primaryimage"},"thumbnailUrl":"https:\/\/fe.up.pt\/icfeup\/wp-content\/uploads\/2020\/03\/centro-habitat-logo.jpg","datePublished":"2020-05-20T11:33:34+00:00","dateModified":"2024-01-30T18:03:22+00:00","breadcrumb":{"@id":"https:\/\/fe.up.pt\/icfeup\/en\/institute\/clusters\/#breadcrumb"},"inLanguage":"en-US","potentialAction":[{"@type":"ReadAction","target":["https:\/\/fe.up.pt\/icfeup\/en\/institute\/clusters\/"]}]},{"@type":"ImageObject","inLanguage":"en-US","@id":"https:\/\/fe.up.pt\/icfeup\/en\/institute\/clusters\/#primaryimage","url":"https:\/\/fe.up.pt\/icfeup\/wp-content\/uploads\/2020\/03\/centro-habitat-logo.jpg","contentUrl":"https:\/\/fe.up.pt\/icfeup\/wp-content\/uploads\/2020\/03\/centro-habitat-logo.jpg"},{"@type":"BreadcrumbList","@id":"https:\/\/fe.up.pt\/icfeup\/en\/institute\/clusters\/#breadcrumb","itemListElement":[{"@type":"ListItem","position":1,"name":"Home","item":"https:\/\/fe.up.pt\/icfeup\/en\/"},{"@type":"ListItem","position":2,"name":"Institute","item":"https:\/\/fe.up.pt\/icfeup\/en\/institute\/"},{"@type":"ListItem","position":3,"name":"Clusters"}]},{"@type":"WebSite","@id":"https:\/\/fe.up.pt\/icfeup\/#website","url":"https:\/\/fe.up.pt\/icfeup\/","name":"ICS \u2014 Instituto para a Constru\u00e7\u00e3o Sustent\u00e1vel","description":"Associa\u00e7\u00e3o privada, cient\u00edfica e t\u00e9cnica sem fins lucrativos, que funciona como interface do conhecimento entre a comunidade cient\u00edfica e a ind\u00fastria, prestando servi\u00e7os de investiga\u00e7\u00e3o aplicada, ensaios, consultoria e forma\u00e7\u00e3o nos v\u00e1rios dom\u00ednios da Engenharia Civil.","potentialAction":[{"@type":"SearchAction","target":{"@type":"EntryPoint","urlTemplate":"https:\/\/fe.up.pt\/icfeup\/?s={search_term_string}"},"query-input":"required name=search_term_string"}],"inLanguage":"en-US"}]}},"_links":{"self":[{"href":"https:\/\/fe.up.pt\/icfeup\/en\/wp-json\/wp\/v2\/pages\/7013"}],"collection":[{"href":"https:\/\/fe.up.pt\/icfeup\/en\/wp-json\/wp\/v2\/pages"}],"about":[{"href":"https:\/\/fe.up.pt\/icfeup\/en\/wp-json\/wp\/v2\/types\/page"}],"author":[{"embeddable":true,"href":"https:\/\/fe.up.pt\/icfeup\/en\/wp-json\/wp\/v2\/users\/4"}],"replies":[{"embeddable":true,"href":"https:\/\/fe.up.pt\/icfeup\/en\/wp-json\/wp\/v2\/comments?post=7013"}],"version-history":[{"count":7,"href":"https:\/\/fe.up.pt\/icfeup\/en\/wp-json\/wp\/v2\/pages\/7013\/revisions"}],"predecessor-version":[{"id":8376,"href":"https:\/\/fe.up.pt\/icfeup\/en\/wp-json\/wp\/v2\/pages\/7013\/revisions\/8376"}],"up":[{"embeddable":true,"href":"https:\/\/fe.up.pt\/icfeup\/en\/wp-json\/wp\/v2\/pages\/6979"}],"wp:attachment":[{"href":"https:\/\/fe.up.pt\/icfeup\/en\/wp-json\/wp\/v2\/media?parent=7013"}],"curies":[{"name":"wp","href":"https:\/\/api.w.org\/{rel}","templated":true}]}}