{"id":6992,"date":"2020-05-20T11:13:32","date_gmt":"2020-05-20T11:13:32","guid":{"rendered":"https:\/\/paginas.fe.up.pt\/~icfeup\/?page_id=6992"},"modified":"2024-12-18T17:28:20","modified_gmt":"2024-12-18T17:28:20","slug":"contact","status":"publish","type":"page","link":"https:\/\/fe.up.pt\/icfeup\/en\/contact\/","title":{"rendered":"Contact"},"content":{"rendered":"\n<p><strong>ICS &#8211; Instituto para a Constru\u00e7\u00e3o Sustent\u00e1vel<\/strong><\/p>\n\n\n\n<p>Rua Dr. Roberto Frias, s\/n<br>Campus da FEUP<br>Edif\u00edcio G &#8211; Piso 1<br>4200-465 Porto<\/p>\n\n\n\n<p>VAT: 517466899<\/p>\n\n\n\n<p>e:&nbsp;<a href=\"mailto:ics@fe.up.pt\" target=\"_blank\" rel=\"noreferrer noopener\">ics@fe.up.pt<\/a><\/p>\n\n\n\n<p>Esmeralda Miguel: 22 041 3708<br>Maria Am\u00e9lia: 22 508 1856<br>Maria de Lurdes: 22 508 2190<br>Manuel Carvalho: 22 041 3703<br>Paula Costa: 22 041 4877<\/p>\n","protected":false},"excerpt":{"rendered":"<p>ICS &#8211; Instituto para a Constru\u00e7\u00e3o Sustent\u00e1vel Rua Dr. Roberto Frias, s\/nCampus da FEUPEdif\u00edcio G &#8211; Piso 14200-465 Porto VAT: 517466899 e:&nbsp;ics@fe.up.pt Esmeralda Miguel: 22 041 3708Maria Am\u00e9lia: 22 508 1856Maria de Lurdes: 22 508 2190Manuel Carvalho: 22 041 3703Paula Costa: 22 041 4877<\/p>\n","protected":false},"author":4,"featured_media":0,"parent":0,"menu_order":35,"comment_status":"closed","ping_status":"closed","template":"page-contactos.php","meta":{"footnotes":""},"class_list":["post-6992","page","type-page","status-publish","hentry"],"yoast_head":"<!-- This site is optimized with the Yoast SEO plugin v23.1 - https:\/\/yoast.com\/wordpress\/plugins\/seo\/ -->\n<title>Contact - ICS \u2014 Instituto para a Constru\u00e7\u00e3o Sustent\u00e1vel<\/title>\n<meta name=\"robots\" content=\"index, follow, max-snippet:-1, max-image-preview:large, max-video-preview:-1\" \/>\n<link rel=\"canonical\" href=\"https:\/\/fe.up.pt\/icfeup\/en\/contact\/\" \/>\n<meta property=\"og:locale\" content=\"en_US\" \/>\n<meta property=\"og:type\" content=\"article\" \/>\n<meta property=\"og:title\" content=\"Contact - ICS \u2014 Instituto para a Constru\u00e7\u00e3o Sustent\u00e1vel\" \/>\n<meta property=\"og:description\" content=\"ICS &#8211; Instituto para a Constru\u00e7\u00e3o Sustent\u00e1vel Rua Dr. Roberto Frias, s\/nCampus da FEUPEdif\u00edcio G &#8211; Piso 14200-465 Porto VAT: 517466899 e:&nbsp;ics@fe.up.pt Esmeralda Miguel: 22 041 3708Maria Am\u00e9lia: 22 508 1856Maria de Lurdes: 22 508 2190Manuel Carvalho: 22 041 3703Paula Costa: 22 041 4877\" \/>\n<meta property=\"og:url\" content=\"https:\/\/fe.up.pt\/icfeup\/en\/contact\/\" \/>\n<meta property=\"og:site_name\" content=\"ICS \u2014 Instituto para a Constru\u00e7\u00e3o Sustent\u00e1vel\" \/>\n<meta property=\"article:modified_time\" content=\"2024-12-18T17:28:20+00:00\" \/>\n<meta name=\"twitter:card\" content=\"summary_large_image\" \/>\n<meta name=\"twitter:label1\" content=\"Est. reading time\" \/>\n\t<meta name=\"twitter:data1\" content=\"1 minute\" \/>\n<script type=\"application\/ld+json\" class=\"yoast-schema-graph\">{\"@context\":\"https:\/\/schema.org\",\"@graph\":[{\"@type\":\"WebPage\",\"@id\":\"https:\/\/fe.up.pt\/icfeup\/en\/contact\/\",\"url\":\"https:\/\/fe.up.pt\/icfeup\/en\/contact\/\",\"name\":\"Contact - ICS \u2014 Instituto para a Constru\u00e7\u00e3o Sustent\u00e1vel\",\"isPartOf\":{\"@id\":\"https:\/\/fe.up.pt\/icfeup\/#website\"},\"datePublished\":\"2020-05-20T11:13:32+00:00\",\"dateModified\":\"2024-12-18T17:28:20+00:00\",\"breadcrumb\":{\"@id\":\"https:\/\/fe.up.pt\/icfeup\/en\/contact\/#breadcrumb\"},\"inLanguage\":\"en-US\",\"potentialAction\":[{\"@type\":\"ReadAction\",\"target\":[\"https:\/\/fe.up.pt\/icfeup\/en\/contact\/\"]}]},{\"@type\":\"BreadcrumbList\",\"@id\":\"https:\/\/fe.up.pt\/icfeup\/en\/contact\/#breadcrumb\",\"itemListElement\":[{\"@type\":\"ListItem\",\"position\":1,\"name\":\"Home\",\"item\":\"https:\/\/fe.up.pt\/icfeup\/en\/\"},{\"@type\":\"ListItem\",\"position\":2,\"name\":\"Contact\"}]},{\"@type\":\"WebSite\",\"@id\":\"https:\/\/fe.up.pt\/icfeup\/#website\",\"url\":\"https:\/\/fe.up.pt\/icfeup\/\",\"name\":\"ICS \u2014 Instituto para a Constru\u00e7\u00e3o Sustent\u00e1vel\",\"description\":\"Associa\u00e7\u00e3o privada, cient\u00edfica e t\u00e9cnica sem fins lucrativos, que funciona como interface do conhecimento entre a comunidade cient\u00edfica e a ind\u00fastria, prestando servi\u00e7os de investiga\u00e7\u00e3o aplicada, ensaios, consultoria e forma\u00e7\u00e3o nos v\u00e1rios dom\u00ednios da Engenharia Civil.\",\"potentialAction\":[{\"@type\":\"SearchAction\",\"target\":{\"@type\":\"EntryPoint\",\"urlTemplate\":\"https:\/\/fe.up.pt\/icfeup\/?s={search_term_string}\"},\"query-input\":\"required name=search_term_string\"}],\"inLanguage\":\"en-US\"}]}<\/script>\n<!-- \/ Yoast SEO plugin. -->","yoast_head_json":{"title":"Contact - ICS \u2014 Instituto para a Constru\u00e7\u00e3o Sustent\u00e1vel","robots":{"index":"index","follow":"follow","max-snippet":"max-snippet:-1","max-image-preview":"max-image-preview:large","max-video-preview":"max-video-preview:-1"},"canonical":"https:\/\/fe.up.pt\/icfeup\/en\/contact\/","og_locale":"en_US","og_type":"article","og_title":"Contact - ICS \u2014 Instituto para a Constru\u00e7\u00e3o Sustent\u00e1vel","og_description":"ICS &#8211; Instituto para a Constru\u00e7\u00e3o Sustent\u00e1vel Rua Dr. Roberto Frias, s\/nCampus da FEUPEdif\u00edcio G &#8211; Piso 14200-465 Porto VAT: 517466899 e:&nbsp;ics@fe.up.pt Esmeralda Miguel: 22 041 3708Maria Am\u00e9lia: 22 508 1856Maria de Lurdes: 22 508 2190Manuel Carvalho: 22 041 3703Paula Costa: 22 041 4877","og_url":"https:\/\/fe.up.pt\/icfeup\/en\/contact\/","og_site_name":"ICS \u2014 Instituto para a Constru\u00e7\u00e3o Sustent\u00e1vel","article_modified_time":"2024-12-18T17:28:20+00:00","twitter_card":"summary_large_image","twitter_misc":{"Est. reading time":"1 minute"},"schema":{"@context":"https:\/\/schema.org","@graph":[{"@type":"WebPage","@id":"https:\/\/fe.up.pt\/icfeup\/en\/contact\/","url":"https:\/\/fe.up.pt\/icfeup\/en\/contact\/","name":"Contact - ICS \u2014 Instituto para a Constru\u00e7\u00e3o Sustent\u00e1vel","isPartOf":{"@id":"https:\/\/fe.up.pt\/icfeup\/#website"},"datePublished":"2020-05-20T11:13:32+00:00","dateModified":"2024-12-18T17:28:20+00:00","breadcrumb":{"@id":"https:\/\/fe.up.pt\/icfeup\/en\/contact\/#breadcrumb"},"inLanguage":"en-US","potentialAction":[{"@type":"ReadAction","target":["https:\/\/fe.up.pt\/icfeup\/en\/contact\/"]}]},{"@type":"BreadcrumbList","@id":"https:\/\/fe.up.pt\/icfeup\/en\/contact\/#breadcrumb","itemListElement":[{"@type":"ListItem","position":1,"name":"Home","item":"https:\/\/fe.up.pt\/icfeup\/en\/"},{"@type":"ListItem","position":2,"name":"Contact"}]},{"@type":"WebSite","@id":"https:\/\/fe.up.pt\/icfeup\/#website","url":"https:\/\/fe.up.pt\/icfeup\/","name":"ICS \u2014 Instituto para a Constru\u00e7\u00e3o Sustent\u00e1vel","description":"Associa\u00e7\u00e3o privada, cient\u00edfica e t\u00e9cnica sem fins lucrativos, que funciona como interface do conhecimento entre a comunidade cient\u00edfica e a ind\u00fastria, prestando servi\u00e7os de investiga\u00e7\u00e3o aplicada, ensaios, consultoria e forma\u00e7\u00e3o nos v\u00e1rios dom\u00ednios da Engenharia Civil.","potentialAction":[{"@type":"SearchAction","target":{"@type":"EntryPoint","urlTemplate":"https:\/\/fe.up.pt\/icfeup\/?s={search_term_string}"},"query-input":"required name=search_term_string"}],"inLanguage":"en-US"}]}},"_links":{"self":[{"href":"https:\/\/fe.up.pt\/icfeup\/en\/wp-json\/wp\/v2\/pages\/6992"}],"collection":[{"href":"https:\/\/fe.up.pt\/icfeup\/en\/wp-json\/wp\/v2\/pages"}],"about":[{"href":"https:\/\/fe.up.pt\/icfeup\/en\/wp-json\/wp\/v2\/types\/page"}],"author":[{"embeddable":true,"href":"https:\/\/fe.up.pt\/icfeup\/en\/wp-json\/wp\/v2\/users\/4"}],"replies":[{"embeddable":true,"href":"https:\/\/fe.up.pt\/icfeup\/en\/wp-json\/wp\/v2\/comments?post=6992"}],"version-history":[{"count":3,"href":"https:\/\/fe.up.pt\/icfeup\/en\/wp-json\/wp\/v2\/pages\/6992\/revisions"}],"predecessor-version":[{"id":8667,"href":"https:\/\/fe.up.pt\/icfeup\/en\/wp-json\/wp\/v2\/pages\/6992\/revisions\/8667"}],"wp:attachment":[{"href":"https:\/\/fe.up.pt\/icfeup\/en\/wp-json\/wp\/v2\/media?parent=6992"}],"curies":[{"name":"wp","href":"https:\/\/api.w.org\/{rel}","templated":true}]}}