{"id":6979,"date":"2020-05-15T16:05:33","date_gmt":"2020-05-15T16:05:33","guid":{"rendered":"https:\/\/paginas.fe.up.pt\/~icfeup\/?page_id=6979"},"modified":"2024-01-30T18:13:04","modified_gmt":"2024-01-30T18:13:04","slug":"institute","status":"publish","type":"page","link":"https:\/\/fe.up.pt\/icfeup\/en\/institute\/","title":{"rendered":"Institute"},"content":{"rendered":"\n<p>The ICS&#8217;s mission is to be a link between industries and other agents that compete for construction and academia, helping to promote the advancement and competitiveness of the sector, either by knowledge transfer, advanced training, development, evaluation and improvement of processes and materials, or by solving technically complex problems.<\/p>\n\n\n\n<p>The ICS&#8217;s vocation is complementary to other R&amp;D activities at the Departmento de Engenharia Civil, Faculdade de Engenharia da Universidade do Porto(DEC-FEUP), not overlapping either the more fundamental research activities developed at the University and the Department, or activities carried out by service providers in the market.<\/p>\n","protected":false},"excerpt":{"rendered":"<p>The ICS&#8217;s mission is to be a link between industries and other agents that compete for construction and academia, helping to promote the advancement and competitiveness of the sector, either by knowledge transfer, advanced training, development, evaluation and improvement of processes and materials, or by solving technically complex problems. The ICS&#8217;s vocation is complementary to [&hellip;]<\/p>\n","protected":false},"author":4,"featured_media":3858,"parent":0,"menu_order":36,"comment_status":"closed","ping_status":"closed","template":"","meta":{"footnotes":""},"class_list":["post-6979","page","type-page","status-publish","has-post-thumbnail","hentry"],"yoast_head":"<!-- This site is optimized with the Yoast SEO plugin v23.1 - https:\/\/yoast.com\/wordpress\/plugins\/seo\/ -->\n<title>Institute - ICS \u2014 Instituto para a Constru\u00e7\u00e3o Sustent\u00e1vel<\/title>\n<meta name=\"robots\" content=\"index, follow, max-snippet:-1, max-image-preview:large, max-video-preview:-1\" \/>\n<link rel=\"canonical\" href=\"https:\/\/fe.up.pt\/icfeup\/en\/institute\/\" \/>\n<meta property=\"og:locale\" content=\"en_US\" \/>\n<meta property=\"og:type\" content=\"article\" \/>\n<meta property=\"og:title\" content=\"Institute - ICS \u2014 Instituto para a Constru\u00e7\u00e3o Sustent\u00e1vel\" \/>\n<meta property=\"og:description\" content=\"The ICS&#8217;s mission is to be a link between industries and other agents that compete for construction and academia, helping to promote the advancement and competitiveness of the sector, either by knowledge transfer, advanced training, development, evaluation and improvement of processes and materials, or by solving technically complex problems. The ICS&#8217;s vocation is complementary to [&hellip;]\" \/>\n<meta property=\"og:url\" content=\"https:\/\/fe.up.pt\/icfeup\/en\/institute\/\" \/>\n<meta property=\"og:site_name\" content=\"ICS \u2014 Instituto para a Constru\u00e7\u00e3o Sustent\u00e1vel\" \/>\n<meta property=\"article:modified_time\" content=\"2024-01-30T18:13:04+00:00\" \/>\n<meta property=\"og:image\" content=\"https:\/\/fe.up.pt\/icfeup\/wp-content\/uploads\/2019\/09\/instituto.jpg\" \/>\n\t<meta property=\"og:image:width\" content=\"1600\" \/>\n\t<meta property=\"og:image:height\" content=\"975\" \/>\n\t<meta property=\"og:image:type\" content=\"image\/jpeg\" \/>\n<meta name=\"twitter:card\" content=\"summary_large_image\" \/>\n<meta name=\"twitter:label1\" content=\"Est. reading time\" \/>\n\t<meta name=\"twitter:data1\" content=\"1 minute\" \/>\n<script type=\"application\/ld+json\" class=\"yoast-schema-graph\">{\"@context\":\"https:\/\/schema.org\",\"@graph\":[{\"@type\":\"WebPage\",\"@id\":\"https:\/\/fe.up.pt\/icfeup\/en\/institute\/\",\"url\":\"https:\/\/fe.up.pt\/icfeup\/en\/institute\/\",\"name\":\"Institute - ICS \u2014 Instituto para a Constru\u00e7\u00e3o Sustent\u00e1vel\",\"isPartOf\":{\"@id\":\"https:\/\/fe.up.pt\/icfeup\/#website\"},\"primaryImageOfPage\":{\"@id\":\"https:\/\/fe.up.pt\/icfeup\/en\/institute\/#primaryimage\"},\"image\":{\"@id\":\"https:\/\/fe.up.pt\/icfeup\/en\/institute\/#primaryimage\"},\"thumbnailUrl\":\"https:\/\/fe.up.pt\/icfeup\/wp-content\/uploads\/2019\/09\/instituto.jpg\",\"datePublished\":\"2020-05-15T16:05:33+00:00\",\"dateModified\":\"2024-01-30T18:13:04+00:00\",\"breadcrumb\":{\"@id\":\"https:\/\/fe.up.pt\/icfeup\/en\/institute\/#breadcrumb\"},\"inLanguage\":\"en-US\",\"potentialAction\":[{\"@type\":\"ReadAction\",\"target\":[\"https:\/\/fe.up.pt\/icfeup\/en\/institute\/\"]}]},{\"@type\":\"ImageObject\",\"inLanguage\":\"en-US\",\"@id\":\"https:\/\/fe.up.pt\/icfeup\/en\/institute\/#primaryimage\",\"url\":\"https:\/\/fe.up.pt\/icfeup\/wp-content\/uploads\/2019\/09\/instituto.jpg\",\"contentUrl\":\"https:\/\/fe.up.pt\/icfeup\/wp-content\/uploads\/2019\/09\/instituto.jpg\",\"width\":1600,\"height\":975,\"caption\":\"instituto\"},{\"@type\":\"BreadcrumbList\",\"@id\":\"https:\/\/fe.up.pt\/icfeup\/en\/institute\/#breadcrumb\",\"itemListElement\":[{\"@type\":\"ListItem\",\"position\":1,\"name\":\"Home\",\"item\":\"https:\/\/fe.up.pt\/icfeup\/en\/\"},{\"@type\":\"ListItem\",\"position\":2,\"name\":\"Institute\"}]},{\"@type\":\"WebSite\",\"@id\":\"https:\/\/fe.up.pt\/icfeup\/#website\",\"url\":\"https:\/\/fe.up.pt\/icfeup\/\",\"name\":\"ICS \u2014 Instituto para a Constru\u00e7\u00e3o Sustent\u00e1vel\",\"description\":\"Associa\u00e7\u00e3o privada, cient\u00edfica e t\u00e9cnica sem fins lucrativos, que funciona como interface do conhecimento entre a comunidade cient\u00edfica e a ind\u00fastria, prestando servi\u00e7os de investiga\u00e7\u00e3o aplicada, ensaios, consultoria e forma\u00e7\u00e3o nos v\u00e1rios dom\u00ednios da Engenharia Civil.\",\"potentialAction\":[{\"@type\":\"SearchAction\",\"target\":{\"@type\":\"EntryPoint\",\"urlTemplate\":\"https:\/\/fe.up.pt\/icfeup\/?s={search_term_string}\"},\"query-input\":\"required name=search_term_string\"}],\"inLanguage\":\"en-US\"}]}<\/script>\n<!-- \/ Yoast SEO plugin. -->","yoast_head_json":{"title":"Institute - ICS \u2014 Instituto para a Constru\u00e7\u00e3o Sustent\u00e1vel","robots":{"index":"index","follow":"follow","max-snippet":"max-snippet:-1","max-image-preview":"max-image-preview:large","max-video-preview":"max-video-preview:-1"},"canonical":"https:\/\/fe.up.pt\/icfeup\/en\/institute\/","og_locale":"en_US","og_type":"article","og_title":"Institute - ICS \u2014 Instituto para a Constru\u00e7\u00e3o Sustent\u00e1vel","og_description":"The ICS&#8217;s mission is to be a link between industries and other agents that compete for construction and academia, helping to promote the advancement and competitiveness of the sector, either by knowledge transfer, advanced training, development, evaluation and improvement of processes and materials, or by solving technically complex problems. The ICS&#8217;s vocation is complementary to [&hellip;]","og_url":"https:\/\/fe.up.pt\/icfeup\/en\/institute\/","og_site_name":"ICS \u2014 Instituto para a Constru\u00e7\u00e3o Sustent\u00e1vel","article_modified_time":"2024-01-30T18:13:04+00:00","og_image":[{"width":1600,"height":975,"url":"https:\/\/fe.up.pt\/icfeup\/wp-content\/uploads\/2019\/09\/instituto.jpg","type":"image\/jpeg"}],"twitter_card":"summary_large_image","twitter_misc":{"Est. reading time":"1 minute"},"schema":{"@context":"https:\/\/schema.org","@graph":[{"@type":"WebPage","@id":"https:\/\/fe.up.pt\/icfeup\/en\/institute\/","url":"https:\/\/fe.up.pt\/icfeup\/en\/institute\/","name":"Institute - ICS \u2014 Instituto para a Constru\u00e7\u00e3o Sustent\u00e1vel","isPartOf":{"@id":"https:\/\/fe.up.pt\/icfeup\/#website"},"primaryImageOfPage":{"@id":"https:\/\/fe.up.pt\/icfeup\/en\/institute\/#primaryimage"},"image":{"@id":"https:\/\/fe.up.pt\/icfeup\/en\/institute\/#primaryimage"},"thumbnailUrl":"https:\/\/fe.up.pt\/icfeup\/wp-content\/uploads\/2019\/09\/instituto.jpg","datePublished":"2020-05-15T16:05:33+00:00","dateModified":"2024-01-30T18:13:04+00:00","breadcrumb":{"@id":"https:\/\/fe.up.pt\/icfeup\/en\/institute\/#breadcrumb"},"inLanguage":"en-US","potentialAction":[{"@type":"ReadAction","target":["https:\/\/fe.up.pt\/icfeup\/en\/institute\/"]}]},{"@type":"ImageObject","inLanguage":"en-US","@id":"https:\/\/fe.up.pt\/icfeup\/en\/institute\/#primaryimage","url":"https:\/\/fe.up.pt\/icfeup\/wp-content\/uploads\/2019\/09\/instituto.jpg","contentUrl":"https:\/\/fe.up.pt\/icfeup\/wp-content\/uploads\/2019\/09\/instituto.jpg","width":1600,"height":975,"caption":"instituto"},{"@type":"BreadcrumbList","@id":"https:\/\/fe.up.pt\/icfeup\/en\/institute\/#breadcrumb","itemListElement":[{"@type":"ListItem","position":1,"name":"Home","item":"https:\/\/fe.up.pt\/icfeup\/en\/"},{"@type":"ListItem","position":2,"name":"Institute"}]},{"@type":"WebSite","@id":"https:\/\/fe.up.pt\/icfeup\/#website","url":"https:\/\/fe.up.pt\/icfeup\/","name":"ICS \u2014 Instituto para a Constru\u00e7\u00e3o Sustent\u00e1vel","description":"Associa\u00e7\u00e3o privada, cient\u00edfica e t\u00e9cnica sem fins lucrativos, que funciona como interface do conhecimento entre a comunidade cient\u00edfica e a ind\u00fastria, prestando servi\u00e7os de investiga\u00e7\u00e3o aplicada, ensaios, consultoria e forma\u00e7\u00e3o nos v\u00e1rios dom\u00ednios da Engenharia Civil.","potentialAction":[{"@type":"SearchAction","target":{"@type":"EntryPoint","urlTemplate":"https:\/\/fe.up.pt\/icfeup\/?s={search_term_string}"},"query-input":"required name=search_term_string"}],"inLanguage":"en-US"}]}},"_links":{"self":[{"href":"https:\/\/fe.up.pt\/icfeup\/en\/wp-json\/wp\/v2\/pages\/6979"}],"collection":[{"href":"https:\/\/fe.up.pt\/icfeup\/en\/wp-json\/wp\/v2\/pages"}],"about":[{"href":"https:\/\/fe.up.pt\/icfeup\/en\/wp-json\/wp\/v2\/types\/page"}],"author":[{"embeddable":true,"href":"https:\/\/fe.up.pt\/icfeup\/en\/wp-json\/wp\/v2\/users\/4"}],"replies":[{"embeddable":true,"href":"https:\/\/fe.up.pt\/icfeup\/en\/wp-json\/wp\/v2\/comments?post=6979"}],"version-history":[{"count":8,"href":"https:\/\/fe.up.pt\/icfeup\/en\/wp-json\/wp\/v2\/pages\/6979\/revisions"}],"predecessor-version":[{"id":8381,"href":"https:\/\/fe.up.pt\/icfeup\/en\/wp-json\/wp\/v2\/pages\/6979\/revisions\/8381"}],"wp:featuredmedia":[{"embeddable":true,"href":"https:\/\/fe.up.pt\/icfeup\/en\/wp-json\/wp\/v2\/media\/3858"}],"wp:attachment":[{"href":"https:\/\/fe.up.pt\/icfeup\/en\/wp-json\/wp\/v2\/media?parent=6979"}],"curies":[{"name":"wp","href":"https:\/\/api.w.org\/{rel}","templated":true}]}}