{"id":6975,"date":"2020-05-15T16:01:42","date_gmt":"2020-05-15T16:01:42","guid":{"rendered":"https:\/\/paginas.fe.up.pt\/~icfeup\/?page_id=6975"},"modified":"2020-05-15T16:01:43","modified_gmt":"2020-05-15T16:01:43","slug":"services","status":"publish","type":"page","link":"https:\/\/fe.up.pt\/icfeup\/en\/services\/","title":{"rendered":"Services"},"content":{"rendered":"\n<p>The IC offers a wide range of services to organisations, institutions and companies.<\/p>\n","protected":false},"excerpt":{"rendered":"<p>The IC offers a wide range of services to organisations, institutions and companies.<\/p>\n","protected":false},"author":4,"featured_media":0,"parent":0,"menu_order":45,"comment_status":"closed","ping_status":"closed","template":"page-archive-servicos.php","meta":{"footnotes":""},"class_list":["post-6975","page","type-page","status-publish","hentry"],"yoast_head":"<!-- This site is optimized with the Yoast SEO plugin v23.1 - https:\/\/yoast.com\/wordpress\/plugins\/seo\/ -->\n<title>Services - ICS \u2014 Instituto para a Constru\u00e7\u00e3o Sustent\u00e1vel<\/title>\n<meta name=\"robots\" content=\"index, follow, max-snippet:-1, max-image-preview:large, max-video-preview:-1\" \/>\n<link rel=\"canonical\" href=\"https:\/\/fe.up.pt\/icfeup\/en\/services\/\" \/>\n<meta property=\"og:locale\" content=\"en_US\" \/>\n<meta property=\"og:type\" content=\"article\" \/>\n<meta property=\"og:title\" content=\"Services - ICS \u2014 Instituto para a Constru\u00e7\u00e3o Sustent\u00e1vel\" \/>\n<meta property=\"og:description\" content=\"The IC offers a wide range of services to organisations, institutions and companies.\" \/>\n<meta property=\"og:url\" content=\"https:\/\/fe.up.pt\/icfeup\/en\/services\/\" \/>\n<meta property=\"og:site_name\" content=\"ICS \u2014 Instituto para a Constru\u00e7\u00e3o Sustent\u00e1vel\" \/>\n<meta property=\"article:modified_time\" content=\"2020-05-15T16:01:43+00:00\" \/>\n<meta name=\"twitter:card\" content=\"summary_large_image\" \/>\n<script type=\"application\/ld+json\" class=\"yoast-schema-graph\">{\"@context\":\"https:\/\/schema.org\",\"@graph\":[{\"@type\":\"WebPage\",\"@id\":\"https:\/\/fe.up.pt\/icfeup\/en\/services\/\",\"url\":\"https:\/\/fe.up.pt\/icfeup\/en\/services\/\",\"name\":\"Services - ICS \u2014 Instituto para a Constru\u00e7\u00e3o Sustent\u00e1vel\",\"isPartOf\":{\"@id\":\"https:\/\/fe.up.pt\/icfeup\/#website\"},\"datePublished\":\"2020-05-15T16:01:42+00:00\",\"dateModified\":\"2020-05-15T16:01:43+00:00\",\"breadcrumb\":{\"@id\":\"https:\/\/fe.up.pt\/icfeup\/en\/services\/#breadcrumb\"},\"inLanguage\":\"en-US\",\"potentialAction\":[{\"@type\":\"ReadAction\",\"target\":[\"https:\/\/fe.up.pt\/icfeup\/en\/services\/\"]}]},{\"@type\":\"BreadcrumbList\",\"@id\":\"https:\/\/fe.up.pt\/icfeup\/en\/services\/#breadcrumb\",\"itemListElement\":[{\"@type\":\"ListItem\",\"position\":1,\"name\":\"Home\",\"item\":\"https:\/\/fe.up.pt\/icfeup\/en\/\"},{\"@type\":\"ListItem\",\"position\":2,\"name\":\"Services\"}]},{\"@type\":\"WebSite\",\"@id\":\"https:\/\/fe.up.pt\/icfeup\/#website\",\"url\":\"https:\/\/fe.up.pt\/icfeup\/\",\"name\":\"ICS \u2014 Instituto para a Constru\u00e7\u00e3o Sustent\u00e1vel\",\"description\":\"Associa\u00e7\u00e3o privada, cient\u00edfica e t\u00e9cnica sem fins lucrativos, que funciona como interface do conhecimento entre a comunidade cient\u00edfica e a ind\u00fastria, prestando servi\u00e7os de investiga\u00e7\u00e3o aplicada, ensaios, consultoria e forma\u00e7\u00e3o nos v\u00e1rios dom\u00ednios da Engenharia Civil.\",\"potentialAction\":[{\"@type\":\"SearchAction\",\"target\":{\"@type\":\"EntryPoint\",\"urlTemplate\":\"https:\/\/fe.up.pt\/icfeup\/?s={search_term_string}\"},\"query-input\":\"required name=search_term_string\"}],\"inLanguage\":\"en-US\"}]}<\/script>\n<!-- \/ Yoast SEO plugin. -->","yoast_head_json":{"title":"Services - ICS \u2014 Instituto para a Constru\u00e7\u00e3o Sustent\u00e1vel","robots":{"index":"index","follow":"follow","max-snippet":"max-snippet:-1","max-image-preview":"max-image-preview:large","max-video-preview":"max-video-preview:-1"},"canonical":"https:\/\/fe.up.pt\/icfeup\/en\/services\/","og_locale":"en_US","og_type":"article","og_title":"Services - ICS \u2014 Instituto para a Constru\u00e7\u00e3o Sustent\u00e1vel","og_description":"The IC offers a wide range of services to organisations, institutions and companies.","og_url":"https:\/\/fe.up.pt\/icfeup\/en\/services\/","og_site_name":"ICS \u2014 Instituto para a Constru\u00e7\u00e3o Sustent\u00e1vel","article_modified_time":"2020-05-15T16:01:43+00:00","twitter_card":"summary_large_image","schema":{"@context":"https:\/\/schema.org","@graph":[{"@type":"WebPage","@id":"https:\/\/fe.up.pt\/icfeup\/en\/services\/","url":"https:\/\/fe.up.pt\/icfeup\/en\/services\/","name":"Services - ICS \u2014 Instituto para a Constru\u00e7\u00e3o Sustent\u00e1vel","isPartOf":{"@id":"https:\/\/fe.up.pt\/icfeup\/#website"},"datePublished":"2020-05-15T16:01:42+00:00","dateModified":"2020-05-15T16:01:43+00:00","breadcrumb":{"@id":"https:\/\/fe.up.pt\/icfeup\/en\/services\/#breadcrumb"},"inLanguage":"en-US","potentialAction":[{"@type":"ReadAction","target":["https:\/\/fe.up.pt\/icfeup\/en\/services\/"]}]},{"@type":"BreadcrumbList","@id":"https:\/\/fe.up.pt\/icfeup\/en\/services\/#breadcrumb","itemListElement":[{"@type":"ListItem","position":1,"name":"Home","item":"https:\/\/fe.up.pt\/icfeup\/en\/"},{"@type":"ListItem","position":2,"name":"Services"}]},{"@type":"WebSite","@id":"https:\/\/fe.up.pt\/icfeup\/#website","url":"https:\/\/fe.up.pt\/icfeup\/","name":"ICS \u2014 Instituto para a Constru\u00e7\u00e3o Sustent\u00e1vel","description":"Associa\u00e7\u00e3o privada, cient\u00edfica e t\u00e9cnica sem fins lucrativos, que funciona como interface do conhecimento entre a comunidade cient\u00edfica e a ind\u00fastria, prestando servi\u00e7os de investiga\u00e7\u00e3o aplicada, ensaios, consultoria e forma\u00e7\u00e3o nos v\u00e1rios dom\u00ednios da Engenharia Civil.","potentialAction":[{"@type":"SearchAction","target":{"@type":"EntryPoint","urlTemplate":"https:\/\/fe.up.pt\/icfeup\/?s={search_term_string}"},"query-input":"required name=search_term_string"}],"inLanguage":"en-US"}]}},"_links":{"self":[{"href":"https:\/\/fe.up.pt\/icfeup\/en\/wp-json\/wp\/v2\/pages\/6975"}],"collection":[{"href":"https:\/\/fe.up.pt\/icfeup\/en\/wp-json\/wp\/v2\/pages"}],"about":[{"href":"https:\/\/fe.up.pt\/icfeup\/en\/wp-json\/wp\/v2\/types\/page"}],"author":[{"embeddable":true,"href":"https:\/\/fe.up.pt\/icfeup\/en\/wp-json\/wp\/v2\/users\/4"}],"replies":[{"embeddable":true,"href":"https:\/\/fe.up.pt\/icfeup\/en\/wp-json\/wp\/v2\/comments?post=6975"}],"version-history":[{"count":1,"href":"https:\/\/fe.up.pt\/icfeup\/en\/wp-json\/wp\/v2\/pages\/6975\/revisions"}],"predecessor-version":[{"id":6976,"href":"https:\/\/fe.up.pt\/icfeup\/en\/wp-json\/wp\/v2\/pages\/6975\/revisions\/6976"}],"wp:attachment":[{"href":"https:\/\/fe.up.pt\/icfeup\/en\/wp-json\/wp\/v2\/media?parent=6975"}],"curies":[{"name":"wp","href":"https:\/\/api.w.org\/{rel}","templated":true}]}}