{"id":4971,"date":"2023-07-17T14:24:25","date_gmt":"2023-07-17T13:24:25","guid":{"rendered":"https:\/\/fe.up.pt\/hologem\/?page_id=4971"},"modified":"2025-10-23T16:41:25","modified_gmt":"2025-10-23T15:41:25","slug":"research-team","status":"publish","type":"page","link":"https:\/\/fe.up.pt\/hologem\/research-team\/","title":{"rendered":"Research Team"},"content":{"rendered":"<h3>AGH \u2013 University of Science and Technology (Poland)<\/h3>\n<p>Tomaz Niedoba Project Coordinator<\/p>\n<p>Agnieszka Surowiak Professor<\/p>\n<p>Dagmara Nowak-Senderowska Researcher<\/p>\n<p>Mateusz Sikora Researcher<\/p>\n<p>Micha\u0142 Dworzak Professor<\/p>\n<p>Micha\u0142 Patyk Researcher<\/p>\n<p>Zbigniew Burtan Professor<\/p>\n<p>Zbigniew Kuczera Professor<\/p>\n<h3>KUTAHYA DUMLUPINAR UNIVERSITESI (Turkey)<\/h3>\n<p>Oktay Sahbaz Professor &#8211; Local Coordinator<\/p>\n<p>Vehbi Onur Demirciler Professor<\/p>\n<h3>UNIVERSIDADE DO PORTO \u2013 FEUP (Portugal)<\/h3>\n<p>Jo\u00e3o Baptista Local Coordinator<\/p>\n<p>Adeeb Sidani Researcher<\/p>\n<p>Carla Cardoso Researcher<\/p>\n<p>Jacqueline Castelo Branco Professor<\/p>\n<p>Joana Duarte Professor<\/p>\n<p>Joana Guedes Professor<\/p>\n<p>Jorge Carvalho Professor<\/p>\n<p>Vasco Reis Researcher<\/p>\n<h3>School Partners<\/h3>\n<h3>AGRUPAMENTO DE ESCOLAS DE VALONGO (Portugal)<\/h3>\n<p>Ana Coelho Professor<\/p>\n<p>Isabel Silva Professor<\/p>\n<h3>Miedziowe Centrum Kszta\u0142cenia Kadr w Lubinie (Poland)<\/h3>\n<p>Iwona Wawrzyniak Professor<\/p>\n<p>Justyna Piszczek Professor<\/p>\n<p>Lucyna Kubis Professor<\/p>\n<h3>Nurettin \u00c7arm\u0131kl\u0131 Madencilik Mesleki ve Teknik Anadolu Lisesi (Turkey)<\/h3>\n<p>[CONTACT NAME SCHOOL &#8211; TURKEY] Professor\/Contact<\/p>\n<h3>Zesp\u00f3\u0142 Szk\u00f3\u0142 Technicznych w Rybniku (Poland)<\/h3>\n<p>Malgorzata Biela Professor<\/p>\n<p>Malgorzata Kunka Professor<\/p>\n<p>Maria Szpil Professor<\/p>\n<p>Piotr Tokarz Professor<\/p>\n","protected":false},"excerpt":{"rendered":"<p>AGH \u2013 University of Science and Technology (Poland) Tomaz Niedoba Project Coordinator Agnieszka Surowiak Professor Dagmara Nowak-Senderowska Researcher Mateusz Sikora Researcher Micha\u0142 Dworzak Professor Micha\u0142 &hellip;<\/p>\n","protected":false},"author":1,"featured_media":0,"parent":0,"menu_order":0,"comment_status":"closed","ping_status":"closed","template":"","meta":{"footnotes":""},"class_list":["post-4971","page","type-page","status-publish","hentry"],"_links":{"self":[{"href":"https:\/\/fe.up.pt\/hologem\/wp-json\/wp\/v2\/pages\/4971","targetHints":{"allow":["GET"]}}],"collection":[{"href":"https:\/\/fe.up.pt\/hologem\/wp-json\/wp\/v2\/pages"}],"about":[{"href":"https:\/\/fe.up.pt\/hologem\/wp-json\/wp\/v2\/types\/page"}],"author":[{"embeddable":true,"href":"https:\/\/fe.up.pt\/hologem\/wp-json\/wp\/v2\/users\/1"}],"replies":[{"embeddable":true,"href":"https:\/\/fe.up.pt\/hologem\/wp-json\/wp\/v2\/comments?post=4971"}],"version-history":[{"count":48,"href":"https:\/\/fe.up.pt\/hologem\/wp-json\/wp\/v2\/pages\/4971\/revisions"}],"predecessor-version":[{"id":5515,"href":"https:\/\/fe.up.pt\/hologem\/wp-json\/wp\/v2\/pages\/4971\/revisions\/5515"}],"wp:attachment":[{"href":"https:\/\/fe.up.pt\/hologem\/wp-json\/wp\/v2\/media?parent=4971"}],"curies":[{"name":"wp","href":"https:\/\/api.w.org\/{rel}","templated":true}]}}