{"id":502,"date":"2023-08-31T13:36:37","date_gmt":"2023-08-31T13:36:37","guid":{"rendered":"https:\/\/fe.up.pt\/goi\/?page_id=502"},"modified":"2025-09-02T12:10:42","modified_gmt":"2025-09-02T11:10:42","slug":"atendimento-psicologico","status":"publish","type":"page","link":"https:\/\/fe.up.pt\/goi\/atendimento-psicologico\/","title":{"rendered":"Marca\u00e7\u00f5es"},"content":{"rendered":"<div class=\"fusion-fullwidth fullwidth-box fusion-builder-row-1 fusion-flex-container has-pattern-background has-mask-background nonhundred-percent-fullwidth non-hundred-percent-height-scrolling\" style=\"--awb-border-radius-top-left:0px;--awb-border-radius-top-right:0px;--awb-border-radius-bottom-right:0px;--awb-border-radius-bottom-left:0px;--awb-flex-wrap:wrap;\" ><div class=\"fusion-builder-row fusion-row fusion-flex-align-items-flex-start fusion-flex-justify-content-space-between fusion-flex-content-wrap\" style=\"max-width:1310.4px;margin-left: calc(-4% \/ 2 );margin-right: calc(-4% \/ 2 );\"><div class=\"fusion-layout-column fusion_builder_column fusion-builder-column-0 fusion_builder_column_1_4 1_4 fusion-flex-column\" style=\"--awb-bg-size:cover;--awb-width-large:25%;--awb-margin-top-large:0px;--awb-spacing-right-large:7.68%;--awb-margin-bottom-large:20px;--awb-spacing-left-large:7.68%;--awb-width-medium:25%;--awb-order-medium:0;--awb-spacing-right-medium:7.68%;--awb-spacing-left-medium:7.68%;--awb-width-small:100%;--awb-order-small:0;--awb-spacing-right-small:1.92%;--awb-spacing-left-small:1.92%;\"><div class=\"fusion-column-wrapper fusion-column-has-shadow fusion-flex-justify-content-flex-start fusion-content-layout-column\"><div class=\"fusion-title title fusion-title-1 sep-underline sep-solid fusion-title-text fusion-title-size-one under_and_top_line\" style=\"--awb-margin-bottom:0px;--awb-margin-bottom-small:0px;--awb-sep-color:#000000;--awb-font-size:16px;\"><h1 class=\"fusion-title-heading title-heading-left\" style=\"font-family:&quot;Lato&quot;;font-style:normal;font-weight:700;margin:0;font-size:1em;text-transform:uppercase;\">Marca\u00e7\u00f5es<\/h1><\/div><a class=\"fusion-one-page-text-link\" href=\"#agendar\">\n<div style=\"text-align: left;\"><button class=\"fusion-button button-flat button-small button-custom fusion-button-default button-1 fusion-button-span-yes \" style=\"--button_accent_color: var(--awb-color6); --button_accent_hover_color: var(--awb-color5); --button_border_hover_color: var(--awb-color1); --button_gradient_top_color: var(--awb-color1); --button_gradient_bottom_color: var(--awb-color1); --button_gradient_top_color_hover: var(--awb-color3); --button_gradient_bottom_color_hover: var(--awb-color3);\" title=\"Agendar uma Consulta\"><span class=\"fusion-button-text\">Agendar uma Consulta<\/span><i class=\"fa-angle-right fas button-icon-right\" aria-hidden=\"true\"><\/i><\/button><\/div>\n<\/a><a class=\"fusion-one-page-text-link\" href=\"#horario\">\n<div style=\"text-align: left;\"><button class=\"fusion-button button-flat button-small button-custom fusion-button-default button-1 fusion-button-span-yes \" style=\"--button_accent_color: var(--awb-color6); --button_accent_hover_color: var(--awb-color5); --button_border_hover_color: var(--awb-color1); --button_gradient_top_color: var(--awb-color1); --button_gradient_bottom_color: var(--awb-color1); --button_gradient_top_color_hover: var(--awb-color3); --button_gradient_bottom_color_hover: var(--awb-color3);\" title=\"Hor\u00e1rios de Atendimento\"><span class=\"fusion-button-text\">Hor\u00e1rios de Atendimento<\/span><i class=\"fa-angle-right fas button-icon-right\" aria-hidden=\"true\"><\/i><\/button><\/div>\n<\/a><a class=\"fusion-one-page-text-link\" href=\"#emergency\">\n<div style=\"text-align: left;\"><button class=\"fusion-button button-flat button-small button-custom fusion-button-default button-1 fusion-button-span-yes \" style=\"--button_accent_color: var(--awb-color6); --button_accent_hover_color: var(--awb-color5); --button_border_hover_color: var(--awb-color1); --button_gradient_top_color: var(--awb-color1); --button_gradient_bottom_color: var(--awb-color1); --button_gradient_top_color_hover: var(--awb-color3); --button_gradient_bottom_color_hover: var(--awb-color3);\" title=\"Walk-in Hours: Consulta sem Marca\u00e7\u00e3o\"><span class=\"fusion-button-text\">Walk-in Hours: Consulta sem Marca\u00e7\u00e3o<\/span><i class=\"fa-angle-right fas button-icon-right\" aria-hidden=\"true\"><\/i><\/button><\/div>\n<\/a><\/div><\/div><div class=\"fusion-layout-column fusion_builder_column fusion-builder-column-1 fusion-flex-column\" style=\"--awb-padding-top:0px;--awb-padding-right:0px;--awb-padding-bottom:0px;--awb-padding-left:0px;--awb-bg-size:cover;--awb-width-large:65%;--awb-margin-top-large:0px;--awb-spacing-right-large:2.9538461538462%;--awb-margin-bottom-large:20px;--awb-spacing-left-large:2.9538461538462%;--awb-width-medium:65%;--awb-order-medium:0;--awb-spacing-right-medium:2.9538461538462%;--awb-spacing-left-medium:2.9538461538462%;--awb-width-small:100%;--awb-order-small:0;--awb-spacing-right-small:1.92%;--awb-spacing-left-small:1.92%;\"><div class=\"fusion-column-wrapper fusion-column-has-shadow fusion-flex-justify-content-flex-start fusion-content-layout-column\"><div class=\"fusion-image-element \" style=\"--awb-caption-title-font-family:var(--h2_typography-font-family);--awb-caption-title-font-weight:var(--h2_typography-font-weight);--awb-caption-title-font-style:var(--h2_typography-font-style);--awb-caption-title-size:var(--h2_typography-font-size);--awb-caption-title-transform:var(--h2_typography-text-transform);--awb-caption-title-line-height:var(--h2_typography-line-height);--awb-caption-title-letter-spacing:var(--h2_typography-letter-spacing);\"><span class=\" fusion-imageframe imageframe-none imageframe-1 hover-type-none\"><img decoding=\"async\" width=\"1920\" height=\"1280\" title=\"IMG_6586\" src=\"https:\/\/fe.up.pt\/goi\/wp-content\/uploads\/2023\/09\/IMG_6586.jpg\" alt class=\"img-responsive wp-image-589\" srcset=\"https:\/\/fe.up.pt\/goi\/wp-content\/uploads\/2023\/09\/IMG_6586-200x133.jpg 200w, https:\/\/fe.up.pt\/goi\/wp-content\/uploads\/2023\/09\/IMG_6586-400x267.jpg 400w, https:\/\/fe.up.pt\/goi\/wp-content\/uploads\/2023\/09\/IMG_6586-600x400.jpg 600w, https:\/\/fe.up.pt\/goi\/wp-content\/uploads\/2023\/09\/IMG_6586-800x533.jpg 800w, https:\/\/fe.up.pt\/goi\/wp-content\/uploads\/2023\/09\/IMG_6586-1200x800.jpg 1200w, https:\/\/fe.up.pt\/goi\/wp-content\/uploads\/2023\/09\/IMG_6586.jpg 1920w\" sizes=\"(max-width: 640px) 100vw, 1920px\" \/><\/span><\/div><div class=\"fusion-title title fusion-title-2 fusion-sep-none fusion-title-text fusion-title-size-one\" style=\"--awb-text-color:var(--awb-color5);--awb-margin-top:20px;--awb-margin-bottom:20px;\"><h1 class=\"fusion-title-heading title-heading-left\" style=\"margin:0;\">Agendar uma Consulta<\/h1><\/div><div class=\"fusion-menu-anchor\" id=\"agendar\"><\/div><div class=\"fusion-text fusion-text-1\" style=\"--awb-margin-top:40px;\"><p>Para realizar um pedido de marca\u00e7\u00e3o de uma primeira consulta psicol\u00f3gica, deves contactar-nos atrav\u00e9s do n\u00famero de telefone 220 413\u00a0578, enviando um e-mail para <a href=\"mailto:psigoi@fe.up.pt\">psigoi@fe.up.pt<\/a> ou procurando o GOI presencialmente, no \u00c1trio 276 (de 2\u00aa a 6\u00aa feira entre as 9:30 e as 15:30).<\/p>\n<p>O teu pedido ser\u00e1 atendido e agendada uma consulta com a dura\u00e7\u00e3o (aproximada) de 1 hora com uma das psic\u00f3logas, e tendo em conta a tua disponibilidade hor\u00e1ria.<\/p>\n<\/div><div class=\"fusion-title title fusion-title-3 fusion-sep-none fusion-title-text fusion-title-size-one\" style=\"--awb-text-color:var(--awb-color5);--awb-margin-top:20px;--awb-margin-bottom:20px;\"><h1 class=\"fusion-title-heading title-heading-left\" style=\"margin:0;\">Hor\u00e1rios de Atendimento<\/h1><\/div><div class=\"fusion-menu-anchor\" id=\"horario\"><\/div><div class=\"fusion-text fusion-text-2\" style=\"--awb-margin-top:40px;\"><p>O GOI funciona de 2\u00aa a 6\u00aa feira das 9:00 \u00e0s 18:00.<\/p>\n<p>O atendimento presencial (A276) e telef\u00f3nico funciona de 2\u00aa a 6\u00aa feira das 9:30 \u00e0s 15:30<\/p>\n<p>As consultas realizam-se dentro do hor\u00e1rio de funcionamento do GOI.<\/p>\n<\/div><div class=\"fusion-title title fusion-title-4 fusion-sep-none fusion-title-text fusion-title-size-one\" style=\"--awb-text-color:var(--awb-color5);--awb-margin-top:20px;--awb-margin-bottom:20px;\"><h1 class=\"fusion-title-heading title-heading-left\" style=\"margin:0;\"><i>Walk-in Hours:\u00a0<\/i>Consulta sem Marca\u00e7\u00e3o<\/h1><\/div><div class=\"fusion-menu-anchor\" id=\"emergency\"><\/div><div class=\"fusion-text fusion-text-3\" style=\"--awb-margin-top:40px;\"><p>Esta \u00e9 uma modalidade de atendimento realizada pelas psic\u00f3logas do GOI que pretende dar a possibilidade aos estudantes de aceder a um atendimento para aconselhamento e\/ou esclarecimento de d\u00favidas, sem necessidade de marca\u00e7\u00e3o.<\/p>\n<p>O servi\u00e7o est\u00e1 dispon\u00edvel, em hor\u00e1rio fixo todas as quartas-feiras, entre as 12:00 e as 13:00.<\/p>\n<p>Consulta as\u00a0<a href=\"https:\/\/fe.up.pt\/goi\/faq\/\">FAQs<\/a> para mais informa\u00e7\u00f5es sobre esta modalidade.<\/p>\n<\/div><\/div><\/div><div class=\"fusion-layout-column fusion_builder_column fusion-builder-column-2 fusion-flex-column page-social-sharing\" style=\"--awb-padding-top:0px;--awb-padding-bottom:0px;--awb-bg-size:cover;--awb-width-large:10%;--awb-margin-top-large:0px;--awb-spacing-right-large:0px;--awb-margin-bottom-large:0px;--awb-spacing-left-large:0px;--awb-width-medium:10%;--awb-order-medium:0;--awb-spacing-right-medium:0px;--awb-spacing-left-medium:0px;--awb-width-small:100%;--awb-order-small:0;--awb-spacing-right-small:1.92%;--awb-spacing-left-small:1.92%;\"><div class=\"fusion-column-wrapper fusion-column-has-shadow fusion-flex-justify-content-flex-start fusion-content-layout-column\"><div class=\"fusion-sharing-box fusion-sharing-box-1\" style=\"background-color:rgba(255,255,255,0);padding:0;border-color:#e8e8e8;--awb-margin-top:0px;--awb-margin-right:1px;--awb-margin-bottom:0px;--awb-margin-left:1px;--awb-wrapper-padding-top:0px;--awb-wrapper-padding-right:0px;--awb-wrapper-padding-bottom:0px;--awb-wrapper-padding-left:0px;--awb-padding-top:0px;--awb-padding-right:1px;--awb-padding-bottom:0px;--awb-padding-left:1px;--awb-icon-size:22px;--awb-separator-border-color:#cccccc;--awb-separator-border-sizes:0px;--awb-layout:row;--awb-alignment-small:space-between;--awb-stacked-align-small:center;\" data-title=\"Marca\u00e7\u00f5es\" data-description=\"Blended Intensive Programmes (BIPs) \r\nAgendar uma Consulta\" data-link=\"https:\/\/fe.up.pt\/goi\/atendimento-psicologico\/\"><div class=\"fusion-social-networks sharingbox-shortcode-icon-wrapper sharingbox-shortcode-icon-wrapper-1\"><span><a href=\"https:\/\/www.facebook.com\/sharer.php?u=https%3A%2F%2Ffe.up.pt%2Fgoi%2Fatendimento-psicologico%2F&amp;t=Marca%C3%A7%C3%B5es\" target=\"_blank\" rel=\"noreferrer\" title=\"Facebook\" aria-label=\"Facebook\" data-placement=\"top\" data-toggle=\"tooltip\" data-title=\"Facebook\"><i class=\"fusion-social-network-icon fusion-tooltip fusion-facebook awb-icon-facebook\" style=\"color:#e8e8e8;\" aria-hidden=\"true\"><\/i><\/a><\/span><span><a href=\"https:\/\/x.com\/intent\/post?text=Marca%C3%A7%C3%B5es&amp;url=https%3A%2F%2Ffe.up.pt%2Fgoi%2Fatendimento-psicologico%2F\" target=\"_blank\" rel=\"noopener noreferrer\" title=\"X\" aria-label=\"X\" data-placement=\"top\" data-toggle=\"tooltip\" data-title=\"X\"><i class=\"fusion-social-network-icon fusion-tooltip fusion-twitter awb-icon-twitter\" style=\"color:#e8e8e8;\" aria-hidden=\"true\"><\/i><\/a><\/span><span><a href=\"https:\/\/www.linkedin.com\/shareArticle?mini=true&amp;url=https%3A%2F%2Ffe.up.pt%2Fgoi%2Fatendimento-psicologico%2F&amp;title=Marca%C3%A7%C3%B5es&amp;summary=Blended%20Intensive%20Programmes%20%28BIPs%29%20%0D%0AAgendar%20uma%20Consulta\" target=\"_blank\" rel=\"noopener noreferrer\" title=\"LinkedIn\" aria-label=\"LinkedIn\" data-placement=\"top\" data-toggle=\"tooltip\" data-title=\"LinkedIn\"><i class=\"fusion-social-network-icon fusion-tooltip fusion-linkedin awb-icon-linkedin\" style=\"color:#e8e8e8;\" aria-hidden=\"true\"><\/i><\/a><\/span><\/div><\/div><\/div><\/div><\/div><\/div>\n","protected":false},"excerpt":{"rendered":"","protected":false},"author":1,"featured_media":0,"parent":0,"menu_order":0,"comment_status":"closed","ping_status":"closed","template":"100-width.php","meta":{"footnotes":""},"class_list":["post-502","page","type-page","status-publish","hentry"],"_links":{"self":[{"href":"https:\/\/fe.up.pt\/goi\/wp-json\/wp\/v2\/pages\/502","targetHints":{"allow":["GET"]}}],"collection":[{"href":"https:\/\/fe.up.pt\/goi\/wp-json\/wp\/v2\/pages"}],"about":[{"href":"https:\/\/fe.up.pt\/goi\/wp-json\/wp\/v2\/types\/page"}],"author":[{"embeddable":true,"href":"https:\/\/fe.up.pt\/goi\/wp-json\/wp\/v2\/users\/1"}],"replies":[{"embeddable":true,"href":"https:\/\/fe.up.pt\/goi\/wp-json\/wp\/v2\/comments?post=502"}],"version-history":[{"count":12,"href":"https:\/\/fe.up.pt\/goi\/wp-json\/wp\/v2\/pages\/502\/revisions"}],"predecessor-version":[{"id":1892,"href":"https:\/\/fe.up.pt\/goi\/wp-json\/wp\/v2\/pages\/502\/revisions\/1892"}],"wp:attachment":[{"href":"https:\/\/fe.up.pt\/goi\/wp-json\/wp\/v2\/media?parent=502"}],"curies":[{"name":"wp","href":"https:\/\/api.w.org\/{rel}","templated":true}]}}