{"id":345,"date":"2023-04-26T09:38:13","date_gmt":"2023-04-26T09:38:13","guid":{"rendered":"https:\/\/fe.up.pt\/goi\/?page_id=345"},"modified":"2025-05-28T13:16:03","modified_gmt":"2025-05-28T13:16:03","slug":"contactos","status":"publish","type":"page","link":"https:\/\/fe.up.pt\/goi\/contactos\/","title":{"rendered":"Contactos"},"content":{"rendered":"<div class=\"fusion-fullwidth fullwidth-box fusion-builder-row-1 fusion-flex-container has-pattern-background has-mask-background nonhundred-percent-fullwidth non-hundred-percent-height-scrolling\" style=\"--awb-border-radius-top-left:0px;--awb-border-radius-top-right:0px;--awb-border-radius-bottom-right:0px;--awb-border-radius-bottom-left:0px;--awb-flex-wrap:wrap;\" ><div class=\"fusion-builder-row fusion-row fusion-flex-align-items-flex-start fusion-flex-justify-content-space-between fusion-flex-content-wrap\" style=\"max-width:1310.4px;margin-left: calc(-4% \/ 2 );margin-right: calc(-4% \/ 2 );\"><div class=\"fusion-layout-column fusion_builder_column fusion-builder-column-0 awb-sticky awb-sticky-large fusion_builder_column_1_4 1_4 fusion-flex-column\" style=\"--awb-bg-size:cover;--awb-width-large:25%;--awb-margin-top-large:0px;--awb-spacing-right-large:7.68%;--awb-margin-bottom-large:20px;--awb-spacing-left-large:7.68%;--awb-width-medium:25%;--awb-order-medium:0;--awb-spacing-right-medium:7.68%;--awb-spacing-left-medium:7.68%;--awb-width-small:100%;--awb-order-small:0;--awb-spacing-right-small:1.92%;--awb-spacing-left-small:1.92%;--awb-sticky-offset:150px;\"><div class=\"fusion-column-wrapper fusion-column-has-shadow fusion-flex-justify-content-flex-start fusion-content-layout-column\"><div class=\"fusion-title title fusion-title-1 sep-underline sep-solid fusion-title-text fusion-title-size-one under_and_top_line\" style=\"--awb-margin-bottom:0px;--awb-margin-bottom-small:0px;--awb-sep-color:#000000;--awb-font-size:16px;\"><h1 class=\"fusion-title-heading title-heading-left\" style=\"font-family:&quot;Lato&quot;;font-style:normal;font-weight:700;margin:0;font-size:1em;text-transform:uppercase;\">Contactos<\/h1><\/div><\/div><\/div><div class=\"fusion-layout-column fusion_builder_column fusion-builder-column-1 fusion-flex-column\" style=\"--awb-padding-top:0px;--awb-padding-right:0px;--awb-padding-bottom:0px;--awb-padding-left:0px;--awb-bg-size:cover;--awb-width-large:65%;--awb-margin-top-large:0px;--awb-spacing-right-large:2.9538461538462%;--awb-margin-bottom-large:20px;--awb-spacing-left-large:2.9538461538462%;--awb-width-medium:65%;--awb-order-medium:0;--awb-spacing-right-medium:2.9538461538462%;--awb-spacing-left-medium:2.9538461538462%;--awb-width-small:100%;--awb-order-small:0;--awb-spacing-right-small:1.92%;--awb-spacing-left-small:1.92%;\"><div class=\"fusion-column-wrapper fusion-column-has-shadow fusion-flex-justify-content-flex-start fusion-content-layout-column\"><div class=\"fusion-image-element \" style=\"--awb-caption-title-font-family:var(--h2_typography-font-family);--awb-caption-title-font-weight:var(--h2_typography-font-weight);--awb-caption-title-font-style:var(--h2_typography-font-style);--awb-caption-title-size:var(--h2_typography-font-size);--awb-caption-title-transform:var(--h2_typography-text-transform);--awb-caption-title-line-height:var(--h2_typography-line-height);--awb-caption-title-letter-spacing:var(--h2_typography-letter-spacing);\"><span class=\" fusion-imageframe imageframe-none imageframe-1 hover-type-none\"><img decoding=\"async\" width=\"1920\" height=\"1280\" title=\"IMG_6617\" src=\"https:\/\/fe.up.pt\/goi\/wp-content\/uploads\/2023\/09\/IMG_6617.jpg\" alt class=\"img-responsive wp-image-625\" srcset=\"https:\/\/fe.up.pt\/goi\/wp-content\/uploads\/2023\/09\/IMG_6617-200x133.jpg 200w, https:\/\/fe.up.pt\/goi\/wp-content\/uploads\/2023\/09\/IMG_6617-400x267.jpg 400w, https:\/\/fe.up.pt\/goi\/wp-content\/uploads\/2023\/09\/IMG_6617-600x400.jpg 600w, https:\/\/fe.up.pt\/goi\/wp-content\/uploads\/2023\/09\/IMG_6617-800x533.jpg 800w, https:\/\/fe.up.pt\/goi\/wp-content\/uploads\/2023\/09\/IMG_6617-1200x800.jpg 1200w, https:\/\/fe.up.pt\/goi\/wp-content\/uploads\/2023\/09\/IMG_6617.jpg 1920w\" sizes=\"(max-width: 640px) 100vw, 1920px\" \/><\/span><\/div><div class=\"fusion-text fusion-text-1\" style=\"--awb-margin-top:40px;\"><p><strong>E-mail:<\/strong> <a href=\"mailto:goi@fe.up.pt\">goi@fe.up.pt<\/a><br \/>\n<a href=\"mailto:psigoi@fe.up.pt\">psigoi@fe.up.pt<\/a><\/p>\n<p><strong>Telefone:<\/strong> 22 041 35 78<br \/>\n(de 2\u00aa a 6\u00aa feira, das 9:30 \u00e0s 15:30)<\/p>\n<p><strong>Localiza\u00e7\u00e3o:<\/strong> \u00c1trio A276<br \/>\nSalas A210; A211a; A211b e A212<\/p>\n<\/div><div class=\"fusion-image-element \" style=\"--awb-caption-title-font-family:var(--h2_typography-font-family);--awb-caption-title-font-weight:var(--h2_typography-font-weight);--awb-caption-title-font-style:var(--h2_typography-font-style);--awb-caption-title-size:var(--h2_typography-font-size);--awb-caption-title-transform:var(--h2_typography-text-transform);--awb-caption-title-line-height:var(--h2_typography-line-height);--awb-caption-title-letter-spacing:var(--h2_typography-letter-spacing);\"><span class=\" fusion-imageframe imageframe-none imageframe-2 hover-type-none\"><img decoding=\"async\" width=\"1024\" height=\"1001\" title=\"mapa atualizado\" src=\"https:\/\/fe.up.pt\/goi\/wp-content\/uploads\/2025\/03\/mapa-atualizado-2-1024x1001.png\" alt class=\"img-responsive wp-image-1742\" srcset=\"https:\/\/fe.up.pt\/goi\/wp-content\/uploads\/2025\/03\/mapa-atualizado-2-200x196.png 200w, https:\/\/fe.up.pt\/goi\/wp-content\/uploads\/2025\/03\/mapa-atualizado-2-400x391.png 400w, https:\/\/fe.up.pt\/goi\/wp-content\/uploads\/2025\/03\/mapa-atualizado-2-600x587.png 600w, https:\/\/fe.up.pt\/goi\/wp-content\/uploads\/2025\/03\/mapa-atualizado-2-800x782.png 800w, https:\/\/fe.up.pt\/goi\/wp-content\/uploads\/2025\/03\/mapa-atualizado-2-1200x1173.png 1200w, https:\/\/fe.up.pt\/goi\/wp-content\/uploads\/2025\/03\/mapa-atualizado-2.png 1245w\" sizes=\"(max-width: 640px) 100vw, 1024px\" \/><\/span><\/div><div class=\"fusion-image-element \" style=\"--awb-caption-title-font-family:var(--h2_typography-font-family);--awb-caption-title-font-weight:var(--h2_typography-font-weight);--awb-caption-title-font-style:var(--h2_typography-font-style);--awb-caption-title-size:var(--h2_typography-font-size);--awb-caption-title-transform:var(--h2_typography-text-transform);--awb-caption-title-line-height:var(--h2_typography-line-height);--awb-caption-title-letter-spacing:var(--h2_typography-letter-spacing);\"><span class=\" fusion-imageframe imageframe-none imageframe-3 hover-type-none\"><img decoding=\"async\" width=\"741\" height=\"417\" title=\"Imagem2\" src=\"https:\/\/fe.up.pt\/goi\/wp-content\/uploads\/2023\/09\/Imagem2.png\" alt class=\"img-responsive wp-image-627\"\/><\/span><\/div><\/div><\/div><div class=\"fusion-layout-column fusion_builder_column fusion-builder-column-2 fusion-flex-column page-social-sharing\" style=\"--awb-padding-top:0px;--awb-padding-bottom:0px;--awb-bg-size:cover;--awb-width-large:10%;--awb-margin-top-large:0px;--awb-spacing-right-large:0px;--awb-margin-bottom-large:0px;--awb-spacing-left-large:0px;--awb-width-medium:10%;--awb-order-medium:0;--awb-spacing-right-medium:0px;--awb-spacing-left-medium:0px;--awb-width-small:100%;--awb-order-small:0;--awb-spacing-right-small:1.92%;--awb-spacing-left-small:1.92%;\"><div class=\"fusion-column-wrapper fusion-column-has-shadow fusion-flex-justify-content-flex-start fusion-content-layout-column\"><div class=\"fusion-sharing-box fusion-sharing-box-1\" style=\"background-color:rgba(255,255,255,0);padding:0;border-color:#e8e8e8;--awb-margin-top:0px;--awb-margin-right:1px;--awb-margin-bottom:0px;--awb-margin-left:1px;--awb-wrapper-padding-top:0px;--awb-wrapper-padding-right:0px;--awb-wrapper-padding-bottom:0px;--awb-wrapper-padding-left:0px;--awb-padding-top:0px;--awb-padding-right:1px;--awb-padding-bottom:0px;--awb-padding-left:1px;--awb-icon-size:22px;--awb-separator-border-color:#cccccc;--awb-separator-border-sizes:0px;--awb-layout:row;--awb-alignment-small:space-between;--awb-stacked-align-small:center;\" data-title=\"Contactos\" data-description=\"Blended Intensive Programmes (BIPs) \r\n\r\nE-mail: goi@fe.up.pt\r\npsigoi@fe.up.pt\r\n\r\nTelefone: 22 041 35 78\r\n(de 2\u00aa a 6\u00aa feira, das 9:30 \u00e0s 15:30)\r\n\r\nLocaliza\u00e7\u00e3o: \u00c1trio A276\r\nSalas A210; A211a; A211b e A212\" data-link=\"https:\/\/fe.up.pt\/goi\/contactos\/\"><div class=\"fusion-social-networks sharingbox-shortcode-icon-wrapper sharingbox-shortcode-icon-wrapper-1\"><span><a href=\"https:\/\/www.facebook.com\/sharer.php?u=https%3A%2F%2Ffe.up.pt%2Fgoi%2Fcontactos%2F&amp;t=Contactos\" target=\"_blank\" rel=\"noreferrer\" title=\"Facebook\" aria-label=\"Facebook\" data-placement=\"top\" data-toggle=\"tooltip\" data-title=\"Facebook\"><i class=\"fusion-social-network-icon fusion-tooltip fusion-facebook awb-icon-facebook\" style=\"color:#e8e8e8;\" aria-hidden=\"true\"><\/i><\/a><\/span><span><a href=\"https:\/\/x.com\/intent\/post?text=Contactos&amp;url=https%3A%2F%2Ffe.up.pt%2Fgoi%2Fcontactos%2F\" target=\"_blank\" rel=\"noopener noreferrer\" title=\"X\" aria-label=\"X\" data-placement=\"top\" data-toggle=\"tooltip\" data-title=\"X\"><i class=\"fusion-social-network-icon fusion-tooltip fusion-twitter awb-icon-twitter\" style=\"color:#e8e8e8;\" aria-hidden=\"true\"><\/i><\/a><\/span><span><a href=\"https:\/\/www.linkedin.com\/shareArticle?mini=true&amp;url=https%3A%2F%2Ffe.up.pt%2Fgoi%2Fcontactos%2F&amp;title=Contactos&amp;summary=Blended%20Intensive%20Programmes%20%28BIPs%29%20%20%0D%0A%0D%0AE-mail%3A%20goi%40fe.up.pt%0D%0Apsigoi%40fe.up.pt%0D%0A%0D%0ATelefone%3A%2022%20041%2035%2078%0D%0A%28de%202%C2%AA%20a%206%C2%AA%20feira%2C%20das%209%3A30%20%C3%A0s%2015%3A30%29%0D%0A%0D%0ALocaliza%C3%A7%C3%A3o%3A%20%C3%81trio%20A276%0D%0ASalas%20A210%3B%20A211a%3B%20A211b%20e%20A212\" target=\"_blank\" rel=\"noopener noreferrer\" title=\"LinkedIn\" aria-label=\"LinkedIn\" data-placement=\"top\" data-toggle=\"tooltip\" data-title=\"LinkedIn\"><i class=\"fusion-social-network-icon fusion-tooltip fusion-linkedin awb-icon-linkedin\" style=\"color:#e8e8e8;\" aria-hidden=\"true\"><\/i><\/a><\/span><\/div><\/div><\/div><\/div><\/div><\/div>\n","protected":false},"excerpt":{"rendered":"","protected":false},"author":1,"featured_media":0,"parent":0,"menu_order":0,"comment_status":"closed","ping_status":"closed","template":"100-width.php","meta":{"footnotes":""},"class_list":["post-345","page","type-page","status-publish","hentry"],"_links":{"self":[{"href":"https:\/\/fe.up.pt\/goi\/wp-json\/wp\/v2\/pages\/345","targetHints":{"allow":["GET"]}}],"collection":[{"href":"https:\/\/fe.up.pt\/goi\/wp-json\/wp\/v2\/pages"}],"about":[{"href":"https:\/\/fe.up.pt\/goi\/wp-json\/wp\/v2\/types\/page"}],"author":[{"embeddable":true,"href":"https:\/\/fe.up.pt\/goi\/wp-json\/wp\/v2\/users\/1"}],"replies":[{"embeddable":true,"href":"https:\/\/fe.up.pt\/goi\/wp-json\/wp\/v2\/comments?post=345"}],"version-history":[{"count":11,"href":"https:\/\/fe.up.pt\/goi\/wp-json\/wp\/v2\/pages\/345\/revisions"}],"predecessor-version":[{"id":1838,"href":"https:\/\/fe.up.pt\/goi\/wp-json\/wp\/v2\/pages\/345\/revisions\/1838"}],"wp:attachment":[{"href":"https:\/\/fe.up.pt\/goi\/wp-json\/wp\/v2\/media?parent=345"}],"curies":[{"name":"wp","href":"https:\/\/api.w.org\/{rel}","templated":true}]}}