{"id":6979,"date":"2023-10-30T14:29:29","date_gmt":"2023-10-30T14:29:29","guid":{"rendered":"https:\/\/fe.up.pt\/feuplink\/?page_id=6979"},"modified":"2023-11-23T13:02:21","modified_gmt":"2023-11-23T13:02:21","slug":"premio-carreira-2020","status":"publish","type":"page","link":"https:\/\/fe.up.pt\/feuplink\/premio-carreira\/premio-carreira-2020\/","title":{"rendered":"Pr\u00e9mio Carreira 2020"},"content":{"rendered":"<div class=\"fusion-fullwidth fullwidth-box fusion-builder-row-1 nonhundred-percent-fullwidth non-hundred-percent-height-scrolling\" style=\"--awb-background-position:left top;--awb-border-sizes-top:0px;--awb-border-sizes-bottom:0px;--awb-border-sizes-left:0px;--awb-border-sizes-right:0px;--awb-border-radius-top-left:0px;--awb-border-radius-top-right:0px;--awb-border-radius-bottom-right:0px;--awb-border-radius-bottom-left:0px;--awb-padding-top:20px;--awb-padding-bottom:20px;--awb-flex-wrap:wrap;\" ><div class=\"fusion-builder-row fusion-row\"><div class=\"fusion-layout-column fusion_builder_column fusion-builder-column-0 fusion_builder_column_1_1 1_1 fusion-one-full fusion-column-first fusion-column-last\" style=\"--awb-bg-size:cover;\"><div class=\"fusion-column-wrapper fusion-column-has-shadow fusion-flex-column-wrapper-legacy\"><div class=\"fusion-image-element fusion-image-align-center in-legacy-container\" style=\"text-align:center;--awb-margin-top:40px;--awb-margin-bottom:40px;--awb-caption-title-font-family:var(--h2_typography-font-family);--awb-caption-title-font-weight:var(--h2_typography-font-weight);--awb-caption-title-font-style:var(--h2_typography-font-style);--awb-caption-title-size:var(--h2_typography-font-size);--awb-caption-title-transform:var(--h2_typography-text-transform);--awb-caption-title-line-height:var(--h2_typography-line-height);--awb-caption-title-letter-spacing:var(--h2_typography-letter-spacing);\"><div class=\"imageframe-align-center\"><span class=\" fusion-imageframe imageframe-none imageframe-1 hover-type-none\"><img decoding=\"async\" width=\"420\" height=\"80\" title=\"Pr\u00e9mio-carreira_FEUP\" src=\"https:\/\/fe.up.pt\/feuplink\/wp-content\/uploads\/2023\/10\/Premio-carreira_FEUP.jpg\" data-orig-src=\"https:\/\/fe.up.pt\/feuplink\/wp-content\/uploads\/2023\/10\/Premio-carreira_FEUP.jpg\" alt class=\"lazyload img-responsive wp-image-6975\" srcset=\"data:image\/svg+xml,%3Csvg%20xmlns%3D%27http%3A%2F%2Fwww.w3.org%2F2000%2Fsvg%27%20width%3D%27420%27%20height%3D%2780%27%20viewBox%3D%270%200%20420%2080%27%3E%3Crect%20width%3D%27420%27%20height%3D%2780%27%20fill-opacity%3D%220%22%2F%3E%3C%2Fsvg%3E\" data-srcset=\"https:\/\/fe.up.pt\/feuplink\/wp-content\/uploads\/2023\/10\/Premio-carreira_FEUP-200x38.jpg 200w, https:\/\/fe.up.pt\/feuplink\/wp-content\/uploads\/2023\/10\/Premio-carreira_FEUP-400x76.jpg 400w, https:\/\/fe.up.pt\/feuplink\/wp-content\/uploads\/2023\/10\/Premio-carreira_FEUP.jpg 420w\" data-sizes=\"auto\" data-orig-sizes=\"(max-width: 800px) 100vw, 420px\" \/><\/span><\/div><\/div><div class=\"fusion-title title fusion-title-1 fusion-sep-none fusion-title-center fusion-title-text fusion-title-size-two\"><h2 class=\"fusion-title-heading title-heading-center fusion-responsive-typography-calculated\" style=\"margin:0;--fontSize:20;--minFontSize:20;line-height:1.69;\">Pr\u00e9mio Carreira 2020<\/h2><\/div><div class=\"fusion-text fusion-text-1\"><p><strong>Vencedor:\u00a0 <\/strong>Jo\u00e3o Serrenho<\/p>\n<\/div><div class=\"fusion-video fusion-youtube fusion-alignleft\" style=\"--awb-max-width:600px;--awb-max-height:360px;--awb-width:100%;\"><div class=\"video-shortcode\"><lite-youtube videoid=\"QnzSu9sMy58\" class=\"landscape\" params=\"wmode=transparent&autoplay=1&enablejsapi=1\" title=\"YouTube video player 1\" width=\"600\" height=\"360\"><\/lite-youtube><\/div><\/div><div class=\"fusion-text fusion-text-2\"><p><strong>Saiba mais aqui:<\/strong><\/p>\n<div class=\"video-shortcode\">\n<blockquote class=\"wp-embedded-content\" data-secret=\"LuJWZ72aWk\">\n<p><a href=\"https:\/\/noticias.up.pt\/joao-serrenho-e-o-vencedor-do-premio-carreira-feup-2020\/\">Jo\u00e3o Serrenho \u00e9 o vencedor do Pr\u00e9mio Carreira FEUP 2020<\/a><\/p>\n<\/blockquote>\n<p><iframe class=\"wp-embedded-content\" sandbox=\"allow-scripts\" security=\"restricted\" style=\"position: absolute; clip: rect(1px, 1px, 1px, 1px);\" title=\"&#8220;Jo\u00e3o Serrenho \u00e9 o vencedor do Pr\u00e9mio Carreira FEUP 2020&#8221; &#8212; Not\u00edcias U.Porto\" src=\"https:\/\/noticias.up.pt\/joao-serrenho-e-o-vencedor-do-premio-carreira-feup-2020\/embed\/#?secret=JdaxJn4G2O#?secret=LuJWZ72aWk\" data-secret=\"LuJWZ72aWk\" width=\"600\" height=\"338\" frameborder=\"0\" marginwidth=\"0\" marginheight=\"0\" scrolling=\"no\"><\/iframe><\/div>\n<\/div><div class=\"fusion-clearfix\"><\/div><\/div><\/div><\/div><\/div>\n","protected":false},"excerpt":{"rendered":"","protected":false},"author":1,"featured_media":0,"parent":6972,"menu_order":0,"comment_status":"closed","ping_status":"closed","template":"100-width.php","meta":{"_acf_changed":false,"footnotes":""},"class_list":["post-6979","page","type-page","status-publish","hentry"],"acf":[],"_links":{"self":[{"href":"https:\/\/fe.up.pt\/feuplink\/wp-json\/wp\/v2\/pages\/6979","targetHints":{"allow":["GET"]}}],"collection":[{"href":"https:\/\/fe.up.pt\/feuplink\/wp-json\/wp\/v2\/pages"}],"about":[{"href":"https:\/\/fe.up.pt\/feuplink\/wp-json\/wp\/v2\/types\/page"}],"author":[{"embeddable":true,"href":"https:\/\/fe.up.pt\/feuplink\/wp-json\/wp\/v2\/users\/1"}],"replies":[{"embeddable":true,"href":"https:\/\/fe.up.pt\/feuplink\/wp-json\/wp\/v2\/comments?post=6979"}],"version-history":[{"count":1,"href":"https:\/\/fe.up.pt\/feuplink\/wp-json\/wp\/v2\/pages\/6979\/revisions"}],"predecessor-version":[{"id":7243,"href":"https:\/\/fe.up.pt\/feuplink\/wp-json\/wp\/v2\/pages\/6979\/revisions\/7243"}],"up":[{"embeddable":true,"href":"https:\/\/fe.up.pt\/feuplink\/wp-json\/wp\/v2\/pages\/6972"}],"wp:attachment":[{"href":"https:\/\/fe.up.pt\/feuplink\/wp-json\/wp\/v2\/media?parent=6979"}],"curies":[{"name":"wp","href":"https:\/\/api.w.org\/{rel}","templated":true}]}}