{"id":64,"date":"2016-01-06T18:07:48","date_gmt":"2016-01-06T18:07:48","guid":{"rendered":"https:\/\/paginas.fe.up.pt\/~brasil\/?page_id=64"},"modified":"2024-11-15T15:59:23","modified_gmt":"2024-11-15T15:59:23","slug":"visto-de-estudante","status":"publish","type":"page","link":"https:\/\/fe.up.pt\/estudar\/estudantes-estrangeiros\/visto-de-estudante\/","title":{"rendered":"VISTO DE ESTUDO"},"content":{"rendered":"<p><div class=\"fusion-fullwidth fullwidth-box fusion-builder-row-1 fusion-flex-container nonhundred-percent-fullwidth non-hundred-percent-height-scrolling\" style=\"--awb-border-radius-top-left:0px;--awb-border-radius-top-right:0px;--awb-border-radius-bottom-right:0px;--awb-border-radius-bottom-left:0px;--awb-margin-top:40px;--awb-margin-bottom:0px;--awb-flex-wrap:wrap;\" ><div class=\"fusion-builder-row fusion-row fusion-flex-align-items-flex-start fusion-flex-justify-content-center fusion-flex-content-wrap\" style=\"max-width:1248px;margin-left: calc(-4% \/ 2 );margin-right: calc(-4% \/ 2 );\"><div class=\"fusion-layout-column fusion_builder_column fusion-builder-column-0 fusion_builder_column_1_6 1_6 fusion-flex-column\" style=\"--awb-bg-size:cover;--awb-width-large:16.666666666667%;--awb-margin-top-large:0px;--awb-spacing-right-large:11.52%;--awb-margin-bottom-large:20px;--awb-spacing-left-large:3.333333333333333px;--awb-width-medium:100%;--awb-spacing-right-medium:1.92%;--awb-spacing-left-medium:1.92%;--awb-width-small:100%;--awb-spacing-right-small:1.92%;--awb-spacing-left-small:1.92%;\"><div class=\"fusion-column-wrapper fusion-column-has-shadow fusion-flex-justify-content-center fusion-content-layout-column\"><\/div><\/div><div class=\"fusion-layout-column fusion_builder_column fusion-builder-column-1 fusion_builder_column_2_3 2_3 fusion-flex-column\" style=\"--awb-padding-right:5%;--awb-padding-left:5%;--awb-bg-size:cover;--awb-width-large:66.666666666667%;--awb-margin-top-large:0px;--awb-spacing-right-large:6.666666666666666px;--awb-margin-bottom-large:20px;--awb-spacing-left-large:2.88%;--awb-width-medium:100%;--awb-spacing-right-medium:1.92%;--awb-spacing-left-medium:1.92%;--awb-width-small:100%;--awb-spacing-right-small:1.92%;--awb-spacing-left-small:1.92%;\"><div class=\"fusion-column-wrapper fusion-column-has-shadow fusion-flex-justify-content-center fusion-content-layout-column\"><div class=\"fusion-title title fusion-title-1 fusion-sep-none fusion-title-center fusion-title-text fusion-title-size-two\" style=\"--awb-text-color:#8b2d19;\"><h2 class=\"fusion-title-heading title-heading-center fusion-responsive-typography-calculated\" style=\"margin:0;--fontSize:40;line-height:1.2;\">VISTO DE ESTUDO<\/h2><\/div><\/div><\/div><div class=\"fusion-layout-column fusion_builder_column fusion-builder-column-2 fusion_builder_column_1_6 1_6 fusion-flex-column\" style=\"--awb-bg-size:cover;--awb-width-large:16.666666666667%;--awb-margin-top-large:0px;--awb-spacing-right-large:11.52%;--awb-margin-bottom-large:20px;--awb-spacing-left-large:3.333333333333333px;--awb-width-medium:100%;--awb-spacing-right-medium:1.92%;--awb-spacing-left-medium:1.92%;--awb-width-small:100%;--awb-spacing-right-small:1.92%;--awb-spacing-left-small:1.92%;\"><div class=\"fusion-column-wrapper fusion-column-has-shadow fusion-flex-justify-content-center fusion-content-layout-column\"><\/div><\/div><\/div><\/div>\n<div class=\"fusion-fullwidth fullwidth-box fusion-builder-row-2 nonhundred-percent-fullwidth non-hundred-percent-height-scrolling\" style=\"--awb-border-radius-top-left:0px;--awb-border-radius-top-right:0px;--awb-border-radius-bottom-right:0px;--awb-border-radius-bottom-left:0px;--awb-margin-top:20px;--awb-flex-wrap:wrap;\" ><div class=\"fusion-builder-row fusion-row\"><div class=\"fusion-layout-column fusion_builder_column fusion-builder-column-3 fusion_builder_column_1_6 1_6 fusion-one-sixth fusion-column-first\" style=\"--awb-bg-size:cover;width:16.666666666667%;width:calc(16.666666666667% - ( ( 4% + 4% ) * 0.16666666666667 ) );margin-right: 4%;\"><div class=\"fusion-column-wrapper fusion-column-has-shadow fusion-flex-column-wrapper-legacy\"><div class=\"fusion-clearfix\"><\/div><\/div><\/div><div class=\"fusion-layout-column fusion_builder_column fusion-builder-column-4 fusion_builder_column_2_3 2_3 fusion-two-third\" style=\"--awb-bg-size:cover;width:66.666666666667%;width:calc(66.666666666667% - ( ( 4% + 4% ) * 0.66666666666667 ) );margin-right: 4%;\"><div class=\"fusion-column-wrapper fusion-column-has-shadow fusion-flex-column-wrapper-legacy\"><div class=\"fusion-text fusion-text-1\"><p style=\"text-align: center\">Para estudar em Portugal, necessita de obter um <strong>visto de resid\u00eancia para estudos<\/strong> no Consulado\/ Embaixada portuguesa mais pr\u00f3xima da sua \u00e1rea de resid\u00eancia. Para obter o visto de estudante necessita de uma carta de aceita\u00e7\u00e3o da FEUP, que apenas poder\u00e1 ser enviada ap\u00f3s a divulga\u00e7\u00e3o dos resultados do processo seletivo. Assim que tiver confirma\u00e7\u00e3o de que foi aceite para estudar na FEUP, contacte os Servi\u00e7os Acad\u00e9micos solicitando essa carta de aceita\u00e7\u00e3o.<\/p>\n<p style=\"text-align: center\">Os estudantes que entrarem na Europa por outros pa\u00edses que n\u00e3o Portugal, n\u00e3o ter\u00e3o os passaportes carimbados em Portugal, portanto, precisar\u00e3o preencher a <a href=\"https:\/\/www.sef.pt\/pt\/Documents\/Mod.%20%20Dec.%20Entrada%20-%20Corrigido%2006.08.2007.pdf\">Declara\u00e7\u00e3o de Entrada<\/a> e entreg\u00e1-la na Ag\u00eancia para a integra\u00e7\u00e3o, Migra\u00e7\u00f5es e Asilo), no <strong>prazo de 3 dias \u00fateis ap\u00f3s a chegada.<\/strong>\u00a0 Para tal, dever\u00e1 realizar um\u00a0agendamento pr\u00e9vio\u00a0<a href=\"https:\/\/aima.gov.pt\/pt\/a-aima\/servicos\/lojas-aima\" target=\"_blank\" rel=\"noopener\">numa das lojas\u00a0 da AIMA<\/a>\u00a0.<\/p>\n<p style=\"text-align: center\">Todos os portadores de Visto de Resid\u00eancia dever\u00e3o solicitar, junto da AIMA um agendamento para o pedido de concess\u00e3o de Autoriza\u00e7\u00e3o de Resid\u00eancia.<\/p>\n<p style=\"text-align: center\">Para mais informa\u00e7\u00e3o, por favor visite o <a href=\"https:\/\/aima.gov.pt\/pt\/estudar\">site da AIMA<\/a>.<\/p>\n<\/div><div class=\"fusion-sep-clear\"><\/div><div class=\"fusion-separator fusion-full-width-sep\" style=\"margin-left: auto;margin-right: auto;margin-top:20px;margin-bottom:20px;width:100%;\"><\/div><div class=\"fusion-sep-clear\"><\/div><div class=\"fusion-clearfix\"><\/div><\/div><\/div><div class=\"fusion-layout-column fusion_builder_column fusion-builder-column-5 fusion_builder_column_1_6 1_6 fusion-one-sixth fusion-column-last\" style=\"--awb-bg-size:cover;width:16.666666666667%;width:calc(16.666666666667% - ( ( 4% + 4% ) * 0.16666666666667 ) );\"><div class=\"fusion-column-wrapper fusion-column-has-shadow fusion-flex-column-wrapper-legacy\"><div class=\"fusion-clearfix\"><\/div><\/div><\/div><\/div><\/div><div id=\"sobre-curso\" class=\"fusion-container-anchor\"><div class=\"fusion-fullwidth fullwidth-box fusion-builder-row-3 fusion-parallax-none nonhundred-percent-fullwidth non-hundred-percent-height-scrolling lazyload\" style=\"--awb-background-position:right bottom;--awb-border-radius-top-left:0px;--awb-border-radius-top-right:0px;--awb-border-radius-bottom-right:0px;--awb-border-radius-bottom-left:0px;--awb-margin-top:40px;--awb-margin-bottom:0px;--awb-background-size:cover;--awb-flex-wrap:wrap;\" data-bg=\"https:\/\/fe.up.pt\/estudar\/wp-content\/uploads\/2020\/07\/area_inclinada_cinzenta_topo.png\" ><div class=\"fusion-builder-row fusion-row\"><div class=\"fusion-layout-column fusion_builder_column fusion-builder-column-6 fusion_builder_column_1_1 1_1 fusion-one-full fusion-column-first fusion-column-last\" style=\"--awb-bg-size:cover;--awb-margin-bottom:0px;\"><div class=\"fusion-column-wrapper fusion-column-has-shadow fusion-flex-column-wrapper-legacy\"><div class=\"fusion-sep-clear\"><\/div><div class=\"fusion-separator fusion-full-width-sep\" style=\"margin-left: auto;margin-right: auto;margin-top:46px;margin-bottom:46px;width:100%;\"><\/div><div class=\"fusion-sep-clear\"><\/div><div class=\"fusion-clearfix\"><\/div><\/div><\/div><\/div><\/div><\/div><div class=\"fusion-fullwidth fullwidth-box fusion-builder-row-4 nonhundred-percent-fullwidth non-hundred-percent-height-scrolling\" style=\"--awb-border-radius-top-left:0px;--awb-border-radius-top-right:0px;--awb-border-radius-bottom-right:0px;--awb-border-radius-bottom-left:0px;--awb-background-color:#eaeaea;--awb-flex-wrap:wrap;\" ><div class=\"fusion-builder-row fusion-row\"><div class=\"fusion-layout-column fusion_builder_column fusion-builder-column-7 fusion_builder_column_1_4 1_4 fusion-one-fourth fusion-column-first\" style=\"--awb-bg-size:cover;width:25%;width:calc(25% - ( ( 4% + 4% ) * 0.25 ) );margin-right: 4%;\"><div class=\"fusion-column-wrapper fusion-column-has-shadow fusion-flex-column-wrapper-legacy\"><div class=\"fusion-clearfix\"><\/div><\/div><\/div><div class=\"fusion-layout-column fusion_builder_column fusion-builder-column-8 fusion_builder_column_1_2 1_2 fusion-one-half\" style=\"--awb-padding-right:5%;--awb-padding-left:5%;--awb-bg-size:cover;width:50%;width:calc(50% - ( ( 4% + 4% ) * 0.5 ) );margin-right: 4%;\"><div class=\"fusion-column-wrapper fusion-column-has-shadow fusion-flex-column-wrapper-legacy\"><div class=\"fusion-sep-clear\"><\/div><div class=\"fusion-separator fusion-full-width-sep\" style=\"margin-left: auto;margin-right: auto;margin-top:20px;margin-bottom:20px;width:100%;\"><\/div><div class=\"fusion-sep-clear\"><\/div><div class=\"fusion-image-element fusion-image-align-center in-legacy-container\" style=\"text-align:center;--awb-caption-title-font-family:var(--h2_typography-font-family);--awb-caption-title-font-weight:var(--h2_typography-font-weight);--awb-caption-title-font-style:var(--h2_typography-font-style);--awb-caption-title-size:var(--h2_typography-font-size);--awb-caption-title-transform:var(--h2_typography-text-transform);--awb-caption-title-line-height:var(--h2_typography-line-height);--awb-caption-title-letter-spacing:var(--h2_typography-letter-spacing);\"><div class=\"imageframe-align-center\"><span class=\" fusion-imageframe imageframe-none imageframe-1 hover-type-none\"><img decoding=\"async\" width=\"104\" height=\"90\" title=\"saber_mais\" src=\"data:image\/svg+xml,%3Csvg%20xmlns%3D%27http%3A%2F%2Fwww.w3.org%2F2000%2Fsvg%27%20width%3D%27104%27%20height%3D%2790%27%20viewBox%3D%270%200%20104%2090%27%3E%3Crect%20width%3D%27104%27%20height%3D%2790%27%20fill-opacity%3D%220%22%2F%3E%3C%2Fsvg%3E\" data-orig-src=\"https:\/\/fe.up.pt\/estudar\/wp-content\/uploads\/2020\/07\/saber_mais.png\" alt class=\"lazyload img-responsive wp-image-3975\"\/><\/span><\/div><\/div><div class=\"fusion-title title fusion-title-2 fusion-sep-none fusion-title-center fusion-title-text fusion-title-size-three\"><h3 class=\"fusion-title-heading title-heading-center fusion-responsive-typography-calculated\" style=\"margin:0;--fontSize:32;line-height:1.3;\">SABER MAIS<\/h3><\/div><div class=\"fusion-clearfix\"><\/div><\/div><\/div><div class=\"fusion-layout-column fusion_builder_column fusion-builder-column-9 fusion_builder_column_1_4 1_4 fusion-one-fourth fusion-column-last\" style=\"--awb-bg-size:cover;width:25%;width:calc(25% - ( ( 4% + 4% ) * 0.25 ) );\"><div class=\"fusion-column-wrapper fusion-column-has-shadow fusion-flex-column-wrapper-legacy\"><div class=\"fusion-clearfix\"><\/div><\/div><\/div><div class=\"fusion-layout-column fusion_builder_column fusion-builder-column-10 fusion_builder_column_1_4 1_4 fusion-one-fourth fusion-column-first\" style=\"--awb-bg-size:cover;width:25%;width:calc(25% - ( ( 4% + 10px + 10px ) * 0.25 ) );margin-right: 4%;\"><div class=\"fusion-column-wrapper fusion-column-has-shadow fusion-flex-column-wrapper-legacy\"><div class=\"fusion-clearfix\"><\/div><\/div><\/div><div class=\"fusion-layout-column fusion_builder_column fusion-builder-column-11 fusion_builder_column_1_4 1_4 fusion-one-fourth\" style=\"--awb-bg-size:cover;width:25%;width:calc(25% - ( ( 4% + 10px + 10px ) * 0.25 ) );margin-right: 10px;\"><div class=\"fusion-column-wrapper fusion-column-has-shadow fusion-flex-column-wrapper-legacy\"><div class=\"fusion-image-element fusion-image-align-center in-legacy-container\" style=\"text-align:center;--awb-caption-title-font-family:var(--h2_typography-font-family);--awb-caption-title-font-weight:var(--h2_typography-font-weight);--awb-caption-title-font-style:var(--h2_typography-font-style);--awb-caption-title-size:var(--h2_typography-font-size);--awb-caption-title-transform:var(--h2_typography-text-transform);--awb-caption-title-line-height:var(--h2_typography-line-height);--awb-caption-title-letter-spacing:var(--h2_typography-letter-spacing);\"><div class=\"imageframe-align-center\"><span class=\" fusion-imageframe imageframe-none imageframe-2 hover-type-none image-text\"><a class=\"fusion-no-lightbox\" href=\"https:\/\/www.portaldascomunidades.mne.pt\/pt\/ \" target=\"_blank\" aria-label=\"embaixadas e consulados_quadrado\" rel=\"noopener noreferrer\"><img decoding=\"async\" width=\"294\" height=\"295\" alt=\"Embaixadas e Consulados\" src=\"https:\/\/fe.up.pt\/estudar\/wp-content\/uploads\/2020\/08\/embaixadas-e-consulados_quadrado.jpg\" data-orig-src=\"https:\/\/fe.up.pt\/estudar\/wp-content\/uploads\/2020\/08\/embaixadas-e-consulados_quadrado.jpg\" class=\"lazyload img-responsive wp-image-4042\" srcset=\"data:image\/svg+xml,%3Csvg%20xmlns%3D%27http%3A%2F%2Fwww.w3.org%2F2000%2Fsvg%27%20width%3D%27294%27%20height%3D%27295%27%20viewBox%3D%270%200%20294%20295%27%3E%3Crect%20width%3D%27294%27%20height%3D%27295%27%20fill-opacity%3D%220%22%2F%3E%3C%2Fsvg%3E\" data-srcset=\"https:\/\/fe.up.pt\/estudar\/wp-content\/uploads\/2020\/08\/embaixadas-e-consulados_quadrado-200x201.jpg 200w, https:\/\/fe.up.pt\/estudar\/wp-content\/uploads\/2020\/08\/embaixadas-e-consulados_quadrado.jpg 294w\" data-sizes=\"auto\" data-orig-sizes=\"(max-width: 800px) 100vw, 294px\" \/><\/a><\/span><\/div><\/div><div class=\"fusion-clearfix\"><\/div><\/div><\/div><div class=\"fusion-layout-column fusion_builder_column fusion-builder-column-12 fusion_builder_column_1_4 1_4 fusion-one-fourth\" style=\"--awb-bg-size:cover;width:25%;width:calc(25% - ( ( 4% + 10px + 10px ) * 0.25 ) );margin-right: 10px;\"><div class=\"fusion-column-wrapper fusion-column-has-shadow fusion-flex-column-wrapper-legacy\"><div class=\"fusion-image-element fusion-image-align-center in-legacy-container\" style=\"text-align:center;--awb-caption-title-font-family:var(--h2_typography-font-family);--awb-caption-title-font-weight:var(--h2_typography-font-weight);--awb-caption-title-font-style:var(--h2_typography-font-style);--awb-caption-title-size:var(--h2_typography-font-size);--awb-caption-title-transform:var(--h2_typography-text-transform);--awb-caption-title-line-height:var(--h2_typography-line-height);--awb-caption-title-letter-spacing:var(--h2_typography-letter-spacing);\"><div class=\"imageframe-align-center\"><span class=\" fusion-imageframe imageframe-none imageframe-3 hover-type-none image-text\"><a class=\"fusion-no-lightbox\" href=\"https:\/\/eduportugal.eu\/visto-de-estudante-consulados-portugal-brasil\/ \" target=\"_blank\" aria-label=\"visto_quadrado\" rel=\"noopener noreferrer\"><img decoding=\"async\" width=\"540\" height=\"539\" alt=\"Guias para Estudantes Brasileiros\" src=\"https:\/\/fe.up.pt\/estudar\/wp-content\/uploads\/2020\/08\/visto_quadrado.jpg\" data-orig-src=\"https:\/\/fe.up.pt\/estudar\/wp-content\/uploads\/2020\/08\/visto_quadrado.jpg\" class=\"lazyload img-responsive wp-image-4043\" srcset=\"data:image\/svg+xml,%3Csvg%20xmlns%3D%27http%3A%2F%2Fwww.w3.org%2F2000%2Fsvg%27%20width%3D%27540%27%20height%3D%27539%27%20viewBox%3D%270%200%20540%20539%27%3E%3Crect%20width%3D%27540%27%20height%3D%27539%27%20fill-opacity%3D%220%22%2F%3E%3C%2Fsvg%3E\" data-srcset=\"https:\/\/fe.up.pt\/estudar\/wp-content\/uploads\/2020\/08\/visto_quadrado-200x200.jpg 200w, https:\/\/fe.up.pt\/estudar\/wp-content\/uploads\/2020\/08\/visto_quadrado-400x399.jpg 400w, https:\/\/fe.up.pt\/estudar\/wp-content\/uploads\/2020\/08\/visto_quadrado.jpg 540w\" data-sizes=\"auto\" data-orig-sizes=\"(max-width: 800px) 100vw, 400px\" \/><\/a><\/span><\/div><\/div><div class=\"fusion-clearfix\"><\/div><\/div><\/div><div class=\"fusion-layout-column fusion_builder_column fusion-builder-column-13 fusion_builder_column_1_4 1_4 fusion-one-fourth fusion-column-last\" style=\"--awb-bg-size:cover;width:25%;width:calc(25% - ( ( 4% + 10px + 10px ) * 0.25 ) );\"><div class=\"fusion-column-wrapper fusion-column-has-shadow fusion-flex-column-wrapper-legacy\"><div class=\"fusion-clearfix\"><\/div><\/div><\/div><\/div><\/div><div id=\"sobre-curso\" class=\"fusion-container-anchor\"><div class=\"fusion-fullwidth fullwidth-box fusion-builder-row-5 fusion-parallax-none nonhundred-percent-fullwidth non-hundred-percent-height-scrolling lazyload\" style=\"--awb-background-position:right bottom;--awb-border-radius-top-left:0px;--awb-border-radius-top-right:0px;--awb-border-radius-bottom-right:0px;--awb-border-radius-bottom-left:0px;--awb-margin-top:0px;--awb-margin-bottom:40px;--awb-background-size:cover;--awb-flex-wrap:wrap;\" data-bg=\"https:\/\/fe.up.pt\/estudar\/wp-content\/uploads\/2020\/07\/area_inclinada_cinzenta_base.png\" ><div class=\"fusion-builder-row fusion-row\"><div class=\"fusion-layout-column fusion_builder_column fusion-builder-column-14 fusion_builder_column_1_1 1_1 fusion-one-full fusion-column-first fusion-column-last\" style=\"--awb-bg-size:cover;--awb-margin-bottom:0px;\"><div class=\"fusion-column-wrapper fusion-column-has-shadow fusion-flex-column-wrapper-legacy\"><div class=\"fusion-sep-clear\"><\/div><div class=\"fusion-separator fusion-full-width-sep\" style=\"margin-left: auto;margin-right: auto;margin-top:46px;margin-bottom:46px;width:100%;\"><\/div><div class=\"fusion-sep-clear\"><\/div><div class=\"fusion-clearfix\"><\/div><\/div><\/div><\/div><\/div><\/div><\/p>\n","protected":false},"excerpt":{"rendered":"","protected":false},"author":1,"featured_media":0,"parent":3280,"menu_order":0,"comment_status":"closed","ping_status":"closed","template":"100-width.php","meta":{"footnotes":""},"tags":[],"class_list":["post-64","page","type-page","status-publish","hentry"],"acf":[],"yoast_head":"<!-- This site is optimized with the Yoast SEO plugin v27.5 - https:\/\/yoast.com\/product\/yoast-seo-wordpress\/ -->\n<title>VISTO DE ESTUDO - Estudar na FEUP<\/title>\n<meta name=\"description\" content=\"Se foi selecionado para estudar na FEUP e \u00e9 natural de um pa\u00eds n\u00e3o-europeu, \u00e9 obrigat\u00f3rio que viaje para Portugal com o visto correto.\" \/>\n<meta name=\"robots\" content=\"index, follow, max-snippet:-1, max-image-preview:large, max-video-preview:-1\" \/>\n<link rel=\"canonical\" href=\"https:\/\/fe.up.pt\/estudar\/estudantes-estrangeiros\/visto-de-estudante\/\" \/>\n<meta property=\"og:locale\" content=\"pt_PT\" \/>\n<meta property=\"og:type\" content=\"article\" \/>\n<meta property=\"og:title\" content=\"Visto de Estudante\" \/>\n<meta property=\"og:description\" content=\"Visto de Estudante\" \/>\n<meta property=\"og:url\" content=\"https:\/\/fe.up.pt\/estudar\/estudantes-estrangeiros\/visto-de-estudante\/\" \/>\n<meta property=\"og:site_name\" content=\"Estudar na FEUP\" \/>\n<meta property=\"article:modified_time\" content=\"2024-11-15T15:59:23+00:00\" \/>\n<meta name=\"twitter:card\" content=\"summary_large_image\" \/>\n<meta name=\"twitter:title\" content=\"Visto de Estudante\" \/>\n<meta name=\"twitter:description\" content=\"Visto de Estudante\" \/>\n<script type=\"application\/ld+json\" class=\"yoast-schema-graph\">{\"@context\":\"https:\\\/\\\/schema.org\",\"@graph\":[{\"@type\":\"WebPage\",\"@id\":\"https:\\\/\\\/fe.up.pt\\\/estudar\\\/estudantes-estrangeiros\\\/visto-de-estudante\\\/\",\"url\":\"https:\\\/\\\/fe.up.pt\\\/estudar\\\/estudantes-estrangeiros\\\/visto-de-estudante\\\/\",\"name\":\"VISTO DE ESTUDO - Estudar na FEUP\",\"isPartOf\":{\"@id\":\"https:\\\/\\\/fe.up.pt\\\/estudar\\\/#website\"},\"datePublished\":\"2016-01-06T18:07:48+00:00\",\"dateModified\":\"2024-11-15T15:59:23+00:00\",\"description\":\"Se foi selecionado para estudar na FEUP e \u00e9 natural de um pa\u00eds n\u00e3o-europeu, \u00e9 obrigat\u00f3rio que viaje para Portugal com o visto correto.\",\"breadcrumb\":{\"@id\":\"https:\\\/\\\/fe.up.pt\\\/estudar\\\/estudantes-estrangeiros\\\/visto-de-estudante\\\/#breadcrumb\"},\"inLanguage\":\"pt-PT\",\"potentialAction\":[{\"@type\":\"ReadAction\",\"target\":[\"https:\\\/\\\/fe.up.pt\\\/estudar\\\/estudantes-estrangeiros\\\/visto-de-estudante\\\/\"]}]},{\"@type\":\"BreadcrumbList\",\"@id\":\"https:\\\/\\\/fe.up.pt\\\/estudar\\\/estudantes-estrangeiros\\\/visto-de-estudante\\\/#breadcrumb\",\"itemListElement\":[{\"@type\":\"ListItem\",\"position\":1,\"name\":\"In\u00edcio\",\"item\":\"https:\\\/\\\/fe.up.pt\\\/estudar\\\/\"},{\"@type\":\"ListItem\",\"position\":2,\"name\":\"Estudantes estrangeiros\",\"item\":\"https:\\\/\\\/fe.up.pt\\\/estudar\\\/estudantes-estrangeiros\\\/\"},{\"@type\":\"ListItem\",\"position\":3,\"name\":\"VISTO DE ESTUDO\"}]},{\"@type\":\"WebSite\",\"@id\":\"https:\\\/\\\/fe.up.pt\\\/estudar\\\/#website\",\"url\":\"https:\\\/\\\/fe.up.pt\\\/estudar\\\/\",\"name\":\"Estudar na FEUP\",\"description\":\"Faculdade de Engenharia da Universidade do Porto\",\"publisher\":{\"@id\":\"https:\\\/\\\/fe.up.pt\\\/estudar\\\/#organization\"},\"potentialAction\":[{\"@type\":\"SearchAction\",\"target\":{\"@type\":\"EntryPoint\",\"urlTemplate\":\"https:\\\/\\\/fe.up.pt\\\/estudar\\\/?s={search_term_string}\"},\"query-input\":{\"@type\":\"PropertyValueSpecification\",\"valueRequired\":true,\"valueName\":\"search_term_string\"}}],\"inLanguage\":\"pt-PT\"},{\"@type\":\"Organization\",\"@id\":\"https:\\\/\\\/fe.up.pt\\\/estudar\\\/#organization\",\"name\":\"FEUP\",\"url\":\"https:\\\/\\\/fe.up.pt\\\/estudar\\\/\",\"logo\":{\"@type\":\"ImageObject\",\"inLanguage\":\"pt-PT\",\"@id\":\"https:\\\/\\\/fe.up.pt\\\/estudar\\\/#\\\/schema\\\/logo\\\/image\\\/\",\"url\":\"https:\\\/\\\/paginas.fe.up.pt\\\/~estudar\\\/wp-content\\\/uploads\\\/2016\\\/01\\\/feup_logo.jpg\",\"contentUrl\":\"https:\\\/\\\/paginas.fe.up.pt\\\/~estudar\\\/wp-content\\\/uploads\\\/2016\\\/01\\\/feup_logo.jpg\",\"width\":247,\"height\":84,\"caption\":\"FEUP\"},\"image\":{\"@id\":\"https:\\\/\\\/fe.up.pt\\\/estudar\\\/#\\\/schema\\\/logo\\\/image\\\/\"}}]}<\/script>\n<!-- \/ Yoast SEO plugin. -->","yoast_head_json":{"title":"VISTO DE ESTUDO - Estudar na FEUP","description":"Se foi selecionado para estudar na FEUP e \u00e9 natural de um pa\u00eds n\u00e3o-europeu, \u00e9 obrigat\u00f3rio que viaje para Portugal com o visto correto.","robots":{"index":"index","follow":"follow","max-snippet":"max-snippet:-1","max-image-preview":"max-image-preview:large","max-video-preview":"max-video-preview:-1"},"canonical":"https:\/\/fe.up.pt\/estudar\/estudantes-estrangeiros\/visto-de-estudante\/","og_locale":"pt_PT","og_type":"article","og_title":"Visto de Estudante","og_description":"Visto de Estudante","og_url":"https:\/\/fe.up.pt\/estudar\/estudantes-estrangeiros\/visto-de-estudante\/","og_site_name":"Estudar na FEUP","article_modified_time":"2024-11-15T15:59:23+00:00","twitter_card":"summary_large_image","twitter_title":"Visto de Estudante","twitter_description":"Visto de Estudante","schema":{"@context":"https:\/\/schema.org","@graph":[{"@type":"WebPage","@id":"https:\/\/fe.up.pt\/estudar\/estudantes-estrangeiros\/visto-de-estudante\/","url":"https:\/\/fe.up.pt\/estudar\/estudantes-estrangeiros\/visto-de-estudante\/","name":"VISTO DE ESTUDO - Estudar na FEUP","isPartOf":{"@id":"https:\/\/fe.up.pt\/estudar\/#website"},"datePublished":"2016-01-06T18:07:48+00:00","dateModified":"2024-11-15T15:59:23+00:00","description":"Se foi selecionado para estudar na FEUP e \u00e9 natural de um pa\u00eds n\u00e3o-europeu, \u00e9 obrigat\u00f3rio que viaje para Portugal com o visto correto.","breadcrumb":{"@id":"https:\/\/fe.up.pt\/estudar\/estudantes-estrangeiros\/visto-de-estudante\/#breadcrumb"},"inLanguage":"pt-PT","potentialAction":[{"@type":"ReadAction","target":["https:\/\/fe.up.pt\/estudar\/estudantes-estrangeiros\/visto-de-estudante\/"]}]},{"@type":"BreadcrumbList","@id":"https:\/\/fe.up.pt\/estudar\/estudantes-estrangeiros\/visto-de-estudante\/#breadcrumb","itemListElement":[{"@type":"ListItem","position":1,"name":"In\u00edcio","item":"https:\/\/fe.up.pt\/estudar\/"},{"@type":"ListItem","position":2,"name":"Estudantes estrangeiros","item":"https:\/\/fe.up.pt\/estudar\/estudantes-estrangeiros\/"},{"@type":"ListItem","position":3,"name":"VISTO DE ESTUDO"}]},{"@type":"WebSite","@id":"https:\/\/fe.up.pt\/estudar\/#website","url":"https:\/\/fe.up.pt\/estudar\/","name":"Estudar na FEUP","description":"Faculdade de Engenharia da Universidade do Porto","publisher":{"@id":"https:\/\/fe.up.pt\/estudar\/#organization"},"potentialAction":[{"@type":"SearchAction","target":{"@type":"EntryPoint","urlTemplate":"https:\/\/fe.up.pt\/estudar\/?s={search_term_string}"},"query-input":{"@type":"PropertyValueSpecification","valueRequired":true,"valueName":"search_term_string"}}],"inLanguage":"pt-PT"},{"@type":"Organization","@id":"https:\/\/fe.up.pt\/estudar\/#organization","name":"FEUP","url":"https:\/\/fe.up.pt\/estudar\/","logo":{"@type":"ImageObject","inLanguage":"pt-PT","@id":"https:\/\/fe.up.pt\/estudar\/#\/schema\/logo\/image\/","url":"https:\/\/paginas.fe.up.pt\/~estudar\/wp-content\/uploads\/2016\/01\/feup_logo.jpg","contentUrl":"https:\/\/paginas.fe.up.pt\/~estudar\/wp-content\/uploads\/2016\/01\/feup_logo.jpg","width":247,"height":84,"caption":"FEUP"},"image":{"@id":"https:\/\/fe.up.pt\/estudar\/#\/schema\/logo\/image\/"}}]}},"_links":{"self":[{"href":"https:\/\/fe.up.pt\/estudar\/wp-json\/wp\/v2\/pages\/64","targetHints":{"allow":["GET"]}}],"collection":[{"href":"https:\/\/fe.up.pt\/estudar\/wp-json\/wp\/v2\/pages"}],"about":[{"href":"https:\/\/fe.up.pt\/estudar\/wp-json\/wp\/v2\/types\/page"}],"author":[{"embeddable":true,"href":"https:\/\/fe.up.pt\/estudar\/wp-json\/wp\/v2\/users\/1"}],"replies":[{"embeddable":true,"href":"https:\/\/fe.up.pt\/estudar\/wp-json\/wp\/v2\/comments?post=64"}],"version-history":[{"count":0,"href":"https:\/\/fe.up.pt\/estudar\/wp-json\/wp\/v2\/pages\/64\/revisions"}],"up":[{"embeddable":true,"href":"https:\/\/fe.up.pt\/estudar\/wp-json\/wp\/v2\/pages\/3280"}],"wp:attachment":[{"href":"https:\/\/fe.up.pt\/estudar\/wp-json\/wp\/v2\/media?parent=64"}],"wp:term":[{"taxonomy":"post_tag","embeddable":true,"href":"https:\/\/fe.up.pt\/estudar\/wp-json\/wp\/v2\/tags?post=64"}],"curies":[{"name":"wp","href":"https:\/\/api.w.org\/{rel}","templated":true}]}}