{"id":41,"date":"2016-01-06T18:05:00","date_gmt":"2016-01-06T18:05:00","guid":{"rendered":"https:\/\/paginas.fe.up.pt\/~brasil\/?page_id=41"},"modified":"2021-02-08T10:56:17","modified_gmt":"2021-02-08T10:56:17","slug":"multiculturalidade","status":"publish","type":"page","link":"https:\/\/fe.up.pt\/estudar\/vida-na-feup\/multiculturalidade\/","title":{"rendered":"MULTICULTURALIDADE"},"content":{"rendered":"<p><div class=\"fusion-fullwidth fullwidth-box fusion-builder-row-1 fusion-flex-container nonhundred-percent-fullwidth non-hundred-percent-height-scrolling\" style=\"--awb-border-radius-top-left:0px;--awb-border-radius-top-right:0px;--awb-border-radius-bottom-right:0px;--awb-border-radius-bottom-left:0px;--awb-margin-top:40px;--awb-margin-bottom:0px;--awb-flex-wrap:wrap;\" ><div class=\"fusion-builder-row fusion-row fusion-flex-align-items-flex-start fusion-flex-justify-content-center fusion-flex-content-wrap\" style=\"max-width:1248px;margin-left: calc(-4% \/ 2 );margin-right: calc(-4% \/ 2 );\"><div class=\"fusion-layout-column fusion_builder_column fusion-builder-column-0 fusion_builder_column_1_6 1_6 fusion-flex-column\" style=\"--awb-bg-size:cover;--awb-width-large:16.666666666667%;--awb-margin-top-large:0px;--awb-spacing-right-large:11.52%;--awb-margin-bottom-large:20px;--awb-spacing-left-large:3.333333333333333px;--awb-width-medium:100%;--awb-spacing-right-medium:1.92%;--awb-spacing-left-medium:1.92%;--awb-width-small:100%;--awb-spacing-right-small:1.92%;--awb-spacing-left-small:1.92%;\"><div class=\"fusion-column-wrapper fusion-column-has-shadow fusion-flex-justify-content-center fusion-content-layout-column\"><\/div><\/div><div class=\"fusion-layout-column fusion_builder_column fusion-builder-column-1 fusion_builder_column_2_3 2_3 fusion-flex-column\" style=\"--awb-padding-right:5%;--awb-padding-left:5%;--awb-bg-size:cover;--awb-width-large:66.666666666667%;--awb-margin-top-large:0px;--awb-spacing-right-large:6.666666666666666px;--awb-margin-bottom-large:20px;--awb-spacing-left-large:2.88%;--awb-width-medium:100%;--awb-spacing-right-medium:1.92%;--awb-spacing-left-medium:1.92%;--awb-width-small:100%;--awb-spacing-right-small:1.92%;--awb-spacing-left-small:1.92%;\"><div class=\"fusion-column-wrapper fusion-column-has-shadow fusion-flex-justify-content-center fusion-content-layout-column\"><div class=\"fusion-title title fusion-title-1 fusion-sep-none fusion-title-center fusion-title-text fusion-title-size-two\" style=\"--awb-text-color:#8b2d19;\"><h2 class=\"fusion-title-heading title-heading-center fusion-responsive-typography-calculated\" style=\"margin:0;--fontSize:40;line-height:1.2;\">MULTICULTURALIDADE<\/h2><\/div><\/div><\/div><div class=\"fusion-layout-column fusion_builder_column fusion-builder-column-2 fusion_builder_column_1_6 1_6 fusion-flex-column\" style=\"--awb-bg-size:cover;--awb-width-large:16.666666666667%;--awb-margin-top-large:0px;--awb-spacing-right-large:11.52%;--awb-margin-bottom-large:20px;--awb-spacing-left-large:3.333333333333333px;--awb-width-medium:100%;--awb-spacing-right-medium:1.92%;--awb-spacing-left-medium:1.92%;--awb-width-small:100%;--awb-spacing-right-small:1.92%;--awb-spacing-left-small:1.92%;\"><div class=\"fusion-column-wrapper fusion-column-has-shadow fusion-flex-justify-content-center fusion-content-layout-column\"><\/div><\/div><\/div><\/div>\n<div class=\"fusion-fullwidth fullwidth-box fusion-builder-row-2 hundred-percent-fullwidth non-hundred-percent-height-scrolling\" style=\"--awb-border-radius-top-left:0px;--awb-border-radius-top-right:0px;--awb-border-radius-bottom-right:0px;--awb-border-radius-bottom-left:0px;--awb-overflow:visible;--awb-padding-right:30px;--awb-padding-left:30px;--awb-margin-top:20px;--awb-flex-wrap:wrap;\" ><div class=\"fusion-builder-row fusion-row\"><div class=\"fusion-layout-column fusion_builder_column fusion-builder-column-3 fusion_builder_column_1_6 1_6 fusion-one-sixth fusion-column-first\" style=\"--awb-bg-size:cover;width:13.3333%; margin-right: 4%;\"><div class=\"fusion-column-wrapper fusion-flex-column-wrapper-legacy\"><div class=\"fusion-clearfix\"><\/div><\/div><\/div><div class=\"fusion-layout-column fusion_builder_column fusion-builder-column-4 fusion_builder_column_2_3 2_3 fusion-two-third\" style=\"--awb-bg-size:cover;width:65.3333%; margin-right: 4%;\"><div class=\"fusion-column-wrapper fusion-flex-column-wrapper-legacy\"><div class=\"fusion-text fusion-text-1\"><p style=\"text-align: center;\">Como resultado da reputa\u00e7\u00e3o internacional da U.Porto e da FEUP, assim como do trabalho conjunto com as melhores empresas e institui\u00e7\u00f5es de ensino superior no mundo, s\u00e3o cada vez mais os estudantes internacionais que selecionam a FEUP como institui\u00e7\u00e3o de destino. Brasil, Ir\u00e3o, Cabo Verde, Angola e \u00cdndia encontram-se no topo da lista com mais de 60 nacionalidades diferentes. Estes, aliados aos investigadores e professores estrangeiros e aos muitos participantes e oradores internacionais em confer\u00eancias e semin\u00e1rios, contribuem para o ambiente multicultural na faculdade, tornando toda a experi\u00eancia ainda mais enriquecedora.<\/p>\n<\/div><div class=\"fusion-clearfix\"><\/div><\/div><\/div><div class=\"fusion-layout-column fusion_builder_column fusion-builder-column-5 fusion_builder_column_1_6 1_6 fusion-one-sixth fusion-column-last\" style=\"--awb-bg-size:cover;width:13.3333%;\"><div class=\"fusion-column-wrapper fusion-flex-column-wrapper-legacy\"><div class=\"fusion-clearfix\"><\/div><\/div><\/div><\/div><\/div><\/p>\n","protected":false},"excerpt":{"rendered":"","protected":false},"author":1,"featured_media":0,"parent":29,"menu_order":0,"comment_status":"closed","ping_status":"closed","template":"100-width.php","meta":{"footnotes":""},"tags":[],"class_list":["post-41","page","type-page","status-publish","hentry"],"acf":[],"yoast_head":"<!-- This site is optimized with the Yoast SEO plugin v27.5 - https:\/\/yoast.com\/product\/yoast-seo-wordpress\/ -->\n<title>MULTICULTURALIDADE - Estudar na FEUP<\/title>\n<meta name=\"description\" content=\"Na FEUP encontramos estudantes oriundos de mais de 60 pa\u00edses diferentes, em especial do Brasil, Ir\u00e3o, Cabo Verde, Angola e \u00cdndia.\" \/>\n<meta name=\"robots\" content=\"index, follow, max-snippet:-1, max-image-preview:large, max-video-preview:-1\" \/>\n<link rel=\"canonical\" href=\"https:\/\/fe.up.pt\/estudar\/vida-na-feup\/multiculturalidade\/\" \/>\n<meta property=\"og:locale\" content=\"pt_PT\" \/>\n<meta property=\"og:type\" content=\"article\" \/>\n<meta property=\"og:title\" content=\"Multiculturalidade\" \/>\n<meta property=\"og:description\" content=\"Multiculturalidade\" \/>\n<meta property=\"og:url\" content=\"https:\/\/fe.up.pt\/estudar\/vida-na-feup\/multiculturalidade\/\" \/>\n<meta property=\"og:site_name\" content=\"Estudar na FEUP\" \/>\n<meta property=\"article:modified_time\" content=\"2021-02-08T10:56:17+00:00\" \/>\n<meta name=\"twitter:card\" content=\"summary_large_image\" \/>\n<meta name=\"twitter:title\" content=\"Multiculturalidade\" \/>\n<meta name=\"twitter:description\" content=\"Multiculturalidade\" \/>\n<script type=\"application\/ld+json\" class=\"yoast-schema-graph\">{\"@context\":\"https:\\\/\\\/schema.org\",\"@graph\":[{\"@type\":\"WebPage\",\"@id\":\"https:\\\/\\\/fe.up.pt\\\/estudar\\\/vida-na-feup\\\/multiculturalidade\\\/\",\"url\":\"https:\\\/\\\/fe.up.pt\\\/estudar\\\/vida-na-feup\\\/multiculturalidade\\\/\",\"name\":\"MULTICULTURALIDADE - Estudar na FEUP\",\"isPartOf\":{\"@id\":\"https:\\\/\\\/fe.up.pt\\\/estudar\\\/#website\"},\"datePublished\":\"2016-01-06T18:05:00+00:00\",\"dateModified\":\"2021-02-08T10:56:17+00:00\",\"description\":\"Na FEUP encontramos estudantes oriundos de mais de 60 pa\u00edses diferentes, em especial do Brasil, Ir\u00e3o, Cabo Verde, Angola e \u00cdndia.\",\"breadcrumb\":{\"@id\":\"https:\\\/\\\/fe.up.pt\\\/estudar\\\/vida-na-feup\\\/multiculturalidade\\\/#breadcrumb\"},\"inLanguage\":\"pt-PT\",\"potentialAction\":[{\"@type\":\"ReadAction\",\"target\":[\"https:\\\/\\\/fe.up.pt\\\/estudar\\\/vida-na-feup\\\/multiculturalidade\\\/\"]}]},{\"@type\":\"BreadcrumbList\",\"@id\":\"https:\\\/\\\/fe.up.pt\\\/estudar\\\/vida-na-feup\\\/multiculturalidade\\\/#breadcrumb\",\"itemListElement\":[{\"@type\":\"ListItem\",\"position\":1,\"name\":\"In\u00edcio\",\"item\":\"https:\\\/\\\/fe.up.pt\\\/estudar\\\/\"},{\"@type\":\"ListItem\",\"position\":2,\"name\":\"Vida na FEUP\",\"item\":\"https:\\\/\\\/fe.up.pt\\\/estudar\\\/vida-na-feup\\\/\"},{\"@type\":\"ListItem\",\"position\":3,\"name\":\"MULTICULTURALIDADE\"}]},{\"@type\":\"WebSite\",\"@id\":\"https:\\\/\\\/fe.up.pt\\\/estudar\\\/#website\",\"url\":\"https:\\\/\\\/fe.up.pt\\\/estudar\\\/\",\"name\":\"Estudar na FEUP\",\"description\":\"Faculdade de Engenharia da Universidade do Porto\",\"publisher\":{\"@id\":\"https:\\\/\\\/fe.up.pt\\\/estudar\\\/#organization\"},\"potentialAction\":[{\"@type\":\"SearchAction\",\"target\":{\"@type\":\"EntryPoint\",\"urlTemplate\":\"https:\\\/\\\/fe.up.pt\\\/estudar\\\/?s={search_term_string}\"},\"query-input\":{\"@type\":\"PropertyValueSpecification\",\"valueRequired\":true,\"valueName\":\"search_term_string\"}}],\"inLanguage\":\"pt-PT\"},{\"@type\":\"Organization\",\"@id\":\"https:\\\/\\\/fe.up.pt\\\/estudar\\\/#organization\",\"name\":\"FEUP\",\"url\":\"https:\\\/\\\/fe.up.pt\\\/estudar\\\/\",\"logo\":{\"@type\":\"ImageObject\",\"inLanguage\":\"pt-PT\",\"@id\":\"https:\\\/\\\/fe.up.pt\\\/estudar\\\/#\\\/schema\\\/logo\\\/image\\\/\",\"url\":\"https:\\\/\\\/paginas.fe.up.pt\\\/~estudar\\\/wp-content\\\/uploads\\\/2016\\\/01\\\/feup_logo.jpg\",\"contentUrl\":\"https:\\\/\\\/paginas.fe.up.pt\\\/~estudar\\\/wp-content\\\/uploads\\\/2016\\\/01\\\/feup_logo.jpg\",\"width\":247,\"height\":84,\"caption\":\"FEUP\"},\"image\":{\"@id\":\"https:\\\/\\\/fe.up.pt\\\/estudar\\\/#\\\/schema\\\/logo\\\/image\\\/\"}}]}<\/script>\n<!-- \/ Yoast SEO plugin. -->","yoast_head_json":{"title":"MULTICULTURALIDADE - Estudar na FEUP","description":"Na FEUP encontramos estudantes oriundos de mais de 60 pa\u00edses diferentes, em especial do Brasil, Ir\u00e3o, Cabo Verde, Angola e \u00cdndia.","robots":{"index":"index","follow":"follow","max-snippet":"max-snippet:-1","max-image-preview":"max-image-preview:large","max-video-preview":"max-video-preview:-1"},"canonical":"https:\/\/fe.up.pt\/estudar\/vida-na-feup\/multiculturalidade\/","og_locale":"pt_PT","og_type":"article","og_title":"Multiculturalidade","og_description":"Multiculturalidade","og_url":"https:\/\/fe.up.pt\/estudar\/vida-na-feup\/multiculturalidade\/","og_site_name":"Estudar na FEUP","article_modified_time":"2021-02-08T10:56:17+00:00","twitter_card":"summary_large_image","twitter_title":"Multiculturalidade","twitter_description":"Multiculturalidade","schema":{"@context":"https:\/\/schema.org","@graph":[{"@type":"WebPage","@id":"https:\/\/fe.up.pt\/estudar\/vida-na-feup\/multiculturalidade\/","url":"https:\/\/fe.up.pt\/estudar\/vida-na-feup\/multiculturalidade\/","name":"MULTICULTURALIDADE - Estudar na FEUP","isPartOf":{"@id":"https:\/\/fe.up.pt\/estudar\/#website"},"datePublished":"2016-01-06T18:05:00+00:00","dateModified":"2021-02-08T10:56:17+00:00","description":"Na FEUP encontramos estudantes oriundos de mais de 60 pa\u00edses diferentes, em especial do Brasil, Ir\u00e3o, Cabo Verde, Angola e \u00cdndia.","breadcrumb":{"@id":"https:\/\/fe.up.pt\/estudar\/vida-na-feup\/multiculturalidade\/#breadcrumb"},"inLanguage":"pt-PT","potentialAction":[{"@type":"ReadAction","target":["https:\/\/fe.up.pt\/estudar\/vida-na-feup\/multiculturalidade\/"]}]},{"@type":"BreadcrumbList","@id":"https:\/\/fe.up.pt\/estudar\/vida-na-feup\/multiculturalidade\/#breadcrumb","itemListElement":[{"@type":"ListItem","position":1,"name":"In\u00edcio","item":"https:\/\/fe.up.pt\/estudar\/"},{"@type":"ListItem","position":2,"name":"Vida na FEUP","item":"https:\/\/fe.up.pt\/estudar\/vida-na-feup\/"},{"@type":"ListItem","position":3,"name":"MULTICULTURALIDADE"}]},{"@type":"WebSite","@id":"https:\/\/fe.up.pt\/estudar\/#website","url":"https:\/\/fe.up.pt\/estudar\/","name":"Estudar na FEUP","description":"Faculdade de Engenharia da Universidade do Porto","publisher":{"@id":"https:\/\/fe.up.pt\/estudar\/#organization"},"potentialAction":[{"@type":"SearchAction","target":{"@type":"EntryPoint","urlTemplate":"https:\/\/fe.up.pt\/estudar\/?s={search_term_string}"},"query-input":{"@type":"PropertyValueSpecification","valueRequired":true,"valueName":"search_term_string"}}],"inLanguage":"pt-PT"},{"@type":"Organization","@id":"https:\/\/fe.up.pt\/estudar\/#organization","name":"FEUP","url":"https:\/\/fe.up.pt\/estudar\/","logo":{"@type":"ImageObject","inLanguage":"pt-PT","@id":"https:\/\/fe.up.pt\/estudar\/#\/schema\/logo\/image\/","url":"https:\/\/paginas.fe.up.pt\/~estudar\/wp-content\/uploads\/2016\/01\/feup_logo.jpg","contentUrl":"https:\/\/paginas.fe.up.pt\/~estudar\/wp-content\/uploads\/2016\/01\/feup_logo.jpg","width":247,"height":84,"caption":"FEUP"},"image":{"@id":"https:\/\/fe.up.pt\/estudar\/#\/schema\/logo\/image\/"}}]}},"_links":{"self":[{"href":"https:\/\/fe.up.pt\/estudar\/wp-json\/wp\/v2\/pages\/41","targetHints":{"allow":["GET"]}}],"collection":[{"href":"https:\/\/fe.up.pt\/estudar\/wp-json\/wp\/v2\/pages"}],"about":[{"href":"https:\/\/fe.up.pt\/estudar\/wp-json\/wp\/v2\/types\/page"}],"author":[{"embeddable":true,"href":"https:\/\/fe.up.pt\/estudar\/wp-json\/wp\/v2\/users\/1"}],"replies":[{"embeddable":true,"href":"https:\/\/fe.up.pt\/estudar\/wp-json\/wp\/v2\/comments?post=41"}],"version-history":[{"count":0,"href":"https:\/\/fe.up.pt\/estudar\/wp-json\/wp\/v2\/pages\/41\/revisions"}],"up":[{"embeddable":true,"href":"https:\/\/fe.up.pt\/estudar\/wp-json\/wp\/v2\/pages\/29"}],"wp:attachment":[{"href":"https:\/\/fe.up.pt\/estudar\/wp-json\/wp\/v2\/media?parent=41"}],"wp:term":[{"taxonomy":"post_tag","embeddable":true,"href":"https:\/\/fe.up.pt\/estudar\/wp-json\/wp\/v2\/tags?post=41"}],"curies":[{"name":"wp","href":"https:\/\/api.w.org\/{rel}","templated":true}]}}