{"id":6,"date":"2016-01-06T17:58:15","date_gmt":"2016-01-06T17:58:15","guid":{"rendered":"https:\/\/paginas.fe.up.pt\/~brasil\/?page_id=6"},"modified":"2025-02-19T15:42:47","modified_gmt":"2025-02-19T15:42:47","slug":"semana-profissao-engenheiro","status":"publish","type":"page","link":"https:\/\/fe.up.pt\/escolas\/","title":{"rendered":"SPE &#8211; FEUP"},"content":{"rendered":"<div class=\"fusion-fullwidth fullwidth-box fusion-builder-row-1 hundred-percent-fullwidth non-hundred-percent-height-scrolling\" style=\"--awb-border-radius-top-left:0px;--awb-border-radius-top-right:0px;--awb-border-radius-bottom-right:0px;--awb-border-radius-bottom-left:0px;--awb-overflow:visible;--awb-padding-right:30px;--awb-padding-left:30px;--awb-flex-wrap:wrap;\" ><div class=\"fusion-builder-row fusion-row\"><div class=\"fusion-layout-column fusion_builder_column fusion-builder-column-0 fusion_builder_column_1_6 1_6 fusion-one-sixth fusion-column-first\" style=\"--awb-bg-size:cover;width:13.3333%; margin-right: 4%;\"><div class=\"fusion-column-wrapper fusion-flex-column-wrapper-legacy\"><div class=\"fusion-clearfix\"><\/div><\/div><\/div><div class=\"fusion-layout-column fusion_builder_column fusion-builder-column-1 fusion_builder_column_2_3 2_3 fusion-two-third\" style=\"--awb-bg-size:cover;width:65.3333%; margin-right: 4%;\"><div class=\"fusion-column-wrapper fusion-flex-column-wrapper-legacy\"><div class=\"fusion-text fusion-text-1\"><div class=\"fusion-title title fusion-title-1 fusion-sep-none fusion-title-text fusion-title-size-one\"><h1 class=\"fusion-title-heading title-heading-left fusion-responsive-typography-calculated\" style=\"margin:0;--fontSize:38;line-height:1.41;\"><\/h1><\/div>\n<p>S\u00e3o in\u00fameros os alunos de Ensino Secund\u00e1rio que apresentam d\u00favidas relativamente ao percurso acad\u00e9mico que querem seguir ou que Engenharia escolher. A Faculdade de Engenharia da U.Porto pretende ser um apoio esclarecedor na tomada de decis\u00e3o de entrada no ensino superior, ajudando a escolher op\u00e7\u00f5es ponderadas e determinantes para um futuro de sucesso.<\/p>\n<p>Nesse sentido, o projeto FEUP Escolas oferece um conjunto de iniciativas que apoiam o esclarecimento vocacional e o desenvolvimento acad\u00e9mico e pessoal, al\u00e9m de abrirem as portas ao que \u00e9 mundo da Faculdade de Engenharia da U.Porto. Entre essas a\u00e7\u00f5es, destacam-se:<\/p>\n<ul>\n<li style=\"list-style-type: none;\">\n<ul>\n<li><strong>Visitas \u00e0 Faculdade<\/strong> com um programa delineado consoante os interesses dos visitantes;<\/li>\n<li><strong>Sess\u00f5es de esclarecimento de d\u00favidas<\/strong>, na FEUP e nas escolas, onde os alunos t\u00eam a oportunidade de interagir com professores e estudantes universit\u00e1rios;<\/li>\n<li><strong>Semana Profiss\u00e3o: Engenharia<\/strong>, a semana aberta da FEUP, dirigida a alunos do Ensino Secund\u00e1rio, Professores, Psic\u00f3logos e Encarregados de Educa\u00e7\u00e3o;<\/li>\n<li><strong>Programa CAMPUS FEUP<\/strong>, que tem como objetivo potenciar o desenvolvimento de talento junto das escolas que mais impacto geram na FEUP;<\/li>\n<li><strong>MatCamp@FEUP<\/strong>, um bootcamp sobre a aplica\u00e7\u00e3o da Matem\u00e1tica \u00e0 Engenharia, dirigido a alunos de 11\u00ba e 12\u00ba anos;<\/li>\n<li>Parcerias para o desenvolvimento de<strong> projetos escolares<\/strong>;<\/li>\n<li>Presen\u00e7a da FEUP em <strong>Feiras e Mostras de Ensino Superior<\/strong>.<\/li>\n<\/ul>\n<\/li>\n<\/ul>\n<p>Com isto a FEUP pretende, n\u00e3o apenas refor\u00e7ar o conhecimento te\u00f3rico dos alunos do ensino secund\u00e1rio, mas tamb\u00e9m prepar\u00e1-los para desafios futuros no ensino superior, permitindo que, desde cedo, contactem com o ambiente do Ensino Superior.<\/p>\n<p>Se h\u00e1 talento para a Engenharia, e se este \u00e9 um caminho a seguir, a FEUP est\u00e1 ao dispor para auxiliar no que for necess\u00e1rio.<\/p>\n<\/div><div class=\"fusion-clearfix\"><\/div><\/div><\/div><div class=\"fusion-layout-column fusion_builder_column fusion-builder-column-2 fusion_builder_column_1_6 1_6 fusion-one-sixth fusion-column-last\" style=\"--awb-bg-size:cover;width:13.3333%;\"><div class=\"fusion-column-wrapper fusion-flex-column-wrapper-legacy\"><div class=\"fusion-clearfix\"><\/div><\/div><\/div><\/div><\/div>\n","protected":false},"excerpt":{"rendered":"","protected":false},"author":1,"featured_media":0,"parent":0,"menu_order":0,"comment_status":"closed","ping_status":"closed","template":"100-width.php","meta":{"_acf_changed":false,"footnotes":""},"class_list":["post-6","page","type-page","status-publish","hentry"],"acf":[],"yoast_head":"<!-- This site is optimized with the Yoast SEO plugin v27.5 - https:\/\/yoast.com\/product\/yoast-seo-wordpress\/ -->\n<title>FEUP Escolas<\/title>\n<meta name=\"description\" content=\"Se tens talento para a Engenharia, sabes que \u00e9 este o mundo que gostavas de seguir mas continuas com algumas d\u00favidas, entra em contacto connosco. Ficamos \u00e0 tua espera!\" \/>\n<meta name=\"robots\" content=\"index, follow, max-snippet:-1, max-image-preview:large, max-video-preview:-1\" \/>\n<link rel=\"canonical\" href=\"https:\/\/fe.up.pt\/escolas\/\" \/>\n<meta property=\"og:locale\" content=\"pt_PT\" \/>\n<meta property=\"og:type\" content=\"article\" \/>\n<meta property=\"og:title\" content=\"FEUP Escolas\" \/>\n<meta property=\"og:description\" content=\"Se tens talento para a Engenharia, sabes que \u00e9 este o mundo que gostavas de seguir mas continuas com algumas d\u00favidas, entra em contacto connosco. Ficamos \u00e0 tua espera!\" \/>\n<meta property=\"og:url\" content=\"https:\/\/fe.up.pt\/escolas\/\" \/>\n<meta property=\"og:site_name\" content=\"FEUP Escolas\" \/>\n<meta property=\"article:publisher\" content=\"https:\/\/www.facebook.com\/ProfissaoEngenheiro\/\" \/>\n<meta property=\"article:modified_time\" content=\"2025-02-19T15:42:47+00:00\" \/>\n<meta name=\"twitter:card\" content=\"summary_large_image\" \/>\n<meta name=\"twitter:title\" content=\"FEUP Escolas\" \/>\n<meta name=\"twitter:description\" content=\"Se tens talento para a Engenharia, sabes que \u00e9 este o mundo que gostavas de seguir mas continuas com algumas d\u00favidas, entra em contacto connosco. Ficamos \u00e0 tua espera!\" \/>\n<meta name=\"twitter:label1\" content=\"Tempo estimado de leitura\" \/>\n\t<meta name=\"twitter:data1\" content=\"2 minutos\" \/>\n<script type=\"application\/ld+json\" class=\"yoast-schema-graph\">{\"@context\":\"https:\\\/\\\/schema.org\",\"@graph\":[{\"@type\":\"WebPage\",\"@id\":\"https:\\\/\\\/fe.up.pt\\\/escolas\\\/\",\"url\":\"https:\\\/\\\/fe.up.pt\\\/escolas\\\/\",\"name\":\"FEUP Escolas\",\"isPartOf\":{\"@id\":\"https:\\\/\\\/fe.up.pt\\\/escolas\\\/#website\"},\"datePublished\":\"2016-01-06T17:58:15+00:00\",\"dateModified\":\"2025-02-19T15:42:47+00:00\",\"description\":\"Se tens talento para a Engenharia, sabes que \u00e9 este o mundo que gostavas de seguir mas continuas com algumas d\u00favidas, entra em contacto connosco. Ficamos \u00e0 tua espera!\",\"breadcrumb\":{\"@id\":\"https:\\\/\\\/fe.up.pt\\\/escolas\\\/#breadcrumb\"},\"inLanguage\":\"pt-PT\",\"potentialAction\":[{\"@type\":\"ReadAction\",\"target\":[\"https:\\\/\\\/fe.up.pt\\\/escolas\\\/\"]}]},{\"@type\":\"BreadcrumbList\",\"@id\":\"https:\\\/\\\/fe.up.pt\\\/escolas\\\/#breadcrumb\",\"itemListElement\":[{\"@type\":\"ListItem\",\"position\":1,\"name\":\"Home\",\"item\":\"https:\\\/\\\/fe.up.pt\\\/escolas\\\/\"},{\"@type\":\"ListItem\",\"position\":2,\"name\":\"SPE &#8211; FEUP\"}]},{\"@type\":\"WebSite\",\"@id\":\"https:\\\/\\\/fe.up.pt\\\/escolas\\\/#website\",\"url\":\"https:\\\/\\\/fe.up.pt\\\/escolas\\\/\",\"name\":\"Semana Profiss\u00e3o: Engenheiro\",\"description\":\"FEUP Escolas\",\"potentialAction\":[{\"@type\":\"SearchAction\",\"target\":{\"@type\":\"EntryPoint\",\"urlTemplate\":\"https:\\\/\\\/fe.up.pt\\\/escolas\\\/?s={search_term_string}\"},\"query-input\":{\"@type\":\"PropertyValueSpecification\",\"valueRequired\":true,\"valueName\":\"search_term_string\"}}],\"inLanguage\":\"pt-PT\"}]}<\/script>\n<!-- \/ Yoast SEO plugin. -->","yoast_head_json":{"title":"FEUP Escolas","description":"Se tens talento para a Engenharia, sabes que \u00e9 este o mundo que gostavas de seguir mas continuas com algumas d\u00favidas, entra em contacto connosco. Ficamos \u00e0 tua espera!","robots":{"index":"index","follow":"follow","max-snippet":"max-snippet:-1","max-image-preview":"max-image-preview:large","max-video-preview":"max-video-preview:-1"},"canonical":"https:\/\/fe.up.pt\/escolas\/","og_locale":"pt_PT","og_type":"article","og_title":"FEUP Escolas","og_description":"Se tens talento para a Engenharia, sabes que \u00e9 este o mundo que gostavas de seguir mas continuas com algumas d\u00favidas, entra em contacto connosco. Ficamos \u00e0 tua espera!","og_url":"https:\/\/fe.up.pt\/escolas\/","og_site_name":"FEUP Escolas","article_publisher":"https:\/\/www.facebook.com\/ProfissaoEngenheiro\/","article_modified_time":"2025-02-19T15:42:47+00:00","twitter_card":"summary_large_image","twitter_title":"FEUP Escolas","twitter_description":"Se tens talento para a Engenharia, sabes que \u00e9 este o mundo que gostavas de seguir mas continuas com algumas d\u00favidas, entra em contacto connosco. Ficamos \u00e0 tua espera!","twitter_misc":{"Tempo estimado de leitura":"2 minutos"},"schema":{"@context":"https:\/\/schema.org","@graph":[{"@type":"WebPage","@id":"https:\/\/fe.up.pt\/escolas\/","url":"https:\/\/fe.up.pt\/escolas\/","name":"FEUP Escolas","isPartOf":{"@id":"https:\/\/fe.up.pt\/escolas\/#website"},"datePublished":"2016-01-06T17:58:15+00:00","dateModified":"2025-02-19T15:42:47+00:00","description":"Se tens talento para a Engenharia, sabes que \u00e9 este o mundo que gostavas de seguir mas continuas com algumas d\u00favidas, entra em contacto connosco. Ficamos \u00e0 tua espera!","breadcrumb":{"@id":"https:\/\/fe.up.pt\/escolas\/#breadcrumb"},"inLanguage":"pt-PT","potentialAction":[{"@type":"ReadAction","target":["https:\/\/fe.up.pt\/escolas\/"]}]},{"@type":"BreadcrumbList","@id":"https:\/\/fe.up.pt\/escolas\/#breadcrumb","itemListElement":[{"@type":"ListItem","position":1,"name":"Home","item":"https:\/\/fe.up.pt\/escolas\/"},{"@type":"ListItem","position":2,"name":"SPE &#8211; FEUP"}]},{"@type":"WebSite","@id":"https:\/\/fe.up.pt\/escolas\/#website","url":"https:\/\/fe.up.pt\/escolas\/","name":"Semana Profiss\u00e3o: Engenheiro","description":"FEUP Escolas","potentialAction":[{"@type":"SearchAction","target":{"@type":"EntryPoint","urlTemplate":"https:\/\/fe.up.pt\/escolas\/?s={search_term_string}"},"query-input":{"@type":"PropertyValueSpecification","valueRequired":true,"valueName":"search_term_string"}}],"inLanguage":"pt-PT"}]}},"_links":{"self":[{"href":"https:\/\/fe.up.pt\/escolas\/wp-json\/wp\/v2\/pages\/6","targetHints":{"allow":["GET"]}}],"collection":[{"href":"https:\/\/fe.up.pt\/escolas\/wp-json\/wp\/v2\/pages"}],"about":[{"href":"https:\/\/fe.up.pt\/escolas\/wp-json\/wp\/v2\/types\/page"}],"author":[{"embeddable":true,"href":"https:\/\/fe.up.pt\/escolas\/wp-json\/wp\/v2\/users\/1"}],"replies":[{"embeddable":true,"href":"https:\/\/fe.up.pt\/escolas\/wp-json\/wp\/v2\/comments?post=6"}],"version-history":[{"count":41,"href":"https:\/\/fe.up.pt\/escolas\/wp-json\/wp\/v2\/pages\/6\/revisions"}],"predecessor-version":[{"id":2873,"href":"https:\/\/fe.up.pt\/escolas\/wp-json\/wp\/v2\/pages\/6\/revisions\/2873"}],"wp:attachment":[{"href":"https:\/\/fe.up.pt\/escolas\/wp-json\/wp\/v2\/media?parent=6"}],"curies":[{"name":"wp","href":"https:\/\/api.w.org\/{rel}","templated":true}]}}