{"id":5538,"date":"2026-01-30T12:25:56","date_gmt":"2026-01-30T12:25:56","guid":{"rendered":"https:\/\/fe.up.pt\/escolas\/?page_id=5538"},"modified":"2026-02-27T13:51:22","modified_gmt":"2026-02-27T13:51:22","slug":"programa-spe","status":"publish","type":"page","link":"https:\/\/fe.up.pt\/escolas\/programa-spe\/","title":{"rendered":"Programa Semana Profiss\u00e3o Engenharia"},"content":{"rendered":"<div class=\"fusion-fullwidth fullwidth-box fusion-builder-row-1 nonhundred-percent-fullwidth non-hundred-percent-height-scrolling\" style=\"--awb-background-position:left top;--awb-border-sizes-top:0px;--awb-border-sizes-bottom:0px;--awb-border-sizes-left:0px;--awb-border-sizes-right:0px;--awb-border-radius-top-left:0px;--awb-border-radius-top-right:0px;--awb-border-radius-bottom-right:0px;--awb-border-radius-bottom-left:0px;--awb-padding-top:20px;--awb-padding-bottom:20px;--awb-flex-wrap:wrap;\" ><div class=\"fusion-builder-row fusion-row\"><div class=\"fusion-layout-column fusion_builder_column fusion-builder-column-0 fusion_builder_column_1_1 1_1 fusion-one-full fusion-column-first fusion-column-last\" style=\"--awb-bg-size:cover;\"><div class=\"fusion-column-wrapper fusion-flex-column-wrapper-legacy\"><div class=\"fusion-image-element in-legacy-container\" style=\"--awb-margin-bottom:4%;--awb-caption-title-font-family:var(--h2_typography-font-family);--awb-caption-title-font-weight:var(--h2_typography-font-weight);--awb-caption-title-font-style:var(--h2_typography-font-style);--awb-caption-title-size:var(--h2_typography-font-size);--awb-caption-title-transform:var(--h2_typography-text-transform);--awb-caption-title-line-height:var(--h2_typography-line-height);--awb-caption-title-letter-spacing:var(--h2_typography-letter-spacing);\"><span class=\" fusion-imageframe imageframe-none imageframe-1 hover-type-none\"><img decoding=\"async\" width=\"4400\" height=\"1242\" title=\"SPE\" src=\"https:\/\/fe.up.pt\/escolas\/wp-content\/uploads\/2025\/04\/SPE.png\" alt class=\"img-responsive wp-image-5306\" srcset=\"https:\/\/fe.up.pt\/escolas\/wp-content\/uploads\/2025\/04\/SPE-200x56.png 200w, https:\/\/fe.up.pt\/escolas\/wp-content\/uploads\/2025\/04\/SPE-400x113.png 400w, https:\/\/fe.up.pt\/escolas\/wp-content\/uploads\/2025\/04\/SPE-600x169.png 600w, https:\/\/fe.up.pt\/escolas\/wp-content\/uploads\/2025\/04\/SPE-800x226.png 800w, https:\/\/fe.up.pt\/escolas\/wp-content\/uploads\/2025\/04\/SPE-1200x339.png 1200w, https:\/\/fe.up.pt\/escolas\/wp-content\/uploads\/2025\/04\/SPE.png 4400w\" sizes=\"(max-width: 800px) 100vw, 1200px\" \/><\/span><\/div><div class=\"fusion-sep-clear\"><\/div><div class=\"fusion-separator fusion-full-width-sep\" style=\"margin-left: auto;margin-right: auto;width:100%;\"><\/div><div class=\"fusion-sep-clear\"><\/div><div class=\"fusion-text fusion-text-1\" style=\"--awb-margin-top:4px %;\"><h2><\/h2>\n<h2><strong>Programa Semana Profiss\u00e3o: Engenharia<\/strong><\/h2>\n<p>O programa \u00e9 composto por <strong>24 percursos<\/strong> que envolvem as diferentes \u00e1reas da Engenharia que est\u00e3o presentes na FEUP.<\/p>\n<p>Quem escolher um dos percursos <strong>&#8220;Salvo o Planeta&#8221; (P1 e P2)<\/strong> poder\u00e1 passar por atividades que envolvem Engenharia Qu\u00edmica e Engenharia do Ambiente, maioritariamente, mas tamb\u00e9m Engenharia Mec\u00e2nica, Engenharia Civil, Engenharia de Materiais e Engenharia Eletrot\u00e9cnica e de Computadores.<\/p>\n<p>Os percursos <strong>&#8220;Desenho um novo Homem&#8221; (P3, P4 e P5)<\/strong> re\u00fanem atividades de Bioengenharia, Engenharia de Materiais e Engenharia Qu\u00edmica.<\/p>\n<p>Quem quer saber mais acerca de Engenharia Inform\u00e1tica e Computa\u00e7\u00e3o e Engenharia Eletrot\u00e9cnica e de Computadores os percursos <strong>&#8220;Crio a Sociedade do Futuro&#8221; (P6 e P7)<\/strong> s\u00e3o a escolha ideal.<\/p>\n<p><strong>&#8220;Torno as Empresas mais Competitivas&#8221; (P8 e P9)<\/strong> junta no mesmo percurso Engenharia e Gest\u00e3o Industrial e Engenharia Mec\u00e2nica.<\/p>\n<p><strong>&#8220;Construo um mundo Novo&#8221; (P10, P11, P12) <\/strong>\u00e9 a escolha perfeita para quem ainda n\u00e3o sabe qual a Engenharia de elei\u00e7\u00e3o. Num mesmo percurso reunimos Engenharia Civil e Engenharia de Materiais, maioritariamente, mas tamb\u00e9m Engenharia Eletrot\u00e9cnica e de Computadores, Engenharia Mec\u00e2nica, Engenharia de Minas e Geo-Ambiente e Engenharia F\u00edsica.<\/p>\n<p>Se j\u00e1 sabes aquilo que gostavas de seguir e apenas queres confirmar a tua escolha, os percursos monotem\u00e1ticos s\u00e3o a solu\u00e7\u00e3o perfeita: <strong>Engenharia Inform\u00e1tica (P13 e P14), Engenharia Eletrot\u00e9cnica (P15), Engenharia Civil (P16), Engenharia Qu\u00edmica (P17 e P18), Engenharia Mec\u00e2nica (P19, P20 e P21), Engenharia de Materiais (P22), Engenharia do Ambiente (P23) e Engenharia Aeroespacial (P24).<\/strong><\/p>\n<\/div><div class=\"fusion-title title fusion-title-1 fusion-sep-none fusion-title-text fusion-title-size-one\"><h1 class=\"fusion-title-heading title-heading-left fusion-responsive-typography-calculated\" style=\"margin:0;--fontSize:38;line-height:1.41;\"><\/h1><\/div><div class=\"fusion-text fusion-text-2\"><p style=\"text-align: left;\">Consulte as atividades previstas para cada um dos percursos da <strong>Semana Profiss\u00e3o: Engenharia 2026<\/strong><\/p>\n<\/div><iframe style=\"background: rgba(255,255,255,1); border: none; width: 100%; height: 13800px;\" src=\"https:\/\/pengenheiro.fe.up.pt\/#\/programa\" frameborder=\"0\" scrolling=\"no\"><\/iframe><div class=\"fusion-clearfix\"><\/div><\/div><\/div><\/div><\/div>\n","protected":false},"excerpt":{"rendered":"","protected":false},"author":4,"featured_media":0,"parent":0,"menu_order":0,"comment_status":"closed","ping_status":"closed","template":"","meta":{"_acf_changed":false,"footnotes":""},"class_list":["post-5538","page","type-page","status-publish","hentry"],"acf":[],"yoast_head":"<!-- This site is optimized with the Yoast SEO plugin v27.5 - https:\/\/yoast.com\/product\/yoast-seo-wordpress\/ -->\n<title>Programa Semana Profiss\u00e3o Engenharia<\/title>\n<meta name=\"description\" content=\"Semana Aberta da FEUP - 3 dias recheados de atividades para os alunos de Ensino Secund\u00e1rio\" \/>\n<meta name=\"robots\" content=\"index, follow, max-snippet:-1, max-image-preview:large, max-video-preview:-1\" \/>\n<link rel=\"canonical\" href=\"https:\/\/fe.up.pt\/escolas\/programa-spe\/\" \/>\n<meta property=\"og:locale\" content=\"pt_PT\" \/>\n<meta property=\"og:type\" content=\"article\" \/>\n<meta property=\"og:title\" content=\"Programa Semana Profiss\u00e3o Engenharia\" \/>\n<meta property=\"og:description\" content=\"Semana Aberta da FEUP - 3 dias recheados de atividades para os alunos de Ensino Secund\u00e1rio\" \/>\n<meta property=\"og:url\" content=\"https:\/\/fe.up.pt\/escolas\/programa-spe\/\" \/>\n<meta property=\"og:site_name\" content=\"FEUP Escolas\" \/>\n<meta property=\"article:publisher\" content=\"https:\/\/www.facebook.com\/ProfissaoEngenheiro\/\" \/>\n<meta property=\"article:modified_time\" content=\"2026-02-27T13:51:22+00:00\" \/>\n<meta name=\"twitter:card\" content=\"summary_large_image\" \/>\n<meta name=\"twitter:label1\" content=\"Tempo estimado de leitura\" \/>\n\t<meta name=\"twitter:data1\" content=\"2 minutos\" \/>\n<script type=\"application\/ld+json\" class=\"yoast-schema-graph\">{\"@context\":\"https:\\\/\\\/schema.org\",\"@graph\":[{\"@type\":\"WebPage\",\"@id\":\"https:\\\/\\\/fe.up.pt\\\/escolas\\\/programa-spe\\\/\",\"url\":\"https:\\\/\\\/fe.up.pt\\\/escolas\\\/programa-spe\\\/\",\"name\":\"Programa Semana Profiss\u00e3o Engenharia\",\"isPartOf\":{\"@id\":\"https:\\\/\\\/fe.up.pt\\\/escolas\\\/#website\"},\"datePublished\":\"2026-01-30T12:25:56+00:00\",\"dateModified\":\"2026-02-27T13:51:22+00:00\",\"description\":\"Semana Aberta da FEUP - 3 dias recheados de atividades para os alunos de Ensino Secund\u00e1rio\",\"breadcrumb\":{\"@id\":\"https:\\\/\\\/fe.up.pt\\\/escolas\\\/programa-spe\\\/#breadcrumb\"},\"inLanguage\":\"pt-PT\",\"potentialAction\":[{\"@type\":\"ReadAction\",\"target\":[\"https:\\\/\\\/fe.up.pt\\\/escolas\\\/programa-spe\\\/\"]}]},{\"@type\":\"BreadcrumbList\",\"@id\":\"https:\\\/\\\/fe.up.pt\\\/escolas\\\/programa-spe\\\/#breadcrumb\",\"itemListElement\":[{\"@type\":\"ListItem\",\"position\":1,\"name\":\"Home\",\"item\":\"https:\\\/\\\/fe.up.pt\\\/escolas\\\/\"},{\"@type\":\"ListItem\",\"position\":2,\"name\":\"Programa Semana Profiss\u00e3o Engenharia\"}]},{\"@type\":\"WebSite\",\"@id\":\"https:\\\/\\\/fe.up.pt\\\/escolas\\\/#website\",\"url\":\"https:\\\/\\\/fe.up.pt\\\/escolas\\\/\",\"name\":\"Semana Profiss\u00e3o: Engenheiro\",\"description\":\"FEUP Escolas\",\"potentialAction\":[{\"@type\":\"SearchAction\",\"target\":{\"@type\":\"EntryPoint\",\"urlTemplate\":\"https:\\\/\\\/fe.up.pt\\\/escolas\\\/?s={search_term_string}\"},\"query-input\":{\"@type\":\"PropertyValueSpecification\",\"valueRequired\":true,\"valueName\":\"search_term_string\"}}],\"inLanguage\":\"pt-PT\"}]}<\/script>\n<!-- \/ Yoast SEO plugin. -->","yoast_head_json":{"title":"Programa Semana Profiss\u00e3o Engenharia","description":"Semana Aberta da FEUP - 3 dias recheados de atividades para os alunos de Ensino Secund\u00e1rio","robots":{"index":"index","follow":"follow","max-snippet":"max-snippet:-1","max-image-preview":"max-image-preview:large","max-video-preview":"max-video-preview:-1"},"canonical":"https:\/\/fe.up.pt\/escolas\/programa-spe\/","og_locale":"pt_PT","og_type":"article","og_title":"Programa Semana Profiss\u00e3o Engenharia","og_description":"Semana Aberta da FEUP - 3 dias recheados de atividades para os alunos de Ensino Secund\u00e1rio","og_url":"https:\/\/fe.up.pt\/escolas\/programa-spe\/","og_site_name":"FEUP Escolas","article_publisher":"https:\/\/www.facebook.com\/ProfissaoEngenheiro\/","article_modified_time":"2026-02-27T13:51:22+00:00","twitter_card":"summary_large_image","twitter_misc":{"Tempo estimado de leitura":"2 minutos"},"schema":{"@context":"https:\/\/schema.org","@graph":[{"@type":"WebPage","@id":"https:\/\/fe.up.pt\/escolas\/programa-spe\/","url":"https:\/\/fe.up.pt\/escolas\/programa-spe\/","name":"Programa Semana Profiss\u00e3o Engenharia","isPartOf":{"@id":"https:\/\/fe.up.pt\/escolas\/#website"},"datePublished":"2026-01-30T12:25:56+00:00","dateModified":"2026-02-27T13:51:22+00:00","description":"Semana Aberta da FEUP - 3 dias recheados de atividades para os alunos de Ensino Secund\u00e1rio","breadcrumb":{"@id":"https:\/\/fe.up.pt\/escolas\/programa-spe\/#breadcrumb"},"inLanguage":"pt-PT","potentialAction":[{"@type":"ReadAction","target":["https:\/\/fe.up.pt\/escolas\/programa-spe\/"]}]},{"@type":"BreadcrumbList","@id":"https:\/\/fe.up.pt\/escolas\/programa-spe\/#breadcrumb","itemListElement":[{"@type":"ListItem","position":1,"name":"Home","item":"https:\/\/fe.up.pt\/escolas\/"},{"@type":"ListItem","position":2,"name":"Programa Semana Profiss\u00e3o Engenharia"}]},{"@type":"WebSite","@id":"https:\/\/fe.up.pt\/escolas\/#website","url":"https:\/\/fe.up.pt\/escolas\/","name":"Semana Profiss\u00e3o: Engenheiro","description":"FEUP Escolas","potentialAction":[{"@type":"SearchAction","target":{"@type":"EntryPoint","urlTemplate":"https:\/\/fe.up.pt\/escolas\/?s={search_term_string}"},"query-input":{"@type":"PropertyValueSpecification","valueRequired":true,"valueName":"search_term_string"}}],"inLanguage":"pt-PT"}]}},"_links":{"self":[{"href":"https:\/\/fe.up.pt\/escolas\/wp-json\/wp\/v2\/pages\/5538","targetHints":{"allow":["GET"]}}],"collection":[{"href":"https:\/\/fe.up.pt\/escolas\/wp-json\/wp\/v2\/pages"}],"about":[{"href":"https:\/\/fe.up.pt\/escolas\/wp-json\/wp\/v2\/types\/page"}],"author":[{"embeddable":true,"href":"https:\/\/fe.up.pt\/escolas\/wp-json\/wp\/v2\/users\/4"}],"replies":[{"embeddable":true,"href":"https:\/\/fe.up.pt\/escolas\/wp-json\/wp\/v2\/comments?post=5538"}],"version-history":[{"count":11,"href":"https:\/\/fe.up.pt\/escolas\/wp-json\/wp\/v2\/pages\/5538\/revisions"}],"predecessor-version":[{"id":5589,"href":"https:\/\/fe.up.pt\/escolas\/wp-json\/wp\/v2\/pages\/5538\/revisions\/5589"}],"wp:attachment":[{"href":"https:\/\/fe.up.pt\/escolas\/wp-json\/wp\/v2\/media?parent=5538"}],"curies":[{"name":"wp","href":"https:\/\/api.w.org\/{rel}","templated":true}]}}