{"id":3973,"date":"2024-02-05T11:27:58","date_gmt":"2024-02-05T11:27:58","guid":{"rendered":"https:\/\/paginas.fe.up.pt\/~escolas\/?page_id=3973"},"modified":"2024-11-26T10:32:46","modified_gmt":"2024-11-26T10:32:46","slug":"programa-matcampfeup","status":"publish","type":"page","link":"https:\/\/fe.up.pt\/escolas\/outras-iniciativas-pe\/programa-matcampfeup\/","title":{"rendered":"Programa MatCamp@FEUP 2023"},"content":{"rendered":"<p><div class=\"fusion-fullwidth fullwidth-box fusion-builder-row-1 fusion-flex-container has-pattern-background has-mask-background nonhundred-percent-fullwidth non-hundred-percent-height-scrolling\" style=\"--awb-border-radius-top-left:0px;--awb-border-radius-top-right:0px;--awb-border-radius-bottom-right:0px;--awb-border-radius-bottom-left:0px;--awb-flex-wrap:wrap;\" ><div class=\"fusion-builder-row fusion-row fusion-flex-align-items-flex-start fusion-flex-content-wrap\" style=\"max-width:1144px;margin-left: calc(-4% \/ 2 );margin-right: calc(-4% \/ 2 );\"><div class=\"fusion-layout-column fusion_builder_column fusion-builder-column-0 fusion_builder_column_1_1 1_1 fusion-flex-column\" style=\"--awb-bg-size:cover;--awb-width-large:100%;--awb-margin-top-large:0px;--awb-spacing-right-large:1.92%;--awb-margin-bottom-large:20px;--awb-spacing-left-large:1.92%;--awb-width-medium:100%;--awb-order-medium:0;--awb-spacing-right-medium:1.92%;--awb-spacing-left-medium:1.92%;--awb-width-small:100%;--awb-order-small:0;--awb-spacing-right-small:1.92%;--awb-spacing-left-small:1.92%;\"><div class=\"fusion-column-wrapper fusion-column-has-shadow fusion-flex-justify-content-flex-start fusion-content-layout-column\"><div class=\"fusion-image-element \" style=\"--awb-caption-title-font-family:var(--h2_typography-font-family);--awb-caption-title-font-weight:var(--h2_typography-font-weight);--awb-caption-title-font-style:var(--h2_typography-font-style);--awb-caption-title-size:var(--h2_typography-font-size);--awb-caption-title-transform:var(--h2_typography-text-transform);--awb-caption-title-line-height:var(--h2_typography-line-height);--awb-caption-title-letter-spacing:var(--h2_typography-letter-spacing);\"><span class=\" fusion-imageframe imageframe-none imageframe-1 hover-type-none\"><img decoding=\"async\" width=\"2200\" height=\"621\" title=\"Banner-site-SPE-e-Estudar_Mat-Camp\" src=\"https:\/\/paginas.fe.up.pt\/~escolas\/wp-content\/uploads\/2024\/02\/Banner-site-SPE-e-Estudar_Mat-Camp-1.png\" alt class=\"img-responsive wp-image-3997\" srcset=\"https:\/\/fe.up.pt\/escolas\/wp-content\/uploads\/2024\/02\/Banner-site-SPE-e-Estudar_Mat-Camp-1-200x56.png 200w, https:\/\/fe.up.pt\/escolas\/wp-content\/uploads\/2024\/02\/Banner-site-SPE-e-Estudar_Mat-Camp-1-400x113.png 400w, https:\/\/fe.up.pt\/escolas\/wp-content\/uploads\/2024\/02\/Banner-site-SPE-e-Estudar_Mat-Camp-1-600x169.png 600w, https:\/\/fe.up.pt\/escolas\/wp-content\/uploads\/2024\/02\/Banner-site-SPE-e-Estudar_Mat-Camp-1-800x226.png 800w, https:\/\/fe.up.pt\/escolas\/wp-content\/uploads\/2024\/02\/Banner-site-SPE-e-Estudar_Mat-Camp-1-1200x339.png 1200w, https:\/\/fe.up.pt\/escolas\/wp-content\/uploads\/2024\/02\/Banner-site-SPE-e-Estudar_Mat-Camp-1.png 2200w\" sizes=\"(max-width: 1024px) 100vw, (max-width: 640px) 100vw, 1200px\" \/><\/span><\/div><\/div><\/div><\/div><\/div><div class=\"fusion-fullwidth fullwidth-box fusion-builder-row-2 fusion-flex-container has-pattern-background has-mask-background nonhundred-percent-fullwidth non-hundred-percent-height-scrolling\" style=\"--awb-border-radius-top-left:0px;--awb-border-radius-top-right:0px;--awb-border-radius-bottom-right:0px;--awb-border-radius-bottom-left:0px;--awb-flex-wrap:wrap;\" ><div class=\"fusion-builder-row fusion-row fusion-flex-align-items-flex-start fusion-flex-content-wrap\" style=\"max-width:1144px;margin-left: calc(-4% \/ 2 );margin-right: calc(-4% \/ 2 );\"><div class=\"fusion-layout-column fusion_builder_column fusion-builder-column-1 fusion_builder_column_1_1 1_1 fusion-flex-column\" style=\"--awb-bg-size:cover;--awb-width-large:100%;--awb-margin-top-large:0px;--awb-spacing-right-large:1.92%;--awb-margin-bottom-large:20px;--awb-spacing-left-large:1.92%;--awb-width-medium:100%;--awb-order-medium:0;--awb-spacing-right-medium:1.92%;--awb-spacing-left-medium:1.92%;--awb-width-small:100%;--awb-order-small:0;--awb-spacing-right-small:1.92%;--awb-spacing-left-small:1.92%;\"><div class=\"fusion-column-wrapper fusion-column-has-shadow fusion-flex-justify-content-flex-start fusion-content-layout-column\"><div class=\"fusion-title title fusion-title-1 fusion-sep-none fusion-title-text fusion-title-size-one\"><h1 class=\"fusion-title-heading title-heading-left fusion-responsive-typography-calculated\" style=\"margin:0;--fontSize:38;line-height:1.41;\">Programa MatCamp@FEUP 2023<\/h1><\/div><div class=\"fusion-text fusion-text-1\"><p>O <strong>MatCamp@FEUP<\/strong> disp\u00f5e de dois programas adaptados aos anos de escolaridade dos participantes, cada um com uma componente te\u00f3rica e uma pr\u00e1tica. Inicialmente, todos os alunos ter\u00e3o a possibilidade de rever conceitos essenciais de Matem\u00e1tica, enquadrados nas Aprendizagens Essenciais da disciplina, e, em seguida, aplic\u00e1-los na resolu\u00e7\u00e3o de desafios de Engenharia. Os dois programas poder\u00e3o ser consultados em seguida.<\/p>\n<ul>\n<li><strong><a href=\"https:\/\/paginas.fe.up.pt\/~escolas\/wp-content\/uploads\/2024\/02\/Mat-Camp_print_11-ano.pdf\">Consultar Programa de 11\u00ba ano<\/a><\/strong><\/li>\n<li><strong><a href=\"https:\/\/paginas.fe.up.pt\/~escolas\/wp-content\/uploads\/2024\/02\/Mat-Camp_print_12-ano.pdf\">Consultar Programa de 12\u00ba ano<\/a><\/strong><\/li>\n<\/ul>\n<\/div><\/div><\/div><\/div><\/div><\/p>\n","protected":false},"excerpt":{"rendered":"","protected":false},"author":1,"featured_media":0,"parent":2939,"menu_order":0,"comment_status":"closed","ping_status":"closed","template":"","meta":{"_acf_changed":false,"footnotes":""},"class_list":["post-3973","page","type-page","status-publish","hentry"],"acf":[],"yoast_head":"<!-- This site is optimized with the Yoast SEO plugin v27.5 - https:\/\/yoast.com\/product\/yoast-seo-wordpress\/ -->\n<title>Programa MatCamp@FEUP 2023 - FEUP Escolas<\/title>\n<meta name=\"description\" content=\"Pr\u00e9-Candidaturas - FEUP Brasil\" \/>\n<meta name=\"robots\" content=\"index, follow, max-snippet:-1, max-image-preview:large, max-video-preview:-1\" \/>\n<link rel=\"canonical\" href=\"https:\/\/fe.up.pt\/escolas\/outras-iniciativas-pe\/programa-matcampfeup\/\" \/>\n<meta property=\"og:locale\" content=\"pt_PT\" \/>\n<meta property=\"og:type\" content=\"article\" \/>\n<meta property=\"og:title\" content=\"Programa MatCamp@FEUP 2023 - FEUP Escolas\" \/>\n<meta property=\"og:description\" content=\"Pr\u00e9-Candidaturas - FEUP Brasil\" \/>\n<meta property=\"og:url\" content=\"https:\/\/fe.up.pt\/escolas\/outras-iniciativas-pe\/programa-matcampfeup\/\" \/>\n<meta property=\"og:site_name\" content=\"FEUP Escolas\" \/>\n<meta property=\"article:publisher\" content=\"https:\/\/www.facebook.com\/ProfissaoEngenheiro\/\" \/>\n<meta property=\"article:modified_time\" content=\"2024-11-26T10:32:46+00:00\" \/>\n<meta name=\"twitter:card\" content=\"summary_large_image\" \/>\n<meta name=\"twitter:label1\" content=\"Tempo estimado de leitura\" \/>\n\t<meta name=\"twitter:data1\" content=\"1 minuto\" \/>\n<script type=\"application\/ld+json\" class=\"yoast-schema-graph\">{\"@context\":\"https:\\\/\\\/schema.org\",\"@graph\":[{\"@type\":\"WebPage\",\"@id\":\"https:\\\/\\\/fe.up.pt\\\/escolas\\\/outras-iniciativas-pe\\\/programa-matcampfeup\\\/\",\"url\":\"https:\\\/\\\/fe.up.pt\\\/escolas\\\/outras-iniciativas-pe\\\/programa-matcampfeup\\\/\",\"name\":\"Programa MatCamp@FEUP 2023 - FEUP Escolas\",\"isPartOf\":{\"@id\":\"https:\\\/\\\/fe.up.pt\\\/escolas\\\/#website\"},\"datePublished\":\"2024-02-05T11:27:58+00:00\",\"dateModified\":\"2024-11-26T10:32:46+00:00\",\"description\":\"Pr\u00e9-Candidaturas - FEUP Brasil\",\"breadcrumb\":{\"@id\":\"https:\\\/\\\/fe.up.pt\\\/escolas\\\/outras-iniciativas-pe\\\/programa-matcampfeup\\\/#breadcrumb\"},\"inLanguage\":\"pt-PT\",\"potentialAction\":[{\"@type\":\"ReadAction\",\"target\":[\"https:\\\/\\\/fe.up.pt\\\/escolas\\\/outras-iniciativas-pe\\\/programa-matcampfeup\\\/\"]}]},{\"@type\":\"BreadcrumbList\",\"@id\":\"https:\\\/\\\/fe.up.pt\\\/escolas\\\/outras-iniciativas-pe\\\/programa-matcampfeup\\\/#breadcrumb\",\"itemListElement\":[{\"@type\":\"ListItem\",\"position\":1,\"name\":\"Home\",\"item\":\"https:\\\/\\\/fe.up.pt\\\/escolas\\\/\"},{\"@type\":\"ListItem\",\"position\":2,\"name\":\"Outras Iniciativas P:E\",\"item\":\"https:\\\/\\\/fe.up.pt\\\/escolas\\\/outras-iniciativas-pe\\\/\"},{\"@type\":\"ListItem\",\"position\":3,\"name\":\"Programa MatCamp@FEUP 2023\"}]},{\"@type\":\"WebSite\",\"@id\":\"https:\\\/\\\/fe.up.pt\\\/escolas\\\/#website\",\"url\":\"https:\\\/\\\/fe.up.pt\\\/escolas\\\/\",\"name\":\"Semana Profiss\u00e3o: Engenheiro\",\"description\":\"FEUP Escolas\",\"potentialAction\":[{\"@type\":\"SearchAction\",\"target\":{\"@type\":\"EntryPoint\",\"urlTemplate\":\"https:\\\/\\\/fe.up.pt\\\/escolas\\\/?s={search_term_string}\"},\"query-input\":{\"@type\":\"PropertyValueSpecification\",\"valueRequired\":true,\"valueName\":\"search_term_string\"}}],\"inLanguage\":\"pt-PT\"}]}<\/script>\n<!-- \/ Yoast SEO plugin. -->","yoast_head_json":{"title":"Programa MatCamp@FEUP 2023 - FEUP Escolas","description":"Pr\u00e9-Candidaturas - FEUP Brasil","robots":{"index":"index","follow":"follow","max-snippet":"max-snippet:-1","max-image-preview":"max-image-preview:large","max-video-preview":"max-video-preview:-1"},"canonical":"https:\/\/fe.up.pt\/escolas\/outras-iniciativas-pe\/programa-matcampfeup\/","og_locale":"pt_PT","og_type":"article","og_title":"Programa MatCamp@FEUP 2023 - FEUP Escolas","og_description":"Pr\u00e9-Candidaturas - FEUP Brasil","og_url":"https:\/\/fe.up.pt\/escolas\/outras-iniciativas-pe\/programa-matcampfeup\/","og_site_name":"FEUP Escolas","article_publisher":"https:\/\/www.facebook.com\/ProfissaoEngenheiro\/","article_modified_time":"2024-11-26T10:32:46+00:00","twitter_card":"summary_large_image","twitter_misc":{"Tempo estimado de leitura":"1 minuto"},"schema":{"@context":"https:\/\/schema.org","@graph":[{"@type":"WebPage","@id":"https:\/\/fe.up.pt\/escolas\/outras-iniciativas-pe\/programa-matcampfeup\/","url":"https:\/\/fe.up.pt\/escolas\/outras-iniciativas-pe\/programa-matcampfeup\/","name":"Programa MatCamp@FEUP 2023 - FEUP Escolas","isPartOf":{"@id":"https:\/\/fe.up.pt\/escolas\/#website"},"datePublished":"2024-02-05T11:27:58+00:00","dateModified":"2024-11-26T10:32:46+00:00","description":"Pr\u00e9-Candidaturas - FEUP Brasil","breadcrumb":{"@id":"https:\/\/fe.up.pt\/escolas\/outras-iniciativas-pe\/programa-matcampfeup\/#breadcrumb"},"inLanguage":"pt-PT","potentialAction":[{"@type":"ReadAction","target":["https:\/\/fe.up.pt\/escolas\/outras-iniciativas-pe\/programa-matcampfeup\/"]}]},{"@type":"BreadcrumbList","@id":"https:\/\/fe.up.pt\/escolas\/outras-iniciativas-pe\/programa-matcampfeup\/#breadcrumb","itemListElement":[{"@type":"ListItem","position":1,"name":"Home","item":"https:\/\/fe.up.pt\/escolas\/"},{"@type":"ListItem","position":2,"name":"Outras Iniciativas P:E","item":"https:\/\/fe.up.pt\/escolas\/outras-iniciativas-pe\/"},{"@type":"ListItem","position":3,"name":"Programa MatCamp@FEUP 2023"}]},{"@type":"WebSite","@id":"https:\/\/fe.up.pt\/escolas\/#website","url":"https:\/\/fe.up.pt\/escolas\/","name":"Semana Profiss\u00e3o: Engenheiro","description":"FEUP Escolas","potentialAction":[{"@type":"SearchAction","target":{"@type":"EntryPoint","urlTemplate":"https:\/\/fe.up.pt\/escolas\/?s={search_term_string}"},"query-input":{"@type":"PropertyValueSpecification","valueRequired":true,"valueName":"search_term_string"}}],"inLanguage":"pt-PT"}]}},"_links":{"self":[{"href":"https:\/\/fe.up.pt\/escolas\/wp-json\/wp\/v2\/pages\/3973","targetHints":{"allow":["GET"]}}],"collection":[{"href":"https:\/\/fe.up.pt\/escolas\/wp-json\/wp\/v2\/pages"}],"about":[{"href":"https:\/\/fe.up.pt\/escolas\/wp-json\/wp\/v2\/types\/page"}],"author":[{"embeddable":true,"href":"https:\/\/fe.up.pt\/escolas\/wp-json\/wp\/v2\/users\/1"}],"replies":[{"embeddable":true,"href":"https:\/\/fe.up.pt\/escolas\/wp-json\/wp\/v2\/comments?post=3973"}],"version-history":[{"count":11,"href":"https:\/\/fe.up.pt\/escolas\/wp-json\/wp\/v2\/pages\/3973\/revisions"}],"predecessor-version":[{"id":4580,"href":"https:\/\/fe.up.pt\/escolas\/wp-json\/wp\/v2\/pages\/3973\/revisions\/4580"}],"up":[{"embeddable":true,"href":"https:\/\/fe.up.pt\/escolas\/wp-json\/wp\/v2\/pages\/2939"}],"wp:attachment":[{"href":"https:\/\/fe.up.pt\/escolas\/wp-json\/wp\/v2\/media?parent=3973"}],"curies":[{"name":"wp","href":"https:\/\/api.w.org\/{rel}","templated":true}]}}