{"id":3684,"date":"2023-02-13T15:46:21","date_gmt":"2023-02-13T15:46:21","guid":{"rendered":"https:\/\/paginas.fe.up.pt\/~escolas\/spe\/programa-semana-profissao-engenheiro-2022-copy\/"},"modified":"2023-03-06T09:44:39","modified_gmt":"2023-03-06T09:44:39","slug":"programa-semana-profissao-engenheiro-2023","status":"publish","type":"page","link":"https:\/\/fe.up.pt\/escolas\/spe\/programa-semana-profissao-engenheiro-2023\/","title":{"rendered":"Programa Semana Profiss\u00e3o: Engenheiro 2023"},"content":{"rendered":"<div class=\"fusion-fullwidth fullwidth-box fusion-builder-row-1 nonhundred-percent-fullwidth non-hundred-percent-height-scrolling\" style=\"--awb-background-position:left top;--awb-border-sizes-top:0px;--awb-border-sizes-bottom:0px;--awb-border-sizes-left:0px;--awb-border-sizes-right:0px;--awb-border-radius-top-left:0px;--awb-border-radius-top-right:0px;--awb-border-radius-bottom-right:0px;--awb-border-radius-bottom-left:0px;--awb-padding-top:20px;--awb-padding-bottom:20px;--awb-flex-wrap:wrap;\" ><div class=\"fusion-builder-row fusion-row\"><div class=\"fusion-layout-column fusion_builder_column fusion-builder-column-0 fusion_builder_column_1_1 1_1 fusion-one-full fusion-column-first fusion-column-last\" style=\"--awb-bg-size:cover;\"><div class=\"fusion-column-wrapper fusion-flex-column-wrapper-legacy\"><div class=\"fusion-title title fusion-title-1 fusion-sep-none fusion-title-text fusion-title-size-one\"><h1 class=\"fusion-title-heading title-heading-left fusion-responsive-typography-calculated\" style=\"margin:0;--fontSize:38;line-height:1.41;\"><strong>Programa Semana Profiss\u00e3o: Engenheiro 2023<\/strong><\/h1><\/div><div class=\"fusion-text fusion-text-1\"><p>Consulta aqui as atividades previstas para cada um dos percursos da <strong>Semana Profiss\u00e3o: Engenheiro 2023<\/strong>.<\/p>\n<p>Quem escolher um dos percursos <strong>&#8220;Salvo o Planeta&#8221; (P1, P2 e P3)<\/strong> poder\u00e1 passar por atividades que envolvem Engenharia Qu\u00edmica e Engenharia do Ambiente, maioritariamente, mas tamb\u00e9m Engenharia Mec\u00e2nica, Engenharia Civil, Engenharia de Materiais e Engenharia Eletrot\u00e9cnica e de Computadores.<\/p>\n<p>Os percursos <strong>&#8220;Desenho um novo Homem&#8221; (P4 e P5)<\/strong> re\u00fanem atividades de Bioengenharia, Engenharia de Materiais e Engenharia Qu\u00edmica.<\/p>\n<p>Quem quer saber mais acerca de Engenharia Inform\u00e1tica e Computa\u00e7\u00e3o e Engenharia Eletrot\u00e9cnica e de Computadores os percursos <strong>&#8220;Crio a Sociedade do Futuro&#8221; (P6, P7 e P8)<\/strong> s\u00e3o a escolha ideal.<\/p>\n<p><strong>&#8220;Torno as Empresas mais Competitivas&#8221; (P9 e P10)<\/strong> junta no mesmo percurso Engenharia e Gest\u00e3o Industrial e Engenharia Mec\u00e2nica.<\/p>\n<p><strong>&#8220;Construo um mundo Novo&#8221; (P11, P12, P13, P14 e P15) <\/strong>\u00e9 a escolha perfeita para quem ainda n\u00e3o sabe qual a Engenharia de elei\u00e7\u00e3o. Num mesmo percurso reunimos Engenharia Civil e Engenharia de Materiais, maioritariamente, mas tamb\u00e9m Engenharia Eletrot\u00e9cnica e de Computadores, Engenharia Mec\u00e2nica, Engenharia de Minas e Geo-Ambiente e Engenharia F\u00edsica.<\/p>\n<p>Se j\u00e1 sabes aquilo que gostavas de seguir e apenas queres confirmar a tua escolha, os percursos monotem\u00e1ticos s\u00e3o a solu\u00e7\u00e3o perfeita: <strong>Engenharia Inform\u00e1tica (P16 e P17), Engenharia Civil (P20), Engenharia Qu\u00edmica (P21), Engenharia Mec\u00e2nica (P22 e P23), Engenharia de Materiais (P24) e Engenharia do Ambiente (P25).<\/strong><\/p>\n<\/div><iframe style=\"background: rgba(255,255,255,1); border: none; width: 100%; height: 8800px;\" src=\"https:\/\/pengenheiro.fe.up.pt\/#\/programa\" frameborder=\"0\" scrolling=\"no\"><\/iframe><div class=\"fusion-clearfix\"><\/div><\/div><\/div><\/div><\/div>\n","protected":false},"excerpt":{"rendered":"","protected":false},"author":1,"featured_media":0,"parent":2921,"menu_order":0,"comment_status":"closed","ping_status":"closed","template":"","meta":{"_acf_changed":false,"footnotes":""},"class_list":["post-3684","page","type-page","status-publish","hentry"],"acf":[],"yoast_head":"<!-- This site is optimized with the Yoast SEO plugin v27.5 - https:\/\/yoast.com\/product\/yoast-seo-wordpress\/ -->\n<title>Programa Semana Profiss\u00e3o: Engenheiro 2023 - FEUP Escolas<\/title>\n<meta name=\"description\" content=\"Pr\u00e9-Candidaturas - FEUP Brasil\" \/>\n<meta name=\"robots\" content=\"index, follow, max-snippet:-1, max-image-preview:large, max-video-preview:-1\" \/>\n<link rel=\"canonical\" href=\"https:\/\/fe.up.pt\/escolas\/spe\/programa-semana-profissao-engenheiro-2023\/\" \/>\n<meta property=\"og:locale\" content=\"pt_PT\" \/>\n<meta property=\"og:type\" content=\"article\" \/>\n<meta property=\"og:title\" content=\"Programa Semana Profiss\u00e3o: Engenheiro 2023 - FEUP Escolas\" \/>\n<meta property=\"og:description\" content=\"Pr\u00e9-Candidaturas - FEUP Brasil\" \/>\n<meta property=\"og:url\" content=\"https:\/\/fe.up.pt\/escolas\/spe\/programa-semana-profissao-engenheiro-2023\/\" \/>\n<meta property=\"og:site_name\" content=\"FEUP Escolas\" \/>\n<meta property=\"article:publisher\" content=\"https:\/\/www.facebook.com\/ProfissaoEngenheiro\/\" \/>\n<meta property=\"article:modified_time\" content=\"2023-03-06T09:44:39+00:00\" \/>\n<meta name=\"twitter:card\" content=\"summary_large_image\" \/>\n<meta name=\"twitter:label1\" content=\"Tempo estimado de leitura\" \/>\n\t<meta name=\"twitter:data1\" content=\"2 minutos\" \/>\n<script type=\"application\/ld+json\" class=\"yoast-schema-graph\">{\"@context\":\"https:\\\/\\\/schema.org\",\"@graph\":[{\"@type\":\"WebPage\",\"@id\":\"https:\\\/\\\/fe.up.pt\\\/escolas\\\/spe\\\/programa-semana-profissao-engenheiro-2023\\\/\",\"url\":\"https:\\\/\\\/fe.up.pt\\\/escolas\\\/spe\\\/programa-semana-profissao-engenheiro-2023\\\/\",\"name\":\"Programa Semana Profiss\u00e3o: Engenheiro 2023 - FEUP Escolas\",\"isPartOf\":{\"@id\":\"https:\\\/\\\/fe.up.pt\\\/escolas\\\/#website\"},\"datePublished\":\"2023-02-13T15:46:21+00:00\",\"dateModified\":\"2023-03-06T09:44:39+00:00\",\"description\":\"Pr\u00e9-Candidaturas - FEUP Brasil\",\"breadcrumb\":{\"@id\":\"https:\\\/\\\/fe.up.pt\\\/escolas\\\/spe\\\/programa-semana-profissao-engenheiro-2023\\\/#breadcrumb\"},\"inLanguage\":\"pt-PT\",\"potentialAction\":[{\"@type\":\"ReadAction\",\"target\":[\"https:\\\/\\\/fe.up.pt\\\/escolas\\\/spe\\\/programa-semana-profissao-engenheiro-2023\\\/\"]}]},{\"@type\":\"BreadcrumbList\",\"@id\":\"https:\\\/\\\/fe.up.pt\\\/escolas\\\/spe\\\/programa-semana-profissao-engenheiro-2023\\\/#breadcrumb\",\"itemListElement\":[{\"@type\":\"ListItem\",\"position\":1,\"name\":\"Home\",\"item\":\"https:\\\/\\\/fe.up.pt\\\/escolas\\\/\"},{\"@type\":\"ListItem\",\"position\":2,\"name\":\"SPE\",\"item\":\"https:\\\/\\\/fe.up.pt\\\/escolas\\\/spe\\\/\"},{\"@type\":\"ListItem\",\"position\":3,\"name\":\"Programa Semana Profiss\u00e3o: Engenheiro 2023\"}]},{\"@type\":\"WebSite\",\"@id\":\"https:\\\/\\\/fe.up.pt\\\/escolas\\\/#website\",\"url\":\"https:\\\/\\\/fe.up.pt\\\/escolas\\\/\",\"name\":\"Semana Profiss\u00e3o: Engenheiro\",\"description\":\"FEUP Escolas\",\"potentialAction\":[{\"@type\":\"SearchAction\",\"target\":{\"@type\":\"EntryPoint\",\"urlTemplate\":\"https:\\\/\\\/fe.up.pt\\\/escolas\\\/?s={search_term_string}\"},\"query-input\":{\"@type\":\"PropertyValueSpecification\",\"valueRequired\":true,\"valueName\":\"search_term_string\"}}],\"inLanguage\":\"pt-PT\"}]}<\/script>\n<!-- \/ Yoast SEO plugin. -->","yoast_head_json":{"title":"Programa Semana Profiss\u00e3o: Engenheiro 2023 - FEUP Escolas","description":"Pr\u00e9-Candidaturas - FEUP Brasil","robots":{"index":"index","follow":"follow","max-snippet":"max-snippet:-1","max-image-preview":"max-image-preview:large","max-video-preview":"max-video-preview:-1"},"canonical":"https:\/\/fe.up.pt\/escolas\/spe\/programa-semana-profissao-engenheiro-2023\/","og_locale":"pt_PT","og_type":"article","og_title":"Programa Semana Profiss\u00e3o: Engenheiro 2023 - FEUP Escolas","og_description":"Pr\u00e9-Candidaturas - FEUP Brasil","og_url":"https:\/\/fe.up.pt\/escolas\/spe\/programa-semana-profissao-engenheiro-2023\/","og_site_name":"FEUP Escolas","article_publisher":"https:\/\/www.facebook.com\/ProfissaoEngenheiro\/","article_modified_time":"2023-03-06T09:44:39+00:00","twitter_card":"summary_large_image","twitter_misc":{"Tempo estimado de leitura":"2 minutos"},"schema":{"@context":"https:\/\/schema.org","@graph":[{"@type":"WebPage","@id":"https:\/\/fe.up.pt\/escolas\/spe\/programa-semana-profissao-engenheiro-2023\/","url":"https:\/\/fe.up.pt\/escolas\/spe\/programa-semana-profissao-engenheiro-2023\/","name":"Programa Semana Profiss\u00e3o: Engenheiro 2023 - FEUP Escolas","isPartOf":{"@id":"https:\/\/fe.up.pt\/escolas\/#website"},"datePublished":"2023-02-13T15:46:21+00:00","dateModified":"2023-03-06T09:44:39+00:00","description":"Pr\u00e9-Candidaturas - FEUP Brasil","breadcrumb":{"@id":"https:\/\/fe.up.pt\/escolas\/spe\/programa-semana-profissao-engenheiro-2023\/#breadcrumb"},"inLanguage":"pt-PT","potentialAction":[{"@type":"ReadAction","target":["https:\/\/fe.up.pt\/escolas\/spe\/programa-semana-profissao-engenheiro-2023\/"]}]},{"@type":"BreadcrumbList","@id":"https:\/\/fe.up.pt\/escolas\/spe\/programa-semana-profissao-engenheiro-2023\/#breadcrumb","itemListElement":[{"@type":"ListItem","position":1,"name":"Home","item":"https:\/\/fe.up.pt\/escolas\/"},{"@type":"ListItem","position":2,"name":"SPE","item":"https:\/\/fe.up.pt\/escolas\/spe\/"},{"@type":"ListItem","position":3,"name":"Programa Semana Profiss\u00e3o: Engenheiro 2023"}]},{"@type":"WebSite","@id":"https:\/\/fe.up.pt\/escolas\/#website","url":"https:\/\/fe.up.pt\/escolas\/","name":"Semana Profiss\u00e3o: Engenheiro","description":"FEUP Escolas","potentialAction":[{"@type":"SearchAction","target":{"@type":"EntryPoint","urlTemplate":"https:\/\/fe.up.pt\/escolas\/?s={search_term_string}"},"query-input":{"@type":"PropertyValueSpecification","valueRequired":true,"valueName":"search_term_string"}}],"inLanguage":"pt-PT"}]}},"_links":{"self":[{"href":"https:\/\/fe.up.pt\/escolas\/wp-json\/wp\/v2\/pages\/3684","targetHints":{"allow":["GET"]}}],"collection":[{"href":"https:\/\/fe.up.pt\/escolas\/wp-json\/wp\/v2\/pages"}],"about":[{"href":"https:\/\/fe.up.pt\/escolas\/wp-json\/wp\/v2\/types\/page"}],"author":[{"embeddable":true,"href":"https:\/\/fe.up.pt\/escolas\/wp-json\/wp\/v2\/users\/1"}],"replies":[{"embeddable":true,"href":"https:\/\/fe.up.pt\/escolas\/wp-json\/wp\/v2\/comments?post=3684"}],"version-history":[{"count":6,"href":"https:\/\/fe.up.pt\/escolas\/wp-json\/wp\/v2\/pages\/3684\/revisions"}],"predecessor-version":[{"id":3713,"href":"https:\/\/fe.up.pt\/escolas\/wp-json\/wp\/v2\/pages\/3684\/revisions\/3713"}],"up":[{"embeddable":true,"href":"https:\/\/fe.up.pt\/escolas\/wp-json\/wp\/v2\/pages\/2921"}],"wp:attachment":[{"href":"https:\/\/fe.up.pt\/escolas\/wp-json\/wp\/v2\/media?parent=3684"}],"curies":[{"name":"wp","href":"https:\/\/api.w.org\/{rel}","templated":true}]}}