{"id":3171,"date":"2020-02-20T15:18:01","date_gmt":"2020-02-20T15:18:01","guid":{"rendered":"https:\/\/paginas.fe.up.pt\/~escolas\/outras-iniciativas-pe\/sessao-especial-feup-um-mundo-de-oportunidades-copy\/"},"modified":"2022-04-04T12:19:50","modified_gmt":"2022-04-04T12:19:50","slug":"concurso-de-fotografia","status":"publish","type":"page","link":"https:\/\/fe.up.pt\/escolas\/outras-iniciativas-pe\/concurso-de-fotografia\/","title":{"rendered":"Concurso de Fotografia &#8220;A FEUP a teus olhos&#8230;&#8221;"},"content":{"rendered":"<div class=\"fusion-fullwidth fullwidth-box fusion-builder-row-1 nonhundred-percent-fullwidth non-hundred-percent-height-scrolling\" style=\"--awb-background-position:left top;--awb-border-sizes-top:0px;--awb-border-sizes-bottom:0px;--awb-border-sizes-left:0px;--awb-border-sizes-right:0px;--awb-border-radius-top-left:0px;--awb-border-radius-top-right:0px;--awb-border-radius-bottom-right:0px;--awb-border-radius-bottom-left:0px;--awb-padding-top:20px;--awb-padding-bottom:20px;--awb-flex-wrap:wrap;\" ><div class=\"fusion-builder-row fusion-row\"><div class=\"fusion-layout-column fusion_builder_column fusion-builder-column-0 fusion_builder_column_1_1 1_1 fusion-one-full fusion-column-first fusion-column-last\" style=\"--awb-bg-size:cover;\"><div class=\"fusion-column-wrapper fusion-flex-column-wrapper-legacy\"><div class=\"fusion-image-element in-legacy-container\" style=\"--awb-caption-title-font-family:var(--h2_typography-font-family);--awb-caption-title-font-weight:var(--h2_typography-font-weight);--awb-caption-title-font-style:var(--h2_typography-font-style);--awb-caption-title-size:var(--h2_typography-font-size);--awb-caption-title-transform:var(--h2_typography-text-transform);--awb-caption-title-line-height:var(--h2_typography-line-height);--awb-caption-title-letter-spacing:var(--h2_typography-letter-spacing);\"><span class=\" fusion-imageframe imageframe-none imageframe-1 hover-type-none\"><img decoding=\"async\" width=\"2200\" height=\"621\" title=\"SPE-2022_concurso-de-fotografia_banner-website_sem texto\" src=\"https:\/\/paginas.fe.up.pt\/~escolas\/wp-content\/uploads\/2022\/03\/SPE-2022_concurso-de-fotografia_banner-website_sem-texto.png\" alt class=\"img-responsive wp-image-3560\" srcset=\"https:\/\/fe.up.pt\/escolas\/wp-content\/uploads\/2022\/03\/SPE-2022_concurso-de-fotografia_banner-website_sem-texto-200x56.png 200w, https:\/\/fe.up.pt\/escolas\/wp-content\/uploads\/2022\/03\/SPE-2022_concurso-de-fotografia_banner-website_sem-texto-400x113.png 400w, https:\/\/fe.up.pt\/escolas\/wp-content\/uploads\/2022\/03\/SPE-2022_concurso-de-fotografia_banner-website_sem-texto-600x169.png 600w, https:\/\/fe.up.pt\/escolas\/wp-content\/uploads\/2022\/03\/SPE-2022_concurso-de-fotografia_banner-website_sem-texto-800x226.png 800w, https:\/\/fe.up.pt\/escolas\/wp-content\/uploads\/2022\/03\/SPE-2022_concurso-de-fotografia_banner-website_sem-texto-1200x339.png 1200w, https:\/\/fe.up.pt\/escolas\/wp-content\/uploads\/2022\/03\/SPE-2022_concurso-de-fotografia_banner-website_sem-texto.png 2200w\" sizes=\"(max-width: 800px) 100vw, 1200px\" \/><\/span><\/div><div class=\"fusion-clearfix\"><\/div><\/div><\/div><div class=\"fusion-layout-column fusion_builder_column fusion-builder-column-1 fusion_builder_column_1_1 1_1 fusion-one-full fusion-column-first fusion-column-last\" style=\"--awb-bg-size:cover;\"><div class=\"fusion-column-wrapper fusion-flex-column-wrapper-legacy\"><div class=\"fusion-text fusion-text-1\"><p>Como \u00e9 que os nossos futuros FEUPinhos veem a FEUP? Como a interpretam? E como a descrevem?<\/p>\n<p>Sozinho ou com os teus amigos mostra-nos a FEUP segundo o teu ponto de vista. Desafiamos-te a tirares uma fotografia ao teu local favorito na nossa Faculdade, ou ao s\u00edtio que aches que a carateriza melhor, e a publicares a imagem no Instragram acompanhada pela <strong>hashtag #profissaoengenheiro.<\/strong><\/p>\n<p>N\u00e3o te esque\u00e7as de dois detalhes importantes:<\/p>\n<ol style=\"list-style-type: lower-roman;\">\n<li>Ter <strong>perfil p\u00fablico<\/strong>, caso contr\u00e1rio n\u00e3o podemos ver a fotografia publicada<\/li>\n<li>\u00a0Adicionar a hashtag <strong>#profissaoengenheiro<\/strong> que \u00e9 o que nos vai permitir identificar a participa\u00e7\u00e3o no concurso <strong>\u201cA FEUP a teus olhos\u2026\u201d<\/strong><\/li>\n<\/ol>\n<p>A fototgrafia com maior n\u00famero de gostos receber\u00e1 como pr\u00e9mio a oportunidade de <strong>\u201cSer Estudante FEUP por um dia\u201d<\/strong> e uma <strong>sweatshirt FEUP<\/strong>. Apenas ser\u00e3o considerados aqueles que se enquadrem no tema proposto.<\/p>\n<p>Consulta o regulamento <a href=\"https:\/\/paginas.fe.up.pt\/~escolas\/wp-content\/uploads\/2022\/03\/Regulamento-Concurso-de-Fotografia.pdf\" target=\"_blank\" rel=\"noopener\"><strong>aqui<\/strong><\/a>.<\/p>\n<p>A grande vencedora com <strong>277\u00a0<em>likes<\/em><\/strong> \u00e9 a aluna <strong>Alice Alves<\/strong> da <strong>Escola Secund\u00e1ria de Viela<\/strong>. Podem ver a fotografia no nosso instagram <a href=\"https:\/\/www.instagram.com\/feup_profissaoengenheiro\/\" target=\"_blank\" rel=\"noopener\"><strong>feup_profissaoengenheiro<\/strong><\/a>.<\/p>\n<p>Aproveita para nos seguir e ficar a par de todas as novidades FEUP em primeira m\u00e3o: <strong><a href=\"https:\/\/www.instagram.com\/feup_profissaoengenheiro\/\" target=\"_blank\" rel=\"noopener\">www.instagram.com\/feup_profissaoengneheiro<\/a><\/strong><\/p>\n<\/div><div class=\"fusion-clearfix\"><\/div><\/div><\/div><\/div><\/div>\n","protected":false},"excerpt":{"rendered":"","protected":false},"author":1,"featured_media":0,"parent":2939,"menu_order":0,"comment_status":"closed","ping_status":"closed","template":"","meta":{"_acf_changed":false,"footnotes":""},"class_list":["post-3171","page","type-page","status-publish","hentry"],"acf":[],"yoast_head":"<!-- This site is optimized with the Yoast SEO plugin v27.5 - https:\/\/yoast.com\/product\/yoast-seo-wordpress\/ -->\n<title>Concurso de Fotografia &quot;A FEUP a teus olhos...&quot; - FEUP Escolas<\/title>\n<meta name=\"description\" content=\"Pr\u00e9-Candidaturas - FEUP Brasil\" \/>\n<meta name=\"robots\" content=\"index, follow, max-snippet:-1, max-image-preview:large, max-video-preview:-1\" \/>\n<link rel=\"canonical\" href=\"https:\/\/fe.up.pt\/escolas\/outras-iniciativas-pe\/concurso-de-fotografia\/\" \/>\n<meta property=\"og:locale\" content=\"pt_PT\" \/>\n<meta property=\"og:type\" content=\"article\" \/>\n<meta property=\"og:title\" content=\"Concurso de Fotografia &quot;A FEUP a teus olhos...&quot; - FEUP Escolas\" \/>\n<meta property=\"og:description\" content=\"Pr\u00e9-Candidaturas - FEUP Brasil\" \/>\n<meta property=\"og:url\" content=\"https:\/\/fe.up.pt\/escolas\/outras-iniciativas-pe\/concurso-de-fotografia\/\" \/>\n<meta property=\"og:site_name\" content=\"FEUP Escolas\" \/>\n<meta property=\"article:publisher\" content=\"https:\/\/www.facebook.com\/ProfissaoEngenheiro\/\" \/>\n<meta property=\"article:modified_time\" content=\"2022-04-04T12:19:50+00:00\" \/>\n<meta name=\"twitter:card\" content=\"summary_large_image\" \/>\n<meta name=\"twitter:label1\" content=\"Tempo estimado de leitura\" \/>\n\t<meta name=\"twitter:data1\" content=\"2 minutos\" \/>\n<script type=\"application\/ld+json\" class=\"yoast-schema-graph\">{\"@context\":\"https:\\\/\\\/schema.org\",\"@graph\":[{\"@type\":\"WebPage\",\"@id\":\"https:\\\/\\\/fe.up.pt\\\/escolas\\\/outras-iniciativas-pe\\\/concurso-de-fotografia\\\/\",\"url\":\"https:\\\/\\\/fe.up.pt\\\/escolas\\\/outras-iniciativas-pe\\\/concurso-de-fotografia\\\/\",\"name\":\"Concurso de Fotografia \\\"A FEUP a teus olhos...\\\" - FEUP Escolas\",\"isPartOf\":{\"@id\":\"https:\\\/\\\/fe.up.pt\\\/escolas\\\/#website\"},\"datePublished\":\"2020-02-20T15:18:01+00:00\",\"dateModified\":\"2022-04-04T12:19:50+00:00\",\"description\":\"Pr\u00e9-Candidaturas - FEUP Brasil\",\"breadcrumb\":{\"@id\":\"https:\\\/\\\/fe.up.pt\\\/escolas\\\/outras-iniciativas-pe\\\/concurso-de-fotografia\\\/#breadcrumb\"},\"inLanguage\":\"pt-PT\",\"potentialAction\":[{\"@type\":\"ReadAction\",\"target\":[\"https:\\\/\\\/fe.up.pt\\\/escolas\\\/outras-iniciativas-pe\\\/concurso-de-fotografia\\\/\"]}]},{\"@type\":\"BreadcrumbList\",\"@id\":\"https:\\\/\\\/fe.up.pt\\\/escolas\\\/outras-iniciativas-pe\\\/concurso-de-fotografia\\\/#breadcrumb\",\"itemListElement\":[{\"@type\":\"ListItem\",\"position\":1,\"name\":\"Home\",\"item\":\"https:\\\/\\\/fe.up.pt\\\/escolas\\\/\"},{\"@type\":\"ListItem\",\"position\":2,\"name\":\"Outras Iniciativas P:E\",\"item\":\"https:\\\/\\\/fe.up.pt\\\/escolas\\\/outras-iniciativas-pe\\\/\"},{\"@type\":\"ListItem\",\"position\":3,\"name\":\"Concurso de Fotografia &#8220;A FEUP a teus olhos&#8230;&#8221;\"}]},{\"@type\":\"WebSite\",\"@id\":\"https:\\\/\\\/fe.up.pt\\\/escolas\\\/#website\",\"url\":\"https:\\\/\\\/fe.up.pt\\\/escolas\\\/\",\"name\":\"Semana Profiss\u00e3o: Engenheiro\",\"description\":\"FEUP Escolas\",\"potentialAction\":[{\"@type\":\"SearchAction\",\"target\":{\"@type\":\"EntryPoint\",\"urlTemplate\":\"https:\\\/\\\/fe.up.pt\\\/escolas\\\/?s={search_term_string}\"},\"query-input\":{\"@type\":\"PropertyValueSpecification\",\"valueRequired\":true,\"valueName\":\"search_term_string\"}}],\"inLanguage\":\"pt-PT\"}]}<\/script>\n<!-- \/ Yoast SEO plugin. -->","yoast_head_json":{"title":"Concurso de Fotografia \"A FEUP a teus olhos...\" - FEUP Escolas","description":"Pr\u00e9-Candidaturas - FEUP Brasil","robots":{"index":"index","follow":"follow","max-snippet":"max-snippet:-1","max-image-preview":"max-image-preview:large","max-video-preview":"max-video-preview:-1"},"canonical":"https:\/\/fe.up.pt\/escolas\/outras-iniciativas-pe\/concurso-de-fotografia\/","og_locale":"pt_PT","og_type":"article","og_title":"Concurso de Fotografia \"A FEUP a teus olhos...\" - FEUP Escolas","og_description":"Pr\u00e9-Candidaturas - FEUP Brasil","og_url":"https:\/\/fe.up.pt\/escolas\/outras-iniciativas-pe\/concurso-de-fotografia\/","og_site_name":"FEUP Escolas","article_publisher":"https:\/\/www.facebook.com\/ProfissaoEngenheiro\/","article_modified_time":"2022-04-04T12:19:50+00:00","twitter_card":"summary_large_image","twitter_misc":{"Tempo estimado de leitura":"2 minutos"},"schema":{"@context":"https:\/\/schema.org","@graph":[{"@type":"WebPage","@id":"https:\/\/fe.up.pt\/escolas\/outras-iniciativas-pe\/concurso-de-fotografia\/","url":"https:\/\/fe.up.pt\/escolas\/outras-iniciativas-pe\/concurso-de-fotografia\/","name":"Concurso de Fotografia \"A FEUP a teus olhos...\" - FEUP Escolas","isPartOf":{"@id":"https:\/\/fe.up.pt\/escolas\/#website"},"datePublished":"2020-02-20T15:18:01+00:00","dateModified":"2022-04-04T12:19:50+00:00","description":"Pr\u00e9-Candidaturas - FEUP Brasil","breadcrumb":{"@id":"https:\/\/fe.up.pt\/escolas\/outras-iniciativas-pe\/concurso-de-fotografia\/#breadcrumb"},"inLanguage":"pt-PT","potentialAction":[{"@type":"ReadAction","target":["https:\/\/fe.up.pt\/escolas\/outras-iniciativas-pe\/concurso-de-fotografia\/"]}]},{"@type":"BreadcrumbList","@id":"https:\/\/fe.up.pt\/escolas\/outras-iniciativas-pe\/concurso-de-fotografia\/#breadcrumb","itemListElement":[{"@type":"ListItem","position":1,"name":"Home","item":"https:\/\/fe.up.pt\/escolas\/"},{"@type":"ListItem","position":2,"name":"Outras Iniciativas P:E","item":"https:\/\/fe.up.pt\/escolas\/outras-iniciativas-pe\/"},{"@type":"ListItem","position":3,"name":"Concurso de Fotografia &#8220;A FEUP a teus olhos&#8230;&#8221;"}]},{"@type":"WebSite","@id":"https:\/\/fe.up.pt\/escolas\/#website","url":"https:\/\/fe.up.pt\/escolas\/","name":"Semana Profiss\u00e3o: Engenheiro","description":"FEUP Escolas","potentialAction":[{"@type":"SearchAction","target":{"@type":"EntryPoint","urlTemplate":"https:\/\/fe.up.pt\/escolas\/?s={search_term_string}"},"query-input":{"@type":"PropertyValueSpecification","valueRequired":true,"valueName":"search_term_string"}}],"inLanguage":"pt-PT"}]}},"_links":{"self":[{"href":"https:\/\/fe.up.pt\/escolas\/wp-json\/wp\/v2\/pages\/3171","targetHints":{"allow":["GET"]}}],"collection":[{"href":"https:\/\/fe.up.pt\/escolas\/wp-json\/wp\/v2\/pages"}],"about":[{"href":"https:\/\/fe.up.pt\/escolas\/wp-json\/wp\/v2\/types\/page"}],"author":[{"embeddable":true,"href":"https:\/\/fe.up.pt\/escolas\/wp-json\/wp\/v2\/users\/1"}],"replies":[{"embeddable":true,"href":"https:\/\/fe.up.pt\/escolas\/wp-json\/wp\/v2\/comments?post=3171"}],"version-history":[{"count":9,"href":"https:\/\/fe.up.pt\/escolas\/wp-json\/wp\/v2\/pages\/3171\/revisions"}],"predecessor-version":[{"id":3172,"href":"https:\/\/fe.up.pt\/escolas\/wp-json\/wp\/v2\/pages\/3171\/revisions\/3172"}],"up":[{"embeddable":true,"href":"https:\/\/fe.up.pt\/escolas\/wp-json\/wp\/v2\/pages\/2939"}],"wp:attachment":[{"href":"https:\/\/fe.up.pt\/escolas\/wp-json\/wp\/v2\/media?parent=3171"}],"curies":[{"name":"wp","href":"https:\/\/api.w.org\/{rel}","templated":true}]}}