{"id":3030,"date":"2019-06-03T12:28:18","date_gmt":"2019-06-03T12:28:18","guid":{"rendered":"https:\/\/paginas.fe.up.pt\/~escolas\/?page_id=3030"},"modified":"2026-02-16T10:59:36","modified_gmt":"2026-02-16T10:59:36","slug":"visitas","status":"publish","type":"page","link":"https:\/\/fe.up.pt\/escolas\/visitas\/","title":{"rendered":"Visitas"},"content":{"rendered":"<div class=\"fusion-fullwidth fullwidth-box fusion-builder-row-1 nonhundred-percent-fullwidth non-hundred-percent-height-scrolling\" style=\"--awb-background-position:left top;--awb-border-sizes-top:0px;--awb-border-sizes-bottom:0px;--awb-border-sizes-left:0px;--awb-border-sizes-right:0px;--awb-border-radius-top-left:0px;--awb-border-radius-top-right:0px;--awb-border-radius-bottom-right:0px;--awb-border-radius-bottom-left:0px;--awb-padding-top:20px;--awb-padding-bottom:20px;--awb-flex-wrap:wrap;\" ><div class=\"fusion-builder-row fusion-row\"><div class=\"fusion-layout-column fusion_builder_column fusion-builder-column-0 fusion_builder_column_1_1 1_1 fusion-one-full fusion-column-first fusion-column-last\" style=\"--awb-bg-size:cover;\"><div class=\"fusion-column-wrapper fusion-flex-column-wrapper-legacy\"><div class=\"fusion-title title fusion-title-1 fusion-sep-none fusion-title-text fusion-title-size-one\"><h1 class=\"fusion-title-heading title-heading-left fusion-responsive-typography-calculated\" style=\"margin:0;--fontSize:38;line-height:1.41;\"><h1><strong>Visitas<\/strong><\/h1><\/h1><\/div><div class=\"fusion-image-element in-legacy-container\" style=\"--awb-caption-title-font-family:var(--h2_typography-font-family);--awb-caption-title-font-weight:var(--h2_typography-font-weight);--awb-caption-title-font-style:var(--h2_typography-font-style);--awb-caption-title-size:var(--h2_typography-font-size);--awb-caption-title-transform:var(--h2_typography-text-transform);--awb-caption-title-line-height:var(--h2_typography-line-height);--awb-caption-title-letter-spacing:var(--h2_typography-letter-spacing);\"><span class=\" fusion-imageframe imageframe-none imageframe-1 hover-type-none\"><img decoding=\"async\" width=\"2560\" height=\"723\" title=\"Site FE 2200&#215;621-visitas\" src=\"https:\/\/fe.up.pt\/escolas\/wp-content\/uploads\/2026\/02\/Site-FE-2200x621-visitas-scaled.jpg\" alt class=\"img-responsive wp-image-5581\" srcset=\"https:\/\/fe.up.pt\/escolas\/wp-content\/uploads\/2026\/02\/Site-FE-2200x621-visitas-200x56.jpg 200w, https:\/\/fe.up.pt\/escolas\/wp-content\/uploads\/2026\/02\/Site-FE-2200x621-visitas-400x113.jpg 400w, https:\/\/fe.up.pt\/escolas\/wp-content\/uploads\/2026\/02\/Site-FE-2200x621-visitas-600x169.jpg 600w, https:\/\/fe.up.pt\/escolas\/wp-content\/uploads\/2026\/02\/Site-FE-2200x621-visitas-800x226.jpg 800w, https:\/\/fe.up.pt\/escolas\/wp-content\/uploads\/2026\/02\/Site-FE-2200x621-visitas-1200x339.jpg 1200w, https:\/\/fe.up.pt\/escolas\/wp-content\/uploads\/2026\/02\/Site-FE-2200x621-visitas-scaled.jpg 2560w\" sizes=\"(max-width: 800px) 100vw, 1200px\" \/><\/span><\/div><div class=\"fusion-clearfix\"><\/div><\/div><\/div><div class=\"fusion-layout-column fusion_builder_column fusion-builder-column-1 fusion_builder_column_1_1 1_1 fusion-one-full fusion-column-first fusion-column-last\" style=\"--awb-bg-size:cover;\"><div class=\"fusion-column-wrapper fusion-flex-column-wrapper-legacy\"><div class=\"fusion-text fusion-text-1\"><h3><strong>Visitas \u00e0s Escolas<\/strong><\/h3>\n<p data-start=\"168\" data-end=\"305\">Muitas escolas promovem iniciativas que apoiam os seus alunos na escolha de um curso superior alinhado com os seus interesses e voca\u00e7\u00e3o.<\/p>\n<p data-start=\"307\" data-end=\"507\">Feiras de profiss\u00f5es, sess\u00f5es de orienta\u00e7\u00e3o vocacional, jornadas do ensino superior, palestras e workshops s\u00e3o alguns exemplos de eventos que contribuem para esclarecer d\u00favidas e orientar os jovens.<\/p>\n<p data-start=\"509\" data-end=\"798\">Neste sentido, a FEUP procura estar presente, sempre que poss\u00edvel, dando a conhecer as oportunidades de futuro no campo da Engenharia. Quando necess\u00e1rio, esta participa\u00e7\u00e3o pode tamb\u00e9m realizar-se em formato online, atrav\u00e9s de plataformas como Zoom, Microsoft Teams ou Google Meet.<\/p>\n<p data-start=\"800\" data-end=\"922\">Quer que a FEUP v\u00e1 \u00e0 sua escola? Preencha o formul\u00e1rio dispon\u00edvel e entraremos em contacto.<\/p>\n<\/div><div class=\"fusion-button-wrapper\"><a class=\"fusion-button button-flat fusion-button-default-size button-orange fusion-button-orange button-1 fusion-button-default-span \" target=\"_blank\" rel=\"noopener noreferrer\" data-hover=\"text_slide_down\" href=\"https:\/\/docs.google.com\/forms\/d\/e\/1FAIpQLScHdLD0K4Oa2nVsj_dGsmOSCjq4vO7lzUvtQHDPAhiIqZiO5g\/viewform?usp=header\"><div class=\"awb-button-text-transition\"><span class=\"fusion-button-text\">Pedido de sess\u00e3o na Escola<\/span><span class=\"fusion-button-text\">Pedido de sess\u00e3o na Escola<\/span><\/div><\/a><\/div><div class=\"fusion-text fusion-text-2\"><h3 data-start=\"74\" data-end=\"94\"><strong data-start=\"74\" data-end=\"92\">Visitas \u00e0 FEUP<\/strong><\/h3>\n<p data-start=\"96\" data-end=\"253\">A pensar em todos os que n\u00e3o t\u00eam oportunidade de participar na <a href=\"https:\/\/fe.up.pt\/escolas\/spe\/semana-profissao-engenharia-2025\/\" target=\"_blank\" rel=\"noopener\"><strong data-start=\"159\" data-end=\"191\">Semana Profiss\u00e3o: Engenharia<\/strong><\/a>, a FEUP recebe, ao longo de todo o ano, visitas de escolas.<\/p>\n<p data-start=\"255\" data-end=\"538\">Durante estas visitas, os alunos podem conhecer as instala\u00e7\u00f5es de forma geral ou explorar um departamento em particular, participar em demonstra\u00e7\u00f5es laboratoriais, assistir \u00e0 apresenta\u00e7\u00e3o de projetos, palestras, entre outras atividades dinamizadas pela comunidade acad\u00e9mica.<\/p>\n<p data-start=\"540\" data-end=\"659\">A marca\u00e7\u00e3o deve ser efetuada com a devida anteced\u00eancia e est\u00e1 sujeita \u00e0 disponibilidade dos respetivos departamentos.<\/p>\n<p data-start=\"661\" data-end=\"816\">Para solicitar uma visita, dever\u00e1 preencher o formul\u00e1rio dispon\u00edvel.<\/p>\n<\/div><div class=\"fusion-button-wrapper\"><a class=\"fusion-button button-flat fusion-button-default-size button-orange fusion-button-orange button-2 fusion-button-default-span fusion-button-default-type\" target=\"_blank\" rel=\"noopener noreferrer\" data-hover=\"text_slide_down\" href=\"https:\/\/docs.google.com\/forms\/d\/e\/1FAIpQLSf-YRSQxO1Lx6tjMMDIKu5I1X1eIg-qkb2g8h58MukkaF9wuQ\/viewform?usp=header\"><div class=\"awb-button-text-transition\"><span class=\"fusion-button-text\">Pedido de visita \u00e0 FEUP<\/span><span class=\"fusion-button-text\">Pedido de visita \u00e0 FEUP<\/span><\/div><\/a><\/div><div class=\"fusion-clearfix\"><\/div><\/div><\/div><\/div><\/div>\n","protected":false},"excerpt":{"rendered":"","protected":false},"author":1,"featured_media":0,"parent":0,"menu_order":0,"comment_status":"closed","ping_status":"closed","template":"","meta":{"_acf_changed":false,"footnotes":""},"class_list":["post-3030","page","type-page","status-publish","hentry"],"acf":[],"yoast_head":"<!-- This site is optimized with the Yoast SEO plugin v27.5 - https:\/\/yoast.com\/product\/yoast-seo-wordpress\/ -->\n<title>Visitas - FEUP Escolas<\/title>\n<meta name=\"description\" content=\"Pr\u00e9-Candidaturas - FEUP Brasil\" \/>\n<meta name=\"robots\" content=\"index, follow, max-snippet:-1, max-image-preview:large, max-video-preview:-1\" \/>\n<link rel=\"canonical\" href=\"https:\/\/fe.up.pt\/escolas\/visitas\/\" \/>\n<meta property=\"og:locale\" content=\"pt_PT\" \/>\n<meta property=\"og:type\" content=\"article\" \/>\n<meta property=\"og:title\" content=\"Visitas - FEUP Escolas\" \/>\n<meta property=\"og:description\" content=\"Pr\u00e9-Candidaturas - FEUP Brasil\" \/>\n<meta property=\"og:url\" content=\"https:\/\/fe.up.pt\/escolas\/visitas\/\" \/>\n<meta property=\"og:site_name\" content=\"FEUP Escolas\" \/>\n<meta property=\"article:publisher\" content=\"https:\/\/www.facebook.com\/ProfissaoEngenheiro\/\" \/>\n<meta property=\"article:modified_time\" content=\"2026-02-16T10:59:36+00:00\" \/>\n<meta name=\"twitter:card\" content=\"summary_large_image\" \/>\n<meta name=\"twitter:label1\" content=\"Tempo estimado de leitura\" \/>\n\t<meta name=\"twitter:data1\" content=\"2 minutos\" \/>\n<script type=\"application\/ld+json\" class=\"yoast-schema-graph\">{\"@context\":\"https:\\\/\\\/schema.org\",\"@graph\":[{\"@type\":\"WebPage\",\"@id\":\"https:\\\/\\\/fe.up.pt\\\/escolas\\\/visitas\\\/\",\"url\":\"https:\\\/\\\/fe.up.pt\\\/escolas\\\/visitas\\\/\",\"name\":\"Visitas - FEUP Escolas\",\"isPartOf\":{\"@id\":\"https:\\\/\\\/fe.up.pt\\\/escolas\\\/#website\"},\"datePublished\":\"2019-06-03T12:28:18+00:00\",\"dateModified\":\"2026-02-16T10:59:36+00:00\",\"description\":\"Pr\u00e9-Candidaturas - FEUP Brasil\",\"breadcrumb\":{\"@id\":\"https:\\\/\\\/fe.up.pt\\\/escolas\\\/visitas\\\/#breadcrumb\"},\"inLanguage\":\"pt-PT\",\"potentialAction\":[{\"@type\":\"ReadAction\",\"target\":[\"https:\\\/\\\/fe.up.pt\\\/escolas\\\/visitas\\\/\"]}]},{\"@type\":\"BreadcrumbList\",\"@id\":\"https:\\\/\\\/fe.up.pt\\\/escolas\\\/visitas\\\/#breadcrumb\",\"itemListElement\":[{\"@type\":\"ListItem\",\"position\":1,\"name\":\"Home\",\"item\":\"https:\\\/\\\/fe.up.pt\\\/escolas\\\/\"},{\"@type\":\"ListItem\",\"position\":2,\"name\":\"Visitas\"}]},{\"@type\":\"WebSite\",\"@id\":\"https:\\\/\\\/fe.up.pt\\\/escolas\\\/#website\",\"url\":\"https:\\\/\\\/fe.up.pt\\\/escolas\\\/\",\"name\":\"Semana Profiss\u00e3o: Engenheiro\",\"description\":\"FEUP Escolas\",\"potentialAction\":[{\"@type\":\"SearchAction\",\"target\":{\"@type\":\"EntryPoint\",\"urlTemplate\":\"https:\\\/\\\/fe.up.pt\\\/escolas\\\/?s={search_term_string}\"},\"query-input\":{\"@type\":\"PropertyValueSpecification\",\"valueRequired\":true,\"valueName\":\"search_term_string\"}}],\"inLanguage\":\"pt-PT\"}]}<\/script>\n<!-- \/ Yoast SEO plugin. -->","yoast_head_json":{"title":"Visitas - FEUP Escolas","description":"Pr\u00e9-Candidaturas - FEUP Brasil","robots":{"index":"index","follow":"follow","max-snippet":"max-snippet:-1","max-image-preview":"max-image-preview:large","max-video-preview":"max-video-preview:-1"},"canonical":"https:\/\/fe.up.pt\/escolas\/visitas\/","og_locale":"pt_PT","og_type":"article","og_title":"Visitas - FEUP Escolas","og_description":"Pr\u00e9-Candidaturas - FEUP Brasil","og_url":"https:\/\/fe.up.pt\/escolas\/visitas\/","og_site_name":"FEUP Escolas","article_publisher":"https:\/\/www.facebook.com\/ProfissaoEngenheiro\/","article_modified_time":"2026-02-16T10:59:36+00:00","twitter_card":"summary_large_image","twitter_misc":{"Tempo estimado de leitura":"2 minutos"},"schema":{"@context":"https:\/\/schema.org","@graph":[{"@type":"WebPage","@id":"https:\/\/fe.up.pt\/escolas\/visitas\/","url":"https:\/\/fe.up.pt\/escolas\/visitas\/","name":"Visitas - FEUP Escolas","isPartOf":{"@id":"https:\/\/fe.up.pt\/escolas\/#website"},"datePublished":"2019-06-03T12:28:18+00:00","dateModified":"2026-02-16T10:59:36+00:00","description":"Pr\u00e9-Candidaturas - FEUP Brasil","breadcrumb":{"@id":"https:\/\/fe.up.pt\/escolas\/visitas\/#breadcrumb"},"inLanguage":"pt-PT","potentialAction":[{"@type":"ReadAction","target":["https:\/\/fe.up.pt\/escolas\/visitas\/"]}]},{"@type":"BreadcrumbList","@id":"https:\/\/fe.up.pt\/escolas\/visitas\/#breadcrumb","itemListElement":[{"@type":"ListItem","position":1,"name":"Home","item":"https:\/\/fe.up.pt\/escolas\/"},{"@type":"ListItem","position":2,"name":"Visitas"}]},{"@type":"WebSite","@id":"https:\/\/fe.up.pt\/escolas\/#website","url":"https:\/\/fe.up.pt\/escolas\/","name":"Semana Profiss\u00e3o: Engenheiro","description":"FEUP Escolas","potentialAction":[{"@type":"SearchAction","target":{"@type":"EntryPoint","urlTemplate":"https:\/\/fe.up.pt\/escolas\/?s={search_term_string}"},"query-input":{"@type":"PropertyValueSpecification","valueRequired":true,"valueName":"search_term_string"}}],"inLanguage":"pt-PT"}]}},"_links":{"self":[{"href":"https:\/\/fe.up.pt\/escolas\/wp-json\/wp\/v2\/pages\/3030","targetHints":{"allow":["GET"]}}],"collection":[{"href":"https:\/\/fe.up.pt\/escolas\/wp-json\/wp\/v2\/pages"}],"about":[{"href":"https:\/\/fe.up.pt\/escolas\/wp-json\/wp\/v2\/types\/page"}],"author":[{"embeddable":true,"href":"https:\/\/fe.up.pt\/escolas\/wp-json\/wp\/v2\/users\/1"}],"replies":[{"embeddable":true,"href":"https:\/\/fe.up.pt\/escolas\/wp-json\/wp\/v2\/comments?post=3030"}],"version-history":[{"count":25,"href":"https:\/\/fe.up.pt\/escolas\/wp-json\/wp\/v2\/pages\/3030\/revisions"}],"predecessor-version":[{"id":5582,"href":"https:\/\/fe.up.pt\/escolas\/wp-json\/wp\/v2\/pages\/3030\/revisions\/5582"}],"wp:attachment":[{"href":"https:\/\/fe.up.pt\/escolas\/wp-json\/wp\/v2\/media?parent=3030"}],"curies":[{"name":"wp","href":"https:\/\/api.w.org\/{rel}","templated":true}]}}