{"id":3025,"date":"2019-06-03T12:25:47","date_gmt":"2019-06-03T12:25:47","guid":{"rendered":"https:\/\/paginas.fe.up.pt\/~escolas\/?page_id=3025"},"modified":"2024-09-19T15:01:39","modified_gmt":"2024-09-19T15:01:39","slug":"mostra-up","status":"publish","type":"page","link":"https:\/\/fe.up.pt\/escolas\/outras-iniciativas-pe\/mostra-up\/","title":{"rendered":"Mostra U.Porto"},"content":{"rendered":"<div class=\"fusion-fullwidth fullwidth-box fusion-builder-row-1 nonhundred-percent-fullwidth non-hundred-percent-height-scrolling\" style=\"--awb-background-position:left top;--awb-border-sizes-top:0px;--awb-border-sizes-bottom:0px;--awb-border-sizes-left:0px;--awb-border-sizes-right:0px;--awb-border-radius-top-left:0px;--awb-border-radius-top-right:0px;--awb-border-radius-bottom-right:0px;--awb-border-radius-bottom-left:0px;--awb-padding-top:20px;--awb-padding-bottom:20px;--awb-flex-wrap:wrap;\" ><div class=\"fusion-builder-row fusion-row\"><div class=\"fusion-layout-column fusion_builder_column fusion-builder-column-0 fusion_builder_column_1_1 1_1 fusion-one-full fusion-column-first fusion-column-last\" style=\"--awb-bg-size:cover;\"><div class=\"fusion-column-wrapper fusion-flex-column-wrapper-legacy\"><div class=\"fusion-title title fusion-title-1 fusion-sep-none fusion-title-text fusion-title-size-one\"><h1 class=\"fusion-title-heading title-heading-left fusion-responsive-typography-calculated\" style=\"margin:0;--fontSize:38;line-height:1.41;\">Mostra U.Porto<\/h1><\/div><div class=\"fusion-image-element fusion-image-align-center in-legacy-container\" style=\"text-align:center;--awb-caption-title-font-family:var(--h2_typography-font-family);--awb-caption-title-font-weight:var(--h2_typography-font-weight);--awb-caption-title-font-style:var(--h2_typography-font-style);--awb-caption-title-size:var(--h2_typography-font-size);--awb-caption-title-transform:var(--h2_typography-text-transform);--awb-caption-title-line-height:var(--h2_typography-line-height);--awb-caption-title-letter-spacing:var(--h2_typography-letter-spacing);\"><div class=\"imageframe-align-center\"><span class=\" fusion-imageframe imageframe-none imageframe-1 hover-type-none\"><img decoding=\"async\" width=\"1000\" height=\"392\" title=\"mostra-2023-geral-balanco_destaque\" src=\"https:\/\/fe.up.pt\/escolas\/wp-content\/uploads\/2024\/09\/mostra-2023-geral-balanco_destaque.jpg\" alt class=\"img-responsive wp-image-4528\" srcset=\"https:\/\/fe.up.pt\/escolas\/wp-content\/uploads\/2024\/09\/mostra-2023-geral-balanco_destaque-200x78.jpg 200w, https:\/\/fe.up.pt\/escolas\/wp-content\/uploads\/2024\/09\/mostra-2023-geral-balanco_destaque-400x157.jpg 400w, https:\/\/fe.up.pt\/escolas\/wp-content\/uploads\/2024\/09\/mostra-2023-geral-balanco_destaque-600x235.jpg 600w, https:\/\/fe.up.pt\/escolas\/wp-content\/uploads\/2024\/09\/mostra-2023-geral-balanco_destaque-800x314.jpg 800w, https:\/\/fe.up.pt\/escolas\/wp-content\/uploads\/2024\/09\/mostra-2023-geral-balanco_destaque.jpg 1000w\" sizes=\"(max-width: 800px) 100vw, 1000px\" \/><\/span><\/div><\/div><div class=\"fusion-clearfix\"><\/div><\/div><\/div><div class=\"fusion-layout-column fusion_builder_column fusion-builder-column-1 fusion_builder_column_1_1 1_1 fusion-one-full fusion-column-first fusion-column-last\" style=\"--awb-bg-size:cover;\"><div class=\"fusion-column-wrapper fusion-flex-column-wrapper-legacy\"><div class=\"fusion-text fusion-text-1\"><p>A FEUP participa todos os anos na <a href=\"https:\/\/www.mostra.up.pt\" target=\"_blank\" rel=\"noopener\">Mostra de Ci\u00eancia, Ensino e Inova\u00e7\u00e3o da U. Porto<\/a>. S\u00e3o quatro dias de Conhecimento abertos a todos os que querem saber mais sobre a oferta formativa da Universidade do Porto.<\/p>\n<p>Na Mostra da U.Porto os visitantes t\u00eam a oportunidade, n\u00e3o s\u00f3, de questionar e interagir com as Faculdades, mas tamb\u00e9m de assistir e participar em centenas de demonstra\u00e7\u00f5es, experi\u00eancias, testes e ensaios.<\/p>\n<p>Durante esses dias a comunidade universit\u00e1ria da Universidade do Porto encontra-se inteiramente dispon\u00edvel para esclarecer quaisquer d\u00favidas acerca dos cursos e da vida acad\u00e9mica.<\/p>\n<\/div><div class=\"fusion-clearfix\"><\/div><\/div><\/div><\/div><\/div>\n","protected":false},"excerpt":{"rendered":"","protected":false},"author":1,"featured_media":0,"parent":2939,"menu_order":0,"comment_status":"closed","ping_status":"closed","template":"","meta":{"_acf_changed":false,"footnotes":""},"class_list":["post-3025","page","type-page","status-publish","hentry"],"acf":[],"yoast_head":"<!-- This site is optimized with the Yoast SEO plugin v27.5 - https:\/\/yoast.com\/product\/yoast-seo-wordpress\/ -->\n<title>Mostra U.Porto - FEUP Escolas<\/title>\n<meta name=\"description\" content=\"Pr\u00e9-Candidaturas - FEUP Brasil\" \/>\n<meta name=\"robots\" content=\"index, follow, max-snippet:-1, max-image-preview:large, max-video-preview:-1\" \/>\n<link rel=\"canonical\" href=\"https:\/\/fe.up.pt\/escolas\/outras-iniciativas-pe\/mostra-up\/\" \/>\n<meta property=\"og:locale\" content=\"pt_PT\" \/>\n<meta property=\"og:type\" content=\"article\" \/>\n<meta property=\"og:title\" content=\"Mostra U.Porto - FEUP Escolas\" \/>\n<meta property=\"og:description\" content=\"Pr\u00e9-Candidaturas - FEUP Brasil\" \/>\n<meta property=\"og:url\" content=\"https:\/\/fe.up.pt\/escolas\/outras-iniciativas-pe\/mostra-up\/\" \/>\n<meta property=\"og:site_name\" content=\"FEUP Escolas\" \/>\n<meta property=\"article:publisher\" content=\"https:\/\/www.facebook.com\/ProfissaoEngenheiro\/\" \/>\n<meta property=\"article:modified_time\" content=\"2024-09-19T15:01:39+00:00\" \/>\n<meta name=\"twitter:card\" content=\"summary_large_image\" \/>\n<meta name=\"twitter:label1\" content=\"Tempo estimado de leitura\" \/>\n\t<meta name=\"twitter:data1\" content=\"1 minuto\" \/>\n<script type=\"application\/ld+json\" class=\"yoast-schema-graph\">{\"@context\":\"https:\\\/\\\/schema.org\",\"@graph\":[{\"@type\":\"WebPage\",\"@id\":\"https:\\\/\\\/fe.up.pt\\\/escolas\\\/outras-iniciativas-pe\\\/mostra-up\\\/\",\"url\":\"https:\\\/\\\/fe.up.pt\\\/escolas\\\/outras-iniciativas-pe\\\/mostra-up\\\/\",\"name\":\"Mostra U.Porto - FEUP Escolas\",\"isPartOf\":{\"@id\":\"https:\\\/\\\/fe.up.pt\\\/escolas\\\/#website\"},\"datePublished\":\"2019-06-03T12:25:47+00:00\",\"dateModified\":\"2024-09-19T15:01:39+00:00\",\"description\":\"Pr\u00e9-Candidaturas - FEUP Brasil\",\"breadcrumb\":{\"@id\":\"https:\\\/\\\/fe.up.pt\\\/escolas\\\/outras-iniciativas-pe\\\/mostra-up\\\/#breadcrumb\"},\"inLanguage\":\"pt-PT\",\"potentialAction\":[{\"@type\":\"ReadAction\",\"target\":[\"https:\\\/\\\/fe.up.pt\\\/escolas\\\/outras-iniciativas-pe\\\/mostra-up\\\/\"]}]},{\"@type\":\"BreadcrumbList\",\"@id\":\"https:\\\/\\\/fe.up.pt\\\/escolas\\\/outras-iniciativas-pe\\\/mostra-up\\\/#breadcrumb\",\"itemListElement\":[{\"@type\":\"ListItem\",\"position\":1,\"name\":\"Home\",\"item\":\"https:\\\/\\\/fe.up.pt\\\/escolas\\\/\"},{\"@type\":\"ListItem\",\"position\":2,\"name\":\"Outras Iniciativas P:E\",\"item\":\"https:\\\/\\\/fe.up.pt\\\/escolas\\\/outras-iniciativas-pe\\\/\"},{\"@type\":\"ListItem\",\"position\":3,\"name\":\"Mostra U.Porto\"}]},{\"@type\":\"WebSite\",\"@id\":\"https:\\\/\\\/fe.up.pt\\\/escolas\\\/#website\",\"url\":\"https:\\\/\\\/fe.up.pt\\\/escolas\\\/\",\"name\":\"Semana Profiss\u00e3o: Engenheiro\",\"description\":\"FEUP Escolas\",\"potentialAction\":[{\"@type\":\"SearchAction\",\"target\":{\"@type\":\"EntryPoint\",\"urlTemplate\":\"https:\\\/\\\/fe.up.pt\\\/escolas\\\/?s={search_term_string}\"},\"query-input\":{\"@type\":\"PropertyValueSpecification\",\"valueRequired\":true,\"valueName\":\"search_term_string\"}}],\"inLanguage\":\"pt-PT\"}]}<\/script>\n<!-- \/ Yoast SEO plugin. -->","yoast_head_json":{"title":"Mostra U.Porto - FEUP Escolas","description":"Pr\u00e9-Candidaturas - FEUP Brasil","robots":{"index":"index","follow":"follow","max-snippet":"max-snippet:-1","max-image-preview":"max-image-preview:large","max-video-preview":"max-video-preview:-1"},"canonical":"https:\/\/fe.up.pt\/escolas\/outras-iniciativas-pe\/mostra-up\/","og_locale":"pt_PT","og_type":"article","og_title":"Mostra U.Porto - FEUP Escolas","og_description":"Pr\u00e9-Candidaturas - FEUP Brasil","og_url":"https:\/\/fe.up.pt\/escolas\/outras-iniciativas-pe\/mostra-up\/","og_site_name":"FEUP Escolas","article_publisher":"https:\/\/www.facebook.com\/ProfissaoEngenheiro\/","article_modified_time":"2024-09-19T15:01:39+00:00","twitter_card":"summary_large_image","twitter_misc":{"Tempo estimado de leitura":"1 minuto"},"schema":{"@context":"https:\/\/schema.org","@graph":[{"@type":"WebPage","@id":"https:\/\/fe.up.pt\/escolas\/outras-iniciativas-pe\/mostra-up\/","url":"https:\/\/fe.up.pt\/escolas\/outras-iniciativas-pe\/mostra-up\/","name":"Mostra U.Porto - FEUP Escolas","isPartOf":{"@id":"https:\/\/fe.up.pt\/escolas\/#website"},"datePublished":"2019-06-03T12:25:47+00:00","dateModified":"2024-09-19T15:01:39+00:00","description":"Pr\u00e9-Candidaturas - FEUP Brasil","breadcrumb":{"@id":"https:\/\/fe.up.pt\/escolas\/outras-iniciativas-pe\/mostra-up\/#breadcrumb"},"inLanguage":"pt-PT","potentialAction":[{"@type":"ReadAction","target":["https:\/\/fe.up.pt\/escolas\/outras-iniciativas-pe\/mostra-up\/"]}]},{"@type":"BreadcrumbList","@id":"https:\/\/fe.up.pt\/escolas\/outras-iniciativas-pe\/mostra-up\/#breadcrumb","itemListElement":[{"@type":"ListItem","position":1,"name":"Home","item":"https:\/\/fe.up.pt\/escolas\/"},{"@type":"ListItem","position":2,"name":"Outras Iniciativas P:E","item":"https:\/\/fe.up.pt\/escolas\/outras-iniciativas-pe\/"},{"@type":"ListItem","position":3,"name":"Mostra U.Porto"}]},{"@type":"WebSite","@id":"https:\/\/fe.up.pt\/escolas\/#website","url":"https:\/\/fe.up.pt\/escolas\/","name":"Semana Profiss\u00e3o: Engenheiro","description":"FEUP Escolas","potentialAction":[{"@type":"SearchAction","target":{"@type":"EntryPoint","urlTemplate":"https:\/\/fe.up.pt\/escolas\/?s={search_term_string}"},"query-input":{"@type":"PropertyValueSpecification","valueRequired":true,"valueName":"search_term_string"}}],"inLanguage":"pt-PT"}]}},"_links":{"self":[{"href":"https:\/\/fe.up.pt\/escolas\/wp-json\/wp\/v2\/pages\/3025","targetHints":{"allow":["GET"]}}],"collection":[{"href":"https:\/\/fe.up.pt\/escolas\/wp-json\/wp\/v2\/pages"}],"about":[{"href":"https:\/\/fe.up.pt\/escolas\/wp-json\/wp\/v2\/types\/page"}],"author":[{"embeddable":true,"href":"https:\/\/fe.up.pt\/escolas\/wp-json\/wp\/v2\/users\/1"}],"replies":[{"embeddable":true,"href":"https:\/\/fe.up.pt\/escolas\/wp-json\/wp\/v2\/comments?post=3025"}],"version-history":[{"count":8,"href":"https:\/\/fe.up.pt\/escolas\/wp-json\/wp\/v2\/pages\/3025\/revisions"}],"predecessor-version":[{"id":4532,"href":"https:\/\/fe.up.pt\/escolas\/wp-json\/wp\/v2\/pages\/3025\/revisions\/4532"}],"up":[{"embeddable":true,"href":"https:\/\/fe.up.pt\/escolas\/wp-json\/wp\/v2\/pages\/2939"}],"wp:attachment":[{"href":"https:\/\/fe.up.pt\/escolas\/wp-json\/wp\/v2\/media?parent=3025"}],"curies":[{"name":"wp","href":"https:\/\/api.w.org\/{rel}","templated":true}]}}