{"id":2933,"date":"2019-06-03T09:29:39","date_gmt":"2019-06-03T09:29:39","guid":{"rendered":"https:\/\/paginas.fe.up.pt\/~escolas\/?page_id=2933"},"modified":"2026-01-30T13:14:48","modified_gmt":"2026-01-30T13:14:48","slug":"faq","status":"publish","type":"page","link":"https:\/\/fe.up.pt\/escolas\/spe\/faq\/","title":{"rendered":"FAQ"},"content":{"rendered":"<div class=\"fusion-fullwidth fullwidth-box fusion-builder-row-1 nonhundred-percent-fullwidth non-hundred-percent-height-scrolling\" style=\"--awb-background-position:left top;--awb-border-sizes-top:0px;--awb-border-sizes-bottom:0px;--awb-border-sizes-left:0px;--awb-border-sizes-right:0px;--awb-border-radius-top-left:0px;--awb-border-radius-top-right:0px;--awb-border-radius-bottom-right:0px;--awb-border-radius-bottom-left:0px;--awb-padding-top:20px;--awb-padding-bottom:20px;--awb-flex-wrap:wrap;\" ><div class=\"fusion-builder-row fusion-row\"><div class=\"fusion-layout-column fusion_builder_column fusion-builder-column-0 fusion_builder_column_1_1 1_1 fusion-one-full fusion-column-first fusion-column-last\" style=\"--awb-bg-size:cover;\"><div class=\"fusion-column-wrapper fusion-flex-column-wrapper-legacy\"><div class=\"fusion-title title fusion-title-1 fusion-sep-none fusion-title-text fusion-title-size-one\"><h1 class=\"fusion-title-heading title-heading-left fusion-responsive-typography-calculated\" style=\"margin:0;--fontSize:38;line-height:1.41;\">FAQ&#8217;S<\/h1><\/div><div class=\"fusion-clearfix\"><\/div><\/div><\/div><div class=\"fusion-layout-column fusion_builder_column fusion-builder-column-1 fusion_builder_column_1_1 1_1 fusion-one-full fusion-column-first fusion-column-last\" style=\"--awb-bg-size:cover;\"><div class=\"fusion-column-wrapper fusion-flex-column-wrapper-legacy\"><div class=\"fusion-text fusion-text-1\"><p><strong>&#8211; Sou estudante do 9\u00ba ou 10\u00ba ano. Posso inscrever-me na Semana Profiss\u00e3o: Engenharia?\u00a0<\/strong><br \/>\nA Semana Profiss\u00e3o: Engenharia destina-se apenas a <strong>estudantes de\u00a0<\/strong><strong>11\u00ba e 12\u00ba anos de escolaridade<\/strong>.<\/p>\n<p><strong>&#8211; Posso inscrever-me em mais do que um tema ou dia?\u00a0<\/strong><br \/>\nDevido ao limitado n\u00famero de vagas pedimos que tenham cuidado com as inscri\u00e7\u00f5es m\u00faltiplas, fazendo apenas se tiverem realmente interesse em seguir Engenharia. Esta \u00e9 uma forma de garantir que o maior n\u00famero poss\u00edvel de alunos consegue participar no evento.<\/p>\n<p><strong>&#8211; Qual a dura\u00e7\u00e3o de uma visita a este evento?<\/strong><br \/>\nA participa\u00e7\u00e3o no evento \u00e9 sempre realizada durante uma manh\u00e3 ou tarde, de um dos 3 dias. O participante dever\u00e1 selecionar o dia no momento da inscri\u00e7\u00e3o. As visitas na parte da manh\u00e3 decorrem das 09h00 \u00e0s 13h00, e na parte da tarde das 14h00 \u00e0s 18h00.<\/p>\n<p><strong>&#8211; Para participar no evento devo escolher uma de entre as seguintes op\u00e7\u00f5es: \u201cSeleciona a tua Profiss\u00e3o\u201d ou \u201cDescobre uma \u00e1rea da Engenharia\u201d. Qual a diferen\u00e7a entre elas?<\/strong><\/p>\n<p>As Profiss\u00f5es representam os <strong>5 grandes desafios<\/strong> que se colocam ao Engenheiro: <strong>Salvo o Planeta;<\/strong> <strong>Desenho o Novo Homem;<\/strong> <strong>Crio a Sociedade do Futuro; Torno as Empresas Mais Competitivas e Construo um Mundo Novo<\/strong>. A resposta a estes desafios n\u00e3o se restringe a uma Engenharia apenas, exigindo um trabalho multidisciplinar com outros engenheiros e \u00e1reas de estudo. Ao escolher uma das 5 Profiss\u00f5es, o aluno ter\u00e1 a possibilidade de participar em atividades de v\u00e1rias \u00e1reas da engenharia relacionadas com essa tem\u00e1tica. Este programa \u00e9 ideal para os alunos que ainda n\u00e3o t\u00eam bem definido qual o curso que pretendem seguir.<\/p>\n<p><strong>\u00a0\u201cDescobre uma \u00e1rea da Engenharia\u201d<\/strong> oferece percursos mais direcionados e focados numa \u00e1rea: Inform\u00e1tica, Eletrot\u00e9cnica, Mec\u00e2nica, Civil, Qu\u00edmica, Ambiente, \u00a0Materiais e Aeroespacial.<\/p>\n<p>Consulte o programa do ano passado <strong><a href=\"https:\/\/fe.up.pt\/escolas\/programa-spe\/\" target=\"_blank\" rel=\"noopener\">aqui<\/a><\/strong>.<\/p>\n<p><strong>&#8211; A minha escola n\u00e3o organiza a participa\u00e7\u00e3o dos alunos na Semana Profiss\u00e3o: Engenharia. Posso inscrever-me a t\u00edtulo individual?\u00a0<\/strong><br \/>\nAs inscri\u00e7\u00f5es est\u00e3o organizadas de forma a que os alunos possam inscrever-se individualmente. No caso de o aluno participar no evento sem o acompanhamento de um professor, dever\u00e1 apresentar o termo de responsabilidade, dispon\u00edvel <a href=\"https:\/\/fe.up.pt\/escolas\/wp-content\/uploads\/2024\/09\/termoresponsabilidade_spe2025.pdf\" target=\"_blank\" rel=\"noopener\"><strong>aqui<\/strong><\/a>, assinado pelo encarregado de educa\u00e7\u00e3o.<\/p>\n<p><strong>&#8211; Em que situa\u00e7\u00f5es \u00e9 obrigat\u00f3ria a apresenta\u00e7\u00e3o de um Termo de Responsabilidade assinado pelo encarregado de educa\u00e7\u00e3o?\u00a0<\/strong><br \/>\nO termo de responsabilidade \u00e9 necess\u00e1rio apenas quando os alunos se deslocam ao evento sem o acompanhamento de um professor. O termo de responsabilidade est\u00e1 dispon\u00edvel <a href=\"https:\/\/fe.up.pt\/escolas\/wp-content\/uploads\/2026\/01\/termoresponsabilidade_spe2026.pdf\" target=\"_blank\" rel=\"noopener noreferrer\"><strong>aqui<\/strong><\/a>.<\/p>\n<p><strong>&#8211; As vagas terminaram sem que eu conseguisse inscrever-me. O que devo fazer?\u00a0<\/strong><br \/>\nCaso n\u00e3o consiga participar na <strong>Semana Profiss\u00e3o: Engenharia<\/strong>, poder\u00e1 entrar em contacto connosco para tentar agendar uma visita. O pedido ser\u00e1 analisado de acordo com a disponibilidade. Poder\u00e1 faz\u00ea-lo atrav\u00e9s da nossa <strong><a href=\"https:\/\/fe.up.pt\/escolas\/visitas\/\" target=\"_blank\" rel=\"noopener\">p\u00e1gina de visitas<\/a><\/strong>.<\/p>\n<p>Antes da <strong>Semana Profiss\u00e3o: Engenharia<\/strong> a FEUP estar\u00e1 tamb\u00e9m presente na <strong><a href=\"https:\/\/mostra.up.pt\" target=\"_blank\" rel=\"noopener\">23\u00aa Mostra da U.Porto<\/a><\/strong> que se realiza nos dias <strong>19, 20, 21 e 22 de fevereiro<\/strong> no Pavilh\u00e3o Multiusos de Gondomar.<\/p>\n<p><strong>&#8211; Levo uma turma de 20 alunos \u00e0 Semana Profiss\u00e3o: Engenharia. \u00c9 poss\u00edvel acompanhar os meus alunos durante o evento?\u00a0<\/strong><br \/>\nNo momento da inscri\u00e7\u00e3o, cada participante seleciona o tema e as atividades que mais lhe agradam. Mesmo que um grupo de 20 alunos se inscreva em atividades semelhantes, tal n\u00e3o significa que far\u00e3o o percurso no mesmo grupo, pois \u00e0 partida cada grupo ter\u00e1 no m\u00e1ximo 12 a 14 participantes (alunos e professores), o que significa que um professor com um grupo de 20 alunos n\u00e3o conseguir\u00e1 acompanhar todos durante as atividades. O mais importante \u00e9 que os alunos sejam inscritos nas suas \u00e1reas de interesse.<\/p>\n<p><strong>&#8211; Podemos almo\u00e7ar na cantina da FEUP?<\/strong><br \/>\nSim, podem almo\u00e7ar na cantina da Faculdade no entanto \u00e9\u00a0<strong>necess\u00e1rio efetuar uma reserva<\/strong> junto dos Servi\u00e7os de A\u00e7\u00e3o Social da U.Porto. Envie um pedido para o email <a href=\"mailto:alimentacao@sas.up.pt\"><strong>alimentacao@sas.up.pt <\/strong><\/a>informando o n\u00famero de alunos e\/ou professores e dia do almo\u00e7o, justificando que pretendem utilizar a cantina uma vez que ir\u00e3o estar em visita \u00e0 FEUP durante a Semana Profiss\u00e3o Engenharia.<\/p>\n<p><strong>&#8211; A nossa escola vai deslocar-se \u00e0 Semana Profiss\u00e3o: Engenharia de autocarro. A FEUP garante parqueamento?<\/strong><br \/>\nInfelizmente a FEUP n\u00e3o garante o parqueamento de autocarros nas suas instala\u00e7\u00f5es, e uma vez que o espa\u00e7o circundante apresenta limita\u00e7\u00f5es neste sentido, aconselhamos que combinem a hora de recolha com o motorista. Tamb\u00e9m para parqueamento de autom\u00f3veis \u00e9 necess\u00e1rio contactar a organiza\u00e7\u00e3o com pelo menos\u00a0<strong>cinco dias de anteced\u00eancia<\/strong>\u00a0de forma a verificar a disponibilidade de lugares.<\/p>\n<p><strong>&#8211; Qual a esta\u00e7\u00e3o de metro mais pr\u00f3xima?<\/strong><\/p>\n<p>A esta\u00e7\u00e3o mais pr\u00f3xima \u00e9 o IPO, linha amarela da\u00a0<a href=\"http:\/\/www.metrodoporto.pt\/\" target=\"_blank\" rel=\"noopener noreferrer\">rede de metro<\/a>.<\/p>\n<\/div><div class=\"fusion-clearfix\"><\/div><\/div><\/div><\/div><\/div>\n","protected":false},"excerpt":{"rendered":"","protected":false},"author":1,"featured_media":0,"parent":2921,"menu_order":0,"comment_status":"closed","ping_status":"closed","template":"","meta":{"_acf_changed":false,"footnotes":""},"class_list":["post-2933","page","type-page","status-publish","hentry"],"acf":[],"yoast_head":"<!-- This site is optimized with the Yoast SEO plugin v27.5 - https:\/\/yoast.com\/product\/yoast-seo-wordpress\/ -->\n<title>FAQ - FEUP Escolas<\/title>\n<meta name=\"description\" content=\"Pr\u00e9-Candidaturas - FEUP Brasil\" \/>\n<meta name=\"robots\" content=\"index, follow, max-snippet:-1, max-image-preview:large, max-video-preview:-1\" \/>\n<link rel=\"canonical\" href=\"https:\/\/fe.up.pt\/escolas\/spe\/faq\/\" \/>\n<meta property=\"og:locale\" content=\"pt_PT\" \/>\n<meta property=\"og:type\" content=\"article\" \/>\n<meta property=\"og:title\" content=\"FAQ - FEUP Escolas\" \/>\n<meta property=\"og:description\" content=\"Pr\u00e9-Candidaturas - FEUP Brasil\" \/>\n<meta property=\"og:url\" content=\"https:\/\/fe.up.pt\/escolas\/spe\/faq\/\" \/>\n<meta property=\"og:site_name\" content=\"FEUP Escolas\" \/>\n<meta property=\"article:publisher\" content=\"https:\/\/www.facebook.com\/ProfissaoEngenheiro\/\" \/>\n<meta property=\"article:modified_time\" content=\"2026-01-30T13:14:48+00:00\" \/>\n<meta name=\"twitter:card\" content=\"summary_large_image\" \/>\n<meta name=\"twitter:label1\" content=\"Tempo estimado de leitura\" \/>\n\t<meta name=\"twitter:data1\" content=\"5 minutos\" \/>\n<script type=\"application\/ld+json\" class=\"yoast-schema-graph\">{\"@context\":\"https:\\\/\\\/schema.org\",\"@graph\":[{\"@type\":\"WebPage\",\"@id\":\"https:\\\/\\\/fe.up.pt\\\/escolas\\\/spe\\\/faq\\\/\",\"url\":\"https:\\\/\\\/fe.up.pt\\\/escolas\\\/spe\\\/faq\\\/\",\"name\":\"FAQ - FEUP Escolas\",\"isPartOf\":{\"@id\":\"https:\\\/\\\/fe.up.pt\\\/escolas\\\/#website\"},\"datePublished\":\"2019-06-03T09:29:39+00:00\",\"dateModified\":\"2026-01-30T13:14:48+00:00\",\"description\":\"Pr\u00e9-Candidaturas - FEUP Brasil\",\"breadcrumb\":{\"@id\":\"https:\\\/\\\/fe.up.pt\\\/escolas\\\/spe\\\/faq\\\/#breadcrumb\"},\"inLanguage\":\"pt-PT\",\"potentialAction\":[{\"@type\":\"ReadAction\",\"target\":[\"https:\\\/\\\/fe.up.pt\\\/escolas\\\/spe\\\/faq\\\/\"]}]},{\"@type\":\"BreadcrumbList\",\"@id\":\"https:\\\/\\\/fe.up.pt\\\/escolas\\\/spe\\\/faq\\\/#breadcrumb\",\"itemListElement\":[{\"@type\":\"ListItem\",\"position\":1,\"name\":\"Home\",\"item\":\"https:\\\/\\\/fe.up.pt\\\/escolas\\\/\"},{\"@type\":\"ListItem\",\"position\":2,\"name\":\"SPE\",\"item\":\"https:\\\/\\\/fe.up.pt\\\/escolas\\\/spe\\\/\"},{\"@type\":\"ListItem\",\"position\":3,\"name\":\"FAQ\"}]},{\"@type\":\"WebSite\",\"@id\":\"https:\\\/\\\/fe.up.pt\\\/escolas\\\/#website\",\"url\":\"https:\\\/\\\/fe.up.pt\\\/escolas\\\/\",\"name\":\"Semana Profiss\u00e3o: Engenheiro\",\"description\":\"FEUP Escolas\",\"potentialAction\":[{\"@type\":\"SearchAction\",\"target\":{\"@type\":\"EntryPoint\",\"urlTemplate\":\"https:\\\/\\\/fe.up.pt\\\/escolas\\\/?s={search_term_string}\"},\"query-input\":{\"@type\":\"PropertyValueSpecification\",\"valueRequired\":true,\"valueName\":\"search_term_string\"}}],\"inLanguage\":\"pt-PT\"}]}<\/script>\n<!-- \/ Yoast SEO plugin. -->","yoast_head_json":{"title":"FAQ - FEUP Escolas","description":"Pr\u00e9-Candidaturas - FEUP Brasil","robots":{"index":"index","follow":"follow","max-snippet":"max-snippet:-1","max-image-preview":"max-image-preview:large","max-video-preview":"max-video-preview:-1"},"canonical":"https:\/\/fe.up.pt\/escolas\/spe\/faq\/","og_locale":"pt_PT","og_type":"article","og_title":"FAQ - FEUP Escolas","og_description":"Pr\u00e9-Candidaturas - FEUP Brasil","og_url":"https:\/\/fe.up.pt\/escolas\/spe\/faq\/","og_site_name":"FEUP Escolas","article_publisher":"https:\/\/www.facebook.com\/ProfissaoEngenheiro\/","article_modified_time":"2026-01-30T13:14:48+00:00","twitter_card":"summary_large_image","twitter_misc":{"Tempo estimado de leitura":"5 minutos"},"schema":{"@context":"https:\/\/schema.org","@graph":[{"@type":"WebPage","@id":"https:\/\/fe.up.pt\/escolas\/spe\/faq\/","url":"https:\/\/fe.up.pt\/escolas\/spe\/faq\/","name":"FAQ - FEUP Escolas","isPartOf":{"@id":"https:\/\/fe.up.pt\/escolas\/#website"},"datePublished":"2019-06-03T09:29:39+00:00","dateModified":"2026-01-30T13:14:48+00:00","description":"Pr\u00e9-Candidaturas - FEUP Brasil","breadcrumb":{"@id":"https:\/\/fe.up.pt\/escolas\/spe\/faq\/#breadcrumb"},"inLanguage":"pt-PT","potentialAction":[{"@type":"ReadAction","target":["https:\/\/fe.up.pt\/escolas\/spe\/faq\/"]}]},{"@type":"BreadcrumbList","@id":"https:\/\/fe.up.pt\/escolas\/spe\/faq\/#breadcrumb","itemListElement":[{"@type":"ListItem","position":1,"name":"Home","item":"https:\/\/fe.up.pt\/escolas\/"},{"@type":"ListItem","position":2,"name":"SPE","item":"https:\/\/fe.up.pt\/escolas\/spe\/"},{"@type":"ListItem","position":3,"name":"FAQ"}]},{"@type":"WebSite","@id":"https:\/\/fe.up.pt\/escolas\/#website","url":"https:\/\/fe.up.pt\/escolas\/","name":"Semana Profiss\u00e3o: Engenheiro","description":"FEUP Escolas","potentialAction":[{"@type":"SearchAction","target":{"@type":"EntryPoint","urlTemplate":"https:\/\/fe.up.pt\/escolas\/?s={search_term_string}"},"query-input":{"@type":"PropertyValueSpecification","valueRequired":true,"valueName":"search_term_string"}}],"inLanguage":"pt-PT"}]}},"_links":{"self":[{"href":"https:\/\/fe.up.pt\/escolas\/wp-json\/wp\/v2\/pages\/2933","targetHints":{"allow":["GET"]}}],"collection":[{"href":"https:\/\/fe.up.pt\/escolas\/wp-json\/wp\/v2\/pages"}],"about":[{"href":"https:\/\/fe.up.pt\/escolas\/wp-json\/wp\/v2\/types\/page"}],"author":[{"embeddable":true,"href":"https:\/\/fe.up.pt\/escolas\/wp-json\/wp\/v2\/users\/1"}],"replies":[{"embeddable":true,"href":"https:\/\/fe.up.pt\/escolas\/wp-json\/wp\/v2\/comments?post=2933"}],"version-history":[{"count":21,"href":"https:\/\/fe.up.pt\/escolas\/wp-json\/wp\/v2\/pages\/2933\/revisions"}],"predecessor-version":[{"id":5567,"href":"https:\/\/fe.up.pt\/escolas\/wp-json\/wp\/v2\/pages\/2933\/revisions\/5567"}],"up":[{"embeddable":true,"href":"https:\/\/fe.up.pt\/escolas\/wp-json\/wp\/v2\/pages\/2921"}],"wp:attachment":[{"href":"https:\/\/fe.up.pt\/escolas\/wp-json\/wp\/v2\/media?parent=2933"}],"curies":[{"name":"wp","href":"https:\/\/api.w.org\/{rel}","templated":true}]}}