{"id":8,"date":"2014-10-02T13:01:36","date_gmt":"2014-10-02T13:01:36","guid":{"rendered":"http:\/\/paginas.fe.up.pt\/~dpep\/dpep\/?page_id=8"},"modified":"2017-05-14T21:41:50","modified_gmt":"2017-05-14T21:41:50","slug":"info","status":"publish","type":"page","link":"https:\/\/fe.up.pt\/dpep\/info\/","title":{"rendered":"Informa\u00e7\u00f5es"},"content":{"rendered":"<p>Aqui poder\u00e1 encontrar informa\u00e7\u00e3o relativa \u00e0s diversas edi\u00e7\u00f5es j\u00e1 realizadas, eventos organizados, as publica\u00e7\u00f5es do De Par em Par, projetos que nasceram a partir do DPEP e not\u00edcias sobre o programa.<\/p>\n<ul>\n<li><a title=\"Semin\u00e1rio Interinstitucional de Partilha Pedag\u00f3gica\" href=\"http:\/\/paginas.fe.up.pt\/~dpep\/info\/sipar\/\">SIPAR 2015<\/a><\/li>\n<li><a title=\"Publica\u00e7\u00f5es\" href=\"http:\/\/paginas.fe.up.pt\/~dpep\/publicacoes\/\">Publica\u00e7\u00f5es<\/a><\/li>\n<li><a href=\"http:\/\/paginas.fe.up.pt\/~dpep\/info\/outros-projetos\/\">Outros Projetos<\/a><\/li>\n<li><a href=\"http:\/\/paginas.fe.up.pt\/~dpep\/clipping\/\" target=\"_blank\">Clipping<\/a><\/li>\n<\/ul>\n<h2>Contactos<\/h2>\n<p>Faculdade de Engenharia da Universidade do Porto<br \/>\nRua Dr. Roberto Frias, s\/n<br \/>\n4200-465 Porto, Portugal<br \/>\n<a href=\"mailto:dpep@fe.up.pt\">dpep@fe.up.pt<\/a><\/p>\n<h2>Formul\u00e1rio de contacto<\/h2>\n<p>Para outros contactos, parcerias ou outras informa\u00e7\u00f5es extra, pode utilizar o seguinte formul\u00e1rio:<\/p>\n\n\n<!-- Fast Secure Contact Form plugin 4.0.52 - begin - FastSecureContactForm.com -->\r\n<div class=\"fscf-div-clear\"><\/div>\n\r\n<div id=\"FSContact1\" class=\"fscf-div-form\">\r\n<form action=\"https:\/\/fe.up.pt\/dpep\/wp-json\/wp\/v2\/pages\/8#FSContact1\" id=\"fscf_form1\" method=\"post\">\r\n\n<div id=\"fscf_required1\">\n  <span class=\"fscf-required-indicator\">*<\/span> <span class=\"fscf-required-text\">Campos de preenchimento obrigat\u00f3rio<\/span>\n<\/div>\n\n\n<div id=\"fscf_div_clear1_0\" class=\"fscf-div-clear\">\n  <div id=\"fscf_div_field1_0\" class=\"fscf-div-field-left\">\r\n    <div class=\"fscf-div-label\">\n      <label class=\"fscf-label\" for=\"fscf_name1\">Nome<span class=\"fscf-required-indicator\">*<\/span><\/label>\n    <\/div>\r\n    <div class=\"fscf-div-field\">\r\n      <input class=\"fscf-input-text\" type=\"text\" id=\"fscf_name1\" name=\"full_name\" value=\"\"  readonly=\"readonly\" \/>\r\n    <\/div>\r\n  <\/div>\n<\/div>\n\n<div id=\"fscf_div_clear1_1\" class=\"fscf-div-clear\">\n  <div id=\"fscf_div_field1_1\" class=\"fscf-div-field-left\">\n    <div class=\"fscf-div-label\">\n      <label class=\"fscf-label\" for=\"fscf_email1\">E-mail<span class=\"fscf-required-indicator\">*<\/span><\/label>\n    <\/div>\n    <div class=\"fscf-div-field\">\n      <input class=\"fscf-input-text\" type=\"text\" id=\"fscf_email1\" name=\"email\" value=\"\"  readonly=\"readonly\" \/>\n    <\/div>\n  <\/div>\n<\/div>\n\n<div id=\"fscf_div_clear1_4\" class=\"fscf-div-clear\">\n  <div id=\"fscf_div_field1_4\" class=\"fscf-div-field-left\">\n    <div  id=\"fscf_label1_4\" class=\"fscf-div-label\">\r\n      <label class=\"fscf-label\" for=\"fscf_field1_4\">Institui\u00e7\u00e3o:<span class=\"fscf-required-indicator\">*<\/span><\/label>\n    <\/div>\n    <div class=\"fscf-div-field\">\n      <input class=\"fscf-input-text\" type=\"text\" id=\"fscf_field1_4\" name=\"instituicao\" value=\"\"  maxlength=\"200\" \/>\n    <\/div>\n  <\/div>\n<\/div>\n\n<div id=\"fscf_div_clear1_2\" class=\"fscf-div-clear\">\n  <div id=\"fscf_div_field1_2\" class=\"fscf-div-field-left\">\n    <div class=\"fscf-div-label\">\n      <label class=\"fscf-label\" for=\"fscf_field1_2\">Assunto<span class=\"fscf-required-indicator\">*<\/span><\/label>\n    <\/div>\n    <div class=\"fscf-div-field\">\n      <input class=\"fscf-input-text\" type=\"text\" id=\"fscf_field1_2\" name=\"subject\" value=\"\"  maxlength=\"200\" \/>\n    <\/div>\n  <\/div>\n<\/div>\n\n<div id=\"fscf_div_clear1_3\" class=\"fscf-div-clear\">\n  <div id=\"fscf_div_field1_3\" class=\"fscf-div-field-left\">\n    <div class=\"fscf-div-label\">\n      <label class=\"fscf-label\" for=\"fscf_field1_3\">Mensagem<span class=\"fscf-required-indicator\">*<\/span><\/label>\n    <\/div>\n    <div class=\"fscf-div-field\">\n      <textarea class=\"fscf-input-textarea\" id=\"fscf_field1_3\" name=\"message\" cols=\"30\" rows=\"10\" ><\/textarea>\n    <\/div>\n  <\/div>\n<\/div>\r\n<div class=\"fscf-div-clear\"><\/div>\n\n<div class=\"fscf-div-label\">\n<\/div>\n<div id=\"fscf_captcha_image_div1\" class=\"fscf-div-captcha-sm\">\n      <img loading=\"lazy\" decoding=\"async\" id=\"fscf_captcha_image1\" class=\"fscf-image-captcha\" src=\"https:\/\/fe.up.pt\/dpep\/wp-content\/plugins\/si-contact-form\/captcha\/securimage_show.php?ctf_sm_captcha=1&amp;prefix=EsrAhDsMUt0xJStB\" width=\"132\" height=\"45\" alt=\"CAPTCHA\" title=\"CAPTCHA\" \/>\n      <input id=\"fscf_captcha_prefix1\" type=\"hidden\" name=\"fscf_captcha_prefix1\" value=\"EsrAhDsMUt0xJStB\" \/>\n     <div id=\"fscf_captcha_refresh1\">\n        <a href=\"#\" rel=\"nofollow\" title=\"Refresh\" onclick=\"fscf_captcha_refresh('1','\/dpep\/wp-content\/plugins\/si-contact-form\/captcha','https:\/\/fe.up.pt\/dpep\/wp-content\/plugins\/si-contact-form\/captcha\/securimage_show.php?ctf_sm_captcha=1&amp;prefix='); return false;\">\n        <img loading=\"lazy\" decoding=\"async\" src=\"https:\/\/fe.up.pt\/dpep\/wp-content\/plugins\/si-contact-form\/captcha\/images\/refresh.png\" width=\"22\" height=\"20\" alt=\"Refresh\" class=\"fscf-image-captcha-refresh\" onclick=\"this.blur();\" \/><\/a>\r\n     <\/div>\r\n<\/div>\r\n\r\n<div id=\"fscf_captcha_field1\" class=\"fscf-div-label\">\r\n     <label class=\"fscf-label\" for=\"fscf_captcha_code1\">C\u00f3digo CAPTCHA<span class=\"fscf-required-indicator\">*<\/span><\/label>\r\n<\/div>\r\n<div class=\"fscf-div-field\">\n     <input class=\"fscf-input-captcha\" type=\"text\" value=\"\" autocomplete=\"off\" id=\"fscf_captcha_code1\" name=\"captcha_code\"  \/>\n<\/div>\n\n<div id=\"fscf_submit_div1\" class=\"fscf-div-submit\">\r\n\t\t<input type=\"submit\" id=\"fscf_submit1\" class=\"fscf-button-submit\" value=\"Enviar\"  onclick=\"this.disabled=true; this.value='Submetendo'; this.form.submit();\" \/> <input type=\"reset\" id=\"fscf_reset1\" class=\"fscf-button-reset\" value=\"Anular\" onclick=\"return confirm('Do you really want to reset the form?')\" \/>\n<\/div>\n\n<input type=\"hidden\" name=\"fscf_submitted\" value=\"0\" \/>\n<input type=\"hidden\" name=\"fs_postonce_1\" value=\"18e738862bcbbb79b82f823cb3998bf0,1778134661\" \/>\n<input type=\"hidden\" name=\"si_contact_action\" value=\"send\" \/>\n<input type=\"hidden\" name=\"form_id\" value=\"1\" \/>\n<input type=\"hidden\" name=\"mailto_id\" value=\"1\" \/>\n\n<\/form>\n<\/div>\r\n<div class=\"fscf-div-clear\"><\/div>\n\n<!-- Fast Secure Contact Form plugin 4.0.52 - end - FastSecureContactForm.com -->\n\n","protected":false},"excerpt":{"rendered":"<p>Aqui poder\u00e1 encontrar informa\u00e7\u00e3o relativa \u00e0s diversas edi\u00e7\u00f5es j\u00e1 realizadas, eventos organizados, as publica\u00e7\u00f5es do De Par em Par, projetos que nasceram a partir do DPEP e not\u00edcias sobre o [&hellip;]<\/p>\n","protected":false},"author":1,"featured_media":0,"parent":0,"menu_order":0,"comment_status":"open","ping_status":"open","template":"","meta":{"footnotes":""},"class_list":["post-8","page","type-page","status-publish","hentry"],"aioseo_notices":[],"_links":{"self":[{"href":"https:\/\/fe.up.pt\/dpep\/wp-json\/wp\/v2\/pages\/8","targetHints":{"allow":["GET"]}}],"collection":[{"href":"https:\/\/fe.up.pt\/dpep\/wp-json\/wp\/v2\/pages"}],"about":[{"href":"https:\/\/fe.up.pt\/dpep\/wp-json\/wp\/v2\/types\/page"}],"author":[{"embeddable":true,"href":"https:\/\/fe.up.pt\/dpep\/wp-json\/wp\/v2\/users\/1"}],"replies":[{"embeddable":true,"href":"https:\/\/fe.up.pt\/dpep\/wp-json\/wp\/v2\/comments?post=8"}],"version-history":[{"count":20,"href":"https:\/\/fe.up.pt\/dpep\/wp-json\/wp\/v2\/pages\/8\/revisions"}],"predecessor-version":[{"id":801,"href":"https:\/\/fe.up.pt\/dpep\/wp-json\/wp\/v2\/pages\/8\/revisions\/801"}],"wp:attachment":[{"href":"https:\/\/fe.up.pt\/dpep\/wp-json\/wp\/v2\/media?parent=8"}],"curies":[{"name":"wp","href":"https:\/\/api.w.org\/{rel}","templated":true}]}}