{"id":752,"date":"2017-01-20T13:50:36","date_gmt":"2017-01-20T13:50:36","guid":{"rendered":"http:\/\/paginas.fe.up.pt\/~dpep\/?page_id=752"},"modified":"2017-11-12T20:57:24","modified_gmt":"2017-11-12T20:57:24","slug":"edicao-20162017","status":"publish","type":"page","link":"https:\/\/fe.up.pt\/dpep\/participe\/edicao-20162017\/","title":{"rendered":"Edi\u00e7\u00e3o 2016\/2017"},"content":{"rendered":"<p>Ao longo dos \u00faltimos anos o &#8220;De Par em Par na U.Porto&#8221; tem-se afirmado como uma a\u00e7\u00e3o de\u00a0forma\u00e7\u00e3o e partilha pedag\u00f3gica aceite pela comunidade acad\u00e9mica da U.Porto, com resultados\u00a0vis\u00edveis ao n\u00edvel da consci\u00eancia pedag\u00f3gica e da unidade da Universidade.\u00a0Convidamo-lo(a) a conhecer melhor projeto, atrav\u00e9s do site e a participar.<\/p>\n<div class=\"entry-content\">\n<p>Para poderem participar no \u201cDe Par em Par\u201d devem preencher e submeter, a <a href=\"https:\/\/paginas.fe.up.pt\/~dpep\/limesurvey\/index.php\/748924\">ficha de inscri\u00e7\u00e3o<\/a>\u00a0e indicar eventuais\u00a0prefer\u00eancias.<\/p>\n<p>Para qualquer d\u00favida ou quest\u00e3o, por favor, contacte C\u00e9lia Pinto (220408554) ou atrav\u00e9s do e-mail dpep@fe.up.pt .<\/p>\n<h2><\/h2>\n<p><strong>Documentos para a observa\u00e7\u00e3o de aulas<\/strong><\/p>\n<ul>\n<li><a href=\"http:\/\/paginas.fe.up.pt\/~dpep\/dpep\/wp-content\/uploads\/2017\/02\/DPEP_2016_2017_gui\u00e3o_de_observa\u00e7\u00e3o.pdf\">Gui\u00e3o de Observa\u00e7\u00e3o<\/a><\/li>\n<\/ul>\n<p><strong>Eventos e documentos<\/strong><\/p>\n<ul>\n<li><a href=\"http:\/\/paginas.fe.up.pt\/~dpep\/dpep\/wp-content\/uploads\/2017\/02\/DPEP_2016_2017_2S_Sess\u00e3oPresencial_20170215_JPP_AM.pdf\">Sess\u00e3o Presencial<\/a>\n<ul>\n<li>15 de fevereiro\u00a0de 2017, 14h30m, Reitoria da U.Porto (Audit\u00f3rio Ruy Lu\u00eds Gomes)<\/li>\n<\/ul>\n<\/li>\n<li><a href=\"http:\/\/paginas.fe.up.pt\/~dpep\/dpep\/wp-content\/uploads\/2017\/11\/DPEP_2016_2017_2S_Resultados_20171025_JPP_AM_v02.pdf\">Sess\u00e3o de Apresenta\u00e7\u00e3o de Resultados<\/a>\n<ul>\n<li>31 de outubro de 2017, 14h30m, FEUP (Sala B012)<\/li>\n<\/ul>\n<\/li>\n<\/ul>\n<\/div>\n","protected":false},"excerpt":{"rendered":"<p>Ao longo dos \u00faltimos anos o &#8220;De Par em Par na U.Porto&#8221; tem-se afirmado como uma a\u00e7\u00e3o de\u00a0forma\u00e7\u00e3o e partilha pedag\u00f3gica aceite pela comunidade acad\u00e9mica da U.Porto, com resultados\u00a0vis\u00edveis ao [&hellip;]<\/p>\n","protected":false},"author":1,"featured_media":0,"parent":10,"menu_order":0,"comment_status":"closed","ping_status":"closed","template":"","meta":{"footnotes":""},"class_list":["post-752","page","type-page","status-publish","hentry"],"aioseo_notices":[],"_links":{"self":[{"href":"https:\/\/fe.up.pt\/dpep\/wp-json\/wp\/v2\/pages\/752","targetHints":{"allow":["GET"]}}],"collection":[{"href":"https:\/\/fe.up.pt\/dpep\/wp-json\/wp\/v2\/pages"}],"about":[{"href":"https:\/\/fe.up.pt\/dpep\/wp-json\/wp\/v2\/types\/page"}],"author":[{"embeddable":true,"href":"https:\/\/fe.up.pt\/dpep\/wp-json\/wp\/v2\/users\/1"}],"replies":[{"embeddable":true,"href":"https:\/\/fe.up.pt\/dpep\/wp-json\/wp\/v2\/comments?post=752"}],"version-history":[{"count":11,"href":"https:\/\/fe.up.pt\/dpep\/wp-json\/wp\/v2\/pages\/752\/revisions"}],"predecessor-version":[{"id":809,"href":"https:\/\/fe.up.pt\/dpep\/wp-json\/wp\/v2\/pages\/752\/revisions\/809"}],"up":[{"embeddable":true,"href":"https:\/\/fe.up.pt\/dpep\/wp-json\/wp\/v2\/pages\/10"}],"wp:attachment":[{"href":"https:\/\/fe.up.pt\/dpep\/wp-json\/wp\/v2\/media?parent=752"}],"curies":[{"name":"wp","href":"https:\/\/api.w.org\/{rel}","templated":true}]}}